{"id":9024,"date":"2024-07-22T10:07:29","date_gmt":"2024-07-22T10:07:29","guid":{"rendered":"https:\/\/fiorentinispa.com\/noticias\/"},"modified":"2026-04-12T23:14:17","modified_gmt":"2026-04-12T23:14:17","slug":"noticias","status":"publish","type":"page","link":"https:\/\/fiorentinispa.com\/es\/noticias\/","title":{"rendered":"Noticias"},"content":{"rendered":"\t\t<div data-elementor-type=\"wp-page\" data-elementor-id=\"9024\" class=\"elementor elementor-9024 elementor-1255\" data-elementor-post-type=\"page\">\n\t\t\t\t<div class=\"elementor-element elementor-element-cf8526f e-flex e-con-boxed e-con e-parent\" data-id=\"cf8526f\" data-element_type=\"container\" data-e-type=\"container\">\n\t\t\t\t\t<div class=\"e-con-inner\">\n\t\t\t\t<div class=\"elementor-element elementor-element-0b1edad elementor-widget elementor-widget-qi_addons_for_elementor_blog_list\" data-id=\"0b1edad\" data-element_type=\"widget\" data-e-type=\"widget\" data-widget_type=\"qi_addons_for_elementor_blog_list.default\">\n\t\t\t\t<div class=\"elementor-widget-container\">\n\t\t\t\t\t<div class=\"qodef-shortcode qodef-m qodef-addons-blog-list qodef-info-no-icons qodef-image--hover-zoom qodef-qi-grid qodef-layout--qi-columns qodef-col-num--3 qodef-item-layout--boxed qodef-responsive--predefined\" >\n\t<div class=\"qodef-grid-inner\">\n\t\t<article class=\"qodef-e qodef-blog-item qodef-grid-item qodef-item--full post-9488 post type-post status-publish format-quote has-post-thumbnail hentry category-sin-categorizar post_format-post-format-quote\">\n\t<div class=\"qodef-e-inner\">\n\t\t<div class=\"qodef-e-media-holder\">\n\t\t\t<div class=\"qodef-e-media\">\n\t\t<div class=\"qodef-e-media-image\">\n\t\t<a itemprop=\"url\" href=\"https:\/\/fiorentinispa.com\/es\/tv-taiwan\/\">\n\t\t\t<img fetchpriority=\"high\" decoding=\"async\" width=\"1400\" height=\"795\" src=\"https:\/\/fiorentinispa.com\/wp-content\/uploads\/2025\/02\/35.jpg\" class=\"attachment-full size-full\" alt=\"\" srcset=\"https:\/\/fiorentinispa.com\/wp-content\/uploads\/2025\/02\/35.jpg 1400w, https:\/\/fiorentinispa.com\/wp-content\/uploads\/2025\/02\/35-300x170.jpg 300w, https:\/\/fiorentinispa.com\/wp-content\/uploads\/2025\/02\/35-1024x581.jpg 1024w, https:\/\/fiorentinispa.com\/wp-content\/uploads\/2025\/02\/35-768x436.jpg 768w, https:\/\/fiorentinispa.com\/wp-content\/uploads\/2025\/02\/35-1320x750.jpg 1320w, https:\/\/fiorentinispa.com\/wp-content\/uploads\/2025\/02\/35-600x341.jpg 600w\" sizes=\"(max-width: 1400px) 100vw, 1400px\" \/>\t\t<\/a>\n\t\t\t<\/div>\n<\/div>\n<div itemprop=\"dateCreated\" class=\"qodef-e-info-item qodef-e-info-date entry-date \">\n\t<a itemprop=\"url\" href=\"https:\/\/fiorentinispa.com\/es\/2025\/02\/\">\n\t\t17 Feb\t<\/a>\n<\/div>\n\t\t<\/div>\n\t\t<div class=\"qodef-e-content\">\n\t\t\t\t\t\t\t<div class=\"qodef-e-info qodef-info--top\">\n\t\t\t\t\t<div class=\"qodef-e-info-item qodef-e-info-category\">\n\t\t<a href=\"https:\/\/fiorentinispa.com\/es\/category\/sin-categorizar\/\" rel=\"category tag\">Sin categorizar<\/a><\/div>\n<div class=\"qodef-e-info-item qodef-e-info-author\">\n\t<a itemprop=\"author\" class=\"qodef-e-info-author-link\" href=\"https:\/\/fiorentinispa.com\/es\/author\/pierccmilanese\/\">\n\t\t\t\tadmin\t<\/a>\n<\/div>\n\t\t\t\t<\/div>\n\t\t\t\t\t\t<div class=\"qodef-e-text\">\n\t\t\t\t<h5 itemprop=\"name\" class=\"qodef-e-title entry-title\">\n\t<a itemprop=\"url\" class=\"qodef-e-title-link\" href=\"https:\/\/fiorentinispa.com\/es\/tv-taiwan\/\">\n\t\tTV Taiw\u00e1n\t<\/a>\n<\/h5>\n\t\t<p itemprop=\"description\" class=\"qodef-e-excerpt\">\n\t\t\tTG TAIW\u00c1N Incluso la televisi\u00f3n de Taiw\u00e1n habla de la calidad indiscutible de Fiorentini Spa 100% Made in Italy.\t\t<\/p>\n\t\t\t\t<\/div>\n\t\t\t\t\t\t\t<div class=\"qodef-e-info qodef-info--bottom\">\n\t\t\t\t\t\t<div class=\"qodef-e-read-more\">\n\t\t<a class=\"qodef-shortcode qodef-m qodef-qi-button qodef-html--link qodef-layout--filled qodef-type--standard qodef-icon--right qodef-hover--icon-move-horizontal-short\" href=\"https:\/\/fiorentinispa.com\/es\/tv-taiwan\/\" target=\"_self\">\t<span class=\"qodef-m-text\">Leer m\u00e1s<\/span>\t<\/a>\t<\/div>\n\t\t\t\t<\/div>\n\t\t\t\t\t<\/div>\n\t<\/div>\n<\/article>\n<article class=\"qodef-e qodef-blog-item qodef-grid-item qodef-item--full post-9458 post type-post status-publish format-quote has-post-thumbnail hentry category-sin-categorizar post_format-post-format-quote\">\n\t<div class=\"qodef-e-inner\">\n\t\t<div class=\"qodef-e-media-holder\">\n\t\t\t<div class=\"qodef-e-media\">\n\t\t<div class=\"qodef-e-media-image\">\n\t\t<a itemprop=\"url\" href=\"https:\/\/fiorentinispa.com\/es\/fiorentini-se-expande\/\">\n\t\t\t<img decoding=\"async\" width=\"1400\" height=\"800\" src=\"https:\/\/fiorentinispa.com\/wp-content\/uploads\/2025\/02\/37.jpg\" class=\"attachment-full size-full\" alt=\"\" srcset=\"https:\/\/fiorentinispa.com\/wp-content\/uploads\/2025\/02\/37.jpg 1400w, https:\/\/fiorentinispa.com\/wp-content\/uploads\/2025\/02\/37-300x171.jpg 300w, https:\/\/fiorentinispa.com\/wp-content\/uploads\/2025\/02\/37-1024x585.jpg 1024w, https:\/\/fiorentinispa.com\/wp-content\/uploads\/2025\/02\/37-768x439.jpg 768w, https:\/\/fiorentinispa.com\/wp-content\/uploads\/2025\/02\/37-1320x754.jpg 1320w, https:\/\/fiorentinispa.com\/wp-content\/uploads\/2025\/02\/37-600x343.jpg 600w\" sizes=\"(max-width: 1400px) 100vw, 1400px\" \/>\t\t<\/a>\n\t\t\t<\/div>\n<\/div>\n<div itemprop=\"dateCreated\" class=\"qodef-e-info-item qodef-e-info-date entry-date \">\n\t<a itemprop=\"url\" href=\"https:\/\/fiorentinispa.com\/es\/2025\/02\/\">\n\t\t17 Feb\t<\/a>\n<\/div>\n\t\t<\/div>\n\t\t<div class=\"qodef-e-content\">\n\t\t\t\t\t\t\t<div class=\"qodef-e-info qodef-info--top\">\n\t\t\t\t\t<div class=\"qodef-e-info-item qodef-e-info-category\">\n\t\t<a href=\"https:\/\/fiorentinispa.com\/es\/category\/sin-categorizar\/\" rel=\"category tag\">Sin categorizar<\/a><\/div>\n<div class=\"qodef-e-info-item qodef-e-info-author\">\n\t<a itemprop=\"author\" class=\"qodef-e-info-author-link\" href=\"https:\/\/fiorentinispa.com\/es\/author\/pierccmilanese\/\">\n\t\t\t\tadmin\t<\/a>\n<\/div>\n\t\t\t\t<\/div>\n\t\t\t\t\t\t<div class=\"qodef-e-text\">\n\t\t\t\t<h5 itemprop=\"name\" class=\"qodef-e-title entry-title\">\n\t<a itemprop=\"url\" class=\"qodef-e-title-link\" href=\"https:\/\/fiorentinispa.com\/es\/fiorentini-se-expande\/\">\n\t\tFiorentini se expande\t<\/a>\n<\/h5>\n\t\t<p itemprop=\"description\" class=\"qodef-e-excerpt\">\n\t\t\tLA FIORENTINI SE AMPL\u00cdA Fiorentini Spa, en su b\u00fasqueda continua de expansi\u00f3n, se complace en anunciar la adquisici\u00f3n del Grupo MP Intralogistic \/ Fantozzi. &quot;Seguimos invir\t\t<\/p>\n\t\t\t\t<\/div>\n\t\t\t\t\t\t\t<div class=\"qodef-e-info qodef-info--bottom\">\n\t\t\t\t\t\t<div class=\"qodef-e-read-more\">\n\t\t<a class=\"qodef-shortcode qodef-m qodef-qi-button qodef-html--link qodef-layout--filled qodef-type--standard qodef-icon--right qodef-hover--icon-move-horizontal-short\" href=\"https:\/\/fiorentinispa.com\/es\/fiorentini-se-expande\/\" target=\"_self\">\t<span class=\"qodef-m-text\">Leer m\u00e1s<\/span>\t<\/a>\t<\/div>\n\t\t\t\t<\/div>\n\t\t\t\t\t<\/div>\n\t<\/div>\n<\/article>\n<article class=\"qodef-e qodef-blog-item qodef-grid-item qodef-item--full post-9519 post type-post status-publish format-quote has-post-thumbnail hentry category-sin-categorizar post_format-post-format-quote\">\n\t<div class=\"qodef-e-inner\">\n\t\t<div class=\"qodef-e-media-holder\">\n\t\t\t<div class=\"qodef-e-media\">\n\t\t<div class=\"qodef-e-media-image\">\n\t\t<a itemprop=\"url\" href=\"https:\/\/fiorentinispa.com\/es\/aeropuerto-de-taipei\/\">\n\t\t\t<img decoding=\"async\" width=\"1400\" height=\"800\" src=\"https:\/\/fiorentinispa.com\/wp-content\/uploads\/2025\/02\/36.jpg\" class=\"attachment-full size-full\" alt=\"\" srcset=\"https:\/\/fiorentinispa.com\/wp-content\/uploads\/2025\/02\/36.jpg 1400w, https:\/\/fiorentinispa.com\/wp-content\/uploads\/2025\/02\/36-300x171.jpg 300w, https:\/\/fiorentinispa.com\/wp-content\/uploads\/2025\/02\/36-1024x585.jpg 1024w, https:\/\/fiorentinispa.com\/wp-content\/uploads\/2025\/02\/36-768x439.jpg 768w, https:\/\/fiorentinispa.com\/wp-content\/uploads\/2025\/02\/36-1320x754.jpg 1320w, https:\/\/fiorentinispa.com\/wp-content\/uploads\/2025\/02\/36-600x343.jpg 600w\" sizes=\"(max-width: 1400px) 100vw, 1400px\" \/>\t\t<\/a>\n\t\t\t<\/div>\n<\/div>\n<div itemprop=\"dateCreated\" class=\"qodef-e-info-item qodef-e-info-date entry-date \">\n\t<a itemprop=\"url\" href=\"https:\/\/fiorentinispa.com\/es\/2025\/02\/\">\n\t\t17 Feb\t<\/a>\n<\/div>\n\t\t<\/div>\n\t\t<div class=\"qodef-e-content\">\n\t\t\t\t\t\t\t<div class=\"qodef-e-info qodef-info--top\">\n\t\t\t\t\t<div class=\"qodef-e-info-item qodef-e-info-category\">\n\t\t<a href=\"https:\/\/fiorentinispa.com\/es\/category\/sin-categorizar\/\" rel=\"category tag\">Sin categorizar<\/a><\/div>\n<div class=\"qodef-e-info-item qodef-e-info-author\">\n\t<a itemprop=\"author\" class=\"qodef-e-info-author-link\" href=\"https:\/\/fiorentinispa.com\/es\/author\/pierccmilanese\/\">\n\t\t\t\tadmin\t<\/a>\n<\/div>\n\t\t\t\t<\/div>\n\t\t\t\t\t\t<div class=\"qodef-e-text\">\n\t\t\t\t<h5 itemprop=\"name\" class=\"qodef-e-title entry-title\">\n\t<a itemprop=\"url\" class=\"qodef-e-title-link\" href=\"https:\/\/fiorentinispa.com\/es\/aeropuerto-de-taipei\/\">\n\t\tAeropuerto de Taip\u00e9i\t<\/a>\n<\/h5>\n\t\t<p itemprop=\"description\" class=\"qodef-e-excerpt\">\n\t\t\tAeropuerto de Taip\u00e9i Fiorentini Spa suministro de m\u00e1quinas para el Aeropuerto de Taip\u00e9i (Taiw\u00e1n).\t\t<\/p>\n\t\t\t\t<\/div>\n\t\t\t\t\t\t\t<div class=\"qodef-e-info qodef-info--bottom\">\n\t\t\t\t\t\t<div class=\"qodef-e-read-more\">\n\t\t<a class=\"qodef-shortcode qodef-m qodef-qi-button qodef-html--link qodef-layout--filled qodef-type--standard qodef-icon--right qodef-hover--icon-move-horizontal-short\" href=\"https:\/\/fiorentinispa.com\/es\/aeropuerto-de-taipei\/\" target=\"_self\">\t<span class=\"qodef-m-text\">Leer m\u00e1s<\/span>\t<\/a>\t<\/div>\n\t\t\t\t<\/div>\n\t\t\t\t\t<\/div>\n\t<\/div>\n<\/article>\n<article class=\"qodef-e qodef-blog-item qodef-grid-item qodef-item--full post-9502 post type-post status-publish format-quote has-post-thumbnail hentry category-sin-categorizar post_format-post-format-quote\">\n\t<div class=\"qodef-e-inner\">\n\t\t<div class=\"qodef-e-media-holder\">\n\t\t\t<div class=\"qodef-e-media\">\n\t\t<div class=\"qodef-e-media-image\">\n\t\t<a itemprop=\"url\" href=\"https:\/\/fiorentinispa.com\/es\/interclean-amsterdam\/\">\n\t\t\t<img loading=\"lazy\" decoding=\"async\" width=\"1400\" height=\"795\" src=\"https:\/\/fiorentinispa.com\/wp-content\/uploads\/2025\/02\/38.jpg\" class=\"attachment-full size-full\" alt=\"\" srcset=\"https:\/\/fiorentinispa.com\/wp-content\/uploads\/2025\/02\/38.jpg 1400w, https:\/\/fiorentinispa.com\/wp-content\/uploads\/2025\/02\/38-300x170.jpg 300w, https:\/\/fiorentinispa.com\/wp-content\/uploads\/2025\/02\/38-1024x581.jpg 1024w, https:\/\/fiorentinispa.com\/wp-content\/uploads\/2025\/02\/38-768x436.jpg 768w, https:\/\/fiorentinispa.com\/wp-content\/uploads\/2025\/02\/38-1320x750.jpg 1320w, https:\/\/fiorentinispa.com\/wp-content\/uploads\/2025\/02\/38-600x341.jpg 600w\" sizes=\"(max-width: 1400px) 100vw, 1400px\" \/>\t\t<\/a>\n\t\t\t<\/div>\n<\/div>\n<div itemprop=\"dateCreated\" class=\"qodef-e-info-item qodef-e-info-date entry-date \">\n\t<a itemprop=\"url\" href=\"https:\/\/fiorentinispa.com\/es\/2025\/02\/\">\n\t\t17 Feb\t<\/a>\n<\/div>\n\t\t<\/div>\n\t\t<div class=\"qodef-e-content\">\n\t\t\t\t\t\t\t<div class=\"qodef-e-info qodef-info--top\">\n\t\t\t\t\t<div class=\"qodef-e-info-item qodef-e-info-category\">\n\t\t<a href=\"https:\/\/fiorentinispa.com\/es\/category\/sin-categorizar\/\" rel=\"category tag\">Sin categorizar<\/a><\/div>\n<div class=\"qodef-e-info-item qodef-e-info-author\">\n\t<a itemprop=\"author\" class=\"qodef-e-info-author-link\" href=\"https:\/\/fiorentinispa.com\/es\/author\/pierccmilanese\/\">\n\t\t\t\tadmin\t<\/a>\n<\/div>\n\t\t\t\t<\/div>\n\t\t\t\t\t\t<div class=\"qodef-e-text\">\n\t\t\t\t<h5 itemprop=\"name\" class=\"qodef-e-title entry-title\">\n\t<a itemprop=\"url\" class=\"qodef-e-title-link\" href=\"https:\/\/fiorentinispa.com\/es\/interclean-amsterdam\/\">\n\t\tInterclean &#8211; \u00c1msterdam\t<\/a>\n<\/h5>\n\t\t<p itemprop=\"description\" class=\"qodef-e-excerpt\">\n\t\t\tInterclean &#8211; \u00c1msterdam Fiorentini spa estar\u00e1 presente en el sal\u00f3n de la limpieza Interclean en \u00c1msterdam (Pa\u00edses Bajos) del 10 al 13 de mayo de 2022, en el pabell\u00f3n 2 &amp;\t\t<\/p>\n\t\t\t\t<\/div>\n\t\t\t\t\t\t\t<div class=\"qodef-e-info qodef-info--bottom\">\n\t\t\t\t\t\t<div class=\"qodef-e-read-more\">\n\t\t<a class=\"qodef-shortcode qodef-m qodef-qi-button qodef-html--link qodef-layout--filled qodef-type--standard qodef-icon--right qodef-hover--icon-move-horizontal-short\" href=\"https:\/\/fiorentinispa.com\/es\/interclean-amsterdam\/\" target=\"_self\">\t<span class=\"qodef-m-text\">Leer m\u00e1s<\/span>\t<\/a>\t<\/div>\n\t\t\t\t<\/div>\n\t\t\t\t\t<\/div>\n\t<\/div>\n<\/article>\n<article class=\"qodef-e qodef-blog-item qodef-grid-item qodef-item--full post-9521 post type-post status-publish format-quote has-post-thumbnail hentry category-sin-categorizar post_format-post-format-quote\">\n\t<div class=\"qodef-e-inner\">\n\t\t<div class=\"qodef-e-media-holder\">\n\t\t\t<div class=\"qodef-e-media\">\n\t\t<div class=\"qodef-e-media-image\">\n\t\t<a itemprop=\"url\" href=\"https:\/\/fiorentinispa.com\/es\/fiorentini-con-la-sociedad\/\">\n\t\t\t<img loading=\"lazy\" decoding=\"async\" width=\"1014\" height=\"578\" src=\"https:\/\/fiorentinispa.com\/wp-content\/uploads\/2024\/07\/22_big.jpg\" class=\"attachment-full size-full\" alt=\"\" srcset=\"https:\/\/fiorentinispa.com\/wp-content\/uploads\/2024\/07\/22_big.jpg 1014w, https:\/\/fiorentinispa.com\/wp-content\/uploads\/2024\/07\/22_big-300x171.jpg 300w, https:\/\/fiorentinispa.com\/wp-content\/uploads\/2024\/07\/22_big-768x438.jpg 768w, https:\/\/fiorentinispa.com\/wp-content\/uploads\/2024\/07\/22_big-600x342.jpg 600w\" sizes=\"(max-width: 1014px) 100vw, 1014px\" \/>\t\t<\/a>\n\t\t\t<\/div>\n<\/div>\n<div itemprop=\"dateCreated\" class=\"qodef-e-info-item qodef-e-info-date entry-date \">\n\t<a itemprop=\"url\" href=\"https:\/\/fiorentinispa.com\/es\/2024\/07\/\">\n\t\t30 Jul\t<\/a>\n<\/div>\n\t\t<\/div>\n\t\t<div class=\"qodef-e-content\">\n\t\t\t\t\t\t\t<div class=\"qodef-e-info qodef-info--top\">\n\t\t\t\t\t<div class=\"qodef-e-info-item qodef-e-info-category\">\n\t\t<a href=\"https:\/\/fiorentinispa.com\/es\/category\/sin-categorizar\/\" rel=\"category tag\">Sin categorizar<\/a><\/div>\n<div class=\"qodef-e-info-item qodef-e-info-author\">\n\t<a itemprop=\"author\" class=\"qodef-e-info-author-link\" href=\"https:\/\/fiorentinispa.com\/es\/author\/pierccmilanese\/\">\n\t\t\t\tadmin\t<\/a>\n<\/div>\n\t\t\t\t<\/div>\n\t\t\t\t\t\t<div class=\"qodef-e-text\">\n\t\t\t\t<h5 itemprop=\"name\" class=\"qodef-e-title entry-title\">\n\t<a itemprop=\"url\" class=\"qodef-e-title-link\" href=\"https:\/\/fiorentinispa.com\/es\/fiorentini-con-la-sociedad\/\">\n\t\tFiorentini con la sociedad\t<\/a>\n<\/h5>\n\t\t<p itemprop=\"description\" class=\"qodef-e-excerpt\">\n\t\t\tFiorentini con la sociedad El ingeniero Osvaldo Fiorentini, en 2007 y con la ayuda de la hermana Teresa, puso en marcha un proyecto para la construcci\u00f3n de una casa de acogida par\t\t<\/p>\n\t\t\t\t<\/div>\n\t\t\t\t\t\t\t<div class=\"qodef-e-info qodef-info--bottom\">\n\t\t\t\t\t\t<div class=\"qodef-e-read-more\">\n\t\t<a class=\"qodef-shortcode qodef-m qodef-qi-button qodef-html--link qodef-layout--filled qodef-type--standard qodef-icon--right qodef-hover--icon-move-horizontal-short\" href=\"https:\/\/fiorentinispa.com\/es\/fiorentini-con-la-sociedad\/\" target=\"_self\">\t<span class=\"qodef-m-text\">Leer m\u00e1s<\/span>\t<\/a>\t<\/div>\n\t\t\t\t<\/div>\n\t\t\t\t\t<\/div>\n\t<\/div>\n<\/article>\n\t<\/div>\n\t<\/div>\n\t\t\t\t<\/div>\n\t\t\t\t<\/div>\n\t\t\t\t\t<\/div>\n\t\t\t\t<\/div>\n\t\t\t\t<\/div>\n\t\t","protected":false},"excerpt":{"rendered":"<p>17 Feb Senza categoria admin TV Taiwan TG TAIWAN Anche la TV di Taiwan Parla della qualit\u00e0 indiscussa della Fiorentini Spa 100% Made in Italy. Leer m\u00e1s 17 Feb Senza categoria admin La Fiorentini si ingrandisce LA FIORENTINI SI INGRANDISCE La Fiorentini Spa nella sua ricerca continua di espansione, \u00e8 lietadi annunciare l&#039;acquisizione del Gruppo MP Intralogistic \/ Fantozzi. &quot;Con Leer m\u00e1s 17 Feb Senza categoria admin Taipei Airport Taipei Airport Fiorentini Spa fornitura macchine per l&#039;Aeroporto dei Taipei (Taiwan). Leer m\u00e1s 17 Feb Senza categoria admin Interclean &#8211; Amsterdam Interclean &#8211; Amsterdam La Fiorentini spa presente al salone del &quot;Pulito&quot; Intercleam di Amsterdam (Olanda) dal 10 al 13 maggio 2022, al padiglione 2 &#8211; Stand 02 Leer m\u00e1s 30 Lug Senza categoria admin Fiorentini per il sociale Fiorentini per il sociale L&#039;ingegner Osvaldo fiorentini nel 2007 con l&#039;aiuto di suor Teresa, avvio un progetto per la costruzione di una casa di accoglienza per tutti i b Leer m\u00e1s<\/p>\n","protected":false},"author":1,"featured_media":0,"parent":0,"menu_order":0,"comment_status":"closed","ping_status":"closed","template":"","meta":{"footnotes":""},"class_list":["post-9024","page","type-page","status-publish","hentry"],"_links":{"self":[{"href":"https:\/\/fiorentinispa.com\/es\/wp-json\/wp\/v2\/pages\/9024","targetHints":{"allow":["GET"]}}],"collection":[{"href":"https:\/\/fiorentinispa.com\/es\/wp-json\/wp\/v2\/pages"}],"about":[{"href":"https:\/\/fiorentinispa.com\/es\/wp-json\/wp\/v2\/types\/page"}],"author":[{"embeddable":true,"href":"https:\/\/fiorentinispa.com\/es\/wp-json\/wp\/v2\/users\/1"}],"replies":[{"embeddable":true,"href":"https:\/\/fiorentinispa.com\/es\/wp-json\/wp\/v2\/comments?post=9024"}],"version-history":[{"count":1,"href":"https:\/\/fiorentinispa.com\/es\/wp-json\/wp\/v2\/pages\/9024\/revisions"}],"predecessor-version":[{"id":9025,"href":"https:\/\/fiorentinispa.com\/es\/wp-json\/wp\/v2\/pages\/9024\/revisions\/9025"}],"wp:attachment":[{"href":"https:\/\/fiorentinispa.com\/es\/wp-json\/wp\/v2\/media?parent=9024"}],"curies":[{"name":"wp","href":"https:\/\/api.w.org\/{rel}","templated":true}]}}