{"id":9052,"date":"2025-02-06T08:24:35","date_gmt":"2025-02-06T08:24:35","guid":{"rendered":"https:\/\/fiorentinispa.com\/medio-ambiente\/"},"modified":"2026-04-12T23:15:59","modified_gmt":"2026-04-12T23:15:59","slug":"medio-ambiente","status":"publish","type":"page","link":"https:\/\/fiorentinispa.com\/es\/medio-ambiente\/","title":{"rendered":"Medio ambiente"},"content":{"rendered":"\t\t<div data-elementor-type=\"wp-page\" data-elementor-id=\"9052\" class=\"elementor elementor-9052 elementor-4982\" data-elementor-post-type=\"page\">\n\t\t\t\t<div class=\"elementor-element elementor-element-8bd5214 e-flex e-con-boxed e-con e-parent\" data-id=\"8bd5214\" data-element_type=\"container\" data-e-type=\"container\">\n\t\t\t\t\t<div class=\"e-con-inner\">\n\t\t\t\t<div class=\"elementor-element elementor-element-400122c elementor-widget elementor-widget-video\" data-id=\"400122c\" data-element_type=\"widget\" data-e-type=\"widget\" data-settings=\"{&quot;video_type&quot;:&quot;hosted&quot;,&quot;autoplay&quot;:&quot;yes&quot;,&quot;mute&quot;:&quot;yes&quot;,&quot;loop&quot;:&quot;yes&quot;,&quot;controls&quot;:&quot;yes&quot;}\" data-widget_type=\"video.default\">\n\t\t\t\t<div class=\"elementor-widget-container\">\n\t\t\t\t\t\t\t<div class=\"e-hosted-video elementor-wrapper elementor-open-inline\">\n\t\t\t\t\t<video class=\"elementor-video\" src=\"https:\/\/fiorentinispa.com\/wp-content\/uploads\/2025\/12\/VIDEO-AMBIENTE-FIORENTINI.mp4\" autoplay=\"\" loop=\"\" controls=\"\" muted=\"muted\" controlsList=\"nodownload\"><\/video>\n\t\t\t\t<\/div>\n\t\t\t\t\t\t<\/div>\n\t\t\t\t<\/div>\n\t\t\t\t\t<\/div>\n\t\t\t\t<\/div>\n\t\t<div class=\"elementor-element elementor-element-94351c7 e-flex e-con-boxed e-con e-parent\" data-id=\"94351c7\" data-element_type=\"container\" data-e-type=\"container\">\n\t\t\t\t\t<div class=\"e-con-inner\">\n\t\t\t\t<div class=\"elementor-element elementor-element-11b8afb elementor-widget elementor-widget-text-editor\" data-id=\"11b8afb\" data-element_type=\"widget\" data-e-type=\"widget\" data-widget_type=\"text-editor.default\">\n\t\t\t\t<div class=\"elementor-widget-container\">\n\t\t\t\t\t\t\t\t\t<h3 style=\"text-align: center;\"><b>Desarrollamos soluciones de limpieza profesional que mantienen una alta productividad minimizando al impacto en los recursos.<\/b><\/h3>\t\t\t\t\t\t\t\t<\/div>\n\t\t\t\t<\/div>\n\t\t\t\t<div class=\"elementor-element elementor-element-6f5a7bf elementor-widget elementor-widget-text-editor\" data-id=\"6f5a7bf\" data-element_type=\"widget\" data-e-type=\"widget\" data-widget_type=\"text-editor.default\">\n\t\t\t\t<div class=\"elementor-widget-container\">\n\t\t\t\t\t\t\t\t\t<p>Nuestras m\u00e1quinas de limpieza consumen, por naturaleza, agua, energ\u00eda y detergentes. La forma m\u00e1s concreta de cuidar el medio ambiente es dise\u00f1ar soluciones que permitan utilizar solo lo necesario, cuando sea necesario. <\/p><p>Las tecnolog\u00edas Fiorentini est\u00e1n dise\u00f1adas para optimizar el uso de los recursos e invitar a los usuarios de las m\u00e1quinas a adoptar comportamientos m\u00e1s responsables, sin renunciar al rendimiento y la fiabilidad.<\/p><p>Gracias a un uso m\u00e1s eficiente del agua, la energ\u00eda y los productos qu\u00edmicos, la aplicaci\u00f3n de nuestras tecnolog\u00edas permite:<\/p><ul><li aria-level=\"1\">reducir el coste por metro cuadrado limpio<\/li><li aria-level=\"1\">aumentar la autonom\u00eda de trabajo de las m\u00e1quinas<\/li><li aria-level=\"1\">ahorrar tiempo en las operaciones de limpieza<\/li><li aria-level=\"1\">obtener resultados de limpieza m\u00e1s homog\u00e9neos y constantes<\/li><li aria-level=\"1\">cubrir superficies m\u00e1s amplias con los mismos recursos<\/li><\/ul>\t\t\t\t\t\t\t\t<\/div>\n\t\t\t\t<\/div>\n\t\t\t\t\t<\/div>\n\t\t\t\t<\/div>\n\t\t<div class=\"elementor-element elementor-element-fd9bc91 elementor-hidden-mobile e-flex e-con-boxed e-con e-parent\" data-id=\"fd9bc91\" data-element_type=\"container\" data-e-type=\"container\">\n\t\t\t\t\t<div class=\"e-con-inner\">\n\t\t<div class=\"elementor-element elementor-element-b291fbe e-con-full e-flex e-con e-child\" data-id=\"b291fbe\" data-element_type=\"container\" data-e-type=\"container\">\n\t\t\t\t<div class=\"elementor-element elementor-element-4a6ff3e elementor-position-top elementor-widget elementor-widget-image-box\" data-id=\"4a6ff3e\" data-element_type=\"widget\" data-e-type=\"widget\" data-widget_type=\"image-box.default\">\n\t\t\t\t<div class=\"elementor-widget-container\">\n\t\t\t\t\t<div class=\"elementor-image-box-wrapper\"><figure class=\"elementor-image-box-img\"><img fetchpriority=\"high\" decoding=\"async\" width=\"237\" height=\"235\" src=\"https:\/\/fiorentinispa.com\/wp-content\/uploads\/2026\/01\/ECO-logo.png\" class=\"attachment-full size-full wp-image-9061\" alt=\"\" srcset=\"https:\/\/fiorentinispa.com\/wp-content\/uploads\/2026\/01\/ECO-logo.png 237w, https:\/\/fiorentinispa.com\/wp-content\/uploads\/2026\/01\/ECO-logo-150x150.png 150w, https:\/\/fiorentinispa.com\/wp-content\/uploads\/2026\/01\/ECO-logo-100x100.png 100w\" sizes=\"(max-width: 237px) 100vw, 237px\" \/><\/figure><div class=\"elementor-image-box-content\"><p class=\"elementor-image-box-description\">REDUCCI\u00d3N DEL CONSUMO ENERG\u00c9TICO, H\u00cdDRICO Y QU\u00cdMICO<\/p><\/div><\/div>\t\t\t\t<\/div>\n\t\t\t\t<\/div>\n\t\t\t\t<\/div>\n\t\t<div class=\"elementor-element elementor-element-426a71b e-con-full e-flex e-con e-child\" data-id=\"426a71b\" data-element_type=\"container\" data-e-type=\"container\">\n\t\t\t\t<div class=\"elementor-element elementor-element-31a0131 elementor-widget__width-initial elementor-position-top elementor-widget elementor-widget-image-box\" data-id=\"31a0131\" data-element_type=\"widget\" data-e-type=\"widget\" data-widget_type=\"image-box.default\">\n\t\t\t\t<div class=\"elementor-widget-container\">\n\t\t\t\t\t<div class=\"elementor-image-box-wrapper\"><figure class=\"elementor-image-box-img\"><img decoding=\"async\" width=\"235\" height=\"136\" src=\"https:\/\/fiorentinispa.com\/wp-content\/uploads\/2026\/01\/Battery-logo.png\" class=\"attachment-large size-large wp-image-9060\" alt=\"\" \/><\/figure><div class=\"elementor-image-box-content\"><p class=\"elementor-image-box-description\">BATER\u00cdAS Y \nCARGADORES DE ALTA EFICIENCIA<\/p><\/div><\/div>\t\t\t\t<\/div>\n\t\t\t\t<\/div>\n\t\t\t\t<\/div>\n\t\t<div class=\"elementor-element elementor-element-9693e64 e-con-full e-flex e-con e-child\" data-id=\"9693e64\" data-element_type=\"container\" data-e-type=\"container\">\n\t\t\t\t<div class=\"elementor-element elementor-element-8f5015c elementor-position-top elementor-widget elementor-widget-image-box\" data-id=\"8f5015c\" data-element_type=\"widget\" data-e-type=\"widget\" data-widget_type=\"image-box.default\">\n\t\t\t\t<div class=\"elementor-widget-container\">\n\t\t\t\t\t<div class=\"elementor-image-box-wrapper\"><figure class=\"elementor-image-box-img\"><img decoding=\"async\" width=\"241\" height=\"237\" src=\"https:\/\/fiorentinispa.com\/wp-content\/uploads\/2026\/01\/Monitoraggio-logo.png\" class=\"attachment-2048x2048 size-2048x2048 wp-image-9059\" alt=\"\" \/><\/figure><div class=\"elementor-image-box-content\"><p class=\"elementor-image-box-description\">MONITORIZACI\u00d3N\nDE CONSUMOS\nY RECARGAS EN \nREMOTO<\/p><\/div><\/div>\t\t\t\t<\/div>\n\t\t\t\t<\/div>\n\t\t\t\t<\/div>\n\t\t<div class=\"elementor-element elementor-element-8a8b103 e-con-full e-flex e-con e-child\" data-id=\"8a8b103\" data-element_type=\"container\" data-e-type=\"container\">\n\t\t\t\t<div class=\"elementor-element elementor-element-d43baac elementor-widget__width-initial elementor-position-top elementor-widget elementor-widget-image-box\" data-id=\"d43baac\" data-element_type=\"widget\" data-e-type=\"widget\" data-widget_type=\"image-box.default\">\n\t\t\t\t<div class=\"elementor-widget-container\">\n\t\t\t\t\t<div class=\"elementor-image-box-wrapper\"><figure class=\"elementor-image-box-img\"><img loading=\"lazy\" decoding=\"async\" width=\"180\" height=\"76\" src=\"https:\/\/fiorentinispa.com\/wp-content\/uploads\/2026\/01\/FES-logo-e1769184705398.png\" class=\"attachment-medium_large size-medium_large wp-image-9058\" alt=\"\" \/><\/figure><div class=\"elementor-image-box-content\"><p class=\"elementor-image-box-description\">OPTIMIZACI\u00d3N\n<br>DE LOS \nCONSUMOS \n<br>ENERG\u00c9TICOS<\/p><\/div><\/div>\t\t\t\t<\/div>\n\t\t\t\t<\/div>\n\t\t\t\t<\/div>\n\t\t<div class=\"elementor-element elementor-element-5658dca e-con-full e-flex e-con e-child\" data-id=\"5658dca\" data-element_type=\"container\" data-e-type=\"container\">\n\t\t\t\t<div class=\"elementor-element elementor-element-c61b494 elementor-widget__width-initial elementor-position-top elementor-widget elementor-widget-image-box\" data-id=\"c61b494\" data-element_type=\"widget\" data-e-type=\"widget\" data-widget_type=\"image-box.default\">\n\t\t\t\t<div class=\"elementor-widget-container\">\n\t\t\t\t\t<div class=\"elementor-image-box-wrapper\"><figure class=\"elementor-image-box-img\"><img loading=\"lazy\" decoding=\"async\" width=\"177\" height=\"78\" src=\"https:\/\/fiorentinispa.com\/wp-content\/uploads\/2026\/01\/FCS-Logo.png\" class=\"attachment-full size-full wp-image-9062\" alt=\"\" \/><\/figure><div class=\"elementor-image-box-content\"><p class=\"elementor-image-box-description\">SISTEMA DE DOSIFICACI\u00d3N\nPROPORCIONAL\nCON ELECTROV\u00c1LVULA<\/p><\/div><\/div>\t\t\t\t<\/div>\n\t\t\t\t<\/div>\n\t\t\t\t<\/div>\n\t\t<div class=\"elementor-element elementor-element-39c8bad e-con-full e-flex e-con e-child\" data-id=\"39c8bad\" data-element_type=\"container\" data-e-type=\"container\">\n\t\t\t\t<div class=\"elementor-element elementor-element-9db0533 elementor-widget__width-initial elementor-position-top elementor-widget elementor-widget-image-box\" data-id=\"9db0533\" data-element_type=\"widget\" data-e-type=\"widget\" data-widget_type=\"image-box.default\">\n\t\t\t\t<div class=\"elementor-widget-container\">\n\t\t\t\t\t<div class=\"elementor-image-box-wrapper\"><figure class=\"elementor-image-box-img\"><img loading=\"lazy\" decoding=\"async\" width=\"180\" height=\"76\" src=\"https:\/\/fiorentinispa.com\/wp-content\/uploads\/2026\/01\/FWS-Logo.png\" class=\"attachment-full size-full wp-image-9063\" alt=\"\" \/><\/figure><div class=\"elementor-image-box-content\"><p class=\"elementor-image-box-description\">OPTIMIZACI\u00d3N DEL\nCONSUMO DE\nDETERGENTES<\/p><\/div><\/div>\t\t\t\t<\/div>\n\t\t\t\t<\/div>\n\t\t\t\t<\/div>\n\t\t<div class=\"elementor-element elementor-element-fb62594 e-con-full e-flex e-con e-child\" data-id=\"fb62594\" data-element_type=\"container\" data-e-type=\"container\">\n\t\t\t\t<div class=\"elementor-element elementor-element-04a4adb elementor-widget__width-initial elementor-position-top elementor-widget elementor-widget-image-box\" data-id=\"04a4adb\" data-element_type=\"widget\" data-e-type=\"widget\" data-widget_type=\"image-box.default\">\n\t\t\t\t<div class=\"elementor-widget-container\">\n\t\t\t\t\t<div class=\"elementor-image-box-wrapper\"><figure class=\"elementor-image-box-img\"><img loading=\"lazy\" decoding=\"async\" width=\"227\" height=\"163\" src=\"https:\/\/fiorentinispa.com\/wp-content\/uploads\/2026\/01\/Sicurezza-prodotti-importanti-logo.png\" class=\"attachment-full size-full wp-image-9057\" alt=\"\" \/><\/figure><div class=\"elementor-image-box-content\"><p class=\"elementor-image-box-description\">CONFORMIDAD\nEUROPEA<\/p><\/div><\/div>\t\t\t\t<\/div>\n\t\t\t\t<\/div>\n\t\t\t\t<\/div>\n\t\t\t\t\t<\/div>\n\t\t\t\t<\/div>\n\t\t<div class=\"elementor-element elementor-element-8dbffd0 elementor-hidden-desktop e-flex e-con-boxed e-con e-parent\" data-id=\"8dbffd0\" data-element_type=\"container\" data-e-type=\"container\">\n\t\t\t\t\t<div class=\"e-con-inner\">\n\t\t<div class=\"elementor-element elementor-element-3871d71 e-con-full e-flex e-con e-child\" data-id=\"3871d71\" data-element_type=\"container\" data-e-type=\"container\">\n\t\t\t\t<div class=\"elementor-element elementor-element-2c2ac1b elementor-position-top elementor-widget elementor-widget-image-box\" data-id=\"2c2ac1b\" data-element_type=\"widget\" data-e-type=\"widget\" data-widget_type=\"image-box.default\">\n\t\t\t\t<div class=\"elementor-widget-container\">\n\t\t\t\t\t<div class=\"elementor-image-box-wrapper\"><figure class=\"elementor-image-box-img\"><img fetchpriority=\"high\" decoding=\"async\" width=\"237\" height=\"235\" src=\"https:\/\/fiorentinispa.com\/wp-content\/uploads\/2026\/01\/ECO-logo.png\" class=\"attachment-full size-full wp-image-9061\" alt=\"\" srcset=\"https:\/\/fiorentinispa.com\/wp-content\/uploads\/2026\/01\/ECO-logo.png 237w, https:\/\/fiorentinispa.com\/wp-content\/uploads\/2026\/01\/ECO-logo-150x150.png 150w, https:\/\/fiorentinispa.com\/wp-content\/uploads\/2026\/01\/ECO-logo-100x100.png 100w\" sizes=\"(max-width: 237px) 100vw, 237px\" \/><\/figure><div class=\"elementor-image-box-content\"><p class=\"elementor-image-box-description\">REDUCCI\u00d3N DEL CONSUMO ENERG\u00c9TICO, H\u00cdDRICO Y QU\u00cdMICO<\/p><\/div><\/div>\t\t\t\t<\/div>\n\t\t\t\t<\/div>\n\t\t\t\t<\/div>\n\t\t<div class=\"elementor-element elementor-element-6126b2f e-con-full e-flex e-con e-child\" data-id=\"6126b2f\" data-element_type=\"container\" data-e-type=\"container\">\n\t\t\t\t<div class=\"elementor-element elementor-element-16a35d1 elementor-widget__width-initial elementor-position-top elementor-widget elementor-widget-image-box\" data-id=\"16a35d1\" data-element_type=\"widget\" data-e-type=\"widget\" data-widget_type=\"image-box.default\">\n\t\t\t\t<div class=\"elementor-widget-container\">\n\t\t\t\t\t<div class=\"elementor-image-box-wrapper\"><figure class=\"elementor-image-box-img\"><img decoding=\"async\" width=\"235\" height=\"136\" src=\"https:\/\/fiorentinispa.com\/wp-content\/uploads\/2026\/01\/Battery-logo.png\" class=\"attachment-large size-large wp-image-9060\" alt=\"\" \/><\/figure><div class=\"elementor-image-box-content\"><p class=\"elementor-image-box-description\">BATER\u00cdAS Y \nCARGADORES DE ALTA EFICIENCIA<\/p><\/div><\/div>\t\t\t\t<\/div>\n\t\t\t\t<\/div>\n\t\t\t\t<\/div>\n\t\t<div class=\"elementor-element elementor-element-3a273a6 e-con-full e-flex e-con e-child\" data-id=\"3a273a6\" data-element_type=\"container\" data-e-type=\"container\">\n\t\t\t\t<div class=\"elementor-element elementor-element-8dcef9b elementor-position-top elementor-widget elementor-widget-image-box\" data-id=\"8dcef9b\" data-element_type=\"widget\" data-e-type=\"widget\" data-widget_type=\"image-box.default\">\n\t\t\t\t<div class=\"elementor-widget-container\">\n\t\t\t\t\t<div class=\"elementor-image-box-wrapper\"><figure class=\"elementor-image-box-img\"><img decoding=\"async\" width=\"241\" height=\"237\" src=\"https:\/\/fiorentinispa.com\/wp-content\/uploads\/2026\/01\/Monitoraggio-logo.png\" class=\"attachment-2048x2048 size-2048x2048 wp-image-9059\" alt=\"\" \/><\/figure><div class=\"elementor-image-box-content\"><p class=\"elementor-image-box-description\">MONITORIZACI\u00d3N\nDE CONSUMOS\nY RECARGAS EN \nREMOTO<\/p><\/div><\/div>\t\t\t\t<\/div>\n\t\t\t\t<\/div>\n\t\t\t\t<\/div>\n\t\t<div class=\"elementor-element elementor-element-7f30c69 e-con-full e-flex e-con e-child\" data-id=\"7f30c69\" data-element_type=\"container\" data-e-type=\"container\">\n\t\t\t\t<div class=\"elementor-element elementor-element-13f115a elementor-widget__width-initial elementor-position-top elementor-widget elementor-widget-image-box\" data-id=\"13f115a\" data-element_type=\"widget\" data-e-type=\"widget\" data-widget_type=\"image-box.default\">\n\t\t\t\t<div class=\"elementor-widget-container\">\n\t\t\t\t\t<div class=\"elementor-image-box-wrapper\"><figure class=\"elementor-image-box-img\"><img loading=\"lazy\" decoding=\"async\" width=\"300\" height=\"132\" src=\"https:\/\/fiorentinispa.com\/wp-content\/uploads\/2026\/01\/FES-logo-300x132.png\" class=\"attachment-medium size-medium wp-image-9058\" alt=\"\" \/><\/figure><div class=\"elementor-image-box-content\"><p class=\"elementor-image-box-description\">OPTIMIZACI\u00d3N DEL \nCONSUMO ENERG\u00c9TICO<\/p><\/div><\/div>\t\t\t\t<\/div>\n\t\t\t\t<\/div>\n\t\t\t\t<\/div>\n\t\t<div class=\"elementor-element elementor-element-d6cf7cc e-con-full e-flex e-con e-child\" data-id=\"d6cf7cc\" data-element_type=\"container\" data-e-type=\"container\">\n\t\t\t\t<div class=\"elementor-element elementor-element-1dd68b0 elementor-widget__width-initial elementor-position-top elementor-widget elementor-widget-image-box\" data-id=\"1dd68b0\" data-element_type=\"widget\" data-e-type=\"widget\" data-widget_type=\"image-box.default\">\n\t\t\t\t<div class=\"elementor-widget-container\">\n\t\t\t\t\t<div class=\"elementor-image-box-wrapper\"><figure class=\"elementor-image-box-img\"><img loading=\"lazy\" decoding=\"async\" width=\"177\" height=\"78\" src=\"https:\/\/fiorentinispa.com\/wp-content\/uploads\/2026\/01\/FCS-Logo.png\" class=\"attachment-medium size-medium wp-image-9062\" alt=\"\" \/><\/figure><div class=\"elementor-image-box-content\"><p class=\"elementor-image-box-description\">SISTEMA DE DOSIFICACI\u00d3N\nPROPORCIONAL\nCON ELECTROV\u00c1LVULA<\/p><\/div><\/div>\t\t\t\t<\/div>\n\t\t\t\t<\/div>\n\t\t\t\t<\/div>\n\t\t<div class=\"elementor-element elementor-element-0570a50 e-con-full e-flex e-con e-child\" data-id=\"0570a50\" data-element_type=\"container\" data-e-type=\"container\">\n\t\t\t\t<div class=\"elementor-element elementor-element-bd7520b elementor-widget__width-initial elementor-position-top elementor-widget elementor-widget-image-box\" data-id=\"bd7520b\" data-element_type=\"widget\" data-e-type=\"widget\" data-widget_type=\"image-box.default\">\n\t\t\t\t<div class=\"elementor-widget-container\">\n\t\t\t\t\t<div class=\"elementor-image-box-wrapper\"><figure class=\"elementor-image-box-img\"><img loading=\"lazy\" decoding=\"async\" width=\"180\" height=\"76\" src=\"https:\/\/fiorentinispa.com\/wp-content\/uploads\/2026\/01\/FWS-Logo.png\" class=\"attachment-medium size-medium wp-image-9063\" alt=\"\" \/><\/figure><div class=\"elementor-image-box-content\"><p class=\"elementor-image-box-description\">OPTIMIZACI\u00d3N DEL\nCONSUMO DE\nDETERGENTES<\/p><\/div><\/div>\t\t\t\t<\/div>\n\t\t\t\t<\/div>\n\t\t\t\t<\/div>\n\t\t<div class=\"elementor-element elementor-element-1da92dc e-con-full e-flex e-con e-child\" data-id=\"1da92dc\" data-element_type=\"container\" data-e-type=\"container\">\n\t\t\t\t<div class=\"elementor-element elementor-element-8bdf91a elementor-widget__width-initial elementor-position-top elementor-widget elementor-widget-image-box\" data-id=\"8bdf91a\" data-element_type=\"widget\" data-e-type=\"widget\" data-widget_type=\"image-box.default\">\n\t\t\t\t<div class=\"elementor-widget-container\">\n\t\t\t\t\t<div class=\"elementor-image-box-wrapper\"><figure class=\"elementor-image-box-img\"><img loading=\"lazy\" decoding=\"async\" width=\"227\" height=\"163\" src=\"https:\/\/fiorentinispa.com\/wp-content\/uploads\/2026\/01\/Sicurezza-prodotti-importanti-logo.png\" class=\"attachment-full size-full wp-image-9057\" alt=\"\" \/><\/figure><div class=\"elementor-image-box-content\"><p class=\"elementor-image-box-description\">CONFORMIDAD\nEUROPEA<\/p><\/div><\/div>\t\t\t\t<\/div>\n\t\t\t\t<\/div>\n\t\t\t\t<\/div>\n\t\t\t\t\t<\/div>\n\t\t\t\t<\/div>\n\t\t\t\t<\/div>\n\t\t","protected":false},"excerpt":{"rendered":"<p>https:\/\/fiorentinispa.com\/wp-content\/uploads\/2025\/12\/VIDEO-AMBIENTE-FIORENTINI.mp4 Desarrollamos soluciones de limpieza profesional que mantienen una alta productividad minimizando al impacto en los recursos. Nuestras m\u00e1quinas de limpieza consumen, por naturaleza, agua, energ\u00eda y detergentes. La forma m\u00e1s concreta de cuidar el medio ambiente es dise\u00f1ar soluciones que permitan utilizar solo lo necesario, cuando sea necesario. Las tecnolog\u00edas Fiorentini est\u00e1n dise\u00f1adas para optimizar el uso de los recursos e invitar a los usuarios de las m\u00e1quinas a adoptar comportamientos m\u00e1s responsables, sin renunciar al rendimiento y la fiabilidad. Gracias a un uso m\u00e1s eficiente del agua, la energ\u00eda y los productos qu\u00edmicos, la aplicaci\u00f3n de nuestras tecnolog\u00edas permite: reducir el coste por metro cuadrado limpio aumentar la autonom\u00eda de trabajo de las m\u00e1quinas ahorrar tiempo en las operaciones de limpieza obtener resultados de limpieza m\u00e1s homog\u00e9neos y constantes cubrir superficies m\u00e1s amplias con los mismos recursos REDUCCI\u00d3N DEL CONSUMO ENERG\u00c9TICO, H\u00cdDRICO Y QU\u00cdMICO BATER\u00cdAS Y CARGADORES DE ALTA EFICIENCIA MONITORIZACI\u00d3N DE CONSUMOS Y RECARGAS EN REMOTO OPTIMIZACI\u00d3N DE LOS CONSUMOS ENERG\u00c9TICOS SISTEMA DE DOSIFICACI\u00d3N PROPORCIONAL CON ELECTROV\u00c1LVULA OPTIMIZACI\u00d3N DEL CONSUMO DE DETERGENTES CONFORMIDAD EUROPEA REDUCCI\u00d3N DEL CONSUMO ENERG\u00c9TICO, H\u00cdDRICO Y QU\u00cdMICO BATER\u00cdAS Y CARGADORES DE ALTA EFICIENCIA MONITORIZACI\u00d3N DE CONSUMOS Y RECARGAS EN REMOTO OPTIMIZACI\u00d3N DEL CONSUMO ENERG\u00c9TICO SISTEMA DE DOSIFICACI\u00d3N PROPORCIONAL CON ELECTROV\u00c1LVULA OPTIMIZACI\u00d3N DEL CONSUMO DE DETERGENTES CONFORMIDAD EUROPEA<\/p>\n","protected":false},"author":1,"featured_media":0,"parent":0,"menu_order":0,"comment_status":"closed","ping_status":"closed","template":"page-full-width.php","meta":{"footnotes":""},"class_list":["post-9052","page","type-page","status-publish","hentry"],"_links":{"self":[{"href":"https:\/\/fiorentinispa.com\/es\/wp-json\/wp\/v2\/pages\/9052","targetHints":{"allow":["GET"]}}],"collection":[{"href":"https:\/\/fiorentinispa.com\/es\/wp-json\/wp\/v2\/pages"}],"about":[{"href":"https:\/\/fiorentinispa.com\/es\/wp-json\/wp\/v2\/types\/page"}],"author":[{"embeddable":true,"href":"https:\/\/fiorentinispa.com\/es\/wp-json\/wp\/v2\/users\/1"}],"replies":[{"embeddable":true,"href":"https:\/\/fiorentinispa.com\/es\/wp-json\/wp\/v2\/comments?post=9052"}],"version-history":[{"count":1,"href":"https:\/\/fiorentinispa.com\/es\/wp-json\/wp\/v2\/pages\/9052\/revisions"}],"predecessor-version":[{"id":9066,"href":"https:\/\/fiorentinispa.com\/es\/wp-json\/wp\/v2\/pages\/9052\/revisions\/9066"}],"wp:attachment":[{"href":"https:\/\/fiorentinispa.com\/es\/wp-json\/wp\/v2\/media?parent=9052"}],"curies":[{"name":"wp","href":"https:\/\/api.w.org\/{rel}","templated":true}]}}