{"id":9064,"date":"2025-02-13T13:14:46","date_gmt":"2025-02-13T13:14:46","guid":{"rendered":"https:\/\/fiorentinispa.com\/sanidad\/"},"modified":"2026-04-16T13:35:34","modified_gmt":"2026-04-16T13:35:34","slug":"sanidad","status":"publish","type":"page","link":"https:\/\/fiorentinispa.com\/es\/sanidad\/","title":{"rendered":"Sanidad"},"content":{"rendered":"\t\t<div data-elementor-type=\"wp-page\" data-elementor-id=\"9064\" class=\"elementor elementor-9064 elementor-5364\" data-elementor-post-type=\"page\">\n\t\t\t\t<div class=\"elementor-element elementor-element-a0a8c68 e-con-full e-flex e-con e-parent\" data-id=\"a0a8c68\" data-element_type=\"container\" data-e-type=\"container\" data-settings=\"{&quot;background_background&quot;:&quot;classic&quot;}\">\n\t\t\t\t<div class=\"elementor-element elementor-element-8bc876a elementor-widget elementor-widget-slider_revolution\" data-id=\"8bc876a\" data-element_type=\"widget\" data-e-type=\"widget\" data-widget_type=\"slider_revolution.default\">\n\t\t\t\t<div class=\"elementor-widget-container\">\n\t\t\t\t\t\n\t\t<div class=\"wp-block-themepunch-revslider\">\n\t\t\t\t<p class=\"rs-p-wp-fix\"><\/p>\n\t\t\t\t<sr7-module data-alias=\"sanita-nuova-sp\" data-id=\"70\" id=\"SR7_70_1\" class=\"rs-ov-hidden\" data-version=\"6.7.20\">\n\t\t\t\t\t<sr7-adjuster><\/sr7-adjuster>\n\t\t\t\t\t<sr7-content>\n\t\t\t\t\t\t<sr7-slide id=\"SR7_70_1-167\" data-key=\"167\">\n\t\t\t\t\t\t\t<sr7-bg id=\"SR7_70_1-167-5\" class=\"sr7-layer\"><noscript><img decoding=\"async\" src=\"https:\/\/fiorentinispa.com\/wp-content\/uploads\/2025\/02\/LA-FIORENTINI-SI-INGRANDISCE-8.jpg\" alt=\"\" title=\"LA FIORENTINI SI INGRANDISCE (8)\"><\/noscript><\/sr7-bg>\n\t\t\t\t\t\t\t<sr7-txt id=\"SR7_70_1-167-0\" class=\"sr7-layer\">ELIJA LA M\u00c1QUINA M\u00c1S ADECUADA<br \/>\n PARA SUS AMBIENTES<\/sr7-txt>\n\t\t\t\t\t\t\t<sr7-txt id=\"SR7_70_1-167-2\" class=\"sr7-layer\">LIMPIEZA Y DESINFECCI\u00d3N PARA EL SECTOR SANITARIO<\/sr7-txt>\n\t\t\t\t\t\t\t<sr7-txt id=\"SR7_70_1-167-3\" class=\"sr7-layer\"><a class=\"qodef-shortcode qodef-m  qodef-button qodef-layout--filled  qodef-html--link\" href=\"https:\/\/fiorentinispa.com\/es\/prodotti\/\" target=\"_self\" >\n\t<span class=\"qodef-m-text\">Descubre los productos<\/span>\n<\/a>\n<\/sr7-txt>\n\t\t\t\t\t\t<\/sr7-slide>\n\t\t\t\t\t\t<sr7-slide id=\"SR7_70_1-168\" data-key=\"168\">\n\t\t\t\t\t\t<\/sr7-slide>\n\t\t\t\t\t<\/sr7-content>\n\t\t\t\t\t<image_lists style=\"display:none\">\n\t\t\t\t\t\t<img data-src=\"\/\/fiorentinispa.com\/wp-content\/uploads\/2025\/02\/LA-FIORENTINI-SI-INGRANDISCE-8.jpg\" data-libid=\"6076\" data-lib=\"medialibrary\" title=\"LA FIORENTINI SI INGRANDISCE (8)\" width=\"0\" height=\"0\" data-dbsrc=\"Ly9maW9yZW50aW5pc3BhLmNvbS93cC1jb250ZW50L3VwbG9hZHMvMjAyNS8wMi9MQS1GSU9SRU5USU5JLVNJLUlOR1JBTkRJU0NFLTguanBn\"\/>\n\t\t\t\t\t<\/image_lists>\n\t\t\t\t<\/sr7-module>\n\t\t\t\t<script>\n\t\t\t\t\tSR7.PMH ??={}; SR7.PMH[\"SR7_70_1\"] = {cn:0,state:false,fn: function() { if (_tpt!==undefined && _tpt.prepareModuleHeight !== undefined) {  _tpt.prepareModuleHeight({id:\"SR7_70_1\",el:[640,640,500,500,580],type:'standard',shdw:'0',gh:[640,640,500,500,580],gw:[1400,1400,1100,960,358],vpt:['100px&#039;,&#039;100px&#039;,&#039;100px&#039;,&#039;100px&#039;,&#039;100px'],size:{fullWidth:true, fullHeight:false},mh:'0',onh:0,onw:0,bg:{color:'{\"orig\":\"transparent\",\"type\":\"solid\",\"string\":\"transparent\"}'}});   SR7.PMH[\"SR7_70_1\"].state=true;} else if((SR7.PMH[\"SR7_70_1\"].cn++)<100)\tsetTimeout( SR7.PMH[\"SR7_70_1\"].fn,19);}};SR7.PMH[\"SR7_70_1\" ].fn();\n\t\t\t\t<\/script>\n<\/div>\n\n\t\t\t\t\t\t<\/div>\n\t\t\t\t<\/div>\n\t\t\t\t<\/div>\n\t\t<div class=\"elementor-element elementor-element-94351c7 e-flex e-con-boxed e-con e-parent\" data-id=\"94351c7\" data-element_type=\"container\" data-e-type=\"container\">\n\t\t\t\t\t<div class=\"e-con-inner\">\n\t\t\t\t<div class=\"elementor-element elementor-element-11b8afb elementor-widget elementor-widget-text-editor\" data-id=\"11b8afb\" data-element_type=\"widget\" data-e-type=\"widget\" data-widget_type=\"text-editor.default\">\n\t\t\t\t<div class=\"elementor-widget-container\">\n\t\t\t\t\t\t\t\t\t<h2 class=\"g-mb-30 g-color-primary\" style=\"text-align: left;\">LIMPIEZA Y DESINFECCI\u00d3N PARA EL SECTOR SANITARIO<\/h2>\t\t\t\t\t\t\t\t<\/div>\n\t\t\t\t<\/div>\n\t\t\t\t<div class=\"elementor-element elementor-element-1b9a231 elementor-widget elementor-widget-text-editor\" data-id=\"1b9a231\" data-element_type=\"widget\" data-e-type=\"widget\" data-widget_type=\"text-editor.default\">\n\t\t\t\t<div class=\"elementor-widget-container\">\n\t\t\t\t\t\t\t\t\t<p style=\"text-align: left;\"><span style=\"font-weight: 400;\">Los entornos sanitarios requieren <\/span><b>altos est\u00e1ndares de limpieza, higiene y desinfecci\u00f3n<\/b><span style=\"font-weight: 400;\"> para garantizar la seguridad de pacientes, familiares y profesionales. En hospitales, cl\u00ednicas y consultas m\u00e9dicas, la limpieza no es solo est\u00e9tica, sino esencial para <\/span><b>reducir la contaminaci\u00f3n ambiental y prevenir infecciones<\/b><span style=\"font-weight: 400;\">.<\/span><\/p><p style=\"text-align: left;\"><span style=\"font-weight: 400;\">Gracias a <\/span><b>maquinaria para la limpieza industrial<\/b><span style=\"font-weight: 400;\"> de vanguardia, Fiorentini asegura operaciones de desinfecci\u00f3n r\u00e1pidas y eficaces. El uso de <\/span><b>equipos profesionales<\/b><span style=\"font-weight: 400;\"> y tecnolog\u00edas avanzadas permite mantener cada entorno sanitario higienizado y seguro.<\/span><\/p><h3 style=\"text-align: left;\"><b>M\u00e1quinas para la limpieza de entornos sanitarios<\/b><\/h3><p style=\"text-align: left;\"><span style=\"font-weight: 400;\">Dentro de la amplia gama de <\/span><b>m\u00e1quinas para la limpieza profesional de suelos<\/b><span style=\"font-weight: 400;\"> dise\u00f1adas por Fiorentini, algunos modelos est\u00e1n especialmente indicados para el sector sanitario, garantizando la <\/span><b>m\u00e1xima eficiencia e higiene<\/b><span style=\"font-weight: 400;\"> en:<\/span><\/p><ul style=\"text-align: left;\"><li style=\"font-weight: 400;\" aria-level=\"1\"><span style=\"font-weight: 400;\">Hospitales<\/span><\/li><li style=\"font-weight: 400;\" aria-level=\"1\"><span style=\"font-weight: 400;\">Centros de salud<\/span><\/li><li style=\"font-weight: 400;\" aria-level=\"1\"><span style=\"font-weight: 400;\">Residencias de ancianos<\/span><\/li><li style=\"font-weight: 400;\" aria-level=\"1\"><span style=\"font-weight: 400;\">Cl\u00ednicas privadas<\/span><\/li><li style=\"font-weight: 400;\" aria-level=\"1\"><span style=\"font-weight: 400;\">Consultas m\u00e9dicas<\/span><\/li><li style=\"font-weight: 400;\" aria-level=\"1\"><span style=\"font-weight: 400;\">Cl\u00ednicas dentales<\/span><\/li><li style=\"font-weight: 400;\" aria-level=\"1\"><span style=\"font-weight: 400;\">Cl\u00ednicas veterinarias<\/span><\/li><li style=\"font-weight: 400;\" aria-level=\"1\"><span style=\"font-weight: 400;\">Laboratorios<\/span><\/li><li style=\"font-weight: 400;\" aria-level=\"1\"><span style=\"font-weight: 400;\">Empresas sanitarias<\/span><\/li><\/ul><p style=\"text-align: left;\"><span style=\"font-weight: 400;\">Descubra la <\/span><b>m\u00e1quina de limpieza profesional<\/b><span style=\"font-weight: 400;\"> m\u00e1s adecuada para sus instalaciones o <\/span><b>p\u00f3ngase en contacto con nosotros para recibir asesoramiento personalizado<\/b><span style=\"font-weight: 400;\">: nuestro equipo est\u00e1 a su disposici\u00f3n para ayudarle a elegir el producto ideal para sus necesidades.<\/span><\/p><p style=\"text-align: left;\"> <\/p>\t\t\t\t\t\t\t\t<\/div>\n\t\t\t\t<\/div>\n\t\t\t\t\t<\/div>\n\t\t\t\t<\/div>\n\t\t<div class=\"elementor-element elementor-element-13a4197 e-flex e-con-boxed e-con e-parent\" data-id=\"13a4197\" data-element_type=\"container\" data-e-type=\"container\">\n\t\t\t\t\t<div class=\"e-con-inner\">\n\t\t\t\t<div class=\"elementor-element elementor-element-0f8da5f elementor-widget elementor-widget-heading\" data-id=\"0f8da5f\" data-element_type=\"widget\" data-e-type=\"widget\" data-widget_type=\"heading.default\">\n\t\t\t\t<div class=\"elementor-widget-container\">\n\t\t\t\t\t<h3 class=\"elementor-heading-title elementor-size-default\">descubra la gama fiorentini<\/h3>\t\t\t\t<\/div>\n\t\t\t\t<\/div>\n\t\t\t\t\t<\/div>\n\t\t\t\t<\/div>\n\t\t<div class=\"elementor-element elementor-element-5f0e4d8 e-flex e-con-boxed e-con e-parent\" data-id=\"5f0e4d8\" data-element_type=\"container\" data-e-type=\"container\">\n\t\t\t\t\t<div class=\"e-con-inner\">\n\t\t\t\t<div class=\"elementor-element elementor-element-71ef3cc elementor-widget-tablet__width-inherit elementor-widget elementor-widget-highrev_core_product_category_list\" data-id=\"71ef3cc\" data-element_type=\"widget\" data-e-type=\"widget\" data-widget_type=\"highrev_core_product_category_list.default\">\n\t\t\t\t<div class=\"elementor-widget-container\">\n\t\t\t\t\t<div class=\"qodef-shortcode qodef-m  qodef-woo-shortcode qodef-woo-product-category-list qodef-item-layout--simple qodef-main-category-image--enabled   qodef-item-image-alignment--left qodef-grid qodef-layout--columns  qodef-gutter--no qodef-vertical-gutter--no qodef-col-num--6 qodef-item-layout--simple  qodef-responsive--custom qodef-col-num--1512--6 qodef-col-num--1368--6 qodef-col-num--1200--4 qodef-col-num--1024--4 qodef-col-num--880--4 qodef-col-num--680--2 qodef-col-num--480--2 qodef-swiper--show-pagination\">\n\t\t<div class=\"qodef-grid-inner\">\n\t\t<div class=\"qodef-e qodef--retina-scaling qodef-grid-item qodef-item--full product-category product first\">\n\t<div class=\"qodef-e-inner\">\n\t\t<a href=\"https:\/\/fiorentinispa.com\/es\/product-category\/tractores-de-arrastre\/\" class=\"qodef-e-link\"><\/a>\n\t\t<div class=\"qodef-e-product-category-list-top\">\n\t\t\t\t\t\t<div class=\"qodef-e-product-category-list-image\">\n\t\t\t\t<a href=\"https:\/\/fiorentinispa.com\/es\/product-category\/tractores-de-arrastre\/\" class=\"qodef-e-product-category-list-link\">\n\t\t\t\t\t\t\t\t<img fetchpriority=\"high\" decoding=\"async\" itemprop=\"image\" src=\"https:\/\/fiorentinispa.com\/wp-content\/uploads\/2026\/01\/TX-TRATTORINI-X.jpg\"\n\t\t\t width=\"1000\"\n\t\t\t height=\"1000\"\n\t\t\t alt=\"\"\/>\n\t\t\t\t\t<\/a>\n\t\t\t<\/div>\n\t\t\t\t\t<\/div>\n\t\t<div class=\"qodef-e-product-category-list-bottom\">\n\t\t\t<a href=\"https:\/\/fiorentinispa.com\/es\/product-category\/tractores-de-arrastre\/\" class=\"qodef-e-product-category-list-main-category\">\n    <h6 class=\"woocommerce-loop-category__title\">\n        Tractores de arrastre    <\/h6>\n<\/a>\n\t\t<\/div>\n\t<\/div>\n<\/div>\n<div class=\"qodef-e qodef--retina-scaling qodef-grid-item qodef-item--full product-category product\">\n\t<div class=\"qodef-e-inner\">\n\t\t<a href=\"https:\/\/fiorentinispa.com\/es\/product-category\/monocepillos\/\" class=\"qodef-e-link\"><\/a>\n\t\t<div class=\"qodef-e-product-category-list-top\">\n\t\t\t\t\t\t<div class=\"qodef-e-product-category-list-image\">\n\t\t\t\t<a href=\"https:\/\/fiorentinispa.com\/es\/product-category\/monocepillos\/\" class=\"qodef-e-product-category-list-link\">\n\t\t\t\t\t\t\t\t<img decoding=\"async\" itemprop=\"image\" src=\"https:\/\/fiorentinispa.com\/wp-content\/uploads\/2026\/01\/JOLLY-17-MONOSPAZZOLA-X.jpg\"\n\t\t\t width=\"1000\"\n\t\t\t height=\"1000\"\n\t\t\t alt=\"\"\/>\n\t\t\t\t\t<\/a>\n\t\t\t<\/div>\n\t\t\t\t\t<\/div>\n\t\t<div class=\"qodef-e-product-category-list-bottom\">\n\t\t\t<a href=\"https:\/\/fiorentinispa.com\/es\/product-category\/monocepillos\/\" class=\"qodef-e-product-category-list-main-category\">\n    <h6 class=\"woocommerce-loop-category__title\">\n        Monocepillos    <\/h6>\n<\/a>\n\t\t<\/div>\n\t<\/div>\n<\/div>\n<div class=\"qodef-e qodef--retina-scaling qodef-grid-item qodef-item--full product-category product\">\n\t<div class=\"qodef-e-inner\">\n\t\t<a href=\"https:\/\/fiorentinispa.com\/es\/product-category\/maquinas-de-vapor\/\" class=\"qodef-e-link\"><\/a>\n\t\t<div class=\"qodef-e-product-category-list-top\">\n\t\t\t\t\t\t<div class=\"qodef-e-product-category-list-image\">\n\t\t\t\t<a href=\"https:\/\/fiorentinispa.com\/es\/product-category\/maquinas-de-vapor\/\" class=\"qodef-e-product-category-list-link\">\n\t\t\t\t\t\t\t\t<img loading=\"lazy\" decoding=\"async\" itemprop=\"image\" src=\"https:\/\/fiorentinispa.com\/wp-content\/uploads\/2026\/01\/Junior-Vapor-MACCHINE-A-VAPORE-X.jpg\"\n\t\t\t width=\"1000\"\n\t\t\t height=\"1000\"\n\t\t\t alt=\"\"\/>\n\t\t\t\t\t<\/a>\n\t\t\t<\/div>\n\t\t\t\t\t<\/div>\n\t\t<div class=\"qodef-e-product-category-list-bottom\">\n\t\t\t<a href=\"https:\/\/fiorentinispa.com\/es\/product-category\/maquinas-de-vapor\/\" class=\"qodef-e-product-category-list-main-category\">\n    <h6 class=\"woocommerce-loop-category__title\">\n        M\u00e1quinas de vapor    <\/h6>\n<\/a>\n\t\t<\/div>\n\t<\/div>\n<\/div>\n<div class=\"qodef-e qodef--retina-scaling qodef-grid-item qodef-item--full product-category product last\">\n\t<div class=\"qodef-e-inner\">\n\t\t<a href=\"https:\/\/fiorentinispa.com\/es\/product-category\/maquinas-autonomas\/\" class=\"qodef-e-link\"><\/a>\n\t\t<div class=\"qodef-e-product-category-list-top\">\n\t\t\t\t\t\t<div class=\"qodef-e-product-category-list-image\">\n\t\t\t\t<a href=\"https:\/\/fiorentinispa.com\/es\/product-category\/maquinas-autonomas\/\" class=\"qodef-e-product-category-list-link\">\n\t\t\t\t\t\t\t\t<img loading=\"lazy\" decoding=\"async\" itemprop=\"image\" src=\"https:\/\/fiorentinispa.com\/wp-content\/uploads\/2026\/01\/Fiorentini_BEETLE_3-X.jpg\"\n\t\t\t width=\"1000\"\n\t\t\t height=\"1000\"\n\t\t\t alt=\"\"\/>\n\t\t\t\t\t<\/a>\n\t\t\t<\/div>\n\t\t\t\t\t<\/div>\n\t\t<div class=\"qodef-e-product-category-list-bottom\">\n\t\t\t<a href=\"https:\/\/fiorentinispa.com\/es\/product-category\/maquinas-autonomas\/\" class=\"qodef-e-product-category-list-main-category\">\n    <h6 class=\"woocommerce-loop-category__title\">\n        M\u00e1quinas aut\u00f3nomas    <\/h6>\n<\/a>\n\t\t<\/div>\n\t<\/div>\n<\/div>\n<div class=\"qodef-e qodef--retina-scaling qodef-grid-item qodef-item--full product-category product first\">\n\t<div class=\"qodef-e-inner\">\n\t\t<a href=\"https:\/\/fiorentinispa.com\/es\/product-category\/maquinaria-para-la-limpieza-urbana\/\" class=\"qodef-e-link\"><\/a>\n\t\t<div class=\"qodef-e-product-category-list-top\">\n\t\t\t\t\t\t<div class=\"qodef-e-product-category-list-image\">\n\t\t\t\t<a href=\"https:\/\/fiorentinispa.com\/es\/product-category\/maquinaria-para-la-limpieza-urbana\/\" class=\"qodef-e-product-category-list-link\">\n\t\t\t\t\t\t\t\t<img loading=\"lazy\" decoding=\"async\" itemprop=\"image\" src=\"https:\/\/fiorentinispa.com\/wp-content\/uploads\/2026\/01\/S150-SPAZZATRICI-STRADALI-X.jpg\"\n\t\t\t width=\"1000\"\n\t\t\t height=\"1000\"\n\t\t\t alt=\"\"\/>\n\t\t\t\t\t<\/a>\n\t\t\t<\/div>\n\t\t\t\t\t<\/div>\n\t\t<div class=\"qodef-e-product-category-list-bottom\">\n\t\t\t<a href=\"https:\/\/fiorentinispa.com\/es\/product-category\/maquinaria-para-la-limpieza-urbana\/\" class=\"qodef-e-product-category-list-main-category\">\n    <h6 class=\"woocommerce-loop-category__title\">\n        Maquinaria para la limpieza urbana    <\/h6>\n<\/a>\n\t\t<\/div>\n\t<\/div>\n<\/div>\n<div class=\"qodef-e qodef--retina-scaling qodef-grid-item qodef-item--full product-category product\">\n\t<div class=\"qodef-e-inner\">\n\t\t<a href=\"https:\/\/fiorentinispa.com\/es\/product-category\/lavasuperficies-textiles\/\" class=\"qodef-e-link\"><\/a>\n\t\t<div class=\"qodef-e-product-category-list-top\">\n\t\t\t\t\t\t<div class=\"qodef-e-product-category-list-image\">\n\t\t\t\t<a href=\"https:\/\/fiorentinispa.com\/es\/product-category\/lavasuperficies-textiles\/\" class=\"qodef-e-product-category-list-link\">\n\t\t\t\t\t\t\t\t<img loading=\"lazy\" decoding=\"async\" itemprop=\"image\" src=\"https:\/\/fiorentinispa.com\/wp-content\/uploads\/2026\/01\/INJECTION-EXTRACTION-LAVAMOQUETTE-X.jpg\"\n\t\t\t width=\"1000\"\n\t\t\t height=\"1000\"\n\t\t\t alt=\"\"\/>\n\t\t\t\t\t<\/a>\n\t\t\t<\/div>\n\t\t\t\t\t<\/div>\n\t\t<div class=\"qodef-e-product-category-list-bottom\">\n\t\t\t<a href=\"https:\/\/fiorentinispa.com\/es\/product-category\/lavasuperficies-textiles\/\" class=\"qodef-e-product-category-list-main-category\">\n    <h6 class=\"woocommerce-loop-category__title\">\n        Lavasuperficies textiles    <\/h6>\n<\/a>\n\t\t<\/div>\n\t<\/div>\n<\/div>\n<div class=\"qodef-e qodef--retina-scaling qodef-grid-item qodef-item--full product-category product\">\n\t<div class=\"qodef-e-inner\">\n\t\t<a href=\"https:\/\/fiorentinispa.com\/es\/product-category\/hidrolimpiadoras\/\" class=\"qodef-e-link\"><\/a>\n\t\t<div class=\"qodef-e-product-category-list-top\">\n\t\t\t\t\t\t<div class=\"qodef-e-product-category-list-image\">\n\t\t\t\t<a href=\"https:\/\/fiorentinispa.com\/es\/product-category\/hidrolimpiadoras\/\" class=\"qodef-e-product-category-list-link\">\n\t\t\t\t\t\t\t\t<img loading=\"lazy\" decoding=\"async\" itemprop=\"image\" src=\"https:\/\/fiorentinispa.com\/wp-content\/uploads\/2026\/01\/Kcm-X-1.jpg\"\n\t\t\t width=\"1000\"\n\t\t\t height=\"1000\"\n\t\t\t alt=\"\"\/>\n\t\t\t\t\t<\/a>\n\t\t\t<\/div>\n\t\t\t\t\t<\/div>\n\t\t<div class=\"qodef-e-product-category-list-bottom\">\n\t\t\t<a href=\"https:\/\/fiorentinispa.com\/es\/product-category\/hidrolimpiadoras\/\" class=\"qodef-e-product-category-list-main-category\">\n    <h6 class=\"woocommerce-loop-category__title\">\n        Hidrolimpiadoras    <\/h6>\n<\/a>\n\t\t<\/div>\n\t<\/div>\n<\/div>\n<div class=\"qodef-e qodef--retina-scaling qodef-grid-item qodef-item--full product-category product last\">\n\t<div class=\"qodef-e-inner\">\n\t\t<a href=\"https:\/\/fiorentinispa.com\/es\/product-category\/fregadora-de-pavimentos-de-conductor-acompanante\/\" class=\"qodef-e-link\"><\/a>\n\t\t<div class=\"qodef-e-product-category-list-top\">\n\t\t\t\t\t\t<div class=\"qodef-e-product-category-list-image\">\n\t\t\t\t<a href=\"https:\/\/fiorentinispa.com\/es\/product-category\/fregadora-de-pavimentos-de-conductor-acompanante\/\" class=\"qodef-e-product-category-list-link\">\n\t\t\t\t\t\t\t\t<img loading=\"lazy\" decoding=\"async\" itemprop=\"image\" src=\"https:\/\/fiorentinispa.com\/wp-content\/uploads\/2026\/01\/ECO-20-X.jpg\"\n\t\t\t width=\"1000\"\n\t\t\t height=\"1000\"\n\t\t\t alt=\"\"\/>\n\t\t\t\t\t<\/a>\n\t\t\t<\/div>\n\t\t\t\t\t<\/div>\n\t\t<div class=\"qodef-e-product-category-list-bottom\">\n\t\t\t<a href=\"https:\/\/fiorentinispa.com\/es\/product-category\/fregadora-de-pavimentos-de-conductor-acompanante\/\" class=\"qodef-e-product-category-list-main-category\">\n    <h6 class=\"woocommerce-loop-category__title\">\n        Fregadora de pavimentos de conductor acompa\u00f1ante    <\/h6>\n<\/a>\n\t\t<\/div>\n\t<\/div>\n<\/div>\n<div class=\"qodef-e qodef--retina-scaling qodef-grid-item qodef-item--full product-category product first\">\n\t<div class=\"qodef-e-inner\">\n\t\t<a href=\"https:\/\/fiorentinispa.com\/es\/product-category\/fregadora-de-conductor-a-bordo\/\" class=\"qodef-e-link\"><\/a>\n\t\t<div class=\"qodef-e-product-category-list-top\">\n\t\t\t\t\t\t<div class=\"qodef-e-product-category-list-image\">\n\t\t\t\t<a href=\"https:\/\/fiorentinispa.com\/es\/product-category\/fregadora-de-conductor-a-bordo\/\" class=\"qodef-e-product-category-list-link\">\n\t\t\t\t\t\t\t\t<img loading=\"lazy\" decoding=\"async\" itemprop=\"image\" src=\"https:\/\/fiorentinispa.com\/wp-content\/uploads\/2026\/01\/EF85-X.jpg\"\n\t\t\t width=\"1000\"\n\t\t\t height=\"1000\"\n\t\t\t alt=\"\"\/>\n\t\t\t\t\t<\/a>\n\t\t\t<\/div>\n\t\t\t\t\t<\/div>\n\t\t<div class=\"qodef-e-product-category-list-bottom\">\n\t\t\t<a href=\"https:\/\/fiorentinispa.com\/es\/product-category\/fregadora-de-conductor-a-bordo\/\" class=\"qodef-e-product-category-list-main-category\">\n    <h6 class=\"woocommerce-loop-category__title\">\n        Fregadora de conductor a bordo    <\/h6>\n<\/a>\n\t\t<\/div>\n\t<\/div>\n<\/div>\n<div class=\"qodef-e qodef--retina-scaling qodef-grid-item qodef-item--full product-category product\">\n\t<div class=\"qodef-e-inner\">\n\t\t<a href=\"https:\/\/fiorentinispa.com\/es\/product-category\/barredoras-de-conductor-sentado\/\" class=\"qodef-e-link\"><\/a>\n\t\t<div class=\"qodef-e-product-category-list-top\">\n\t\t\t\t\t\t<div class=\"qodef-e-product-category-list-image\">\n\t\t\t\t<a href=\"https:\/\/fiorentinispa.com\/es\/product-category\/barredoras-de-conductor-sentado\/\" class=\"qodef-e-product-category-list-link\">\n\t\t\t\t\t\t\t\t<img loading=\"lazy\" decoding=\"async\" itemprop=\"image\" src=\"https:\/\/fiorentinispa.com\/wp-content\/uploads\/2026\/01\/S-28-SPAZZATRICE-UOMO-A-BORDO-X.jpg\"\n\t\t\t width=\"1000\"\n\t\t\t height=\"1000\"\n\t\t\t alt=\"\"\/>\n\t\t\t\t\t<\/a>\n\t\t\t<\/div>\n\t\t\t\t\t<\/div>\n\t\t<div class=\"qodef-e-product-category-list-bottom\">\n\t\t\t<a href=\"https:\/\/fiorentinispa.com\/es\/product-category\/barredoras-de-conductor-sentado\/\" class=\"qodef-e-product-category-list-main-category\">\n    <h6 class=\"woocommerce-loop-category__title\">\n        Barredoras de conductor sentado    <\/h6>\n<\/a>\n\t\t<\/div>\n\t<\/div>\n<\/div>\n<div class=\"qodef-e qodef--retina-scaling qodef-grid-item qodef-item--full product-category product\">\n\t<div class=\"qodef-e-inner\">\n\t\t<a href=\"https:\/\/fiorentinispa.com\/es\/product-category\/barredoras-de-conductor-acompanante\/\" class=\"qodef-e-link\"><\/a>\n\t\t<div class=\"qodef-e-product-category-list-top\">\n\t\t\t\t\t\t<div class=\"qodef-e-product-category-list-image\">\n\t\t\t\t<a href=\"https:\/\/fiorentinispa.com\/es\/product-category\/barredoras-de-conductor-acompanante\/\" class=\"qodef-e-product-category-list-link\">\n\t\t\t\t\t\t\t\t<img loading=\"lazy\" decoding=\"async\" itemprop=\"image\" src=\"https:\/\/fiorentinispa.com\/wp-content\/uploads\/2026\/02\/AE_AS-50\u201370.jpg\"\n\t\t\t width=\"1000\"\n\t\t\t height=\"1000\"\n\t\t\t alt=\"\"\/>\n\t\t\t\t\t<\/a>\n\t\t\t<\/div>\n\t\t\t\t\t<\/div>\n\t\t<div class=\"qodef-e-product-category-list-bottom\">\n\t\t\t<a href=\"https:\/\/fiorentinispa.com\/es\/product-category\/barredoras-de-conductor-acompanante\/\" class=\"qodef-e-product-category-list-main-category\">\n    <h6 class=\"woocommerce-loop-category__title\">\n        Barredoras de conductor acompa\u00f1ante    <\/h6>\n<\/a>\n\t\t<\/div>\n\t<\/div>\n<\/div>\n<div class=\"qodef-e qodef--retina-scaling qodef-grid-item qodef-item--full product-category product last\">\n\t<div class=\"qodef-e-inner\">\n\t\t<a href=\"https:\/\/fiorentinispa.com\/es\/product-category\/aspiradores\/\" class=\"qodef-e-link\"><\/a>\n\t\t<div class=\"qodef-e-product-category-list-top\">\n\t\t\t\t\t\t<div class=\"qodef-e-product-category-list-image\">\n\t\t\t\t<a href=\"https:\/\/fiorentinispa.com\/es\/product-category\/aspiradores\/\" class=\"qodef-e-product-category-list-link\">\n\t\t\t\t\t\t\t\t<img loading=\"lazy\" decoding=\"async\" itemprop=\"image\" src=\"https:\/\/fiorentinispa.com\/wp-content\/uploads\/2026\/01\/BABY-ASPIRATORE-X.jpg\"\n\t\t\t width=\"1000\"\n\t\t\t height=\"1000\"\n\t\t\t alt=\"\"\/>\n\t\t\t\t\t<\/a>\n\t\t\t<\/div>\n\t\t\t\t\t<\/div>\n\t\t<div class=\"qodef-e-product-category-list-bottom\">\n\t\t\t<a href=\"https:\/\/fiorentinispa.com\/es\/product-category\/aspiradores\/\" class=\"qodef-e-product-category-list-main-category\">\n    <h6 class=\"woocommerce-loop-category__title\">\n        Aspiradores    <\/h6>\n<\/a>\n\t\t<\/div>\n\t<\/div>\n<\/div>\n\t<\/div>\n<\/div>\n\t\t\t\t<\/div>\n\t\t\t\t<\/div>\n\t\t\t\t\t<\/div>\n\t\t\t\t<\/div>\n\t\t\t\t<\/div>\n\t\t","protected":false},"excerpt":{"rendered":"<p>LIMPIEZA Y DESINFECCI\u00d3N PARA EL SECTOR SANITARIO Los entornos sanitarios requieren altos est\u00e1ndares de limpieza, higiene y desinfecci\u00f3n para garantizar la seguridad de pacientes, familiares y profesionales. En hospitales, cl\u00ednicas y consultas m\u00e9dicas, la limpieza no es solo est\u00e9tica, sino esencial para reducir la contaminaci\u00f3n ambiental y prevenir infecciones. Gracias a maquinaria para la limpieza industrial de vanguardia, Fiorentini asegura operaciones de desinfecci\u00f3n r\u00e1pidas y eficaces. El uso de equipos profesionales y tecnolog\u00edas avanzadas permite mantener cada entorno sanitario higienizado y seguro. M\u00e1quinas para la limpieza de entornos sanitarios Dentro de la amplia gama de m\u00e1quinas para la limpieza profesional de suelos dise\u00f1adas por Fiorentini, algunos modelos est\u00e1n especialmente indicados para el sector sanitario, garantizando la m\u00e1xima eficiencia e higiene en: Hospitales Centros de salud Residencias de ancianos Cl\u00ednicas privadas Consultas m\u00e9dicas Cl\u00ednicas dentales Cl\u00ednicas veterinarias Laboratorios Empresas sanitarias Descubra la m\u00e1quina de limpieza profesional m\u00e1s adecuada para sus instalaciones o p\u00f3ngase en contacto con nosotros para recibir asesoramiento personalizado: nuestro equipo est\u00e1 a su disposici\u00f3n para ayudarle a elegir el producto ideal para sus necesidades. descubra la gama fiorentini Macchine Autonome Lavapavimenti uomo a terra Lavapavimenti uomo a bordo Spazzatrici uomo a terra Spazzatrici uomo a bordo Idropulitrici Aspiratori Lavasuperfici tessili Trattorini Monospazzole Macchinari per la pulizia urbana Macchine a vapore<\/p>\n","protected":false},"author":1,"featured_media":0,"parent":0,"menu_order":0,"comment_status":"closed","ping_status":"closed","template":"page-full-width.php","meta":{"footnotes":""},"class_list":["post-9064","page","type-page","status-publish","hentry"],"_links":{"self":[{"href":"https:\/\/fiorentinispa.com\/es\/wp-json\/wp\/v2\/pages\/9064","targetHints":{"allow":["GET"]}}],"collection":[{"href":"https:\/\/fiorentinispa.com\/es\/wp-json\/wp\/v2\/pages"}],"about":[{"href":"https:\/\/fiorentinispa.com\/es\/wp-json\/wp\/v2\/types\/page"}],"author":[{"embeddable":true,"href":"https:\/\/fiorentinispa.com\/es\/wp-json\/wp\/v2\/users\/1"}],"replies":[{"embeddable":true,"href":"https:\/\/fiorentinispa.com\/es\/wp-json\/wp\/v2\/comments?post=9064"}],"version-history":[{"count":4,"href":"https:\/\/fiorentinispa.com\/es\/wp-json\/wp\/v2\/pages\/9064\/revisions"}],"predecessor-version":[{"id":10219,"href":"https:\/\/fiorentinispa.com\/es\/wp-json\/wp\/v2\/pages\/9064\/revisions\/10219"}],"wp:attachment":[{"href":"https:\/\/fiorentinispa.com\/es\/wp-json\/wp\/v2\/media?parent=9064"}],"curies":[{"name":"wp","href":"https:\/\/api.w.org\/{rel}","templated":true}]}}