{"id":9067,"date":"2025-02-13T13:11:11","date_gmt":"2025-02-13T13:11:11","guid":{"rendered":"https:\/\/fiorentinispa.com\/empresas-de-limpieza\/"},"modified":"2026-04-12T23:16:51","modified_gmt":"2026-04-12T23:16:51","slug":"empresas-de-limpieza","status":"publish","type":"page","link":"https:\/\/fiorentinispa.com\/es\/empresas-de-limpieza\/","title":{"rendered":"Empresas de limpieza"},"content":{"rendered":"\t\t<div data-elementor-type=\"wp-page\" data-elementor-id=\"9067\" class=\"elementor elementor-9067 elementor-5359\" data-elementor-post-type=\"page\">\n\t\t\t\t<div class=\"elementor-element elementor-element-a0a8c68 e-con-full e-flex e-con e-parent\" data-id=\"a0a8c68\" data-element_type=\"container\" data-e-type=\"container\" data-settings=\"{&quot;background_background&quot;:&quot;classic&quot;}\">\n\t\t\t\t<div class=\"elementor-element elementor-element-8bc876a elementor-widget elementor-widget-slider_revolution\" data-id=\"8bc876a\" data-element_type=\"widget\" data-e-type=\"widget\" data-widget_type=\"slider_revolution.default\">\n\t\t\t\t<div class=\"elementor-widget-container\">\n\t\t\t\t\t\n\t\t<div class=\"wp-block-themepunch-revslider\">\n\t\t\t\t<p class=\"rs-p-wp-fix\"><\/p>\n\t\t\t\t<sr7-module data-alias=\"sanita-nuova-1\" data-id=\"14\" id=\"SR7_14_1\" class=\"rs-ov-hidden\" data-version=\"6.7.20\">\n\t\t\t\t\t<sr7-adjuster><\/sr7-adjuster>\n\t\t\t\t\t<sr7-content>\n\t\t\t\t\t\t<sr7-slide id=\"SR7_14_1-40\" data-key=\"40\">\n\t\t\t\t\t\t\t<sr7-bg id=\"SR7_14_1-40-6\" class=\"sr7-layer\"><noscript><img decoding=\"async\" src=\"https:\/\/fiorentinispa.com\/wp-content\/uploads\/2025\/02\/4-10.jpg\" alt=\"\" title=\"4\"><\/noscript><\/sr7-bg>\n\t\t\t\t\t\t\t<sr7-txt id=\"SR7_14_1-40-2\" class=\"sr7-layer\">PULIZIA E SANIFICAZIONE PER LE IMPRESE DI PULIZIA<\/sr7-txt>\n\t\t\t\t\t\t\t<sr7-txt id=\"SR7_14_1-40-3\" class=\"sr7-layer\"><a class=\"qodef-shortcode qodef-m  qodef-button qodef-layout--filled  qodef-html--link\" href=\"https:\/\/fiorentinispa.com\/prodotti\/\/\/\" target=\"_self\" >\n\t<span class=\"qodef-m-text\">Scopri I prodotti<\/span>\n<\/a>\n<\/sr7-txt>\n\t\t\t\t\t\t\t<sr7-txt id=\"SR7_14_1-40-5\" class=\"sr7-layer\">Scegli la macchina pi\u00f9 adatta per i tuoi ambienti<\/sr7-txt>\n\t\t\t\t\t\t<\/sr7-slide>\n\t\t\t\t\t\t<sr7-slide id=\"SR7_14_1-41\" data-key=\"41\">\n\t\t\t\t\t\t<\/sr7-slide>\n\t\t\t\t\t<\/sr7-content>\n\t\t\t\t\t<image_lists style=\"display:none\">\n\t\t\t\t\t\t<img data-src=\"\/\/fiorentinispa.com\/wp-content\/uploads\/2025\/02\/4-10.jpg\" data-libid=\"6072\" data-lib=\"medialibrary\" title=\"4\" width=\"0\" height=\"0\" data-dbsrc=\"Ly9maW9yZW50aW5pc3BhLmNvbS93cC1jb250ZW50L3VwbG9hZHMvMjAyNS8wMi80LTEwLmpwZw==\"\/>\n\t\t\t\t\t<\/image_lists>\n\t\t\t\t<\/sr7-module>\n\t\t\t\t<script>\n\t\t\t\t\tSR7.PMH ??={}; SR7.PMH[\"SR7_14_1\"] = {cn:0,state:false,fn: function() { if (_tpt!==undefined && _tpt.prepareModuleHeight !== undefined) {  _tpt.prepareModuleHeight({id:\"SR7_14_1\",el:[640,640,500,500,580],type:'standard',shdw:'0',gh:[640,640,500,500,580],gw:[1400,1400,1100,960,358],vpt:['100px&#039;,&#039;100px&#039;,&#039;100px&#039;,&#039;100px&#039;,&#039;100px'],size:{fullWidth:true, fullHeight:false},mh:'0',onh:0,onw:0,bg:{color:'{\"orig\":\"transparent\",\"type\":\"solid\",\"string\":\"transparent\"}'}});   SR7.PMH[\"SR7_14_1\"].state=true;} else if((SR7.PMH[\"SR7_14_1\"].cn++)<100)\tsetTimeout( SR7.PMH[\"SR7_14_1\"].fn,19);}};SR7.PMH[\"SR7_14_1\" ].fn();\n\t\t\t\t<\/script>\n<\/div>\n\n\t\t\t\t\t\t<\/div>\n\t\t\t\t<\/div>\n\t\t\t\t<\/div>\n\t\t<div class=\"elementor-element elementor-element-94351c7 e-flex e-con-boxed e-con e-parent\" data-id=\"94351c7\" data-element_type=\"container\" data-e-type=\"container\">\n\t\t\t\t\t<div class=\"e-con-inner\">\n\t\t\t\t<div class=\"elementor-element elementor-element-11b8afb elementor-widget elementor-widget-text-editor\" data-id=\"11b8afb\" data-element_type=\"widget\" data-e-type=\"widget\" data-widget_type=\"text-editor.default\">\n\t\t\t\t<div class=\"elementor-widget-container\">\n\t\t\t\t\t\t\t\t\t<h2 class=\"g-mb-30 g-color-primary\" style=\"text-align: left;\">Empresas de limpieza<\/h2>\t\t\t\t\t\t\t\t<\/div>\n\t\t\t\t<\/div>\n\t\t\t\t<div class=\"elementor-element elementor-element-1b9a231 elementor-widget elementor-widget-text-editor\" data-id=\"1b9a231\" data-element_type=\"widget\" data-e-type=\"widget\" data-widget_type=\"text-editor.default\">\n\t\t\t\t<div class=\"elementor-widget-container\">\n\t\t\t\t\t\t\t\t\t<p><span style=\"font-weight: 400;\">El sector de las <\/span><b>empresas de limpieza<\/b><span style=\"font-weight: 400;\"> es cada vez m\u00e1s competitivo. Clientes exigentes, normativas estrictas y la necesidad de reducir los costes operativos requieren soluciones eficaces y r\u00e1pidas. Para obtener resultados \u00f3ptimos, es fundamental confiar en <\/span><b>maquinaria para la limpieza industrial<\/b><span style=\"font-weight: 400;\"> innovadora y de alto rendimiento.<\/span><\/p><p><span style=\"font-weight: 400;\">Gracias a <\/span><b>tecnolog\u00edas avanzadas<\/b><span style=\"font-weight: 400;\">, Fiorentini ofrece equipos profesionales que <\/span><b>maximizan la eficiencia y reducen los costes de gesti\u00f3n<\/b><span style=\"font-weight: 400;\">, convirti\u00e9ndose en un aliado estrat\u00e9gico para cada empresa de limpieza. Desde <\/span><b>fregadoras compactas<\/b><span style=\"font-weight: 400;\">, ideales para sustituir la limpieza manual en espacios reducidos, hasta soluciones para grandes superficies, garantizamos prestaciones elevadas y seguridad para los operarios.<\/span><\/p><h3><b>M\u00e1quinas para la Limpieza de las Empresas de Limpieza<\/b><\/h3><p><span style=\"font-weight: 400;\">En la amplia gama de <\/span><b>m\u00e1quinas para la limpieza profesional de suelos<\/b><span style=\"font-weight: 400;\"> dise\u00f1adas por Fiorentini, algunos modelos est\u00e1n especialmente indicados para las <\/span><b>empresas de limpieza<\/b><span style=\"font-weight: 400;\">, asegurando <\/span><b>m\u00e1xima eficiencia y resultados impecables<\/b><span style=\"font-weight: 400;\"> en:<\/span><\/p><ul><li style=\"font-weight: 400;\" aria-level=\"1\"><span style=\"font-weight: 400;\">Oficinas<\/span><\/li><li style=\"font-weight: 400;\" aria-level=\"1\"><span style=\"font-weight: 400;\">Tiendas de diversos tama\u00f1os<\/span><\/li><li style=\"font-weight: 400;\" aria-level=\"1\"><span style=\"font-weight: 400;\">Empresas<\/span><\/li><li style=\"font-weight: 400;\" aria-level=\"1\"><span style=\"font-weight: 400;\">Hoteles<\/span><\/li><li style=\"font-weight: 400;\" aria-level=\"1\"><span style=\"font-weight: 400;\">Instituciones p\u00fablicas (escuelas, hospitales, organismos gubernamentales)<\/span><\/li><li style=\"font-weight: 400;\" aria-level=\"1\"><span style=\"font-weight: 400;\">Viviendas particulares<\/span><\/li><\/ul><p><span style=\"font-weight: 400;\">Descubra la <\/span><b>m\u00e1quina para la limpieza profesional<\/b><span style=\"font-weight: 400;\"> m\u00e1s adecuada para sus espacios o <\/span><b>cont\u00e1ctenos para una consulta personalizada<\/b><span style=\"font-weight: 400;\">: nuestro equipo est\u00e1 a su disposici\u00f3n para ayudarle a elegir el producto ideal para su empresa de limpieza.<\/span><\/p>\t\t\t\t\t\t\t\t<\/div>\n\t\t\t\t<\/div>\n\t\t\t\t\t<\/div>\n\t\t\t\t<\/div>\n\t\t<div class=\"elementor-element elementor-element-2704973 e-flex e-con-boxed e-con e-parent\" data-id=\"2704973\" data-element_type=\"container\" data-e-type=\"container\">\n\t\t\t\t\t<div class=\"e-con-inner\">\n\t\t\t\t<div class=\"elementor-element elementor-element-2383b7f elementor-widget elementor-widget-heading\" data-id=\"2383b7f\" data-element_type=\"widget\" data-e-type=\"widget\" data-widget_type=\"heading.default\">\n\t\t\t\t<div class=\"elementor-widget-container\">\n\t\t\t\t\t<h3 class=\"elementor-heading-title elementor-size-default\">descubra la gama fiorentini<\/h3>\t\t\t\t<\/div>\n\t\t\t\t<\/div>\n\t\t\t\t\t<\/div>\n\t\t\t\t<\/div>\n\t\t<div class=\"elementor-element elementor-element-d485155 e-flex e-con-boxed e-con e-parent\" data-id=\"d485155\" data-element_type=\"container\" data-e-type=\"container\">\n\t\t\t\t\t<div class=\"e-con-inner\">\n\t\t<div class=\"elementor-element elementor-element-b4f44b5 e-con-full e-flex e-con e-child\" data-id=\"b4f44b5\" data-element_type=\"container\" data-e-type=\"container\">\n\t\t\t\t<div class=\"elementor-element elementor-element-4eeecd8 elementor-widget-tablet__width-inherit elementor-widget elementor-widget-highrev_core_product_category_list\" data-id=\"4eeecd8\" data-element_type=\"widget\" data-e-type=\"widget\" data-widget_type=\"highrev_core_product_category_list.default\">\n\t\t\t\t<div class=\"elementor-widget-container\">\n\t\t\t\t\t<div class=\"qodef-shortcode qodef-m  qodef-woo-shortcode qodef-woo-product-category-list qodef-item-layout--simple qodef-main-category-image--enabled   qodef-item-image-alignment--left qodef-grid qodef-layout--columns  qodef-gutter--no qodef-vertical-gutter--no qodef-col-num--6 qodef-item-layout--simple  qodef-responsive--custom qodef-col-num--1512--6 qodef-col-num--1368--6 qodef-col-num--1200--4 qodef-col-num--1024--4 qodef-col-num--880--4 qodef-col-num--680--2 qodef-col-num--480--2 qodef-swiper--show-pagination\">\n\t\t<div class=\"qodef-grid-inner\">\n\t\t<div class=\"qodef-e qodef--retina-scaling qodef-grid-item qodef-item--full product-category product first\">\n\t<div class=\"qodef-e-inner\">\n\t\t<a href=\"https:\/\/fiorentinispa.com\/es\/product-category\/tractores-de-arrastre\/\" class=\"qodef-e-link\"><\/a>\n\t\t<div class=\"qodef-e-product-category-list-top\">\n\t\t\t\t\t\t<div class=\"qodef-e-product-category-list-image\">\n\t\t\t\t<a href=\"https:\/\/fiorentinispa.com\/es\/product-category\/tractores-de-arrastre\/\" class=\"qodef-e-product-category-list-link\">\n\t\t\t\t\t\t\t\t<img fetchpriority=\"high\" decoding=\"async\" itemprop=\"image\" src=\"https:\/\/fiorentinispa.com\/wp-content\/uploads\/2026\/01\/TX-TRATTORINI-X.jpg\"\n\t\t\t width=\"1000\"\n\t\t\t height=\"1000\"\n\t\t\t alt=\"\"\/>\n\t\t\t\t\t<\/a>\n\t\t\t<\/div>\n\t\t\t\t\t<\/div>\n\t\t<div class=\"qodef-e-product-category-list-bottom\">\n\t\t\t<a href=\"https:\/\/fiorentinispa.com\/es\/product-category\/tractores-de-arrastre\/\" class=\"qodef-e-product-category-list-main-category\">\n    <h6 class=\"woocommerce-loop-category__title\">\n        Tractores de arrastre    <\/h6>\n<\/a>\n\t\t<\/div>\n\t<\/div>\n<\/div>\n<div class=\"qodef-e qodef--retina-scaling qodef-grid-item qodef-item--full product-category product\">\n\t<div class=\"qodef-e-inner\">\n\t\t<a href=\"https:\/\/fiorentinispa.com\/es\/product-category\/monocepillos\/\" class=\"qodef-e-link\"><\/a>\n\t\t<div class=\"qodef-e-product-category-list-top\">\n\t\t\t\t\t\t<div class=\"qodef-e-product-category-list-image\">\n\t\t\t\t<a href=\"https:\/\/fiorentinispa.com\/es\/product-category\/monocepillos\/\" class=\"qodef-e-product-category-list-link\">\n\t\t\t\t\t\t\t\t<img decoding=\"async\" itemprop=\"image\" src=\"https:\/\/fiorentinispa.com\/wp-content\/uploads\/2026\/01\/JOLLY-17-MONOSPAZZOLA-X.jpg\"\n\t\t\t width=\"1000\"\n\t\t\t height=\"1000\"\n\t\t\t alt=\"\"\/>\n\t\t\t\t\t<\/a>\n\t\t\t<\/div>\n\t\t\t\t\t<\/div>\n\t\t<div class=\"qodef-e-product-category-list-bottom\">\n\t\t\t<a href=\"https:\/\/fiorentinispa.com\/es\/product-category\/monocepillos\/\" class=\"qodef-e-product-category-list-main-category\">\n    <h6 class=\"woocommerce-loop-category__title\">\n        Monocepillos    <\/h6>\n<\/a>\n\t\t<\/div>\n\t<\/div>\n<\/div>\n<div class=\"qodef-e qodef--retina-scaling qodef-grid-item qodef-item--full product-category product\">\n\t<div class=\"qodef-e-inner\">\n\t\t<a href=\"https:\/\/fiorentinispa.com\/es\/product-category\/maquinas-de-vapor\/\" class=\"qodef-e-link\"><\/a>\n\t\t<div class=\"qodef-e-product-category-list-top\">\n\t\t\t\t\t\t<div class=\"qodef-e-product-category-list-image\">\n\t\t\t\t<a href=\"https:\/\/fiorentinispa.com\/es\/product-category\/maquinas-de-vapor\/\" class=\"qodef-e-product-category-list-link\">\n\t\t\t\t\t\t\t\t<img loading=\"lazy\" decoding=\"async\" itemprop=\"image\" src=\"https:\/\/fiorentinispa.com\/wp-content\/uploads\/2026\/01\/Junior-Vapor-MACCHINE-A-VAPORE-X.jpg\"\n\t\t\t width=\"1000\"\n\t\t\t height=\"1000\"\n\t\t\t alt=\"\"\/>\n\t\t\t\t\t<\/a>\n\t\t\t<\/div>\n\t\t\t\t\t<\/div>\n\t\t<div class=\"qodef-e-product-category-list-bottom\">\n\t\t\t<a href=\"https:\/\/fiorentinispa.com\/es\/product-category\/maquinas-de-vapor\/\" class=\"qodef-e-product-category-list-main-category\">\n    <h6 class=\"woocommerce-loop-category__title\">\n        M\u00e1quinas de vapor    <\/h6>\n<\/a>\n\t\t<\/div>\n\t<\/div>\n<\/div>\n<div class=\"qodef-e qodef--retina-scaling qodef-grid-item qodef-item--full product-category product last\">\n\t<div class=\"qodef-e-inner\">\n\t\t<a href=\"https:\/\/fiorentinispa.com\/es\/product-category\/maquinas-autonomas\/\" class=\"qodef-e-link\"><\/a>\n\t\t<div class=\"qodef-e-product-category-list-top\">\n\t\t\t\t\t\t<div class=\"qodef-e-product-category-list-image\">\n\t\t\t\t<a href=\"https:\/\/fiorentinispa.com\/es\/product-category\/maquinas-autonomas\/\" class=\"qodef-e-product-category-list-link\">\n\t\t\t\t\t\t\t\t<img loading=\"lazy\" decoding=\"async\" itemprop=\"image\" src=\"https:\/\/fiorentinispa.com\/wp-content\/uploads\/2026\/01\/Fiorentini_BEETLE_3-X.jpg\"\n\t\t\t width=\"1000\"\n\t\t\t height=\"1000\"\n\t\t\t alt=\"\"\/>\n\t\t\t\t\t<\/a>\n\t\t\t<\/div>\n\t\t\t\t\t<\/div>\n\t\t<div class=\"qodef-e-product-category-list-bottom\">\n\t\t\t<a href=\"https:\/\/fiorentinispa.com\/es\/product-category\/maquinas-autonomas\/\" class=\"qodef-e-product-category-list-main-category\">\n    <h6 class=\"woocommerce-loop-category__title\">\n        M\u00e1quinas aut\u00f3nomas    <\/h6>\n<\/a>\n\t\t<\/div>\n\t<\/div>\n<\/div>\n<div class=\"qodef-e qodef--retina-scaling qodef-grid-item qodef-item--full product-category product first\">\n\t<div class=\"qodef-e-inner\">\n\t\t<a href=\"https:\/\/fiorentinispa.com\/es\/product-category\/maquinaria-para-la-limpieza-urbana\/\" class=\"qodef-e-link\"><\/a>\n\t\t<div class=\"qodef-e-product-category-list-top\">\n\t\t\t\t\t\t<div class=\"qodef-e-product-category-list-image\">\n\t\t\t\t<a href=\"https:\/\/fiorentinispa.com\/es\/product-category\/maquinaria-para-la-limpieza-urbana\/\" class=\"qodef-e-product-category-list-link\">\n\t\t\t\t\t\t\t\t<img loading=\"lazy\" decoding=\"async\" itemprop=\"image\" src=\"https:\/\/fiorentinispa.com\/wp-content\/uploads\/2026\/01\/S150-SPAZZATRICI-STRADALI-X.jpg\"\n\t\t\t width=\"1000\"\n\t\t\t height=\"1000\"\n\t\t\t alt=\"\"\/>\n\t\t\t\t\t<\/a>\n\t\t\t<\/div>\n\t\t\t\t\t<\/div>\n\t\t<div class=\"qodef-e-product-category-list-bottom\">\n\t\t\t<a href=\"https:\/\/fiorentinispa.com\/es\/product-category\/maquinaria-para-la-limpieza-urbana\/\" class=\"qodef-e-product-category-list-main-category\">\n    <h6 class=\"woocommerce-loop-category__title\">\n        Maquinaria para la limpieza urbana    <\/h6>\n<\/a>\n\t\t<\/div>\n\t<\/div>\n<\/div>\n<div class=\"qodef-e qodef--retina-scaling qodef-grid-item qodef-item--full product-category product\">\n\t<div class=\"qodef-e-inner\">\n\t\t<a href=\"https:\/\/fiorentinispa.com\/es\/product-category\/lavasuperficies-textiles\/\" class=\"qodef-e-link\"><\/a>\n\t\t<div class=\"qodef-e-product-category-list-top\">\n\t\t\t\t\t\t<div class=\"qodef-e-product-category-list-image\">\n\t\t\t\t<a href=\"https:\/\/fiorentinispa.com\/es\/product-category\/lavasuperficies-textiles\/\" class=\"qodef-e-product-category-list-link\">\n\t\t\t\t\t\t\t\t<img loading=\"lazy\" decoding=\"async\" itemprop=\"image\" src=\"https:\/\/fiorentinispa.com\/wp-content\/uploads\/2026\/01\/INJECTION-EXTRACTION-LAVAMOQUETTE-X.jpg\"\n\t\t\t width=\"1000\"\n\t\t\t height=\"1000\"\n\t\t\t alt=\"\"\/>\n\t\t\t\t\t<\/a>\n\t\t\t<\/div>\n\t\t\t\t\t<\/div>\n\t\t<div class=\"qodef-e-product-category-list-bottom\">\n\t\t\t<a href=\"https:\/\/fiorentinispa.com\/es\/product-category\/lavasuperficies-textiles\/\" class=\"qodef-e-product-category-list-main-category\">\n    <h6 class=\"woocommerce-loop-category__title\">\n        Lavasuperficies textiles    <\/h6>\n<\/a>\n\t\t<\/div>\n\t<\/div>\n<\/div>\n<div class=\"qodef-e qodef--retina-scaling qodef-grid-item qodef-item--full product-category product\">\n\t<div class=\"qodef-e-inner\">\n\t\t<a href=\"https:\/\/fiorentinispa.com\/es\/product-category\/hidrolimpiadoras\/\" class=\"qodef-e-link\"><\/a>\n\t\t<div class=\"qodef-e-product-category-list-top\">\n\t\t\t\t\t\t<div class=\"qodef-e-product-category-list-image\">\n\t\t\t\t<a href=\"https:\/\/fiorentinispa.com\/es\/product-category\/hidrolimpiadoras\/\" class=\"qodef-e-product-category-list-link\">\n\t\t\t\t\t\t\t\t<img loading=\"lazy\" decoding=\"async\" itemprop=\"image\" src=\"https:\/\/fiorentinispa.com\/wp-content\/uploads\/2026\/01\/Kcm-X-1.jpg\"\n\t\t\t width=\"1000\"\n\t\t\t height=\"1000\"\n\t\t\t alt=\"\"\/>\n\t\t\t\t\t<\/a>\n\t\t\t<\/div>\n\t\t\t\t\t<\/div>\n\t\t<div class=\"qodef-e-product-category-list-bottom\">\n\t\t\t<a href=\"https:\/\/fiorentinispa.com\/es\/product-category\/hidrolimpiadoras\/\" class=\"qodef-e-product-category-list-main-category\">\n    <h6 class=\"woocommerce-loop-category__title\">\n        Hidrolimpiadoras    <\/h6>\n<\/a>\n\t\t<\/div>\n\t<\/div>\n<\/div>\n<div class=\"qodef-e qodef--retina-scaling qodef-grid-item qodef-item--full product-category product last\">\n\t<div class=\"qodef-e-inner\">\n\t\t<a href=\"https:\/\/fiorentinispa.com\/es\/product-category\/fregadora-de-pavimentos-de-conductor-acompanante\/\" class=\"qodef-e-link\"><\/a>\n\t\t<div class=\"qodef-e-product-category-list-top\">\n\t\t\t\t\t\t<div class=\"qodef-e-product-category-list-image\">\n\t\t\t\t<a href=\"https:\/\/fiorentinispa.com\/es\/product-category\/fregadora-de-pavimentos-de-conductor-acompanante\/\" class=\"qodef-e-product-category-list-link\">\n\t\t\t\t\t\t\t\t<img loading=\"lazy\" decoding=\"async\" itemprop=\"image\" src=\"https:\/\/fiorentinispa.com\/wp-content\/uploads\/2026\/01\/ECO-20-X.jpg\"\n\t\t\t width=\"1000\"\n\t\t\t height=\"1000\"\n\t\t\t alt=\"\"\/>\n\t\t\t\t\t<\/a>\n\t\t\t<\/div>\n\t\t\t\t\t<\/div>\n\t\t<div class=\"qodef-e-product-category-list-bottom\">\n\t\t\t<a href=\"https:\/\/fiorentinispa.com\/es\/product-category\/fregadora-de-pavimentos-de-conductor-acompanante\/\" class=\"qodef-e-product-category-list-main-category\">\n    <h6 class=\"woocommerce-loop-category__title\">\n        Fregadora de pavimentos de conductor acompa\u00f1ante    <\/h6>\n<\/a>\n\t\t<\/div>\n\t<\/div>\n<\/div>\n<div class=\"qodef-e qodef--retina-scaling qodef-grid-item qodef-item--full product-category product first\">\n\t<div class=\"qodef-e-inner\">\n\t\t<a href=\"https:\/\/fiorentinispa.com\/es\/product-category\/fregadora-de-conductor-a-bordo\/\" class=\"qodef-e-link\"><\/a>\n\t\t<div class=\"qodef-e-product-category-list-top\">\n\t\t\t\t\t\t<div class=\"qodef-e-product-category-list-image\">\n\t\t\t\t<a href=\"https:\/\/fiorentinispa.com\/es\/product-category\/fregadora-de-conductor-a-bordo\/\" class=\"qodef-e-product-category-list-link\">\n\t\t\t\t\t\t\t\t<img loading=\"lazy\" decoding=\"async\" itemprop=\"image\" src=\"https:\/\/fiorentinispa.com\/wp-content\/uploads\/2026\/01\/EF85-X.jpg\"\n\t\t\t width=\"1000\"\n\t\t\t height=\"1000\"\n\t\t\t alt=\"\"\/>\n\t\t\t\t\t<\/a>\n\t\t\t<\/div>\n\t\t\t\t\t<\/div>\n\t\t<div class=\"qodef-e-product-category-list-bottom\">\n\t\t\t<a href=\"https:\/\/fiorentinispa.com\/es\/product-category\/fregadora-de-conductor-a-bordo\/\" class=\"qodef-e-product-category-list-main-category\">\n    <h6 class=\"woocommerce-loop-category__title\">\n        Fregadora de conductor a bordo    <\/h6>\n<\/a>\n\t\t<\/div>\n\t<\/div>\n<\/div>\n<div class=\"qodef-e qodef--retina-scaling qodef-grid-item qodef-item--full product-category product\">\n\t<div class=\"qodef-e-inner\">\n\t\t<a href=\"https:\/\/fiorentinispa.com\/es\/product-category\/barredoras-de-conductor-sentado\/\" class=\"qodef-e-link\"><\/a>\n\t\t<div class=\"qodef-e-product-category-list-top\">\n\t\t\t\t\t\t<div class=\"qodef-e-product-category-list-image\">\n\t\t\t\t<a href=\"https:\/\/fiorentinispa.com\/es\/product-category\/barredoras-de-conductor-sentado\/\" class=\"qodef-e-product-category-list-link\">\n\t\t\t\t\t\t\t\t<img loading=\"lazy\" decoding=\"async\" itemprop=\"image\" src=\"https:\/\/fiorentinispa.com\/wp-content\/uploads\/2026\/01\/S-28-SPAZZATRICE-UOMO-A-BORDO-X.jpg\"\n\t\t\t width=\"1000\"\n\t\t\t height=\"1000\"\n\t\t\t alt=\"\"\/>\n\t\t\t\t\t<\/a>\n\t\t\t<\/div>\n\t\t\t\t\t<\/div>\n\t\t<div class=\"qodef-e-product-category-list-bottom\">\n\t\t\t<a href=\"https:\/\/fiorentinispa.com\/es\/product-category\/barredoras-de-conductor-sentado\/\" class=\"qodef-e-product-category-list-main-category\">\n    <h6 class=\"woocommerce-loop-category__title\">\n        Barredoras de conductor sentado    <\/h6>\n<\/a>\n\t\t<\/div>\n\t<\/div>\n<\/div>\n<div class=\"qodef-e qodef--retina-scaling qodef-grid-item qodef-item--full product-category product\">\n\t<div class=\"qodef-e-inner\">\n\t\t<a href=\"https:\/\/fiorentinispa.com\/es\/product-category\/barredoras-de-conductor-acompanante\/\" class=\"qodef-e-link\"><\/a>\n\t\t<div class=\"qodef-e-product-category-list-top\">\n\t\t\t\t\t\t<div class=\"qodef-e-product-category-list-image\">\n\t\t\t\t<a href=\"https:\/\/fiorentinispa.com\/es\/product-category\/barredoras-de-conductor-acompanante\/\" class=\"qodef-e-product-category-list-link\">\n\t\t\t\t\t\t\t\t<img loading=\"lazy\" decoding=\"async\" itemprop=\"image\" src=\"https:\/\/fiorentinispa.com\/wp-content\/uploads\/2026\/02\/AE_AS-50\u201370.jpg\"\n\t\t\t width=\"1000\"\n\t\t\t height=\"1000\"\n\t\t\t alt=\"\"\/>\n\t\t\t\t\t<\/a>\n\t\t\t<\/div>\n\t\t\t\t\t<\/div>\n\t\t<div class=\"qodef-e-product-category-list-bottom\">\n\t\t\t<a href=\"https:\/\/fiorentinispa.com\/es\/product-category\/barredoras-de-conductor-acompanante\/\" class=\"qodef-e-product-category-list-main-category\">\n    <h6 class=\"woocommerce-loop-category__title\">\n        Barredoras de conductor acompa\u00f1ante    <\/h6>\n<\/a>\n\t\t<\/div>\n\t<\/div>\n<\/div>\n<div class=\"qodef-e qodef--retina-scaling qodef-grid-item qodef-item--full product-category product last\">\n\t<div class=\"qodef-e-inner\">\n\t\t<a href=\"https:\/\/fiorentinispa.com\/es\/product-category\/aspiradores\/\" class=\"qodef-e-link\"><\/a>\n\t\t<div class=\"qodef-e-product-category-list-top\">\n\t\t\t\t\t\t<div class=\"qodef-e-product-category-list-image\">\n\t\t\t\t<a href=\"https:\/\/fiorentinispa.com\/es\/product-category\/aspiradores\/\" class=\"qodef-e-product-category-list-link\">\n\t\t\t\t\t\t\t\t<img loading=\"lazy\" decoding=\"async\" itemprop=\"image\" src=\"https:\/\/fiorentinispa.com\/wp-content\/uploads\/2026\/01\/BABY-ASPIRATORE-X.jpg\"\n\t\t\t width=\"1000\"\n\t\t\t height=\"1000\"\n\t\t\t alt=\"\"\/>\n\t\t\t\t\t<\/a>\n\t\t\t<\/div>\n\t\t\t\t\t<\/div>\n\t\t<div class=\"qodef-e-product-category-list-bottom\">\n\t\t\t<a href=\"https:\/\/fiorentinispa.com\/es\/product-category\/aspiradores\/\" class=\"qodef-e-product-category-list-main-category\">\n    <h6 class=\"woocommerce-loop-category__title\">\n        Aspiradores    <\/h6>\n<\/a>\n\t\t<\/div>\n\t<\/div>\n<\/div>\n\t<\/div>\n<\/div>\n\t\t\t\t<\/div>\n\t\t\t\t<\/div>\n\t\t\t\t<\/div>\n\t\t\t\t\t<\/div>\n\t\t\t\t<\/div>\n\t\t\t\t<\/div>\n\t\t","protected":false},"excerpt":{"rendered":"<p>Empresas de limpieza El sector de las empresas de limpieza es cada vez m\u00e1s competitivo. Clientes exigentes, normativas estrictas y la necesidad de reducir los costes operativos requieren soluciones eficaces y r\u00e1pidas. Para obtener resultados \u00f3ptimos, es fundamental confiar en maquinaria para la limpieza industrial innovadora y de alto rendimiento. Gracias a tecnolog\u00edas avanzadas, Fiorentini ofrece equipos profesionales que maximizan la eficiencia y reducen los costes de gesti\u00f3n, convirti\u00e9ndose en un aliado estrat\u00e9gico para cada empresa de limpieza. Desde fregadoras compactas, ideales para sustituir la limpieza manual en espacios reducidos, hasta soluciones para grandes superficies, garantizamos prestaciones elevadas y seguridad para los operarios. M\u00e1quinas para la Limpieza de las Empresas de Limpieza En la amplia gama de m\u00e1quinas para la limpieza profesional de suelos dise\u00f1adas por Fiorentini, algunos modelos est\u00e1n especialmente indicados para las empresas de limpieza, asegurando m\u00e1xima eficiencia y resultados impecables en: Oficinas Tiendas de diversos tama\u00f1os Empresas Hoteles Instituciones p\u00fablicas (escuelas, hospitales, organismos gubernamentales) Viviendas particulares Descubra la m\u00e1quina para la limpieza profesional m\u00e1s adecuada para sus espacios o cont\u00e1ctenos para una consulta personalizada: nuestro equipo est\u00e1 a su disposici\u00f3n para ayudarle a elegir el producto ideal para su empresa de limpieza. descubra la gama fiorentini Macchine Autonome Lavapavimenti uomo a terra Lavapavimenti uomo a bordo Spazzatrici uomo a terra Spazzatrici uomo a bordo Idropulitrici Aspiratori Lavasuperfici tessili Trattorini Monospazzole Macchinari per la pulizia urbana Macchine a vapore<\/p>\n","protected":false},"author":1,"featured_media":0,"parent":0,"menu_order":0,"comment_status":"closed","ping_status":"closed","template":"page-full-width.php","meta":{"footnotes":""},"class_list":["post-9067","page","type-page","status-publish","hentry"],"_links":{"self":[{"href":"https:\/\/fiorentinispa.com\/es\/wp-json\/wp\/v2\/pages\/9067","targetHints":{"allow":["GET"]}}],"collection":[{"href":"https:\/\/fiorentinispa.com\/es\/wp-json\/wp\/v2\/pages"}],"about":[{"href":"https:\/\/fiorentinispa.com\/es\/wp-json\/wp\/v2\/types\/page"}],"author":[{"embeddable":true,"href":"https:\/\/fiorentinispa.com\/es\/wp-json\/wp\/v2\/users\/1"}],"replies":[{"embeddable":true,"href":"https:\/\/fiorentinispa.com\/es\/wp-json\/wp\/v2\/comments?post=9067"}],"version-history":[{"count":1,"href":"https:\/\/fiorentinispa.com\/es\/wp-json\/wp\/v2\/pages\/9067\/revisions"}],"predecessor-version":[{"id":9070,"href":"https:\/\/fiorentinispa.com\/es\/wp-json\/wp\/v2\/pages\/9067\/revisions\/9070"}],"wp:attachment":[{"href":"https:\/\/fiorentinispa.com\/es\/wp-json\/wp\/v2\/media?parent=9067"}],"curies":[{"name":"wp","href":"https:\/\/api.w.org\/{rel}","templated":true}]}}