{"id":9073,"date":"2025-02-13T08:58:44","date_gmt":"2025-02-13T08:58:44","guid":{"rendered":"https:\/\/fiorentinispa.com\/sectores\/"},"modified":"2026-04-14T09:49:57","modified_gmt":"2026-04-14T09:49:57","slug":"sectores","status":"publish","type":"page","link":"https:\/\/fiorentinispa.com\/es\/sectores\/","title":{"rendered":"Sectores"},"content":{"rendered":"\t\t<div data-elementor-type=\"wp-page\" data-elementor-id=\"9073\" class=\"elementor elementor-9073 elementor-5198\" data-elementor-post-type=\"page\">\n\t\t\t\t<div class=\"elementor-element elementor-element-94351c7 e-flex e-con-boxed e-con e-parent\" data-id=\"94351c7\" data-element_type=\"container\" data-e-type=\"container\">\n\t\t\t\t\t<div class=\"e-con-inner\">\n\t\t\t\t<div class=\"elementor-element elementor-element-11b8afb elementor-widget elementor-widget-text-editor\" data-id=\"11b8afb\" data-element_type=\"widget\" data-e-type=\"widget\" data-widget_type=\"text-editor.default\">\n\t\t\t\t<div class=\"elementor-widget-container\">\n\t\t\t\t\t\t\t\t\t<h2 class=\"g-mb-30 g-color-primary\" style=\"text-align: center;\">Sectores<\/h2>\t\t\t\t\t\t\t\t<\/div>\n\t\t\t\t<\/div>\n\t\t\t\t\t<\/div>\n\t\t\t\t<\/div>\n\t\t<div class=\"elementor-element elementor-element-0e9d1f4 e-flex e-con-boxed e-con e-parent\" data-id=\"0e9d1f4\" data-element_type=\"container\" data-e-type=\"container\">\n\t\t\t\t\t<div class=\"e-con-inner\">\n\t\t<div class=\"elementor-element elementor-element-bcc0286 e-con-full e-flex e-con e-child\" data-id=\"bcc0286\" data-element_type=\"container\" data-e-type=\"container\">\n\t\t\t\t<div class=\"elementor-element elementor-element-0fda13d elementor-position-top elementor-widget elementor-widget-image-box\" data-id=\"0fda13d\" data-element_type=\"widget\" data-e-type=\"widget\" data-widget_type=\"image-box.default\">\n\t\t\t\t<div class=\"elementor-widget-container\">\n\t\t\t\t\t<div class=\"elementor-image-box-wrapper\"><figure class=\"elementor-image-box-img\"><a href=\"http:\/\/fiorentinispa.com\/es\/sanita\" tabindex=\"-1\"><img fetchpriority=\"high\" decoding=\"async\" width=\"2560\" height=\"1424\" src=\"https:\/\/fiorentinispa.com\/wp-content\/uploads\/2026\/01\/sanita-X-scaled.webp\" class=\"attachment-full size-full wp-image-9016\" alt=\"\" srcset=\"https:\/\/fiorentinispa.com\/wp-content\/uploads\/2026\/01\/sanita-X-scaled.webp 2560w, https:\/\/fiorentinispa.com\/wp-content\/uploads\/2026\/01\/sanita-X-300x167.webp 300w, https:\/\/fiorentinispa.com\/wp-content\/uploads\/2026\/01\/sanita-X-1024x570.webp 1024w, https:\/\/fiorentinispa.com\/wp-content\/uploads\/2026\/01\/sanita-X-768x427.webp 768w, https:\/\/fiorentinispa.com\/wp-content\/uploads\/2026\/01\/sanita-X-1536x855.webp 1536w, https:\/\/fiorentinispa.com\/wp-content\/uploads\/2026\/01\/sanita-X-2048x1140.webp 2048w, https:\/\/fiorentinispa.com\/wp-content\/uploads\/2026\/01\/sanita-X-600x334.webp 600w\" sizes=\"(max-width: 2560px) 100vw, 2560px\" \/><\/a><\/figure><div class=\"elementor-image-box-content\"><h4 class=\"elementor-image-box-title\"><a href=\"http:\/\/fiorentinispa.com\/es\/sanita\">SANIDAD<\/a><\/h4><p class=\"elementor-image-box-description\">Hospitales, residencias, consultorios, etc.<\/p><\/div><\/div>\t\t\t\t<\/div>\n\t\t\t\t<\/div>\n\t\t\t\t<\/div>\n\t\t<div class=\"elementor-element elementor-element-b7b7600 e-con-full e-flex e-con e-child\" data-id=\"b7b7600\" data-element_type=\"container\" data-e-type=\"container\">\n\t\t\t\t<div class=\"elementor-element elementor-element-5289787 elementor-position-top elementor-widget elementor-widget-image-box\" data-id=\"5289787\" data-element_type=\"widget\" data-e-type=\"widget\" data-widget_type=\"image-box.default\">\n\t\t\t\t<div class=\"elementor-widget-container\">\n\t\t\t\t\t<div class=\"elementor-image-box-wrapper\"><figure class=\"elementor-image-box-img\"><a href=\"http:\/\/fiorentinispa.com\/es\/gdo\" tabindex=\"-1\"><img decoding=\"async\" width=\"2560\" height=\"1424\" src=\"https:\/\/fiorentinispa.com\/wp-content\/uploads\/2026\/01\/Gdo-X-scaled.webp\" class=\"attachment-full size-full wp-image-9012\" alt=\"\" srcset=\"https:\/\/fiorentinispa.com\/wp-content\/uploads\/2026\/01\/Gdo-X-scaled.webp 2560w, https:\/\/fiorentinispa.com\/wp-content\/uploads\/2026\/01\/Gdo-X-300x167.webp 300w, https:\/\/fiorentinispa.com\/wp-content\/uploads\/2026\/01\/Gdo-X-1024x570.webp 1024w, https:\/\/fiorentinispa.com\/wp-content\/uploads\/2026\/01\/Gdo-X-768x427.webp 768w, https:\/\/fiorentinispa.com\/wp-content\/uploads\/2026\/01\/Gdo-X-1536x855.webp 1536w, https:\/\/fiorentinispa.com\/wp-content\/uploads\/2026\/01\/Gdo-X-2048x1140.webp 2048w, https:\/\/fiorentinispa.com\/wp-content\/uploads\/2026\/01\/Gdo-X-600x334.webp 600w\" sizes=\"(max-width: 2560px) 100vw, 2560px\" \/><\/a><\/figure><div class=\"elementor-image-box-content\"><h4 class=\"elementor-image-box-title\"><a href=\"http:\/\/fiorentinispa.com\/es\/gdo\">GRAN DISTRIBUCI\u00d3N<\/a><\/h4><p class=\"elementor-image-box-description\">Centros comerciales, gran distribuci\u00f3n, tiendas y cadenas, etc.<\/p><\/div><\/div>\t\t\t\t<\/div>\n\t\t\t\t<\/div>\n\t\t\t\t<\/div>\n\t\t<div class=\"elementor-element elementor-element-420c989 e-con-full e-flex e-con e-child\" data-id=\"420c989\" data-element_type=\"container\" data-e-type=\"container\">\n\t\t\t\t<div class=\"elementor-element elementor-element-0d8a1db elementor-position-top elementor-widget elementor-widget-image-box\" data-id=\"0d8a1db\" data-element_type=\"widget\" data-e-type=\"widget\" data-widget_type=\"image-box.default\">\n\t\t\t\t<div class=\"elementor-widget-container\">\n\t\t\t\t\t<div class=\"elementor-image-box-wrapper\"><figure class=\"elementor-image-box-img\"><a href=\"http:\/\/fiorentinispa.com\/es\/imprese-di-pulizia\/\" tabindex=\"-1\"><img decoding=\"async\" width=\"2560\" height=\"1424\" src=\"https:\/\/fiorentinispa.com\/wp-content\/uploads\/2026\/01\/Imprese-pulizia-X-scaled.webp\" class=\"attachment-full size-full wp-image-9013\" alt=\"\" srcset=\"https:\/\/fiorentinispa.com\/wp-content\/uploads\/2026\/01\/Imprese-pulizia-X-scaled.webp 2560w, https:\/\/fiorentinispa.com\/wp-content\/uploads\/2026\/01\/Imprese-pulizia-X-300x167.webp 300w, https:\/\/fiorentinispa.com\/wp-content\/uploads\/2026\/01\/Imprese-pulizia-X-1024x570.webp 1024w, https:\/\/fiorentinispa.com\/wp-content\/uploads\/2026\/01\/Imprese-pulizia-X-768x427.webp 768w, https:\/\/fiorentinispa.com\/wp-content\/uploads\/2026\/01\/Imprese-pulizia-X-1536x855.webp 1536w, https:\/\/fiorentinispa.com\/wp-content\/uploads\/2026\/01\/Imprese-pulizia-X-2048x1140.webp 2048w, https:\/\/fiorentinispa.com\/wp-content\/uploads\/2026\/01\/Imprese-pulizia-X-600x334.webp 600w\" sizes=\"(max-width: 2560px) 100vw, 2560px\" \/><\/a><\/figure><div class=\"elementor-image-box-content\"><h4 class=\"elementor-image-box-title\"><a href=\"http:\/\/fiorentinispa.com\/es\/imprese-di-pulizia\/\">EMPRESAS DE LIMPIEZA<\/a><\/h4><p class=\"elementor-image-box-description\">Oficinas, tiendas, empresas, hoteles, instituciones p\u00fablicas, etc.\n<\/p><\/div><\/div>\t\t\t\t<\/div>\n\t\t\t\t<\/div>\n\t\t\t\t<\/div>\n\t\t<div class=\"elementor-element elementor-element-7d7c9f1 e-con-full e-flex e-con e-child\" data-id=\"7d7c9f1\" data-element_type=\"container\" data-e-type=\"container\">\n\t\t\t\t<div class=\"elementor-element elementor-element-4dc22fb elementor-position-top elementor-widget elementor-widget-image-box\" data-id=\"4dc22fb\" data-element_type=\"widget\" data-e-type=\"widget\" data-widget_type=\"image-box.default\">\n\t\t\t\t<div class=\"elementor-widget-container\">\n\t\t\t\t\t<div class=\"elementor-image-box-wrapper\"><figure class=\"elementor-image-box-img\"><a href=\"http:\/\/fiorentinispa.com\/es\/logistico\" tabindex=\"-1\"><img loading=\"lazy\" decoding=\"async\" width=\"2560\" height=\"1424\" src=\"https:\/\/fiorentinispa.com\/wp-content\/uploads\/2026\/01\/Logistico-X-1-scaled.webp\" class=\"attachment-full size-full wp-image-9018\" alt=\"\" srcset=\"https:\/\/fiorentinispa.com\/wp-content\/uploads\/2026\/01\/Logistico-X-1-scaled.webp 2560w, https:\/\/fiorentinispa.com\/wp-content\/uploads\/2026\/01\/Logistico-X-1-300x167.webp 300w, https:\/\/fiorentinispa.com\/wp-content\/uploads\/2026\/01\/Logistico-X-1-1024x570.webp 1024w, https:\/\/fiorentinispa.com\/wp-content\/uploads\/2026\/01\/Logistico-X-1-768x427.webp 768w, https:\/\/fiorentinispa.com\/wp-content\/uploads\/2026\/01\/Logistico-X-1-1536x855.webp 1536w, https:\/\/fiorentinispa.com\/wp-content\/uploads\/2026\/01\/Logistico-X-1-2048x1140.webp 2048w, https:\/\/fiorentinispa.com\/wp-content\/uploads\/2026\/01\/Logistico-X-1-600x334.webp 600w\" sizes=\"(max-width: 2560px) 100vw, 2560px\" \/><\/a><\/figure><div class=\"elementor-image-box-content\"><h4 class=\"elementor-image-box-title\"><a href=\"http:\/\/fiorentinispa.com\/es\/logistico\">LOG\u00cdSTICA<\/a><\/h4><p class=\"elementor-image-box-description\">Almacenes, plataformas log\u00edsticas, \u00e1reas de mercanc\u00edas, etc.\n<\/p><\/div><\/div>\t\t\t\t<\/div>\n\t\t\t\t<\/div>\n\t\t\t\t<\/div>\n\t\t<div class=\"elementor-element elementor-element-4ec20ae e-con-full e-flex e-con e-child\" data-id=\"4ec20ae\" data-element_type=\"container\" data-e-type=\"container\">\n\t\t\t\t<div class=\"elementor-element elementor-element-e838e81 elementor-position-top elementor-widget elementor-widget-image-box\" data-id=\"e838e81\" data-element_type=\"widget\" data-e-type=\"widget\" data-widget_type=\"image-box.default\">\n\t\t\t\t<div class=\"elementor-widget-container\">\n\t\t\t\t\t<div class=\"elementor-image-box-wrapper\"><figure class=\"elementor-image-box-img\"><a href=\"http:\/\/fiorentinispa.com\/es\/trasporti\" tabindex=\"-1\"><img loading=\"lazy\" decoding=\"async\" width=\"2560\" height=\"1424\" src=\"https:\/\/fiorentinispa.com\/wp-content\/uploads\/2026\/01\/Trasporti-X-scaled.webp\" class=\"attachment-full size-full wp-image-9017\" alt=\"\" srcset=\"https:\/\/fiorentinispa.com\/wp-content\/uploads\/2026\/01\/Trasporti-X-scaled.webp 2560w, https:\/\/fiorentinispa.com\/wp-content\/uploads\/2026\/01\/Trasporti-X-300x167.webp 300w, https:\/\/fiorentinispa.com\/wp-content\/uploads\/2026\/01\/Trasporti-X-1024x570.webp 1024w, https:\/\/fiorentinispa.com\/wp-content\/uploads\/2026\/01\/Trasporti-X-768x427.webp 768w, https:\/\/fiorentinispa.com\/wp-content\/uploads\/2026\/01\/Trasporti-X-1536x855.webp 1536w, https:\/\/fiorentinispa.com\/wp-content\/uploads\/2026\/01\/Trasporti-X-2048x1140.webp 2048w, https:\/\/fiorentinispa.com\/wp-content\/uploads\/2026\/01\/Trasporti-X-600x334.webp 600w\" sizes=\"(max-width: 2560px) 100vw, 2560px\" \/><\/a><\/figure><div class=\"elementor-image-box-content\"><h4 class=\"elementor-image-box-title\"><a href=\"http:\/\/fiorentinispa.com\/es\/trasporti\">TRANSPORTES<\/a><\/h4><p class=\"elementor-image-box-description\">Log\u00edstica, estaciones, puertos, aeropuertos, etc.<\/p><\/div><\/div>\t\t\t\t<\/div>\n\t\t\t\t<\/div>\n\t\t\t\t<\/div>\n\t\t<div class=\"elementor-element elementor-element-80464d6 e-con-full e-flex e-con e-child\" data-id=\"80464d6\" data-element_type=\"container\" data-e-type=\"container\">\n\t\t\t\t<div class=\"elementor-element elementor-element-d6517cf elementor-position-top elementor-widget elementor-widget-image-box\" data-id=\"d6517cf\" data-element_type=\"widget\" data-e-type=\"widget\" data-widget_type=\"image-box.default\">\n\t\t\t\t<div class=\"elementor-widget-container\">\n\t\t\t\t\t<div class=\"elementor-image-box-wrapper\"><figure class=\"elementor-image-box-img\"><a href=\"http:\/\/fiorentinispa.com\/es\/industria\" tabindex=\"-1\"><img loading=\"lazy\" decoding=\"async\" width=\"2560\" height=\"1424\" src=\"https:\/\/fiorentinispa.com\/wp-content\/uploads\/2026\/01\/Industria-X-scaled.webp\" class=\"attachment-full size-full wp-image-9014\" alt=\"\" srcset=\"https:\/\/fiorentinispa.com\/wp-content\/uploads\/2026\/01\/Industria-X-scaled.webp 2560w, https:\/\/fiorentinispa.com\/wp-content\/uploads\/2026\/01\/Industria-X-300x167.webp 300w, https:\/\/fiorentinispa.com\/wp-content\/uploads\/2026\/01\/Industria-X-1024x570.webp 1024w, https:\/\/fiorentinispa.com\/wp-content\/uploads\/2026\/01\/Industria-X-768x427.webp 768w, https:\/\/fiorentinispa.com\/wp-content\/uploads\/2026\/01\/Industria-X-1536x855.webp 1536w, https:\/\/fiorentinispa.com\/wp-content\/uploads\/2026\/01\/Industria-X-2048x1140.webp 2048w, https:\/\/fiorentinispa.com\/wp-content\/uploads\/2026\/01\/Industria-X-600x334.webp 600w\" sizes=\"(max-width: 2560px) 100vw, 2560px\" \/><\/a><\/figure><div class=\"elementor-image-box-content\"><h4 class=\"elementor-image-box-title\"><a href=\"http:\/\/fiorentinispa.com\/es\/industria\">INDUSTRIA<\/a><\/h4><p class=\"elementor-image-box-description\">Manufactura, ensamblaje, almacenes, etc.<\/p><\/div><\/div>\t\t\t\t<\/div>\n\t\t\t\t<\/div>\n\t\t\t\t<\/div>\n\t\t\t\t\t<\/div>\n\t\t\t\t<\/div>\n\t\t\t\t<\/div>\n\t\t","protected":false},"excerpt":{"rendered":"<p>Sectores SANIDAD Hospitales, residencias, consultorios, etc. GRAN DISTRIBUCI\u00d3N Centros comerciales, gran distribuci\u00f3n, tiendas y cadenas, etc. EMPRESAS DE LIMPIEZA Oficinas, tiendas, empresas, hoteles, instituciones p\u00fablicas, etc. LOG\u00cdSTICA Almacenes, plataformas log\u00edsticas, \u00e1reas de mercanc\u00edas, etc. TRANSPORTES Log\u00edstica, estaciones, puertos, aeropuertos, etc. INDUSTRIA Manufactura, ensamblaje, almacenes, etc.<\/p>\n","protected":false},"author":1,"featured_media":0,"parent":0,"menu_order":0,"comment_status":"closed","ping_status":"closed","template":"page-full-width.php","meta":{"footnotes":""},"class_list":["post-9073","page","type-page","status-publish","hentry"],"_links":{"self":[{"href":"https:\/\/fiorentinispa.com\/es\/wp-json\/wp\/v2\/pages\/9073","targetHints":{"allow":["GET"]}}],"collection":[{"href":"https:\/\/fiorentinispa.com\/es\/wp-json\/wp\/v2\/pages"}],"about":[{"href":"https:\/\/fiorentinispa.com\/es\/wp-json\/wp\/v2\/types\/page"}],"author":[{"embeddable":true,"href":"https:\/\/fiorentinispa.com\/es\/wp-json\/wp\/v2\/users\/1"}],"replies":[{"embeddable":true,"href":"https:\/\/fiorentinispa.com\/es\/wp-json\/wp\/v2\/comments?post=9073"}],"version-history":[{"count":3,"href":"https:\/\/fiorentinispa.com\/es\/wp-json\/wp\/v2\/pages\/9073\/revisions"}],"predecessor-version":[{"id":10156,"href":"https:\/\/fiorentinispa.com\/es\/wp-json\/wp\/v2\/pages\/9073\/revisions\/10156"}],"wp:attachment":[{"href":"https:\/\/fiorentinispa.com\/es\/wp-json\/wp\/v2\/media?parent=9073"}],"curies":[{"name":"wp","href":"https:\/\/api.w.org\/{rel}","templated":true}]}}