{"id":9087,"date":"2024-07-18T11:22:45","date_gmt":"2024-07-18T11:22:45","guid":{"rendered":"https:\/\/fiorentinispa.com\/ubicaciones-de-las-tiendas\/"},"modified":"2026-04-12T23:15:59","modified_gmt":"2026-04-12T23:15:59","slug":"ubicaciones-de-las-tiendas","status":"publish","type":"page","link":"https:\/\/fiorentinispa.com\/es\/ubicaciones-de-las-tiendas\/","title":{"rendered":"Ubicaciones de las tiendas"},"content":{"rendered":"\t\t<div data-elementor-type=\"wp-page\" data-elementor-id=\"9087\" class=\"elementor elementor-9087 elementor-947\" data-elementor-post-type=\"page\">\n\t\t\t\t<div class=\"elementor-element elementor-element-ac71569 e-con-full e-flex e-con e-parent\" data-id=\"ac71569\" data-element_type=\"container\" data-e-type=\"container\">\n\t\t<div class=\"elementor-element elementor-element-9343a51 e-con-full qodef-elementor-content-grid e-flex e-con e-child\" data-id=\"9343a51\" data-element_type=\"container\" data-e-type=\"container\">\n\t\t\t\t<div class=\"elementor-element elementor-element-121992fc elementor-widget elementor-widget-highrev_core_section_title\" data-id=\"121992fc\" data-element_type=\"widget\" data-e-type=\"widget\" data-widget_type=\"highrev_core_section_title.default\">\n\t\t\t\t<div class=\"elementor-widget-container\">\n\t\t\t\t\t<div class=\"qodef-shortcode qodef-m  qodef-section-title qodef-section-title-287 qodef-alignment--left \">\n\t\t<h6 class=\"qodef-m-subtitle\" > <\/h6>\n\t\t<h2 class=\"qodef-m-title\" >\n\t\t\t\t\tNuestras sedes\t\t\t<\/h2>\n\t<\/div>\n\t\t\t\t<\/div>\n\t\t\t\t<\/div>\n\t\t\t\t<\/div>\n\t\t\t\t<\/div>\n\t\t<div class=\"elementor-element elementor-element-e7387fa e-flex e-con-boxed e-con e-parent\" data-id=\"e7387fa\" data-element_type=\"container\" data-e-type=\"container\">\n\t\t\t\t\t<div class=\"e-con-inner\">\n\t\t\t\t<div class=\"elementor-element elementor-element-2d3fa0b elementor-widget elementor-widget-heading\" data-id=\"2d3fa0b\" data-element_type=\"widget\" data-e-type=\"widget\" data-widget_type=\"heading.default\">\n\t\t\t\t<div class=\"elementor-widget-container\">\n\t\t\t\t\t<h3 class=\"elementor-heading-title elementor-size-default\">Italia<\/h3>\t\t\t\t<\/div>\n\t\t\t\t<\/div>\n\t\t\t\t<div class=\"elementor-element elementor-element-1dfd7cf elementor-widget elementor-widget-text-editor\" data-id=\"1dfd7cf\" data-element_type=\"widget\" data-e-type=\"widget\" data-widget_type=\"text-editor.default\">\n\t\t\t\t<div class=\"elementor-widget-container\">\n\t\t\t\t\t\t\t\t\t<p><span style=\"color: #000000;\">Fiorentini est\u00e1 presente con sedes y socios en Italia y en el extranjero para ofrecer asesoramiento, soluciones de alquiler\/compra y soporte posventa para m\u00e1quinas de limpieza industrial. Seleccione la sede m\u00e1s cercana y p\u00f3ngase en contacto con nosotros. Le remitiremos r\u00e1pidamente al interlocutor adecuado.  <\/span><\/p>\t\t\t\t\t\t\t\t<\/div>\n\t\t\t\t<\/div>\n\t\t\t\t\t<\/div>\n\t\t\t\t<\/div>\n\t\t<div class=\"elementor-element elementor-element-078ab30 e-grid elementor-hidden-mobile e-con-boxed e-con e-parent\" data-id=\"078ab30\" data-element_type=\"container\" data-e-type=\"container\">\n\t\t\t\t\t<div class=\"e-con-inner\">\n\t\t\t\t<div class=\"elementor-element elementor-element-0b7e972 elementor-widget elementor-widget-text-editor\" data-id=\"0b7e972\" data-element_type=\"widget\" data-e-type=\"widget\" data-widget_type=\"text-editor.default\">\n\t\t\t\t<div class=\"elementor-widget-container\">\n\t\t\t\t\t\t\t\t\t<div class=\"col-md-4 margintop-mob-l\"><h4><span class=\"tit3\">PIANCALDOLI<\/span><\/h4><h4>DOMICILIO SOCIAL Y ADMINISTRATIVO \/ PLANTA DE PRODUCCI\u00d3N<\/h4><p><span style=\"color: #000000;\">Via Piancaldoli, 1896<\/span><br><span style=\"color: #000000;\">50033 Firenzuola (FI)<\/span><\/p><p><span style=\"color: #000000;\">Tel.: +39 0558173610<\/span><\/p><\/div>\t\t\t\t\t\t\t\t<\/div>\n\t\t\t\t<\/div>\n\t\t\t\t<div class=\"elementor-element elementor-element-aee769b elementor-widget elementor-widget-text-editor\" data-id=\"aee769b\" data-element_type=\"widget\" data-e-type=\"widget\" data-widget_type=\"text-editor.default\">\n\t\t\t\t<div class=\"elementor-widget-container\">\n\t\t\t\t\t\t\t\t\t<h4><span class=\"tit3\">CASTEL SAN PIETRO<\/span><\/h4><h4>PLANTA DE PRODUCCI\u00d3N<\/h4><p><span style=\"color: #000000;\">Via C\u00e0 Bianca, 23<\/span><br><span style=\"color: #000000;\">40024 Castel S.Pietro (BO)<\/span><\/p><p><span style=\"color: #000000;\">Tel.: +39 051 941743<\/span><\/p>\t\t\t\t\t\t\t\t<\/div>\n\t\t\t\t<\/div>\n\t\t\t\t<div class=\"elementor-element elementor-element-5f4004b elementor-widget elementor-widget-google_maps\" data-id=\"5f4004b\" data-element_type=\"widget\" data-e-type=\"widget\" data-widget_type=\"google_maps.default\">\n\t\t\t\t<div class=\"elementor-widget-container\">\n\t\t\t\t\t\t\t<div class=\"elementor-custom-embed\">\n\t\t\t<iframe loading=\"lazy\"\n\t\t\t\t\tsrc=\"https:\/\/www.google.com\/maps\/embed\/v1\/place?key=AIzaSyCD2aZeW09LL7c6IcvS07f3eLXe2SurP3s&#038;q=Via%20Piancaldoli%2C%201896%2050033%20Firenzuola%20%28FI%29&#038;zoom=10\"\n\t\t\t\t\ttitle=\"Via Piancaldoli, 1896 50033 Firenzuola (FI)\"\n\t\t\t\t\taria-label=\"Via Piancaldoli, 1896 50033 Firenzuola (FI)\"\n\t\t\t><\/iframe>\n\t\t<\/div>\n\t\t\t\t\t\t<\/div>\n\t\t\t\t<\/div>\n\t\t\t\t<div class=\"elementor-element elementor-element-2285d01 elementor-widget elementor-widget-google_maps\" data-id=\"2285d01\" data-element_type=\"widget\" data-e-type=\"widget\" data-widget_type=\"google_maps.default\">\n\t\t\t\t<div class=\"elementor-widget-container\">\n\t\t\t\t\t\t\t<div class=\"elementor-custom-embed\">\n\t\t\t<iframe loading=\"lazy\"\n\t\t\t\t\tsrc=\"https:\/\/www.google.com\/maps\/embed\/v1\/place?key=AIzaSyCD2aZeW09LL7c6IcvS07f3eLXe2SurP3s&#038;q=Via%20C%C3%A0%20Bianca%2C%2023%2040024%20Castel%20S.Pietro%20%28BO%29&#038;zoom=10\"\n\t\t\t\t\ttitle=\"Via C\u00e0 Bianca, 23 40024 Castel S.Pietro (BO)\"\n\t\t\t\t\taria-label=\"Via C\u00e0 Bianca, 23 40024 Castel S.Pietro (BO)\"\n\t\t\t><\/iframe>\n\t\t<\/div>\n\t\t\t\t\t\t<\/div>\n\t\t\t\t<\/div>\n\t\t\t\t\t<\/div>\n\t\t\t\t<\/div>\n\t\t<div class=\"elementor-element elementor-element-c561429 e-grid elementor-hidden-desktop e-con-boxed e-con e-parent\" data-id=\"c561429\" data-element_type=\"container\" data-e-type=\"container\">\n\t\t\t\t\t<div class=\"e-con-inner\">\n\t\t\t\t<div class=\"elementor-element elementor-element-96bc722 elementor-widget elementor-widget-text-editor\" data-id=\"96bc722\" data-element_type=\"widget\" data-e-type=\"widget\" data-widget_type=\"text-editor.default\">\n\t\t\t\t<div class=\"elementor-widget-container\">\n\t\t\t\t\t\t\t\t\t<div class=\"col-md-4 margintop-mob-l\"><h4><span class=\"tit3\">PIANCALDOLI<\/span><\/h4><h4>DOMICILIO SOCIAL Y ADMINISTRATIVO \/ PLANTA DE PRODUCCI\u00d3N<\/h4><p><span style=\"color: #000000;\">Via Piancaldoli, 1896<\/span><br><span style=\"color: #000000;\">50033 Firenzuola (FI)<\/span><\/p><p><span style=\"color: #000000;\">Tel.: +39 0558173610<\/span><\/p><\/div>\t\t\t\t\t\t\t\t<\/div>\n\t\t\t\t<\/div>\n\t\t\t\t<div class=\"elementor-element elementor-element-1f3f15f elementor-widget elementor-widget-google_maps\" data-id=\"1f3f15f\" data-element_type=\"widget\" data-e-type=\"widget\" data-widget_type=\"google_maps.default\">\n\t\t\t\t<div class=\"elementor-widget-container\">\n\t\t\t\t\t\t\t<div class=\"elementor-custom-embed\">\n\t\t\t<iframe loading=\"lazy\"\n\t\t\t\t\tsrc=\"https:\/\/www.google.com\/maps\/embed\/v1\/place?key=AIzaSyCD2aZeW09LL7c6IcvS07f3eLXe2SurP3s&#038;q=Via%20Piancaldoli%2C%201896%2050033%20Firenzuola%20%28FI%29&#038;zoom=10\"\n\t\t\t\t\ttitle=\"Via Piancaldoli, 1896 50033 Firenzuola (FI)\"\n\t\t\t\t\taria-label=\"Via Piancaldoli, 1896 50033 Firenzuola (FI)\"\n\t\t\t><\/iframe>\n\t\t<\/div>\n\t\t\t\t\t\t<\/div>\n\t\t\t\t<\/div>\n\t\t\t\t\t<\/div>\n\t\t\t\t<\/div>\n\t\t<div class=\"elementor-element elementor-element-262ec90 e-grid elementor-hidden-mobile e-con-boxed e-con e-parent\" data-id=\"262ec90\" data-element_type=\"container\" data-e-type=\"container\">\n\t\t\t\t\t<div class=\"e-con-inner\">\n\t\t\t\t<div class=\"elementor-element elementor-element-46bb078 elementor-widget elementor-widget-text-editor\" data-id=\"46bb078\" data-element_type=\"widget\" data-e-type=\"widget\" data-widget_type=\"text-editor.default\">\n\t\t\t\t<div class=\"elementor-widget-container\">\n\t\t\t\t\t\t\t\t\t<h4><span class=\"tit3\">MIL\u00c1N<\/span><\/h4><h4>SUCURSAL COMERCIAL<\/h4><p><span style=\"color: #000000;\">Via Palmanova, 211\/A<\/span><br><span style=\"color: #000000;\">20132 Mil\u00e1n<\/span><\/p><p><span style=\"color: #000000;\">Tel.: +39 0227207783<\/span><\/p>\t\t\t\t\t\t\t\t<\/div>\n\t\t\t\t<\/div>\n\t\t\t\t<div class=\"elementor-element elementor-element-04b48b5 elementor-widget elementor-widget-text-editor\" data-id=\"04b48b5\" data-element_type=\"widget\" data-e-type=\"widget\" data-widget_type=\"text-editor.default\">\n\t\t\t\t<div class=\"elementor-widget-container\">\n\t\t\t\t\t\t\t\t\t<div class=\"col-md-4 margintop-mob-l\"><h4><span class=\"tit3\">ROMA<\/span><\/h4><h4>SUCURSAL COMERCIAL<\/h4><p><span style=\"color: #000000;\">Via Bruno Pontecorvo, 20<\/span><br><span style=\"color: #000000;\">00012 Guidonia Montecelio (RM)<\/span><\/p><p><span style=\"color: #000000;\">Tel.: +39 0774357184<\/span> <\/p><\/div>\t\t\t\t\t\t\t\t<\/div>\n\t\t\t\t<\/div>\n\t\t\t\t<div class=\"elementor-element elementor-element-a501800 elementor-widget elementor-widget-google_maps\" data-id=\"a501800\" data-element_type=\"widget\" data-e-type=\"widget\" data-widget_type=\"google_maps.default\">\n\t\t\t\t<div class=\"elementor-widget-container\">\n\t\t\t\t\t\t\t<div class=\"elementor-custom-embed\">\n\t\t\t<iframe loading=\"lazy\"\n\t\t\t\t\tsrc=\"https:\/\/www.google.com\/maps\/embed\/v1\/place?key=AIzaSyCD2aZeW09LL7c6IcvS07f3eLXe2SurP3s&#038;q=Via%20Palmanova%2C%20211%2FA&#038;zoom=10\"\n\t\t\t\t\ttitle=\"Via Palmanova, 211\/A\"\n\t\t\t\t\taria-label=\"Via Palmanova, 211\/A\"\n\t\t\t><\/iframe>\n\t\t<\/div>\n\t\t\t\t\t\t<\/div>\n\t\t\t\t<\/div>\n\t\t\t\t<div class=\"elementor-element elementor-element-9bea377 elementor-widget elementor-widget-google_maps\" data-id=\"9bea377\" data-element_type=\"widget\" data-e-type=\"widget\" data-widget_type=\"google_maps.default\">\n\t\t\t\t<div class=\"elementor-widget-container\">\n\t\t\t\t\t\t\t<div class=\"elementor-custom-embed\">\n\t\t\t<iframe loading=\"lazy\"\n\t\t\t\t\tsrc=\"https:\/\/www.google.com\/maps\/embed\/v1\/place?key=AIzaSyCD2aZeW09LL7c6IcvS07f3eLXe2SurP3s&#038;q=Via%20Bruno%20Pontecorvo%2C%2020%2000012%20Guidonia%20Montecelio%20%28RM%29&#038;zoom=10\"\n\t\t\t\t\ttitle=\"Via Bruno Pontecorvo, 20 00012 Guidonia Montecelio (RM)\"\n\t\t\t\t\taria-label=\"Via Bruno Pontecorvo, 20 00012 Guidonia Montecelio (RM)\"\n\t\t\t><\/iframe>\n\t\t<\/div>\n\t\t\t\t\t\t<\/div>\n\t\t\t\t<\/div>\n\t\t\t\t\t<\/div>\n\t\t\t\t<\/div>\n\t\t<div class=\"elementor-element elementor-element-d71244a e-grid elementor-hidden-desktop e-con-boxed e-con e-parent\" data-id=\"d71244a\" data-element_type=\"container\" data-e-type=\"container\">\n\t\t\t\t\t<div class=\"e-con-inner\">\n\t\t\t\t<div class=\"elementor-element elementor-element-2e11225 elementor-widget elementor-widget-text-editor\" data-id=\"2e11225\" data-element_type=\"widget\" data-e-type=\"widget\" data-widget_type=\"text-editor.default\">\n\t\t\t\t<div class=\"elementor-widget-container\">\n\t\t\t\t\t\t\t\t\t<h4><span class=\"tit3\">CASTEL SAN PIETRO<\/span><\/h4><h4>PLANTA DE PRODUCCI\u00d3N<\/h4><p><span style=\"color: #000000;\">Via C\u00e0 Bianca, 23<\/span><br><span style=\"color: #000000;\">40024 Castel S.Pietro (BO)<\/span><\/p><p><span style=\"color: #000000;\">Tel.: +39 051 941743<\/span><\/p>\t\t\t\t\t\t\t\t<\/div>\n\t\t\t\t<\/div>\n\t\t\t\t<div class=\"elementor-element elementor-element-1e6ea07 elementor-widget elementor-widget-google_maps\" data-id=\"1e6ea07\" data-element_type=\"widget\" data-e-type=\"widget\" data-widget_type=\"google_maps.default\">\n\t\t\t\t<div class=\"elementor-widget-container\">\n\t\t\t\t\t\t\t<div class=\"elementor-custom-embed\">\n\t\t\t<iframe loading=\"lazy\"\n\t\t\t\t\tsrc=\"https:\/\/www.google.com\/maps\/embed\/v1\/place?key=AIzaSyCD2aZeW09LL7c6IcvS07f3eLXe2SurP3s&#038;q=Via%20C%C3%A0%20Bianca%2C%2023%2040024%20Castel%20S.Pietro%20%28BO%29&#038;zoom=10\"\n\t\t\t\t\ttitle=\"Via C\u00e0 Bianca, 23 40024 Castel S.Pietro (BO)\"\n\t\t\t\t\taria-label=\"Via C\u00e0 Bianca, 23 40024 Castel S.Pietro (BO)\"\n\t\t\t><\/iframe>\n\t\t<\/div>\n\t\t\t\t\t\t<\/div>\n\t\t\t\t<\/div>\n\t\t\t\t<div class=\"elementor-element elementor-element-63ee40a elementor-widget elementor-widget-text-editor\" data-id=\"63ee40a\" data-element_type=\"widget\" data-e-type=\"widget\" data-widget_type=\"text-editor.default\">\n\t\t\t\t<div class=\"elementor-widget-container\">\n\t\t\t\t\t\t\t\t\t<div class=\"col-md-4 margintop-mob-l\"><h4><span class=\"tit3\">ROMA<\/span><\/h4><h4>SUCURSAL COMERCIAL<\/h4><p><span style=\"color: #000000;\">Via Bruno Pontecorvo, 20<\/span><br><span style=\"color: #000000;\">00012 Guidonia Montecelio (RM)<\/span><\/p><p><span style=\"color: #000000;\">Tel.: +39 0774357184<\/span> <\/p><\/div>\t\t\t\t\t\t\t\t<\/div>\n\t\t\t\t<\/div>\n\t\t\t\t<div class=\"elementor-element elementor-element-e6e6690 elementor-widget elementor-widget-google_maps\" data-id=\"e6e6690\" data-element_type=\"widget\" data-e-type=\"widget\" data-widget_type=\"google_maps.default\">\n\t\t\t\t<div class=\"elementor-widget-container\">\n\t\t\t\t\t\t\t<div class=\"elementor-custom-embed\">\n\t\t\t<iframe loading=\"lazy\"\n\t\t\t\t\tsrc=\"https:\/\/www.google.com\/maps\/embed\/v1\/place?key=AIzaSyCD2aZeW09LL7c6IcvS07f3eLXe2SurP3s&#038;q=Via%20Bruno%20Pontecorvo%2C%2020%2000012%20Guidonia%20Montecelio%20%28RM%29&#038;zoom=10\"\n\t\t\t\t\ttitle=\"Via Bruno Pontecorvo, 20 00012 Guidonia Montecelio (RM)\"\n\t\t\t\t\taria-label=\"Via Bruno Pontecorvo, 20 00012 Guidonia Montecelio (RM)\"\n\t\t\t><\/iframe>\n\t\t<\/div>\n\t\t\t\t\t\t<\/div>\n\t\t\t\t<\/div>\n\t\t\t\t\t<\/div>\n\t\t\t\t<\/div>\n\t\t<div class=\"elementor-element elementor-element-bd09ed4 e-grid elementor-hidden-mobile e-con-boxed e-con e-parent\" data-id=\"bd09ed4\" data-element_type=\"container\" data-e-type=\"container\">\n\t\t\t\t\t<div class=\"e-con-inner\">\n\t\t\t\t<div class=\"elementor-element elementor-element-dcdd922 elementor-widget elementor-widget-text-editor\" data-id=\"dcdd922\" data-element_type=\"widget\" data-e-type=\"widget\" data-widget_type=\"text-editor.default\">\n\t\t\t\t<div class=\"elementor-widget-container\">\n\t\t\t\t\t\t\t\t\t<h4><span class=\"tit3\">MESSINA<\/span><\/h4><h4>SUCURSAL COMERCIAL<\/h4><p><span style=\"color: #000000;\">Via Adolfo Celi, 109<br><\/span><span style=\"color: #000000;\">10998125 Messina (ME)<\/span><\/p><p><span style=\"color: #000000;\">Tel.: +39 090 7384384<\/span><\/p>\t\t\t\t\t\t\t\t<\/div>\n\t\t\t\t<\/div>\n\t\t\t\t<div class=\"elementor-element elementor-element-f29bb30 elementor-widget elementor-widget-text-editor\" data-id=\"f29bb30\" data-element_type=\"widget\" data-e-type=\"widget\" data-widget_type=\"text-editor.default\">\n\t\t\t\t<div class=\"elementor-widget-container\">\n\t\t\t\t\t\t\t\t\t<p><span style=\"color: #ffffff;\">&#8211;<\/span><\/p><p> <\/p>\t\t\t\t\t\t\t\t<\/div>\n\t\t\t\t<\/div>\n\t\t\t\t<div class=\"elementor-element elementor-element-71e9da3 elementor-widget elementor-widget-google_maps\" data-id=\"71e9da3\" data-element_type=\"widget\" data-e-type=\"widget\" data-widget_type=\"google_maps.default\">\n\t\t\t\t<div class=\"elementor-widget-container\">\n\t\t\t\t\t\t\t<div class=\"elementor-custom-embed\">\n\t\t\t<iframe loading=\"lazy\"\n\t\t\t\t\tsrc=\"https:\/\/www.google.com\/maps\/embed\/v1\/place?key=AIzaSyCD2aZeW09LL7c6IcvS07f3eLXe2SurP3s&#038;q=via%20adolfo%20celi%20109%20messina&#038;zoom=10\"\n\t\t\t\t\ttitle=\"via adolfo celi 109 messina\"\n\t\t\t\t\taria-label=\"via adolfo celi 109 messina\"\n\t\t\t><\/iframe>\n\t\t<\/div>\n\t\t\t\t\t\t<\/div>\n\t\t\t\t<\/div>\n\t\t\t\t\t<\/div>\n\t\t\t\t<\/div>\n\t\t<div class=\"elementor-element elementor-element-174caa5 e-grid elementor-hidden-desktop e-con-boxed e-con e-parent\" data-id=\"174caa5\" data-element_type=\"container\" data-e-type=\"container\">\n\t\t\t\t\t<div class=\"e-con-inner\">\n\t\t\t\t<div class=\"elementor-element elementor-element-1b86c8a elementor-widget elementor-widget-text-editor\" data-id=\"1b86c8a\" data-element_type=\"widget\" data-e-type=\"widget\" data-widget_type=\"text-editor.default\">\n\t\t\t\t<div class=\"elementor-widget-container\">\n\t\t\t\t\t\t\t\t\t<h4><span class=\"tit3\">MIL\u00c1N<\/span><\/h4><h4>SUCURSAL COMERCIAL<\/h4><p><span style=\"color: #000000;\">Via Palmanova, 211\/A<\/span><br><span style=\"color: #000000;\">20132 Mil\u00e1n<\/span><\/p><p><span style=\"color: #000000;\">Tel.: +39 0227207783<\/span><\/p>\t\t\t\t\t\t\t\t<\/div>\n\t\t\t\t<\/div>\n\t\t\t\t<div class=\"elementor-element elementor-element-49bb29e elementor-widget elementor-widget-google_maps\" data-id=\"49bb29e\" data-element_type=\"widget\" data-e-type=\"widget\" data-widget_type=\"google_maps.default\">\n\t\t\t\t<div class=\"elementor-widget-container\">\n\t\t\t\t\t\t\t<div class=\"elementor-custom-embed\">\n\t\t\t<iframe loading=\"lazy\"\n\t\t\t\t\tsrc=\"https:\/\/www.google.com\/maps\/embed\/v1\/place?key=AIzaSyCD2aZeW09LL7c6IcvS07f3eLXe2SurP3s&#038;q=Via%20Palmanova%2C%20211%2FA&#038;zoom=10\"\n\t\t\t\t\ttitle=\"Via Palmanova, 211\/A\"\n\t\t\t\t\taria-label=\"Via Palmanova, 211\/A\"\n\t\t\t><\/iframe>\n\t\t<\/div>\n\t\t\t\t\t\t<\/div>\n\t\t\t\t<\/div>\n\t\t\t\t<div class=\"elementor-element elementor-element-cd760a9 elementor-widget elementor-widget-text-editor\" data-id=\"cd760a9\" data-element_type=\"widget\" data-e-type=\"widget\" data-widget_type=\"text-editor.default\">\n\t\t\t\t<div class=\"elementor-widget-container\">\n\t\t\t\t\t\t\t\t\t<h4><span class=\"tit3\">MESSINA<\/span><\/h4><h4>SUCURSAL COMERCIAL<\/h4><p><span style=\"color: #000000;\">Via Adolfo Celi, 109<br><\/span><span style=\"color: #000000;\">10998125 Messina (ME)<\/span><\/p><p><span style=\"color: #000000;\">Tel.: +39 090 7384384<\/span><\/p>\t\t\t\t\t\t\t\t<\/div>\n\t\t\t\t<\/div>\n\t\t\t\t<div class=\"elementor-element elementor-element-c4dc4e1 elementor-widget elementor-widget-google_maps\" data-id=\"c4dc4e1\" data-element_type=\"widget\" data-e-type=\"widget\" data-widget_type=\"google_maps.default\">\n\t\t\t\t<div class=\"elementor-widget-container\">\n\t\t\t\t\t\t\t<div class=\"elementor-custom-embed\">\n\t\t\t<iframe loading=\"lazy\"\n\t\t\t\t\tsrc=\"https:\/\/www.google.com\/maps\/embed\/v1\/place?key=AIzaSyCD2aZeW09LL7c6IcvS07f3eLXe2SurP3s&#038;q=via%20adolfo%20celi%20109%20messina&#038;zoom=10\"\n\t\t\t\t\ttitle=\"via adolfo celi 109 messina\"\n\t\t\t\t\taria-label=\"via adolfo celi 109 messina\"\n\t\t\t><\/iframe>\n\t\t<\/div>\n\t\t\t\t\t\t<\/div>\n\t\t\t\t<\/div>\n\t\t\t\t\t<\/div>\n\t\t\t\t<\/div>\n\t\t<div class=\"elementor-element elementor-element-9455b2a e-flex e-con-boxed e-con e-parent\" data-id=\"9455b2a\" data-element_type=\"container\" data-e-type=\"container\">\n\t\t\t\t\t<div class=\"e-con-inner\">\n\t\t\t\t<div class=\"elementor-element elementor-element-d53f3bf elementor-widget elementor-widget-heading\" data-id=\"d53f3bf\" data-element_type=\"widget\" data-e-type=\"widget\" data-widget_type=\"heading.default\">\n\t\t\t\t<div class=\"elementor-widget-container\">\n\t\t\t\t\t<h3 class=\"elementor-heading-title elementor-size-default\">Resto del mundo<\/h3>\t\t\t\t<\/div>\n\t\t\t\t<\/div>\n\t\t\t\t<div class=\"elementor-element elementor-element-e9ed4c8 elementor-widget elementor-widget-text-editor\" data-id=\"e9ed4c8\" data-element_type=\"widget\" data-e-type=\"widget\" data-widget_type=\"text-editor.default\">\n\t\t\t\t<div class=\"elementor-widget-container\">\n\t\t\t\t\t\t\t\t\t<p><span style=\"color: #000000;\">Fiorentini tambi\u00e9n est\u00e1 presente fuera de Italia a trav\u00e9s de empresas dedicadas y estructuras locales, para dar soporte a clientes y socios en los mercados internacionales m\u00e1s estrat\u00e9gicos.<\/span><\/p><p><span style=\"color: #000000;\">Estas delegaciones permiten ofrecer asesoramiento comercial, soporte t\u00e9cnico y continuidad operativa, manteniendo los mismos est\u00e1ndares de calidad que distinguen a la marca Fiorentini en todo el mundo.<\/span><\/p>\t\t\t\t\t\t\t\t<\/div>\n\t\t\t\t<\/div>\n\t\t\t\t\t<\/div>\n\t\t\t\t<\/div>\n\t\t<div class=\"elementor-element elementor-element-a26c4e9 e-grid e-con-boxed e-con e-parent\" data-id=\"a26c4e9\" data-element_type=\"container\" data-e-type=\"container\">\n\t\t\t\t\t<div class=\"e-con-inner\">\n\t\t\t\t<div class=\"elementor-element elementor-element-f7bacf3 elementor-widget elementor-widget-text-editor\" data-id=\"f7bacf3\" data-element_type=\"widget\" data-e-type=\"widget\" data-widget_type=\"text-editor.default\">\n\t\t\t\t<div class=\"elementor-widget-container\">\n\t\t\t\t\t\t\t\t\t<h4><span style=\"color: #000000;\"><b>Delegaci\u00f3n para Oriente Medio<\/b><\/span><\/h4><p><span style=\"color: #000000;\">Fiorentini Gulf Industrial Co. representa el punto de referencia para el mercado de Oriente Medio.<\/span><br><span style=\"color: #000000;\">La sede apoya actividades comerciales y de desarrollo en los sectores industrial e infraestructural, garantizando una presencia directa en una de las zonas de mayor crecimiento.<\/span><\/p><p><span style=\"color: #000000;\">Al Thawn Industrial Area, Al Khobar \u2013 Arabia Saud\u00ed<\/span><br><span style=\"color: #000000;\">Tel.: +966 54 093 7931<\/span><\/p><p><span style=\"color: #000000;\"><a style=\"color: #000000;\" href=\"https:\/\/www.fiorentini-gulf.com\/\">Contacte con la sede: https:\/\/www.fiorentini-gulf.com\/<\/a><\/span><\/p>\t\t\t\t\t\t\t\t<\/div>\n\t\t\t\t<\/div>\n\t\t\t\t<div class=\"elementor-element elementor-element-1955554 elementor-widget elementor-widget-text-editor\" data-id=\"1955554\" data-element_type=\"widget\" data-e-type=\"widget\" data-widget_type=\"text-editor.default\">\n\t\t\t\t<div class=\"elementor-widget-container\">\n\t\t\t\t\t\t\t\t\t<h4><span style=\"color: #000000;\"><b>FIORENTINI Emiratos \u00c1rabes Unidos  <\/b><\/span><\/h4><p><span style=\"color: #000000;\">La sede de Fiorentini en los Emiratos \u00c1rabes Unidos opera como showroom y punto de contacto comercial para la zona de los EAU, ofreciendo soporte a clientes locales e internacionales.<\/span><\/p><p><span style=\"color: #000000;\">Industrial Area 18, Sharjah \u2013 E.A.U.<\/span><br><span style=\"color: #000000;\">Tel. +971 58 938 0583<\/span><\/p><p><span style=\"color: #000000;\"><a style=\"color: #000000;\" href=\"https:\/\/www.fiorentiniuae.com\/\">Contacte con la sede: https:\/\/www.fiorentiniuae.com\/<\/a><\/span><\/p>\t\t\t\t\t\t\t\t<\/div>\n\t\t\t\t<\/div>\n\t\t\t\t<div class=\"elementor-element elementor-element-dad4451 elementor-widget elementor-widget-text-editor\" data-id=\"dad4451\" data-element_type=\"widget\" data-e-type=\"widget\" data-widget_type=\"text-editor.default\">\n\t\t\t\t<div class=\"elementor-widget-container\">\n\t\t\t\t\t\t\t\t\t<h4><strong><span style=\"color: #000000;\">FIORENTINI MARRUECOS<\/span><\/strong><\/h4><p><a href=\"https:\/\/fiorentini.ma\/\">https:\/\/fiorentini.ma\/<\/a><\/p>\t\t\t\t\t\t\t\t<\/div>\n\t\t\t\t<\/div>\n\t\t\t\t\t<\/div>\n\t\t\t\t<\/div>\n\t\t\t\t<\/div>\n\t\t","protected":false},"excerpt":{"rendered":"<p>Nuestras sedes Italia Fiorentini est\u00e1 presente con sedes y socios en Italia y en el extranjero para ofrecer asesoramiento, soluciones de alquiler\/compra y soporte posventa para m\u00e1quinas de limpieza industrial. Seleccione la sede m\u00e1s cercana y p\u00f3ngase en contacto con nosotros. Le remitiremos r\u00e1pidamente al interlocutor adecuado. PIANCALDOLI DOMICILIO SOCIAL Y ADMINISTRATIVO \/ PLANTA DE PRODUCCI\u00d3N Via Piancaldoli, 189650033 Firenzuola (FI) Tel.: +39 0558173610 CASTEL SAN PIETRO PLANTA DE PRODUCCI\u00d3N Via C\u00e0 Bianca, 2340024 Castel S.Pietro (BO) Tel.: +39 051 941743 PIANCALDOLI DOMICILIO SOCIAL Y ADMINISTRATIVO \/ PLANTA DE PRODUCCI\u00d3N Via Piancaldoli, 189650033 Firenzuola (FI) Tel.: +39 0558173610 MIL\u00c1N SUCURSAL COMERCIAL Via Palmanova, 211\/A20132 Mil\u00e1n Tel.: +39 0227207783 ROMA SUCURSAL COMERCIAL Via Bruno Pontecorvo, 2000012 Guidonia Montecelio (RM) Tel.: +39 0774357184 CASTEL SAN PIETRO PLANTA DE PRODUCCI\u00d3N Via C\u00e0 Bianca, 2340024 Castel S.Pietro (BO) Tel.: +39 051 941743 ROMA SUCURSAL COMERCIAL Via Bruno Pontecorvo, 2000012 Guidonia Montecelio (RM) Tel.: +39 0774357184 MESSINA SUCURSAL COMERCIAL Via Adolfo Celi, 10910998125 Messina (ME) Tel.: +39 090 7384384 &#8211; MIL\u00c1N SUCURSAL COMERCIAL Via Palmanova, 211\/A20132 Mil\u00e1n Tel.: +39 0227207783 MESSINA SUCURSAL COMERCIAL Via Adolfo Celi, 10910998125 Messina (ME) Tel.: +39 090 7384384 Resto del mundo Fiorentini tambi\u00e9n est\u00e1 presente fuera de Italia a trav\u00e9s de empresas dedicadas y estructuras locales, para dar soporte a clientes y socios en los mercados internacionales m\u00e1s estrat\u00e9gicos. Estas delegaciones permiten ofrecer asesoramiento comercial, soporte t\u00e9cnico y continuidad operativa, manteniendo los mismos est\u00e1ndares de calidad que distinguen a la marca Fiorentini en todo el mundo. Delegaci\u00f3n para Oriente Medio Fiorentini Gulf Industrial Co. representa el punto de referencia para el mercado de Oriente Medio.La sede apoya actividades comerciales y de desarrollo en los sectores industrial e infraestructural, garantizando una presencia directa en una de las zonas de mayor crecimiento. Al Thawn Industrial Area, Al Khobar \u2013 Arabia Saud\u00edTel.: +966 54 093 7931 Contacte con la sede: https:\/\/www.fiorentini-gulf.com\/ FIORENTINI Emiratos \u00c1rabes Unidos La sede de Fiorentini en los Emiratos \u00c1rabes Unidos opera como showroom y punto de contacto comercial para la zona de los EAU, ofreciendo soporte a clientes locales e internacionales. Industrial Area 18, Sharjah \u2013 E.A.U.Tel. +971 58 938 0583 Contacte con la sede: https:\/\/www.fiorentiniuae.com\/ FIORENTINI MARRUECOS https:\/\/fiorentini.ma\/<\/p>\n","protected":false},"author":1,"featured_media":0,"parent":0,"menu_order":0,"comment_status":"closed","ping_status":"closed","template":"page-full-width.php","meta":{"footnotes":""},"class_list":["post-9087","page","type-page","status-publish","hentry"],"_links":{"self":[{"href":"https:\/\/fiorentinispa.com\/es\/wp-json\/wp\/v2\/pages\/9087","targetHints":{"allow":["GET"]}}],"collection":[{"href":"https:\/\/fiorentinispa.com\/es\/wp-json\/wp\/v2\/pages"}],"about":[{"href":"https:\/\/fiorentinispa.com\/es\/wp-json\/wp\/v2\/types\/page"}],"author":[{"embeddable":true,"href":"https:\/\/fiorentinispa.com\/es\/wp-json\/wp\/v2\/users\/1"}],"replies":[{"embeddable":true,"href":"https:\/\/fiorentinispa.com\/es\/wp-json\/wp\/v2\/comments?post=9087"}],"version-history":[{"count":1,"href":"https:\/\/fiorentinispa.com\/es\/wp-json\/wp\/v2\/pages\/9087\/revisions"}],"predecessor-version":[{"id":9089,"href":"https:\/\/fiorentinispa.com\/es\/wp-json\/wp\/v2\/pages\/9087\/revisions\/9089"}],"wp:attachment":[{"href":"https:\/\/fiorentinispa.com\/es\/wp-json\/wp\/v2\/media?parent=9087"}],"curies":[{"name":"wp","href":"https:\/\/api.w.org\/{rel}","templated":true}]}}