{"id":9404,"date":"2025-12-24T15:27:27","date_gmt":"2025-12-24T15:27:27","guid":{"rendered":"https:\/\/fiorentinispa.com\/mundo-fiorentini\/"},"modified":"2026-04-13T09:37:03","modified_gmt":"2026-04-13T09:37:03","slug":"mundo-fiorentini","status":"publish","type":"page","link":"https:\/\/fiorentinispa.com\/es\/mundo-fiorentini\/","title":{"rendered":"Mundo Fiorentini"},"content":{"rendered":"\t\t<div data-elementor-type=\"wp-page\" data-elementor-id=\"9404\" class=\"elementor elementor-9404 elementor-6832\" data-elementor-post-type=\"page\">\n\t\t\t\t<div class=\"elementor-element elementor-element-94351c7 e-flex e-con-boxed e-con e-parent\" data-id=\"94351c7\" data-element_type=\"container\" data-e-type=\"container\">\n\t\t\t\t\t<div class=\"e-con-inner\">\n\t\t\t\t<div class=\"elementor-element elementor-element-11b8afb elementor-widget elementor-widget-text-editor\" data-id=\"11b8afb\" data-element_type=\"widget\" data-e-type=\"widget\" data-widget_type=\"text-editor.default\">\n\t\t\t\t<div class=\"elementor-widget-container\">\n\t\t\t\t\t\t\t\t\t<h2 class=\"g-mb-30 g-color-primary\" style=\"text-align: center;\">MONDO FIORENTINI<\/h2>\t\t\t\t\t\t\t\t<\/div>\n\t\t\t\t<\/div>\n\t\t\t\t\t<\/div>\n\t\t\t\t<\/div>\n\t\t<div class=\"elementor-element elementor-element-0e9d1f4 e-flex e-con-boxed e-con e-parent\" data-id=\"0e9d1f4\" data-element_type=\"container\" data-e-type=\"container\">\n\t\t\t\t\t<div class=\"e-con-inner\">\n\t\t<div class=\"elementor-element elementor-element-bcc0286 e-con-full e-flex e-con e-child\" data-id=\"bcc0286\" data-element_type=\"container\" data-e-type=\"container\">\n\t\t\t\t<div class=\"elementor-element elementor-element-0fda13d elementor-position-top elementor-widget elementor-widget-image-box\" data-id=\"0fda13d\" data-element_type=\"widget\" data-e-type=\"widget\" data-widget_type=\"image-box.default\">\n\t\t\t\t<div class=\"elementor-widget-container\">\n\t\t\t\t\t<div class=\"elementor-image-box-wrapper\"><figure class=\"elementor-image-box-img\"><a href=\"http:\/\/fiorentinispa.com\/la-nostra-storia\" tabindex=\"-1\"><img fetchpriority=\"high\" decoding=\"async\" width=\"1366\" height=\"767\" src=\"https:\/\/fiorentinispa.com\/wp-content\/uploads\/2026\/03\/Storia-Big-e1773318425462.jpg\" class=\"attachment-full size-full wp-image-9411\" alt=\"\" srcset=\"https:\/\/fiorentinispa.com\/wp-content\/uploads\/2026\/03\/Storia-Big-e1773318425462.jpg 1366w, https:\/\/fiorentinispa.com\/wp-content\/uploads\/2026\/03\/Storia-Big-e1773318425462-300x168.jpg 300w, https:\/\/fiorentinispa.com\/wp-content\/uploads\/2026\/03\/Storia-Big-e1773318425462-1024x575.jpg 1024w, https:\/\/fiorentinispa.com\/wp-content\/uploads\/2026\/03\/Storia-Big-e1773318425462-768x431.jpg 768w, https:\/\/fiorentinispa.com\/wp-content\/uploads\/2026\/03\/Storia-Big-e1773318425462-600x337.jpg 600w\" sizes=\"(max-width: 1366px) 100vw, 1366px\" \/><\/a><\/figure><div class=\"elementor-image-box-content\"><h4 class=\"elementor-image-box-title\"><a href=\"http:\/\/fiorentinispa.com\/la-nostra-storia\">NUESTRA HISTORIA<\/a><\/h4><p class=\"elementor-image-box-description\">Descubra la historia de la empresa<\/p><\/div><\/div>\t\t\t\t<\/div>\n\t\t\t\t<\/div>\n\t\t\t\t<\/div>\n\t\t<div class=\"elementor-element elementor-element-4ec20ae e-con-full e-flex e-con e-child\" data-id=\"4ec20ae\" data-element_type=\"container\" data-e-type=\"container\">\n\t\t\t\t<div class=\"elementor-element elementor-element-e838e81 elementor-position-top elementor-widget elementor-widget-image-box\" data-id=\"e838e81\" data-element_type=\"widget\" data-e-type=\"widget\" data-widget_type=\"image-box.default\">\n\t\t\t\t<div class=\"elementor-widget-container\">\n\t\t\t\t\t<div class=\"elementor-image-box-wrapper\"><figure class=\"elementor-image-box-img\"><a href=\"http:\/\/fiorentinispa.com\/Produzione-Interna\/\" tabindex=\"-1\"><img decoding=\"async\" width=\"1366\" height=\"767\" src=\"https:\/\/fiorentinispa.com\/wp-content\/uploads\/2026\/01\/01-produzione-macchine-pulizia-professionale-fiorentini-1-e1769177819297.webp\" class=\"attachment-full size-full wp-image-9409\" alt=\"\" srcset=\"https:\/\/fiorentinispa.com\/wp-content\/uploads\/2026\/01\/01-produzione-macchine-pulizia-professionale-fiorentini-1-e1769177819297.webp 1366w, https:\/\/fiorentinispa.com\/wp-content\/uploads\/2026\/01\/01-produzione-macchine-pulizia-professionale-fiorentini-1-e1769177819297-300x168.webp 300w, https:\/\/fiorentinispa.com\/wp-content\/uploads\/2026\/01\/01-produzione-macchine-pulizia-professionale-fiorentini-1-e1769177819297-1024x575.webp 1024w, https:\/\/fiorentinispa.com\/wp-content\/uploads\/2026\/01\/01-produzione-macchine-pulizia-professionale-fiorentini-1-e1769177819297-768x431.webp 768w, https:\/\/fiorentinispa.com\/wp-content\/uploads\/2026\/01\/01-produzione-macchine-pulizia-professionale-fiorentini-1-e1769177819297-600x337.webp 600w\" sizes=\"(max-width: 1366px) 100vw, 1366px\" \/><\/a><\/figure><div class=\"elementor-image-box-content\"><h4 class=\"elementor-image-box-title\"><a href=\"http:\/\/fiorentinispa.com\/Produzione-Interna\/\">Producci\u00f3n interna<\/a><\/h4><p class=\"elementor-image-box-description\">Ensamblamos lo que producimos<\/p><\/div><\/div>\t\t\t\t<\/div>\n\t\t\t\t<\/div>\n\t\t\t\t<\/div>\n\t\t<div class=\"elementor-element elementor-element-420c989 e-con-full e-flex e-con e-child\" data-id=\"420c989\" data-element_type=\"container\" data-e-type=\"container\">\n\t\t\t\t<div class=\"elementor-element elementor-element-5289787 elementor-position-top elementor-widget elementor-widget-image-box\" data-id=\"5289787\" data-element_type=\"widget\" data-e-type=\"widget\" data-widget_type=\"image-box.default\">\n\t\t\t\t<div class=\"elementor-widget-container\">\n\t\t\t\t\t<div class=\"elementor-image-box-wrapper\"><figure class=\"elementor-image-box-img\"><a href=\"http:\/\/fiorentinispa.com\/settori\" tabindex=\"-1\"><img decoding=\"async\" width=\"1366\" height=\"768\" src=\"https:\/\/fiorentinispa.com\/wp-content\/uploads\/2025\/02\/3-11.jpg\" class=\"attachment-full size-full wp-image-9413\" alt=\"\" srcset=\"https:\/\/fiorentinispa.com\/wp-content\/uploads\/2025\/02\/3-11.jpg 1366w, https:\/\/fiorentinispa.com\/wp-content\/uploads\/2025\/02\/3-11-300x169.jpg 300w, https:\/\/fiorentinispa.com\/wp-content\/uploads\/2025\/02\/3-11-1024x576.jpg 1024w, https:\/\/fiorentinispa.com\/wp-content\/uploads\/2025\/02\/3-11-768x432.jpg 768w, https:\/\/fiorentinispa.com\/wp-content\/uploads\/2025\/02\/3-11-600x337.jpg 600w\" sizes=\"(max-width: 1366px) 100vw, 1366px\" \/><\/a><\/figure><div class=\"elementor-image-box-content\"><h4 class=\"elementor-image-box-title\"><a href=\"http:\/\/fiorentinispa.com\/settori\">SECTORES<\/a><\/h4><p class=\"elementor-image-box-description\">Operatividad de la empresa<\/p><\/div><\/div>\t\t\t\t<\/div>\n\t\t\t\t<\/div>\n\t\t\t\t<\/div>\n\t\t<div class=\"elementor-element elementor-element-7d7c9f1 e-con-full e-flex e-con e-child\" data-id=\"7d7c9f1\" data-element_type=\"container\" data-e-type=\"container\">\n\t\t\t\t<div class=\"elementor-element elementor-element-4dc22fb elementor-position-top elementor-widget elementor-widget-image-box\" data-id=\"4dc22fb\" data-element_type=\"widget\" data-e-type=\"widget\" data-widget_type=\"image-box.default\">\n\t\t\t\t<div class=\"elementor-widget-container\">\n\t\t\t\t\t<div class=\"elementor-image-box-wrapper\"><figure class=\"elementor-image-box-img\"><a href=\"http:\/\/fiorentinispa.com\/certificazioni\" tabindex=\"-1\"><img loading=\"lazy\" decoding=\"async\" width=\"1366\" height=\"768\" src=\"https:\/\/fiorentinispa.com\/wp-content\/uploads\/2025\/02\/Progetto-senza-titolo-4.jpg\" class=\"attachment-full size-full wp-image-9414\" alt=\"\" srcset=\"https:\/\/fiorentinispa.com\/wp-content\/uploads\/2025\/02\/Progetto-senza-titolo-4.jpg 1366w, https:\/\/fiorentinispa.com\/wp-content\/uploads\/2025\/02\/Progetto-senza-titolo-4-300x169.jpg 300w, https:\/\/fiorentinispa.com\/wp-content\/uploads\/2025\/02\/Progetto-senza-titolo-4-1024x576.jpg 1024w, https:\/\/fiorentinispa.com\/wp-content\/uploads\/2025\/02\/Progetto-senza-titolo-4-768x432.jpg 768w, https:\/\/fiorentinispa.com\/wp-content\/uploads\/2025\/02\/Progetto-senza-titolo-4-600x337.jpg 600w\" sizes=\"(max-width: 1366px) 100vw, 1366px\" \/><\/a><\/figure><div class=\"elementor-image-box-content\"><h4 class=\"elementor-image-box-title\"><a href=\"http:\/\/fiorentinispa.com\/certificazioni\">CERTIFICACIONES<\/a><\/h4><p class=\"elementor-image-box-description\">Las certificaciones obtenidas a lo largo de los a\u00f1os\n<\/p><\/div><\/div>\t\t\t\t<\/div>\n\t\t\t\t<\/div>\n\t\t\t\t<\/div>\n\t\t<div class=\"elementor-element elementor-element-b7b7600 e-con-full e-flex e-con e-child\" data-id=\"b7b7600\" data-element_type=\"container\" data-e-type=\"container\">\n\t\t\t\t<div class=\"elementor-element elementor-element-0d8a1db elementor-position-top elementor-widget elementor-widget-image-box\" data-id=\"0d8a1db\" data-element_type=\"widget\" data-e-type=\"widget\" data-widget_type=\"image-box.default\">\n\t\t\t\t<div class=\"elementor-widget-container\">\n\t\t\t\t\t<div class=\"elementor-image-box-wrapper\"><figure class=\"elementor-image-box-img\"><a href=\"http:\/\/fiorentinispa.com\/ambiente\/\" tabindex=\"-1\"><img loading=\"lazy\" decoding=\"async\" width=\"1366\" height=\"768\" src=\"https:\/\/fiorentinispa.com\/wp-content\/uploads\/2025\/02\/3-1.jpg\" class=\"attachment-full size-full wp-image-9071\" alt=\"\" srcset=\"https:\/\/fiorentinispa.com\/wp-content\/uploads\/2025\/02\/3-1.jpg 1366w, https:\/\/fiorentinispa.com\/wp-content\/uploads\/2025\/02\/3-1-300x169.jpg 300w, https:\/\/fiorentinispa.com\/wp-content\/uploads\/2025\/02\/3-1-1024x576.jpg 1024w, https:\/\/fiorentinispa.com\/wp-content\/uploads\/2025\/02\/3-1-768x432.jpg 768w, https:\/\/fiorentinispa.com\/wp-content\/uploads\/2025\/02\/3-1-600x337.jpg 600w\" sizes=\"(max-width: 1366px) 100vw, 1366px\" \/><\/a><\/figure><div class=\"elementor-image-box-content\"><h4 class=\"elementor-image-box-title\"><a href=\"http:\/\/fiorentinispa.com\/ambiente\/\">MEDIO AMBIENTE<\/a><\/h4><p class=\"elementor-image-box-description\">El compromiso con la protecci\u00f3n de los recursos\n<\/p><\/div><\/div>\t\t\t\t<\/div>\n\t\t\t\t<\/div>\n\t\t\t\t<div class=\"elementor-element elementor-element-d6517cf elementor-position-top elementor-widget elementor-widget-image-box\" data-id=\"d6517cf\" data-element_type=\"widget\" data-e-type=\"widget\" data-widget_type=\"image-box.default\">\n\t\t\t\t<div class=\"elementor-widget-container\">\n\t\t\t\t\t<div class=\"elementor-image-box-wrapper\"><figure class=\"elementor-image-box-img\"><a href=\"http:\/\/fiorentinispa.com\/news\" tabindex=\"-1\"><img loading=\"lazy\" decoding=\"async\" width=\"1400\" height=\"800\" src=\"https:\/\/fiorentinispa.com\/wp-content\/uploads\/2025\/02\/37.jpg\" class=\"attachment-full size-full wp-image-8989\" alt=\"\" srcset=\"https:\/\/fiorentinispa.com\/wp-content\/uploads\/2025\/02\/37.jpg 1400w, https:\/\/fiorentinispa.com\/wp-content\/uploads\/2025\/02\/37-300x171.jpg 300w, https:\/\/fiorentinispa.com\/wp-content\/uploads\/2025\/02\/37-1024x585.jpg 1024w, https:\/\/fiorentinispa.com\/wp-content\/uploads\/2025\/02\/37-768x439.jpg 768w, https:\/\/fiorentinispa.com\/wp-content\/uploads\/2025\/02\/37-1320x754.jpg 1320w, https:\/\/fiorentinispa.com\/wp-content\/uploads\/2025\/02\/37-600x343.jpg 600w\" sizes=\"(max-width: 1400px) 100vw, 1400px\" \/><\/a><\/figure><div class=\"elementor-image-box-content\"><h4 class=\"elementor-image-box-title\"><a href=\"http:\/\/fiorentinispa.com\/news\">NOTICIAS<\/a><\/h4><p class=\"elementor-image-box-description\">Mant\u00e9ngase al d\u00eda de las novedades<\/p><\/div><\/div>\t\t\t\t<\/div>\n\t\t\t\t<\/div>\n\t\t\t\t<\/div>\n\t\t<div class=\"elementor-element elementor-element-80464d6 e-con-full e-flex e-con e-child\" data-id=\"80464d6\" data-element_type=\"container\" data-e-type=\"container\">\n\t\t\t\t<div class=\"elementor-element elementor-element-733c701 elementor-position-top elementor-widget elementor-widget-image-box\" data-id=\"733c701\" data-element_type=\"widget\" data-e-type=\"widget\" data-widget_type=\"image-box.default\">\n\t\t\t\t<div class=\"elementor-widget-container\">\n\t\t\t\t\t<div class=\"elementor-image-box-wrapper\"><figure class=\"elementor-image-box-img\"><a href=\"http:\/\/fiorentinispa.com\/store-locations\" tabindex=\"-1\"><img loading=\"lazy\" decoding=\"async\" width=\"500\" height=\"283\" src=\"https:\/\/fiorentinispa.com\/wp-content\/uploads\/2025\/02\/8d8e03_Schermata_2023_10_17_alle_15_27_48-e1769682505907.png\" class=\"attachment-full size-full wp-image-9030\" alt=\"\" srcset=\"https:\/\/fiorentinispa.com\/wp-content\/uploads\/2025\/02\/8d8e03_Schermata_2023_10_17_alle_15_27_48-e1769682505907.png 500w, https:\/\/fiorentinispa.com\/wp-content\/uploads\/2025\/02\/8d8e03_Schermata_2023_10_17_alle_15_27_48-e1769682505907-300x170.png 300w\" sizes=\"(max-width: 500px) 100vw, 500px\" \/><\/a><\/figure><div class=\"elementor-image-box-content\"><h4 class=\"elementor-image-box-title\"><a href=\"http:\/\/fiorentinispa.com\/store-locations\">NUESTRAS SEDES<\/a><\/h4><p class=\"elementor-image-box-description\">Log\u00edstica, estaciones, puertos, aeropuertos, etc.<\/p><\/div><\/div>\t\t\t\t<\/div>\n\t\t\t\t<\/div>\n\t\t\t\t<\/div>\n\t\t\t\t\t<\/div>\n\t\t\t\t<\/div>\n\t\t\t\t<\/div>\n\t\t","protected":false},"excerpt":{"rendered":"<p>MONDO FIORENTINI NUESTRA HISTORIA Descubra la historia de la empresa Producci\u00f3n interna Ensamblamos lo que producimos SECTORES Operatividad de la empresa CERTIFICACIONES Las certificaciones obtenidas a lo largo de los a\u00f1os MEDIO AMBIENTE El compromiso con la protecci\u00f3n de los recursos NOTICIAS Mant\u00e9ngase al d\u00eda de las novedades NUESTRAS SEDES Log\u00edstica, estaciones, puertos, aeropuertos, etc.<\/p>\n","protected":false},"author":1,"featured_media":0,"parent":0,"menu_order":0,"comment_status":"closed","ping_status":"closed","template":"page-full-width.php","meta":{"footnotes":""},"class_list":["post-9404","page","type-page","status-publish","hentry"],"_links":{"self":[{"href":"https:\/\/fiorentinispa.com\/es\/wp-json\/wp\/v2\/pages\/9404","targetHints":{"allow":["GET"]}}],"collection":[{"href":"https:\/\/fiorentinispa.com\/es\/wp-json\/wp\/v2\/pages"}],"about":[{"href":"https:\/\/fiorentinispa.com\/es\/wp-json\/wp\/v2\/types\/page"}],"author":[{"embeddable":true,"href":"https:\/\/fiorentinispa.com\/es\/wp-json\/wp\/v2\/users\/1"}],"replies":[{"embeddable":true,"href":"https:\/\/fiorentinispa.com\/es\/wp-json\/wp\/v2\/comments?post=9404"}],"version-history":[{"count":2,"href":"https:\/\/fiorentinispa.com\/es\/wp-json\/wp\/v2\/pages\/9404\/revisions"}],"predecessor-version":[{"id":9418,"href":"https:\/\/fiorentinispa.com\/es\/wp-json\/wp\/v2\/pages\/9404\/revisions\/9418"}],"wp:attachment":[{"href":"https:\/\/fiorentinispa.com\/es\/wp-json\/wp\/v2\/media?parent=9404"}],"curies":[{"name":"wp","href":"https:\/\/api.w.org\/{rel}","templated":true}]}}