{"id":9424,"date":"2026-01-03T16:52:54","date_gmt":"2026-01-03T16:52:54","guid":{"rendered":"https:\/\/fiorentinispa.com\/solicite-asistencia\/"},"modified":"2026-04-14T11:00:36","modified_gmt":"2026-04-14T11:00:36","slug":"solicite-asistencia","status":"publish","type":"page","link":"https:\/\/fiorentinispa.com\/es\/solicite-asistencia\/","title":{"rendered":"Solicite asistencia"},"content":{"rendered":"\t\t<div data-elementor-type=\"wp-page\" data-elementor-id=\"9424\" class=\"elementor elementor-9424 elementor-6849\" data-elementor-post-type=\"page\">\n\t\t\t\t<div class=\"elementor-element elementor-element-e7e44a1 e-flex e-con-boxed e-con e-parent\" data-id=\"e7e44a1\" data-element_type=\"container\" data-e-type=\"container\">\n\t\t\t\t\t<div class=\"e-con-inner\">\n\t\t\t\t<div class=\"elementor-element elementor-element-40d016e elementor-widget elementor-widget-heading\" data-id=\"40d016e\" data-element_type=\"widget\" data-e-type=\"widget\" data-widget_type=\"heading.default\">\n\t\t\t\t<div class=\"elementor-widget-container\">\n\t\t\t\t\t<h2 class=\"elementor-heading-title elementor-size-default\">Solicite asistencia t\u00e9cnica<\/h2>\t\t\t\t<\/div>\n\t\t\t\t<\/div>\n\t\t\t\t<div class=\"elementor-element elementor-element-bada1ba elementor-widget elementor-widget-text-editor\" data-id=\"bada1ba\" data-element_type=\"widget\" data-e-type=\"widget\" data-widget_type=\"text-editor.default\">\n\t\t\t\t<div class=\"elementor-widget-container\">\n\t\t\t\t\t\t\t\t\t<h4 style=\"text-align: center;\"><b>Solicite asistencia por parte de t\u00e9cnicos especializados<\/b><\/h4><p style=\"text-align: center;\">En <b>Fiorentini<\/b> sabemos lo fundamental que es mantener sus m\u00e1quinas operativas y eficientes. Nuestro equipo de <b>t\u00e9cnicos especializados<\/b> est\u00e1 a su disposici\u00f3n para apoyarle con <b>intervenciones de asistencia t\u00e9cnica r\u00e1pidas, eficaces y profesionales<\/b>, dise\u00f1adas para reducir al m\u00ednimo los tiempos de inactividad y maximizar la eficiencia de sus equipos. <\/p><h4 style=\"text-align: center;\"><b>Por qu\u00e9 elegir la asistencia t\u00e9cnica de Fiorentini<\/b><\/h4><ul><li style=\"text-align: center;\" aria-level=\"1\"><b>T\u00e9cnicos altamente cualificados<\/b> con experiencia consolidada en los productos Fiorentini<\/li><li style=\"text-align: center;\" aria-level=\"1\"><b>Soporte dedicado<\/b> para diagn\u00f3stico, mantenimiento y reparaciones<\/li><li style=\"text-align: center;\" aria-level=\"1\"><b>Soluciones personalizadas<\/b> basadas en las necesidades espec\u00edficas de la instalaci\u00f3n<\/li><li style=\"text-align: center;\" aria-level=\"1\"><b>Respuesta inmediata<\/b> para reducir los tiempos de inactividad operativos<\/li><\/ul>\t\t\t\t\t\t\t\t<\/div>\n\t\t\t\t<\/div>\n\t\t\t\t\t<\/div>\n\t\t\t\t<\/div>\n\t\t<div class=\"elementor-element elementor-element-0cffcf7 e-flex e-con-boxed e-con e-parent\" data-id=\"0cffcf7\" data-element_type=\"container\" data-e-type=\"container\">\n\t\t\t\t\t<div class=\"e-con-inner\">\n\t\t\t\t<div class=\"elementor-element elementor-element-4800d08 elementor-widget elementor-widget-text-editor\" data-id=\"4800d08\" data-element_type=\"widget\" data-e-type=\"widget\" data-widget_type=\"text-editor.default\">\n\t\t\t\t<div class=\"elementor-widget-container\">\n\t\t\t\t\t\t\t\t\t<h4 style=\"text-align: center;\"><b>C\u00f3mo solicitar la intervenci\u00f3n<\/b><\/h4><p style=\"text-align: center;\">Complete el siguiente formulario con los detalles de su solicitud y nuestro equipo de asistencia se pondr\u00e1 en contacto con usted a la mayor brevedad posible.<\/p>\t\t\t\t\t\t\t\t<\/div>\n\t\t\t\t<\/div>\n\t\t\t\t\t<\/div>\n\t\t\t\t<\/div>\n\t\t<div class=\"elementor-element elementor-element-f95724f e-flex e-con-boxed e-con e-parent\" data-id=\"f95724f\" data-element_type=\"container\" data-e-type=\"container\">\n\t\t\t\t\t<div class=\"e-con-inner\">\n\t\t\t\t<div class=\"elementor-element elementor-element-5be3004 fluentform-widget-submit-button-custom elementor-widget elementor-widget-fluent-form-widget\" data-id=\"5be3004\" data-element_type=\"widget\" data-e-type=\"widget\" data-widget_type=\"fluent-form-widget.default\">\n\t\t\t\t<div class=\"elementor-widget-container\">\n\t\t\t\t\t\n            <div class=\"fluentform-widget-wrapper fluentform-widget-align-default\">\n\n            \n            <div class='fluentform ff-default fluentform_wrapper_21 ffs_default_wrap'><form data-form_id=\"21\" id=\"fluentform_21\" class=\"frm-fluent-form fluent_form_21 ff-el-form-top ff_form_instance_21_1 ff-form-loading ffs_default\" data-form_instance=\"ff_form_instance_21_1\" method=\"POST\" ><fieldset  style=\"border: none!important;margin: 0!important;padding: 0!important;background-color: transparent!important;box-shadow: none!important;outline: none!important; min-inline-size: 100%;\">\n                    <legend class=\"ff_screen_reader_title\" style=\"display: block; margin: 0!important;padding: 0!important;height: 0!important;text-indent: -999999px;width: 0!important;overflow:hidden;\">Richiedi assistenza-ES<\/legend><input type='hidden' name='__fluent_form_embded_post_id' value='9424' \/><input type=\"hidden\" id=\"_fluentform_21_fluentformnonce\" name=\"_fluentform_21_fluentformnonce\" value=\"5a034a2984\" \/><input type=\"hidden\" name=\"_wp_http_referer\" value=\"\/es\/wp-json\/wp\/v2\/pages\/9424\" \/><div data-type=\"name-element\" data-name=\"names\" class=\" ff-field_container ff-name-field-wrapper\" ><div class='ff-t-container'><div class='ff-t-cell '><div class='ff-el-group ff-el-form-top'><div class=\"ff-el-input--label ff-el-is-required asterisk-right\"><label for='ff_21_names_first_name_' id='label_ff_21_names_first_name_' >Nombre<\/label><\/div><div class='ff-el-input--content'><input type=\"text\" name=\"names[first_name]\" id=\"ff_21_names_first_name_\" class=\"ff-el-form-control\" placeholder=\" \" aria-invalid=\"false\" aria-required=true><\/div><\/div><\/div><div class='ff-t-cell '><div class='ff-el-group ff-el-form-top'><div class=\"ff-el-input--label ff-el-is-required asterisk-right\"><label for='ff_21_names_last_name_' id='label_ff_21_names_last_name_' >Apellidos<\/label><\/div><div class='ff-el-input--content'><input type=\"text\" name=\"names[last_name]\" id=\"ff_21_names_last_name_\" class=\"ff-el-form-control\" placeholder=\" \" aria-invalid=\"false\" aria-required=true><\/div><\/div><\/div><\/div><\/div><div class='ff-el-group'><div class=\"ff-el-input--label ff-el-is-required asterisk-right\"><label for='ff_21_email' id='label_ff_21_email' aria-label=\"Email\">Email<\/label><\/div><div class='ff-el-input--content'><input type=\"email\" name=\"email\" id=\"ff_21_email\" class=\"ff-el-form-control\" placeholder=\" \" data-name=\"email\"  aria-invalid=\"false\" aria-required=true><\/div><\/div><div class='ff-el-group'><div class=\"ff-el-input--label ff-el-is-required asterisk-right\"><label for='ff_21_input_text' id='label_ff_21_input_text' aria-label=\"Empresa\">Empresa<\/label><\/div><div class='ff-el-input--content'><input type=\"text\" name=\"input_text\" class=\"ff-el-form-control\" data-name=\"input_text\" id=\"ff_21_input_text\"  aria-invalid=\"false\" aria-required=true><\/div><\/div><div class='ff-el-group'><div class=\"ff-el-input--label ff-el-is-required asterisk-right\"><label for='ff_21_input_text_1' id='label_ff_21_input_text_1' aria-label=\"N\u00famero de tel\u00e9fono\">N\u00famero de tel\u00e9fono<\/label><\/div><div class='ff-el-input--content'><input type=\"text\" name=\"input_text_1\" class=\"ff-el-form-control\" data-name=\"input_text_1\" id=\"ff_21_input_text_1\"  aria-invalid=\"false\" aria-required=true><\/div><\/div><div class='ff-el-group'><div class=\"ff-el-input--label ff-el-is-required asterisk-right\"><label for='ff_21_description' id='label_ff_21_description' aria-label=\"Mensaje\">Mensaje<\/label><\/div><div class='ff-el-input--content'><textarea aria-required=\"true\" aria-labelledby=\"label_ff_21_description\" name=\"description\" id=\"ff_21_description\" class=\"ff-el-form-control\" rows=\"3\" cols=\"2\" data-name=\"description\" ><\/textarea><\/div><\/div><div class='ff-el-group    ff-el-input--content'><div class='ff-el-form-check ff-el-tc'><label aria-label='Declaro haber le\u00eddo la pol\u00edtica de privacidad y doy mi consentimiento para que Fiorentini S.p.A., como responsable del tratamiento, trate mis datos personales con la finalidad de gestionar mi solicitud de asistencia, contactarme con fines comerciales y enviarme comunicaciones de marketing.' class='ff-el-form-check-label ff_tc_label' for=gdpr-agreement_aae8d024fc85db333b7da050a0402e9f><span class='ff_tc_checkbox'><input type=\"checkbox\" name=\"gdpr-agreement\" class=\"ff-el-form-check-input ff_gdpr_field\" data-name=\"gdpr-agreement\" id=\"gdpr-agreement_aae8d024fc85db333b7da050a0402e9f\"  value='on' aria-invalid='false' aria-required=true><\/span> <div class='ff_t_c'>Declaro haber le\u00eddo la pol\u00edtica de privacidad y doy mi consentimiento para que Fiorentini S.p.A., como responsable del tratamiento, trate mis datos personales con la finalidad de gestionar mi solicitud de asistencia, contactarme con fines comerciales y enviarme comunicaciones de marketing.<\/div><\/label><\/div><\/div><div class='ff-el-group ff-text-left ff_submit_btn_wrapper'><button type=\"submit\" class=\"ff-btn ff-btn-submit ff-btn-md ff_btn_style\"  aria-label=\"Enviar\">Enviar<\/button><\/div><\/fieldset><\/form><div id='fluentform_21_errors' class='ff-errors-in-stack ff_form_instance_21_1 ff-form-loading_errors ff_form_instance_21_1_errors'><\/div><\/div>            <script type=\"text\/javascript\">\n                window.fluent_form_ff_form_instance_21_1 = {\"id\":\"21\",\"settings\":{\"layout\":{\"labelPlacement\":\"top\",\"asteriskPlacement\":\"asterisk-right\",\"helpMessagePlacement\":\"with_label\",\"errorMessagePlacement\":\"inline\",\"cssClassName\":\"\"},\"restrictions\":{\"denyEmptySubmission\":{\"enabled\":false}}},\"form_instance\":\"ff_form_instance_21_1\",\"form_id_selector\":\"fluentform_21\",\"rules\":{\"names[first_name]\":{\"required\":{\"value\":true,\"message\":\"Este campo es obligatorio\",\"global_message\":\"Questo campo \\u00e8 obbligatorio\",\"global\":true}},\"names[middle_name]\":{\"required\":{\"value\":false,\"message\":\"Este campo es obligatorio\",\"global_message\":\"Questo campo \\u00e8 obbligatorio\",\"global\":true}},\"names[last_name]\":{\"required\":{\"value\":true,\"message\":\"Este campo es obligatorio\",\"global_message\":\"Questo campo \\u00e8 obbligatorio\",\"global\":true}},\"email\":{\"required\":{\"value\":true,\"message\":\"Este campo es obligatorio\",\"global_message\":\"Questo campo \\u00e8 obbligatorio\",\"global\":true},\"email\":{\"value\":true,\"message\":\"Este campo debe contener un correo electr\\u00f3nico v\\u00e1lido\",\"global_message\":\"Questo campo deve contenere un indirizzo email valido\",\"global\":true}},\"input_text\":{\"required\":{\"value\":true,\"message\":\"Este campo es obligatorio\",\"global_message\":\"Questo campo \\u00e8 obbligatorio\",\"global\":true}},\"input_text_1\":{\"required\":{\"value\":true,\"message\":\"Este campo es obligatorio\",\"global_message\":\"Questo campo \\u00e8 obbligatorio\",\"global\":true}},\"description\":{\"required\":{\"value\":true,\"message\":\"Este campo es obligatorio\",\"global_message\":\"Questo campo \\u00e8 obbligatorio\",\"global\":true}},\"gdpr-agreement\":{\"required\":{\"value\":true,\"message\":\"Este campo es obligatorio\",\"global_message\":\"Questo campo \\u00e8 obbligatorio\",\"global\":true}}},\"debounce_time\":300};\n                            <\/script>\n                        <\/div>\n\n            \t\t\t\t<\/div>\n\t\t\t\t<\/div>\n\t\t\t\t\t<\/div>\n\t\t\t\t<\/div>\n\t\t\t\t<\/div>\n\t\t","protected":false},"excerpt":{"rendered":"<p>Solicite asistencia t\u00e9cnica Solicite asistencia por parte de t\u00e9cnicos especializados En Fiorentini sabemos lo fundamental que es mantener sus m\u00e1quinas operativas y eficientes. Nuestro equipo de t\u00e9cnicos especializados est\u00e1 a su disposici\u00f3n para apoyarle con intervenciones de asistencia t\u00e9cnica r\u00e1pidas, eficaces y profesionales, dise\u00f1adas para reducir al m\u00ednimo los tiempos de inactividad y maximizar la eficiencia de sus equipos. Por qu\u00e9 elegir la asistencia t\u00e9cnica de Fiorentini T\u00e9cnicos altamente cualificados con experiencia consolidada en los productos Fiorentini Soporte dedicado para diagn\u00f3stico, mantenimiento y reparaciones Soluciones personalizadas basadas en las necesidades espec\u00edficas de la instalaci\u00f3n Respuesta inmediata para reducir los tiempos de inactividad operativos C\u00f3mo solicitar la intervenci\u00f3n Complete el siguiente formulario con los detalles de su solicitud y nuestro equipo de asistencia se pondr\u00e1 en contacto con usted a la mayor brevedad posible. Richiedi assistenza-ES NombreApellidosEmailEmpresaN\u00famero de tel\u00e9fonoMensaje Declaro haber le\u00eddo la pol\u00edtica de privacidad y doy mi consentimiento para que Fiorentini S.p.A., como responsable del tratamiento, trate mis datos personales con la finalidad de gestionar mi solicitud de asistencia, contactarme con fines comerciales y enviarme comunicaciones de marketing.Enviar<\/p>\n","protected":false},"author":1,"featured_media":0,"parent":0,"menu_order":0,"comment_status":"closed","ping_status":"closed","template":"","meta":{"footnotes":""},"class_list":["post-9424","page","type-page","status-publish","hentry"],"_links":{"self":[{"href":"https:\/\/fiorentinispa.com\/es\/wp-json\/wp\/v2\/pages\/9424","targetHints":{"allow":["GET"]}}],"collection":[{"href":"https:\/\/fiorentinispa.com\/es\/wp-json\/wp\/v2\/pages"}],"about":[{"href":"https:\/\/fiorentinispa.com\/es\/wp-json\/wp\/v2\/types\/page"}],"author":[{"embeddable":true,"href":"https:\/\/fiorentinispa.com\/es\/wp-json\/wp\/v2\/users\/1"}],"replies":[{"embeddable":true,"href":"https:\/\/fiorentinispa.com\/es\/wp-json\/wp\/v2\/comments?post=9424"}],"version-history":[{"count":6,"href":"https:\/\/fiorentinispa.com\/es\/wp-json\/wp\/v2\/pages\/9424\/revisions"}],"predecessor-version":[{"id":10188,"href":"https:\/\/fiorentinispa.com\/es\/wp-json\/wp\/v2\/pages\/9424\/revisions\/10188"}],"wp:attachment":[{"href":"https:\/\/fiorentinispa.com\/es\/wp-json\/wp\/v2\/media?parent=9424"}],"curies":[{"name":"wp","href":"https:\/\/api.w.org\/{rel}","templated":true}]}}