{"id":9426,"date":"2025-12-24T16:45:27","date_gmt":"2025-12-24T16:45:27","guid":{"rendered":"https:\/\/fiorentinispa.com\/asistencia-tecnica\/"},"modified":"2026-04-16T14:09:09","modified_gmt":"2026-04-16T14:09:09","slug":"asistencia-tecnica","status":"publish","type":"page","link":"https:\/\/fiorentinispa.com\/es\/asistencia-tecnica\/","title":{"rendered":"Asistencia t\u00e9cnica"},"content":{"rendered":"\t\t<div data-elementor-type=\"wp-page\" data-elementor-id=\"9426\" class=\"elementor elementor-9426 elementor-6838\" data-elementor-post-type=\"page\">\n\t\t\t\t<div class=\"elementor-element elementor-element-0b43422 e-con-full e-flex e-con e-parent\" data-id=\"0b43422\" data-element_type=\"container\" data-e-type=\"container\" data-settings=\"{&quot;background_background&quot;:&quot;classic&quot;}\">\n\t\t\t\t<div class=\"elementor-element elementor-element-387bc39 elementor-widget elementor-widget-slider_revolution\" data-id=\"387bc39\" data-element_type=\"widget\" data-e-type=\"widget\" data-widget_type=\"slider_revolution.default\">\n\t\t\t\t<div class=\"elementor-widget-container\">\n\t\t\t\t\t\n\t\t<div class=\"wp-block-themepunch-revslider\">\n\t\t\t\t<p class=\"rs-p-wp-fix\"><\/p>\n\t\t\t\t<sr7-module data-alias=\"assistenza-tecnica-sp\" data-id=\"57\" id=\"SR7_57_1\" class=\"rs-ov-hidden\" data-version=\"6.7.20\">\n\t\t\t\t\t<sr7-adjuster><\/sr7-adjuster>\n\t\t\t\t\t<sr7-content>\n\t\t\t\t\t\t<sr7-slide id=\"SR7_57_1-140\" data-key=\"140\">\n\t\t\t\t\t\t\t<sr7-bg id=\"SR7_57_1-140-6\" class=\"sr7-layer\"><noscript><img decoding=\"async\" src=\"https:\/\/fiorentinispa.com\/wp-content\/uploads\/2026\/01\/Assist-Regolata-1.jpg\" alt=\"\" title=\"Assist-Regolata\"><\/noscript><\/sr7-bg>\n\t\t\t\t\t\t\t<sr7-txt id=\"SR7_57_1-140-2\" class=\"sr7-layer\">Asistencia t\u00e9cnica<\/sr7-txt>\n\t\t\t\t\t\t\t<sr7-txt id=\"SR7_57_1-140-3\" class=\"sr7-layer\"><a class=\"qodef-shortcode qodef-m  qodef-button qodef-layout--filled  qodef-html--link\" href=\"https:\/\/fiorentinispa.com\/es\/richiedi-assistenza\" target=\"_self\" >\n\t<span class=\"qodef-m-text\">Solicita asistencia<\/span>\n<\/a>\n<\/sr7-txt>\n\t\t\t\t\t\t\t<sr7-txt id=\"SR7_57_1-140-5\" class=\"sr7-layer\">Servicio al cliente de Fiorentini<br \/>\nGarantizamos la continuidad de su negocio<br \/>\n<\/sr7-txt>\n\t\t\t\t\t\t<\/sr7-slide>\n\t\t\t\t\t\t<sr7-slide id=\"SR7_57_1-142\" data-key=\"142\">\n\t\t\t\t\t\t<\/sr7-slide>\n\t\t\t\t\t<\/sr7-content>\n\t\t\t\t\t<image_lists style=\"display:none\">\n\t\t\t\t\t\t<img data-src=\"\/\/fiorentinispa.com\/wp-content\/uploads\/2026\/01\/Assist-Regolata-1.jpg\" data-libid=\"7219\" data-lib=\"medialibrary\" title=\"Assist-Regolata\" width=\"0\" height=\"0\" data-dbsrc=\"Ly9maW9yZW50aW5pc3BhLmNvbS93cC1jb250ZW50L3VwbG9hZHMvMjAyNi8wMS9Bc3Npc3QtUmVnb2xhdGEtMS5qcGc=\"\/>\n\t\t\t\t\t<\/image_lists>\n\t\t\t\t<\/sr7-module>\n\t\t\t\t<script>\n\t\t\t\t\tSR7.PMH ??={}; SR7.PMH[\"SR7_57_1\"] = {cn:0,state:false,fn: function() { if (_tpt!==undefined && _tpt.prepareModuleHeight !== undefined) {  _tpt.prepareModuleHeight({id:\"SR7_57_1\",el:[640,640,500,500,580],type:'standard',shdw:'0',gh:[640,640,500,500,580],gw:[1400,1400,1100,960,358],vpt:['100px&#039;,&#039;100px&#039;,&#039;100px&#039;,&#039;100px&#039;,&#039;100px'],size:{fullWidth:true, fullHeight:false},mh:'0',onh:0,onw:0,bg:{color:'{\"orig\":\"transparent\",\"type\":\"solid\",\"string\":\"transparent\"}'}});   SR7.PMH[\"SR7_57_1\"].state=true;} else if((SR7.PMH[\"SR7_57_1\"].cn++)<100)\tsetTimeout( SR7.PMH[\"SR7_57_1\"].fn,19);}};SR7.PMH[\"SR7_57_1\" ].fn();\n\t\t\t\t<\/script>\n<\/div>\n\n\t\t\t\t\t\t<\/div>\n\t\t\t\t<\/div>\n\t\t\t\t<\/div>\n\t\t<div class=\"elementor-element elementor-element-e7bf61e e-grid elementor-hidden-mobile e-con-boxed e-con e-parent\" data-id=\"e7bf61e\" data-element_type=\"container\" data-e-type=\"container\">\n\t\t\t\t\t<div class=\"e-con-inner\">\n\t\t\t\t<div class=\"elementor-element elementor-element-d78e8fe elementor-widget elementor-widget-image\" data-id=\"d78e8fe\" data-element_type=\"widget\" data-e-type=\"widget\" data-widget_type=\"image.default\">\n\t\t\t\t<div class=\"elementor-widget-container\">\n\t\t\t\t\t\t\t\t\t\t\t\t\t\t\t<img fetchpriority=\"high\" decoding=\"async\" width=\"768\" height=\"512\" src=\"https:\/\/fiorentinispa.com\/wp-content\/uploads\/2026\/01\/Assist-3-768x512.jpeg\" class=\"attachment-medium_large size-medium_large wp-image-9429\" alt=\"\" srcset=\"https:\/\/fiorentinispa.com\/wp-content\/uploads\/2026\/01\/Assist-3-768x512.jpeg 768w, https:\/\/fiorentinispa.com\/wp-content\/uploads\/2026\/01\/Assist-3-300x200.jpeg 300w, https:\/\/fiorentinispa.com\/wp-content\/uploads\/2026\/01\/Assist-3-1024x683.jpeg 1024w, https:\/\/fiorentinispa.com\/wp-content\/uploads\/2026\/01\/Assist-3-600x400.jpeg 600w, https:\/\/fiorentinispa.com\/wp-content\/uploads\/2026\/01\/Assist-3.jpeg 1500w\" sizes=\"(max-width: 768px) 100vw, 768px\" \/>\t\t\t\t\t\t\t\t\t\t\t\t\t\t\t<\/div>\n\t\t\t\t<\/div>\n\t\t\t\t<div class=\"elementor-element elementor-element-6a73a25 elementor-widget elementor-widget-text-editor\" data-id=\"6a73a25\" data-element_type=\"widget\" data-e-type=\"widget\" data-widget_type=\"text-editor.default\">\n\t\t\t\t<div class=\"elementor-widget-container\">\n\t\t\t\t\t\t\t\t\t<h3><span style=\"color: #00ccff;\"><b>Asistencia t\u00e9cnica y mantenimiento de maquinaria de limpieza industrial<\/b><\/span><\/h3><p>Fiorentini ofrece un servicio de asistencia t\u00e9cnica dise\u00f1ado para garantizar una <b>operatividad continua<\/b>, reducir los <b>tiempos de inactividad<\/b> y mantener un alto rendimiento a lo largo del tiempo. <\/p><p>El soporte es gestionado por <b>t\u00e9cnicos internos<\/b>, formados en la gama completa de maquinaria de limpieza industrial y profesional.<\/p><p> <\/p>\t\t\t\t\t\t\t\t<\/div>\n\t\t\t\t<\/div>\n\t\t\t\t\t<\/div>\n\t\t\t\t<\/div>\n\t\t<div class=\"elementor-element elementor-element-a1d0dc1 e-grid elementor-hidden-desktop e-con-boxed e-con e-parent\" data-id=\"a1d0dc1\" data-element_type=\"container\" data-e-type=\"container\">\n\t\t\t\t\t<div class=\"e-con-inner\">\n\t\t\t\t<div class=\"elementor-element elementor-element-2ef0f85 elementor-widget elementor-widget-text-editor\" data-id=\"2ef0f85\" data-element_type=\"widget\" data-e-type=\"widget\" data-widget_type=\"text-editor.default\">\n\t\t\t\t<div class=\"elementor-widget-container\">\n\t\t\t\t\t\t\t\t\t<h3><span style=\"color: #00ccff;\"><b>Asistencia t\u00e9cnica y mantenimiento de maquinaria de limpieza industrial<\/b><\/span><\/h3><p>Fiorentini ofrece un servicio de asistencia t\u00e9cnica dise\u00f1ado para garantizar una <b>operatividad continua<\/b>, reducir los <b>tiempos de inactividad<\/b> y mantener un alto rendimiento a lo largo del tiempo. <\/p><p>El soporte es gestionado por <b>t\u00e9cnicos internos<\/b>, formados en la gama completa de maquinaria de limpieza industrial y profesional.<\/p><p> <\/p>\t\t\t\t\t\t\t\t<\/div>\n\t\t\t\t<\/div>\n\t\t\t\t<div class=\"elementor-element elementor-element-e39f9de elementor-widget elementor-widget-image\" data-id=\"e39f9de\" data-element_type=\"widget\" data-e-type=\"widget\" data-widget_type=\"image.default\">\n\t\t\t\t<div class=\"elementor-widget-container\">\n\t\t\t\t\t\t\t\t\t\t\t\t\t\t\t<img fetchpriority=\"high\" decoding=\"async\" width=\"768\" height=\"512\" src=\"https:\/\/fiorentinispa.com\/wp-content\/uploads\/2026\/01\/Assist-3-768x512.jpeg\" class=\"attachment-medium_large size-medium_large wp-image-9429\" alt=\"\" srcset=\"https:\/\/fiorentinispa.com\/wp-content\/uploads\/2026\/01\/Assist-3-768x512.jpeg 768w, https:\/\/fiorentinispa.com\/wp-content\/uploads\/2026\/01\/Assist-3-300x200.jpeg 300w, https:\/\/fiorentinispa.com\/wp-content\/uploads\/2026\/01\/Assist-3-1024x683.jpeg 1024w, https:\/\/fiorentinispa.com\/wp-content\/uploads\/2026\/01\/Assist-3-600x400.jpeg 600w, https:\/\/fiorentinispa.com\/wp-content\/uploads\/2026\/01\/Assist-3.jpeg 1500w\" sizes=\"(max-width: 768px) 100vw, 768px\" \/>\t\t\t\t\t\t\t\t\t\t\t\t\t\t\t<\/div>\n\t\t\t\t<\/div>\n\t\t\t\t\t<\/div>\n\t\t\t\t<\/div>\n\t\t<div class=\"elementor-element elementor-element-686534c e-grid e-con-boxed e-con e-parent\" data-id=\"686534c\" data-element_type=\"container\" data-e-type=\"container\">\n\t\t\t\t\t<div class=\"e-con-inner\">\n\t\t\t\t<div class=\"elementor-element elementor-element-d6d73e7 elementor-widget elementor-widget-text-editor\" data-id=\"d6d73e7\" data-element_type=\"widget\" data-e-type=\"widget\" data-widget_type=\"text-editor.default\">\n\t\t\t\t<div class=\"elementor-widget-container\">\n\t\t\t\t\t\t\t\t\t<h3><span style=\"color: #00ccff;\"><b>Mantenimiento y reparaci\u00f3n: por qu\u00e9 elegir Fiorentini<\/b><\/span><\/h3><p>El mantenimiento de la maquinaria de limpieza industrial es esencial para prevenir aver\u00edas y proteger la inversi\u00f3n. Fiorentini estructura intervenciones de mantenimiento programado y reparaci\u00f3n para mantener un rendimiento constante, reducir imprevistos y mejorar la eficiencia operativa. <\/p><p> <\/p>\t\t\t\t\t\t\t\t<\/div>\n\t\t\t\t<\/div>\n\t\t\t\t<div class=\"elementor-element elementor-element-9641958 elementor-widget elementor-widget-image\" data-id=\"9641958\" data-element_type=\"widget\" data-e-type=\"widget\" data-widget_type=\"image.default\">\n\t\t\t\t<div class=\"elementor-widget-container\">\n\t\t\t\t\t\t\t\t\t\t\t\t\t\t\t<img decoding=\"async\" width=\"1024\" height=\"682\" src=\"https:\/\/fiorentinispa.com\/wp-content\/uploads\/2026\/01\/Assist-1-1024x682.jpeg\" class=\"attachment-large size-large wp-image-9427\" alt=\"\" srcset=\"https:\/\/fiorentinispa.com\/wp-content\/uploads\/2026\/01\/Assist-1-1024x682.jpeg 1024w, https:\/\/fiorentinispa.com\/wp-content\/uploads\/2026\/01\/Assist-1-300x200.jpeg 300w, https:\/\/fiorentinispa.com\/wp-content\/uploads\/2026\/01\/Assist-1-768x512.jpeg 768w, https:\/\/fiorentinispa.com\/wp-content\/uploads\/2026\/01\/Assist-1-600x400.jpeg 600w, https:\/\/fiorentinispa.com\/wp-content\/uploads\/2026\/01\/Assist-1.jpeg 1412w\" sizes=\"(max-width: 1024px) 100vw, 1024px\" \/>\t\t\t\t\t\t\t\t\t\t\t\t\t\t\t<\/div>\n\t\t\t\t<\/div>\n\t\t\t\t\t<\/div>\n\t\t\t\t<\/div>\n\t\t<div class=\"elementor-element elementor-element-2dc71e8 e-grid elementor-hidden-mobile e-con-boxed e-con e-parent\" data-id=\"2dc71e8\" data-element_type=\"container\" data-e-type=\"container\" data-settings=\"{&quot;background_background&quot;:&quot;classic&quot;}\">\n\t\t\t\t\t<div class=\"e-con-inner\">\n\t\t\t\t<div class=\"elementor-element elementor-element-8a4344a elementor-widget elementor-widget-image\" data-id=\"8a4344a\" data-element_type=\"widget\" data-e-type=\"widget\" data-widget_type=\"image.default\">\n\t\t\t\t<div class=\"elementor-widget-container\">\n\t\t\t\t\t\t\t\t\t\t\t\t\t\t\t<img loading=\"lazy\" decoding=\"async\" width=\"1024\" height=\"683\" src=\"https:\/\/fiorentinispa.com\/wp-content\/uploads\/2026\/01\/Assist-5-1024x683.jpeg\" class=\"attachment-large size-large wp-image-9431\" alt=\"\" srcset=\"https:\/\/fiorentinispa.com\/wp-content\/uploads\/2026\/01\/Assist-5-1024x683.jpeg 1024w, https:\/\/fiorentinispa.com\/wp-content\/uploads\/2026\/01\/Assist-5-300x200.jpeg 300w, https:\/\/fiorentinispa.com\/wp-content\/uploads\/2026\/01\/Assist-5-768x512.jpeg 768w, https:\/\/fiorentinispa.com\/wp-content\/uploads\/2026\/01\/Assist-5-600x400.jpeg 600w, https:\/\/fiorentinispa.com\/wp-content\/uploads\/2026\/01\/Assist-5.jpeg 1500w\" sizes=\"(max-width: 1024px) 100vw, 1024px\" \/>\t\t\t\t\t\t\t\t\t\t\t\t\t\t\t<\/div>\n\t\t\t\t<\/div>\n\t\t\t\t<div class=\"elementor-element elementor-element-2818a82 elementor-widget elementor-widget-text-editor\" data-id=\"2818a82\" data-element_type=\"widget\" data-e-type=\"widget\" data-widget_type=\"text-editor.default\">\n\t\t\t\t<div class=\"elementor-widget-container\">\n\t\t\t\t\t\t\t\t\t<h3><span style=\"color: #ffffff;\"><b>T\u00e9cnicos internos. Asistencia directa. <\/b><\/span><\/h3>\n<span style=\"color: #ffffff;\">La asistencia t\u00e9cnica de Fiorentini es gestionada por un equipo interno que conoce en profundidad cada modelo. Esto permite diagn\u00f3sticos r\u00e1pidos, intervenciones espec\u00edficas y est\u00e1ndares de servicio uniformes, con un control completo de la calidad en cada fase de la intervenci\u00f3n. <\/span>\n\n<br><br><a class=\"qodef-shortcode qodef-m qodef-button qodef-layout--filled qodef-html--link\" href=\"https:\/\/fiorentinispa.com\/es\/solicite-asistencia\/\" target=\"_self\">\n<span class=\"qodef-m-text\">Solicite asistencia<\/span>\n<\/a>\t\t\t\t\t\t\t\t<\/div>\n\t\t\t\t<\/div>\n\t\t\t\t\t<\/div>\n\t\t\t\t<\/div>\n\t\t<div class=\"elementor-element elementor-element-d434d9e e-grid elementor-hidden-desktop e-con-boxed e-con e-parent\" data-id=\"d434d9e\" data-element_type=\"container\" data-e-type=\"container\" data-settings=\"{&quot;background_background&quot;:&quot;classic&quot;}\">\n\t\t\t\t\t<div class=\"e-con-inner\">\n\t\t\t\t<div class=\"elementor-element elementor-element-3529f7e elementor-widget elementor-widget-text-editor\" data-id=\"3529f7e\" data-element_type=\"widget\" data-e-type=\"widget\" data-widget_type=\"text-editor.default\">\n\t\t\t\t<div class=\"elementor-widget-container\">\n\t\t\t\t\t\t\t\t\t<h3><span style=\"color: #ffffff;\"><b>T\u00e9cnicos internos. Asistencia directa. <\/b><\/span><\/h3>\n<span style=\"color: #ffffff;\">La asistencia t\u00e9cnica de Fiorentini es gestionada por un equipo interno que conoce en profundidad cada modelo. Esto permite diagn\u00f3sticos r\u00e1pidos, intervenciones espec\u00edficas y est\u00e1ndares de servicio uniformes, con un control completo de la calidad en cada fase de la intervenci\u00f3n. <\/span>\n\n<br><br><a class=\"qodef-shortcode qodef-m qodef-button qodef-layout--filled qodef-html--link\" href=\"https:\/\/fiorentinispa.com\/es\/solicite-asistencia\/\" target=\"_self\">\n<span class=\"qodef-m-text\">Solicite asistencia<\/span>\n<\/a>\t\t\t\t\t\t\t\t<\/div>\n\t\t\t\t<\/div>\n\t\t\t\t<div class=\"elementor-element elementor-element-ff65b2d elementor-widget elementor-widget-image\" data-id=\"ff65b2d\" data-element_type=\"widget\" data-e-type=\"widget\" data-widget_type=\"image.default\">\n\t\t\t\t<div class=\"elementor-widget-container\">\n\t\t\t\t\t\t\t\t\t\t\t\t\t\t\t<img loading=\"lazy\" decoding=\"async\" width=\"1024\" height=\"683\" src=\"https:\/\/fiorentinispa.com\/wp-content\/uploads\/2026\/01\/Assist-5-1024x683.jpeg\" class=\"attachment-large size-large wp-image-9431\" alt=\"\" srcset=\"https:\/\/fiorentinispa.com\/wp-content\/uploads\/2026\/01\/Assist-5-1024x683.jpeg 1024w, https:\/\/fiorentinispa.com\/wp-content\/uploads\/2026\/01\/Assist-5-300x200.jpeg 300w, https:\/\/fiorentinispa.com\/wp-content\/uploads\/2026\/01\/Assist-5-768x512.jpeg 768w, https:\/\/fiorentinispa.com\/wp-content\/uploads\/2026\/01\/Assist-5-600x400.jpeg 600w, https:\/\/fiorentinispa.com\/wp-content\/uploads\/2026\/01\/Assist-5.jpeg 1500w\" sizes=\"(max-width: 1024px) 100vw, 1024px\" \/>\t\t\t\t\t\t\t\t\t\t\t\t\t\t\t<\/div>\n\t\t\t\t<\/div>\n\t\t\t\t\t<\/div>\n\t\t\t\t<\/div>\n\t\t<div class=\"elementor-element elementor-element-58284e8 e-grid e-con-boxed e-con e-parent\" data-id=\"58284e8\" data-element_type=\"container\" data-e-type=\"container\">\n\t\t\t\t\t<div class=\"e-con-inner\">\n\t\t\t\t<div class=\"elementor-element elementor-element-9121b92 elementor-widget elementor-widget-text-editor\" data-id=\"9121b92\" data-element_type=\"widget\" data-e-type=\"widget\" data-widget_type=\"text-editor.default\">\n\t\t\t\t<div class=\"elementor-widget-container\">\n\t\t\t\t\t\t\t\t\t<h3><span style=\"color: #00ccff;\"><b>Nuestro compromiso: m\u00e1xima continuidad operativa para su empresa<\/b><\/span><\/h3><p>El mantenimiento de Fiorentini no es un simple servicio posventa: es una <b>soluci\u00f3n industrial<\/b> dise\u00f1ada para mantener su operatividad sin interrupciones y para poner en valor su inversi\u00f3n a lo largo del tiempo.<\/p><p> <\/p>\t\t\t\t\t\t\t\t<\/div>\n\t\t\t\t<\/div>\n\t\t\t\t<div class=\"elementor-element elementor-element-918ce90 elementor-widget elementor-widget-image\" data-id=\"918ce90\" data-element_type=\"widget\" data-e-type=\"widget\" data-widget_type=\"image.default\">\n\t\t\t\t<div class=\"elementor-widget-container\">\n\t\t\t\t\t\t\t\t\t\t\t\t\t\t\t<img loading=\"lazy\" decoding=\"async\" width=\"1024\" height=\"683\" src=\"https:\/\/fiorentinispa.com\/wp-content\/uploads\/2026\/01\/Assist-2-1024x683.jpeg\" class=\"attachment-large size-large wp-image-9428\" alt=\"\" srcset=\"https:\/\/fiorentinispa.com\/wp-content\/uploads\/2026\/01\/Assist-2-1024x683.jpeg 1024w, https:\/\/fiorentinispa.com\/wp-content\/uploads\/2026\/01\/Assist-2-300x200.jpeg 300w, https:\/\/fiorentinispa.com\/wp-content\/uploads\/2026\/01\/Assist-2-768x512.jpeg 768w, https:\/\/fiorentinispa.com\/wp-content\/uploads\/2026\/01\/Assist-2-600x400.jpeg 600w, https:\/\/fiorentinispa.com\/wp-content\/uploads\/2026\/01\/Assist-2.jpeg 1500w\" sizes=\"(max-width: 1024px) 100vw, 1024px\" \/>\t\t\t\t\t\t\t\t\t\t\t\t\t\t\t<\/div>\n\t\t\t\t<\/div>\n\t\t\t\t\t<\/div>\n\t\t\t\t<\/div>\n\t\t\t\t<\/div>\n\t\t","protected":false},"excerpt":{"rendered":"<p>Asistencia t\u00e9cnica y mantenimiento de maquinaria de limpieza industrial Fiorentini ofrece un servicio de asistencia t\u00e9cnica dise\u00f1ado para garantizar una operatividad continua, reducir los tiempos de inactividad y mantener un alto rendimiento a lo largo del tiempo. El soporte es gestionado por t\u00e9cnicos internos, formados en la gama completa de maquinaria de limpieza industrial y profesional. Asistencia t\u00e9cnica y mantenimiento de maquinaria de limpieza industrial Fiorentini ofrece un servicio de asistencia t\u00e9cnica dise\u00f1ado para garantizar una operatividad continua, reducir los tiempos de inactividad y mantener un alto rendimiento a lo largo del tiempo. El soporte es gestionado por t\u00e9cnicos internos, formados en la gama completa de maquinaria de limpieza industrial y profesional. Mantenimiento y reparaci\u00f3n: por qu\u00e9 elegir Fiorentini El mantenimiento de la maquinaria de limpieza industrial es esencial para prevenir aver\u00edas y proteger la inversi\u00f3n. Fiorentini estructura intervenciones de mantenimiento programado y reparaci\u00f3n para mantener un rendimiento constante, reducir imprevistos y mejorar la eficiencia operativa. T\u00e9cnicos internos. Asistencia directa. La asistencia t\u00e9cnica de Fiorentini es gestionada por un equipo interno que conoce en profundidad cada modelo. Esto permite diagn\u00f3sticos r\u00e1pidos, intervenciones espec\u00edficas y est\u00e1ndares de servicio uniformes, con un control completo de la calidad en cada fase de la intervenci\u00f3n. Solicite asistencia T\u00e9cnicos internos. Asistencia directa. La asistencia t\u00e9cnica de Fiorentini es gestionada por un equipo interno que conoce en profundidad cada modelo. Esto permite diagn\u00f3sticos r\u00e1pidos, intervenciones espec\u00edficas y est\u00e1ndares de servicio uniformes, con un control completo de la calidad en cada fase de la intervenci\u00f3n. Solicite asistencia Nuestro compromiso: m\u00e1xima continuidad operativa para su empresa El mantenimiento de Fiorentini no es un simple servicio posventa: es una soluci\u00f3n industrial dise\u00f1ada para mantener su operatividad sin interrupciones y para poner en valor su inversi\u00f3n a lo largo del tiempo.<\/p>\n","protected":false},"author":1,"featured_media":0,"parent":0,"menu_order":0,"comment_status":"closed","ping_status":"closed","template":"","meta":{"footnotes":""},"class_list":["post-9426","page","type-page","status-publish","hentry"],"_links":{"self":[{"href":"https:\/\/fiorentinispa.com\/es\/wp-json\/wp\/v2\/pages\/9426","targetHints":{"allow":["GET"]}}],"collection":[{"href":"https:\/\/fiorentinispa.com\/es\/wp-json\/wp\/v2\/pages"}],"about":[{"href":"https:\/\/fiorentinispa.com\/es\/wp-json\/wp\/v2\/types\/page"}],"author":[{"embeddable":true,"href":"https:\/\/fiorentinispa.com\/es\/wp-json\/wp\/v2\/users\/1"}],"replies":[{"embeddable":true,"href":"https:\/\/fiorentinispa.com\/es\/wp-json\/wp\/v2\/comments?post=9426"}],"version-history":[{"count":4,"href":"https:\/\/fiorentinispa.com\/es\/wp-json\/wp\/v2\/pages\/9426\/revisions"}],"predecessor-version":[{"id":10273,"href":"https:\/\/fiorentinispa.com\/es\/wp-json\/wp\/v2\/pages\/9426\/revisions\/10273"}],"wp:attachment":[{"href":"https:\/\/fiorentinispa.com\/es\/wp-json\/wp\/v2\/media?parent=9426"}],"curies":[{"name":"wp","href":"https:\/\/api.w.org\/{rel}","templated":true}]}}