{"id":9437,"date":"2025-02-19T09:22:38","date_gmt":"2025-02-19T09:22:38","guid":{"rendered":"https:\/\/fiorentinispa.com\/asesoramiento\/"},"modified":"2026-04-16T14:01:24","modified_gmt":"2026-04-16T14:01:24","slug":"asesoramiento","status":"publish","type":"page","link":"https:\/\/fiorentinispa.com\/es\/asesoramiento\/","title":{"rendered":"Asesoramiento"},"content":{"rendered":"\t\t<div data-elementor-type=\"wp-page\" data-elementor-id=\"9437\" class=\"elementor elementor-9437 elementor-5785\" data-elementor-post-type=\"page\">\n\t\t\t\t<div class=\"elementor-element elementor-element-0c998b4 e-con-full e-flex e-con e-parent\" data-id=\"0c998b4\" data-element_type=\"container\" data-e-type=\"container\" data-settings=\"{&quot;background_background&quot;:&quot;classic&quot;}\">\n\t\t\t\t<div class=\"elementor-element elementor-element-13dcaac elementor-widget elementor-widget-slider_revolution\" data-id=\"13dcaac\" data-element_type=\"widget\" data-e-type=\"widget\" data-widget_type=\"slider_revolution.default\">\n\t\t\t\t<div class=\"elementor-widget-container\">\n\t\t\t\t\t\n\t\t<div class=\"wp-block-themepunch-revslider\">\n\t\t\t\t<p class=\"rs-p-wp-fix\"><\/p>\n\t\t\t\t<sr7-module data-alias=\"consulenza-es\" data-id=\"50\" id=\"SR7_50_1\" class=\"rs-ov-hidden\" data-version=\"6.7.20\">\n\t\t\t\t\t<sr7-adjuster><\/sr7-adjuster>\n\t\t\t\t\t<sr7-content>\n\t\t\t\t\t\t<sr7-slide id=\"SR7_50_1-127\" data-key=\"127\">\n\t\t\t\t\t\t\t<sr7-bg id=\"SR7_50_1-127-6\" class=\"sr7-layer\"><noscript><img decoding=\"async\" src=\"https:\/\/fiorentinispa.com\/wp-content\/uploads\/2026\/02\/Consulenza-scaled.jpg\" alt=\"\" title=\"Consulenza\"><\/noscript><\/sr7-bg>\n\t\t\t\t\t\t\t<sr7-txt id=\"SR7_50_1-127-2\" class=\"sr7-layer\">Asesor\u00eda t\u00e9cnica<\/sr7-txt>\n\t\t\t\t\t\t\t<sr7-txt id=\"SR7_50_1-127-3\" class=\"sr7-layer\"><a class=\"qodef-shortcode qodef-m  qodef-button qodef-layout--filled  qodef-html--link\" href=\"https:\/\/fiorentinispa.com\/es\/contatti\" target=\"_self\" >\n\t<span class=\"qodef-m-text\">Cont\u00e1ctanos<\/span>\n<\/a>\n<\/sr7-txt>\n\t\t\t\t\t\t\t<sr7-txt id=\"SR7_50_1-127-5\" class=\"sr7-layer\">Solicite informaci\u00f3n en la sucursal m\u00e1s cercana.<\/sr7-txt>\n\t\t\t\t\t\t<\/sr7-slide>\n\t\t\t\t\t\t<sr7-slide id=\"SR7_50_1-129\" data-key=\"129\">\n\t\t\t\t\t\t<\/sr7-slide>\n\t\t\t\t\t<\/sr7-content>\n\t\t\t\t\t<image_lists style=\"display:none\">\n\t\t\t\t\t\t<img data-src=\"\/\/fiorentinispa.com\/wp-content\/uploads\/2026\/02\/Consulenza-scaled.jpg\" data-libid=\"7740\" data-lib=\"medialibrary\" title=\"Consulenza\" width=\"0\" height=\"0\" data-dbsrc=\"Ly9maW9yZW50aW5pc3BhLmNvbS93cC1jb250ZW50L3VwbG9hZHMvMjAyNi8wMi9Db25zdWxlbnphLXNjYWxlZC5qcGc=\"\/>\n\t\t\t\t\t<\/image_lists>\n\t\t\t\t<\/sr7-module>\n\t\t\t\t<script>\n\t\t\t\t\tSR7.PMH ??={}; SR7.PMH[\"SR7_50_1\"] = {cn:0,state:false,fn: function() { if (_tpt!==undefined && _tpt.prepareModuleHeight !== undefined) {  _tpt.prepareModuleHeight({id:\"SR7_50_1\",el:[640,640,500,500,580],type:'standard',shdw:'0',gh:[640,640,500,500,580],gw:[1400,1400,1100,960,358],vpt:['100px&#039;,&#039;100px&#039;,&#039;100px&#039;,&#039;100px&#039;,&#039;100px'],size:{fullWidth:true, fullHeight:false},mh:'0',onh:0,onw:0,bg:{color:'{\"orig\":\"transparent\",\"type\":\"solid\",\"string\":\"transparent\"}'}});   SR7.PMH[\"SR7_50_1\"].state=true;} else if((SR7.PMH[\"SR7_50_1\"].cn++)<100)\tsetTimeout( SR7.PMH[\"SR7_50_1\"].fn,19);}};SR7.PMH[\"SR7_50_1\" ].fn();\n\t\t\t\t<\/script>\n<\/div>\n\n\t\t\t\t\t\t<\/div>\n\t\t\t\t<\/div>\n\t\t\t\t<\/div>\n\t\t<div class=\"elementor-element elementor-element-94351c7 e-flex e-con-boxed e-con e-parent\" data-id=\"94351c7\" data-element_type=\"container\" data-e-type=\"container\">\n\t\t\t\t\t<div class=\"e-con-inner\">\n\t\t\t\t<div class=\"elementor-element elementor-element-1b9a231 elementor-widget elementor-widget-text-editor\" data-id=\"1b9a231\" data-element_type=\"widget\" data-e-type=\"widget\" data-widget_type=\"text-editor.default\">\n\t\t\t\t<div class=\"elementor-widget-container\">\n\t\t\t\t\t\t\t\t\t<p data-start=\"67\" data-end=\"255\"><span style=\"color: #000000;\">Elegir la m\u00e1quina adecuada para la limpieza de espacios no es una tarea sencilla. <\/span><span style=\"color: #000000; font-family: var( --e-global-typography-text-font-family ), Sans-serif; font-weight: var( --e-global-typography-text-font-weight ); text-transform: initial;\">Hay muchas variables que considerar, y cada una puede influir en la eficiencia, los costes, los tiempos y el consumo. <\/span><span style=\"color: #000000; font-family: var( --e-global-typography-text-font-family ), Sans-serif; font-weight: var( --e-global-typography-text-font-weight ); text-transform: initial;\">Por ello, ponemos a su disposici\u00f3n nuestra experiencia para ayudarle a encontrar la soluci\u00f3n de limpieza perfecta para sus necesidades.<\/span><\/p><p data-start=\"398\" data-end=\"705\"><b><span style=\"color: #000000;\">\u00bfNecesita renovar su flota pero no sabe qu\u00e9 modelos elegir?<\/span><br data-start=\"462\" data-end=\"465\"><span style=\"color: #000000;\">\u00bfDesea identificar la soluci\u00f3n m\u00e1s adecuada que le permita optimizar tiempo y recursos?<\/span><br data-start=\"558\" data-end=\"561\"><\/b><span style=\"color: #000000;\"><b>\u00bfLe gustar\u00eda conocer de antemano el consumo, los costes operativos y el rendimiento de las m\u00e1quinas para tomar una decisi\u00f3n segura y fundamentada?<\/b><\/span><\/p><p data-start=\"707\" data-end=\"1103\"><span style=\"color: #000000;\">Nuestros expertos saben qu\u00e9 factores son determinantes para obtener el mejor resultado. Analizamos las especificaciones de su obra, considerando la estructura, los espacios, el tipo de pavimento y el nivel de suciedad, para proponerle la soluci\u00f3n a medida. Le recomendaremos las m\u00e1quinas m\u00e1s adecuadas en t\u00e9rminos de dimensiones y funcionalidades, equipadas con las tecnolog\u00edas y los accesorios ideales.  <\/span><\/p><p data-start=\"1105\" data-end=\"1321\"><span style=\"color: #000000;\">Adem\u00e1s, seg\u00fan su sector y sus necesidades operativas, le orientaremos en la elecci\u00f3n de la f\u00f3rmula financiera m\u00e1s conveniente y del plan de mantenimiento m\u00e1s eficaz para garantizar un rendimiento constante en el tiempo.<\/span><\/p><p data-start=\"1323\" data-end=\"1608\"><span style=\"color: #000000;\">Tambi\u00e9n evaluamos el impacto ambiental de su servicio, sugiri\u00e9ndole los modelos Fiorentini m\u00e1s sostenibles. Gracias a nuestro an\u00e1lisis, podemos estimar el rendimiento, el consumo y los efectos ambientales de las m\u00e1quinas en su contexto de uso, haciendo que su decisi\u00f3n sea a\u00fan m\u00e1s sencilla y precisa. <\/span><\/p>\t\t\t\t\t\t\t\t<\/div>\n\t\t\t\t<\/div>\n\t\t\t\t\t<\/div>\n\t\t\t\t<\/div>\n\t\t<div class=\"elementor-element elementor-element-0c957ed e-flex e-con-boxed e-con e-parent\" data-id=\"0c957ed\" data-element_type=\"container\" data-e-type=\"container\">\n\t\t\t\t\t<div class=\"e-con-inner\">\n\t\t\t\t<div class=\"elementor-element elementor-element-7889acc elementor-align-center elementor-widget elementor-widget-button\" data-id=\"7889acc\" data-element_type=\"widget\" data-e-type=\"widget\" data-widget_type=\"button.default\">\n\t\t\t\t<div class=\"elementor-widget-container\">\n\t\t\t\t\t\t\t\t\t<div class=\"elementor-button-wrapper\">\n\t\t\t\t\t<a class=\"elementor-button elementor-button-link elementor-size-sm\" href=\"https:\/\/fiorentinispa.com\/es\/contacto\/\">\n\t\t\t\t\t\t<span class=\"elementor-button-content-wrapper\">\n\t\t\t\t\t\t<span class=\"elementor-button-icon\">\n\t\t\t\t<svg aria-hidden=\"true\" class=\"e-font-icon-svg e-fas-envelope\" viewBox=\"0 0 512 512\" xmlns=\"http:\/\/www.w3.org\/2000\/svg\"><path d=\"M502.3 190.8c3.9-3.1 9.7-.2 9.7 4.7V400c0 26.5-21.5 48-48 48H48c-26.5 0-48-21.5-48-48V195.6c0-5 5.7-7.8 9.7-4.7 22.4 17.4 52.1 39.5 154.1 113.6 21.1 15.4 56.7 47.8 92.2 47.6 35.7.3 72-32.8 92.3-47.6 102-74.1 131.6-96.3 154-113.7zM256 320c23.2.4 56.6-29.2 73.4-41.4 132.7-96.3 142.8-104.7 173.4-128.7 5.8-4.5 9.2-11.5 9.2-18.9v-19c0-26.5-21.5-48-48-48H48C21.5 64 0 85.5 0 112v19c0 7.4 3.4 14.3 9.2 18.9 30.6 23.9 40.7 32.4 173.4 128.7 16.8 12.2 50.2 41.8 73.4 41.4z\"><\/path><\/svg>\t\t\t<\/span>\n\t\t\t\t\t\t\t\t\t<span class=\"elementor-button-text\">Cont\u00e1ctenos<\/span>\n\t\t\t\t\t<\/span>\n\t\t\t\t\t<\/a>\n\t\t\t\t<\/div>\n\t\t\t\t\t\t\t\t<\/div>\n\t\t\t\t<\/div>\n\t\t\t\t\t<\/div>\n\t\t\t\t<\/div>\n\t\t\t\t<\/div>\n\t\t","protected":false},"excerpt":{"rendered":"<p>Elegir la m\u00e1quina adecuada para la limpieza de espacios no es una tarea sencilla. Hay muchas variables que considerar, y cada una puede influir en la eficiencia, los costes, los tiempos y el consumo. Por ello, ponemos a su disposici\u00f3n nuestra experiencia para ayudarle a encontrar la soluci\u00f3n de limpieza perfecta para sus necesidades. \u00bfNecesita renovar su flota pero no sabe qu\u00e9 modelos elegir?\u00bfDesea identificar la soluci\u00f3n m\u00e1s adecuada que le permita optimizar tiempo y recursos?\u00bfLe gustar\u00eda conocer de antemano el consumo, los costes operativos y el rendimiento de las m\u00e1quinas para tomar una decisi\u00f3n segura y fundamentada? Nuestros expertos saben qu\u00e9 factores son determinantes para obtener el mejor resultado. Analizamos las especificaciones de su obra, considerando la estructura, los espacios, el tipo de pavimento y el nivel de suciedad, para proponerle la soluci\u00f3n a medida. Le recomendaremos las m\u00e1quinas m\u00e1s adecuadas en t\u00e9rminos de dimensiones y funcionalidades, equipadas con las tecnolog\u00edas y los accesorios ideales. Adem\u00e1s, seg\u00fan su sector y sus necesidades operativas, le orientaremos en la elecci\u00f3n de la f\u00f3rmula financiera m\u00e1s conveniente y del plan de mantenimiento m\u00e1s eficaz para garantizar un rendimiento constante en el tiempo. Tambi\u00e9n evaluamos el impacto ambiental de su servicio, sugiri\u00e9ndole los modelos Fiorentini m\u00e1s sostenibles. Gracias a nuestro an\u00e1lisis, podemos estimar el rendimiento, el consumo y los efectos ambientales de las m\u00e1quinas en su contexto de uso, haciendo que su decisi\u00f3n sea a\u00fan m\u00e1s sencilla y precisa. Cont\u00e1ctenos<\/p>\n","protected":false},"author":1,"featured_media":0,"parent":0,"menu_order":0,"comment_status":"closed","ping_status":"closed","template":"page-full-width.php","meta":{"footnotes":""},"class_list":["post-9437","page","type-page","status-publish","hentry"],"_links":{"self":[{"href":"https:\/\/fiorentinispa.com\/es\/wp-json\/wp\/v2\/pages\/9437","targetHints":{"allow":["GET"]}}],"collection":[{"href":"https:\/\/fiorentinispa.com\/es\/wp-json\/wp\/v2\/pages"}],"about":[{"href":"https:\/\/fiorentinispa.com\/es\/wp-json\/wp\/v2\/types\/page"}],"author":[{"embeddable":true,"href":"https:\/\/fiorentinispa.com\/es\/wp-json\/wp\/v2\/users\/1"}],"replies":[{"embeddable":true,"href":"https:\/\/fiorentinispa.com\/es\/wp-json\/wp\/v2\/comments?post=9437"}],"version-history":[{"count":4,"href":"https:\/\/fiorentinispa.com\/es\/wp-json\/wp\/v2\/pages\/9437\/revisions"}],"predecessor-version":[{"id":10255,"href":"https:\/\/fiorentinispa.com\/es\/wp-json\/wp\/v2\/pages\/9437\/revisions\/10255"}],"wp:attachment":[{"href":"https:\/\/fiorentinispa.com\/es\/wp-json\/wp\/v2\/media?parent=9437"}],"curies":[{"name":"wp","href":"https:\/\/api.w.org\/{rel}","templated":true}]}}