{"id":9508,"date":"2026-02-10T23:07:06","date_gmt":"2026-02-10T23:07:06","guid":{"rendered":"https:\/\/fiorentinispa.com\/politica-de-cookies\/"},"modified":"2026-04-13T09:37:47","modified_gmt":"2026-04-13T09:37:47","slug":"politica-de-cookies","status":"publish","type":"page","link":"https:\/\/fiorentinispa.com\/es\/politica-de-cookies\/","title":{"rendered":"Pol\u00edtica de cookies"},"content":{"rendered":"\t\t<div data-elementor-type=\"wp-page\" data-elementor-id=\"9508\" class=\"elementor elementor-9508 elementor-7907\" data-elementor-post-type=\"page\">\n\t\t\t\t<div class=\"elementor-element elementor-element-0f74fa1 e-flex e-con-boxed e-con e-parent\" data-id=\"0f74fa1\" data-element_type=\"container\" data-e-type=\"container\">\n\t\t\t\t\t<div class=\"e-con-inner\">\n\t\t\t\t<div class=\"elementor-element elementor-element-59eb9a7 elementor-widget elementor-widget-text-editor\" data-id=\"59eb9a7\" data-element_type=\"widget\" data-e-type=\"widget\" data-widget_type=\"text-editor.default\">\n\t\t\t\t<div class=\"elementor-widget-container\">\n\t\t\t\t\t\t\t\t\t<p>En el sitio web <a href=\"https:\/\/fiorentinispa.com\/es\/\">fiorentinispa.com<\/a> no se utilizan cookies para la transmisi\u00f3n de informaci\u00f3n de car\u00e1cter personal; asimismo, no se utilizan cookies persistentes ni sistemas de seguimiento de los usuarios.<\/p><p class=\"alt-m\"> <\/p><p>A este respecto, el sitio web no recoge ning\u00fan dato personal de los usuarios.<\/p><p class=\"alt-m\"> <\/p><p>El uso de cookies de sesi\u00f3n es necesario para permitir una navegaci\u00f3n segura y eficiente por el sitio y se limita estrictamente a la transmisi\u00f3n de identificadores de sesi\u00f3n (consistentes en n\u00fameros aleatorios generados por el servidor). Las cookies de sesi\u00f3n no se almacenan en el ordenador del usuario y desaparecen al cerrar el navegador. <\/p><p class=\"alt-m\"> <\/p><p>Las cookies de sesi\u00f3n utilizadas en este sitio no permiten la obtenci\u00f3n de datos personales identificativos del usuario.<\/p>\t\t\t\t\t\t\t\t<\/div>\n\t\t\t\t<\/div>\n\t\t\t\t\t<\/div>\n\t\t\t\t<\/div>\n\t\t\t\t<\/div>\n\t\t","protected":false},"excerpt":{"rendered":"<p>En el sitio web fiorentinispa.com no se utilizan cookies para la transmisi\u00f3n de informaci\u00f3n de car\u00e1cter personal; asimismo, no se utilizan cookies persistentes ni sistemas de seguimiento de los usuarios. A este respecto, el sitio web no recoge ning\u00fan dato personal de los usuarios. El uso de cookies de sesi\u00f3n es necesario para permitir una navegaci\u00f3n segura y eficiente por el sitio y se limita estrictamente a la transmisi\u00f3n de identificadores de sesi\u00f3n (consistentes en n\u00fameros aleatorios generados por el servidor). Las cookies de sesi\u00f3n no se almacenan en el ordenador del usuario y desaparecen al cerrar el navegador. Las cookies de sesi\u00f3n utilizadas en este sitio no permiten la obtenci\u00f3n de datos personales identificativos del usuario.<\/p>\n","protected":false},"author":1,"featured_media":0,"parent":0,"menu_order":0,"comment_status":"closed","ping_status":"closed","template":"page-full-width.php","meta":{"footnotes":""},"class_list":["post-9508","page","type-page","status-publish","hentry"],"_links":{"self":[{"href":"https:\/\/fiorentinispa.com\/es\/wp-json\/wp\/v2\/pages\/9508","targetHints":{"allow":["GET"]}}],"collection":[{"href":"https:\/\/fiorentinispa.com\/es\/wp-json\/wp\/v2\/pages"}],"about":[{"href":"https:\/\/fiorentinispa.com\/es\/wp-json\/wp\/v2\/types\/page"}],"author":[{"embeddable":true,"href":"https:\/\/fiorentinispa.com\/es\/wp-json\/wp\/v2\/users\/1"}],"replies":[{"embeddable":true,"href":"https:\/\/fiorentinispa.com\/es\/wp-json\/wp\/v2\/comments?post=9508"}],"version-history":[{"count":1,"href":"https:\/\/fiorentinispa.com\/es\/wp-json\/wp\/v2\/pages\/9508\/revisions"}],"predecessor-version":[{"id":9510,"href":"https:\/\/fiorentinispa.com\/es\/wp-json\/wp\/v2\/pages\/9508\/revisions\/9510"}],"wp:attachment":[{"href":"https:\/\/fiorentinispa.com\/es\/wp-json\/wp\/v2\/media?parent=9508"}],"curies":[{"name":"wp","href":"https:\/\/api.w.org\/{rel}","templated":true}]}}