{"id":9514,"date":"2026-01-23T10:02:30","date_gmt":"2026-01-23T10:02:30","guid":{"rendered":"https:\/\/fiorentinispa.com\/fiorentini-de-ocasion\/"},"modified":"2026-04-16T14:07:31","modified_gmt":"2026-04-16T14:07:31","slug":"fiorentini-de-ocasion","status":"publish","type":"page","link":"https:\/\/fiorentinispa.com\/es\/fiorentini-de-ocasion\/","title":{"rendered":"Fiorentini de Ocasi\u00f3n"},"content":{"rendered":"\t\t<div data-elementor-type=\"wp-page\" data-elementor-id=\"9514\" class=\"elementor elementor-9514 elementor-7242\" data-elementor-post-type=\"page\">\n\t\t\t\t<div class=\"elementor-element elementor-element-69d8ab6 e-con-full e-flex e-con e-parent\" data-id=\"69d8ab6\" data-element_type=\"container\" data-e-type=\"container\" data-settings=\"{&quot;background_background&quot;:&quot;classic&quot;}\">\n\t\t\t\t<div class=\"elementor-element elementor-element-13cae5d elementor-widget elementor-widget-slider_revolution\" data-id=\"13cae5d\" data-element_type=\"widget\" data-e-type=\"widget\" data-widget_type=\"slider_revolution.default\">\n\t\t\t\t<div class=\"elementor-widget-container\">\n\t\t\t\t\t\n\t\t<div class=\"wp-block-themepunch-revslider\">\n\t\t\t\t<p class=\"rs-p-wp-fix\"><\/p>\n\t\t\t\t<sr7-module data-alias=\"usato-sp\" data-id=\"55\" id=\"SR7_55_1\" class=\"rs-ov-hidden\" data-version=\"6.7.20\">\n\t\t\t\t\t<sr7-adjuster><\/sr7-adjuster>\n\t\t\t\t\t<sr7-content>\n\t\t\t\t\t\t<sr7-slide id=\"SR7_55_1-136\" data-key=\"136\">\n\t\t\t\t\t\t\t<sr7-bg id=\"SR7_55_1-136-6\" class=\"sr7-layer\"><noscript><img decoding=\"async\" src=\"https:\/\/fiorentinispa.com\/wp-content\/uploads\/2026\/02\/Usato-1-scaled.jpg\" alt=\"\" title=\"Usato\"><\/noscript><\/sr7-bg>\n\t\t\t\t\t\t\t<sr7-txt id=\"SR7_55_1-136-2\" class=\"sr7-layer\">M\u00e1quinas usadas de Fiorentini<\/sr7-txt>\n\t\t\t\t\t\t\t<sr7-txt id=\"SR7_55_1-136-5\" class=\"sr7-layer\">Solicite informaci\u00f3n en la sucursal m\u00e1s cercana<\/sr7-txt>\n\t\t\t\t\t\t<\/sr7-slide>\n\t\t\t\t\t\t<sr7-slide id=\"SR7_55_1-138\" data-key=\"138\">\n\t\t\t\t\t\t<\/sr7-slide>\n\t\t\t\t\t<\/sr7-content>\n\t\t\t\t\t<image_lists style=\"display:none\">\n\t\t\t\t\t\t<img data-src=\"\/\/fiorentinispa.com\/wp-content\/uploads\/2026\/02\/Usato-1-scaled.jpg\" data-libid=\"7742\" data-lib=\"medialibrary\" title=\"Usato\" width=\"0\" height=\"0\" data-dbsrc=\"Ly9maW9yZW50aW5pc3BhLmNvbS93cC1jb250ZW50L3VwbG9hZHMvMjAyNi8wMi9Vc2F0by0xLXNjYWxlZC5qcGc=\"\/>\n\t\t\t\t\t<\/image_lists>\n\t\t\t\t<\/sr7-module>\n\t\t\t\t<script>\n\t\t\t\t\tSR7.PMH ??={}; SR7.PMH[\"SR7_55_1\"] = {cn:0,state:false,fn: function() { if (_tpt!==undefined && _tpt.prepareModuleHeight !== undefined) {  _tpt.prepareModuleHeight({id:\"SR7_55_1\",el:[640,640,500,500,580],type:'standard',shdw:'0',gh:[640,640,500,500,580],gw:[1400,1400,1100,960,358],vpt:['100px&#039;,&#039;100px&#039;,&#039;100px&#039;,&#039;100px&#039;,&#039;100px'],size:{fullWidth:true, fullHeight:false},mh:'0',onh:0,onw:0,bg:{color:'{\"orig\":\"transparent\",\"type\":\"solid\",\"string\":\"transparent\"}'}});   SR7.PMH[\"SR7_55_1\"].state=true;} else if((SR7.PMH[\"SR7_55_1\"].cn++)<100)\tsetTimeout( SR7.PMH[\"SR7_55_1\"].fn,19);}};SR7.PMH[\"SR7_55_1\" ].fn();\n\t\t\t\t<\/script>\n<\/div>\n\n\t\t\t\t\t\t<\/div>\n\t\t\t\t<\/div>\n\t\t\t\t<\/div>\n\t\t<div class=\"elementor-element elementor-element-e7e44a1 e-flex e-con-boxed e-con e-parent\" data-id=\"e7e44a1\" data-element_type=\"container\" data-e-type=\"container\">\n\t\t\t\t\t<div class=\"e-con-inner\">\n\t\t\t\t<div class=\"elementor-element elementor-element-bada1ba elementor-widget elementor-widget-text-editor\" data-id=\"bada1ba\" data-element_type=\"widget\" data-e-type=\"widget\" data-widget_type=\"text-editor.default\">\n\t\t\t\t<div class=\"elementor-widget-container\">\n\t\t\t\t\t\t\t\t\t<h3 style=\"text-align: center;\"><b>M\u00e1quinas de Ocasi\u00f3n Revisadas y Garantizadas<\/b><\/h3><p>Todas las m\u00e1quinas de ocasi\u00f3n Fiorentini est\u00e1n <b>revisadas, garantizadas y son seguras<\/b>.<\/p><p>Cada m\u00e1quina de limpieza industrial y profesional se somete a un proceso completo de <b>an\u00e1lisis t\u00e9cnico, revisi\u00f3n y control funcional<\/b> directamente en Fiorentini.<br>Una intervenci\u00f3n estructurada que permite devolver cada m\u00e1quina a condiciones operativas fiables y certificadas.<\/p><p>El resultado es una soluci\u00f3n de ocasi\u00f3n garantizada que mantiene la <b>calidad, prestaciones y eficiencia<\/b> propias de las m\u00e1quinas nuevas Fiorentini, con la ventaja de una <b>inversi\u00f3n m\u00e1s reducida<\/b>.<\/p><p>Las m\u00e1quinas de ocasi\u00f3n revisadas Fiorentini representan una opci\u00f3n concreta para empresas de limpieza, compa\u00f1\u00edas y operadores profesionales que buscan fiabilidad, continuidad de servicio y una excelente relaci\u00f3n calidad-precio.<\/p><p> <\/p>\t\t\t\t\t\t\t\t<\/div>\n\t\t\t\t<\/div>\n\t\t\t\t\t<\/div>\n\t\t\t\t<\/div>\n\t\t<div class=\"elementor-element elementor-element-0cffcf7 e-flex e-con-boxed e-con e-parent\" data-id=\"0cffcf7\" data-element_type=\"container\" data-e-type=\"container\">\n\t\t\t\t\t<div class=\"e-con-inner\">\n\t\t\t\t<div class=\"elementor-element elementor-element-4800d08 elementor-widget elementor-widget-text-editor\" data-id=\"4800d08\" data-element_type=\"widget\" data-e-type=\"widget\" data-widget_type=\"text-editor.default\">\n\t\t\t\t<div class=\"elementor-widget-container\">\n\t\t\t\t\t\t\t\t\t<h4 style=\"text-align: center;\">Solicite informaci\u00f3n sobre las m\u00e1quinas de ocasi\u00f3n<\/h4><p style=\"text-align: center;\">Rellene el formulario a continuaci\u00f3n con los detalles de su solicitud y nuestro equipo de asistencia se pondr\u00e1 en contacto con usted lo antes posible.<\/p>\t\t\t\t\t\t\t\t<\/div>\n\t\t\t\t<\/div>\n\t\t\t\t\t<\/div>\n\t\t\t\t<\/div>\n\t\t<div class=\"elementor-element elementor-element-f95724f e-flex e-con-boxed e-con e-parent\" data-id=\"f95724f\" data-element_type=\"container\" data-e-type=\"container\">\n\t\t\t\t\t<div class=\"e-con-inner\">\n\t\t\t\t<div class=\"elementor-element elementor-element-5be3004 fluentform-widget-submit-button-custom elementor-widget elementor-widget-fluent-form-widget\" data-id=\"5be3004\" data-element_type=\"widget\" data-e-type=\"widget\" data-widget_type=\"fluent-form-widget.default\">\n\t\t\t\t<div class=\"elementor-widget-container\">\n\t\t\t\t\t\n            <div class=\"fluentform-widget-wrapper fluentform-widget-align-default\">\n\n            \n            <div class='fluentform ff-default fluentform_wrapper_20 ffs_default_wrap'><form data-form_id=\"20\" id=\"fluentform_20\" class=\"frm-fluent-form fluent_form_20 ff-el-form-top ff_form_instance_20_1 ff-form-loading ffs_default\" data-form_instance=\"ff_form_instance_20_1\" method=\"POST\" ><fieldset  style=\"border: none!important;margin: 0!important;padding: 0!important;background-color: transparent!important;box-shadow: none!important;outline: none!important; min-inline-size: 100%;\">\n                    <legend class=\"ff_screen_reader_title\" style=\"display: block; margin: 0!important;padding: 0!important;height: 0!important;text-indent: -999999px;width: 0!important;overflow:hidden;\">Richiedi usato-ES<\/legend><input type='hidden' name='__fluent_form_embded_post_id' value='9514' \/><input type=\"hidden\" id=\"_fluentform_20_fluentformnonce\" name=\"_fluentform_20_fluentformnonce\" value=\"868f962e4a\" \/><input type=\"hidden\" name=\"_wp_http_referer\" value=\"\/es\/wp-json\/wp\/v2\/pages\/9514\" \/><div class='ff-el-group  ff_list_inline'><div class='ff-el-input--content'><div class='ff-el-form-check ff-el-form-check-'><label class='ff-el-form-check-label' for='TipologiaCliente_dc0eff5b4b1ce422c90a2d9aa70777a5'><input  type=\"radio\" name=\"TipologiaCliente\" data-name=\"TipologiaCliente\" class=\"ff-el-form-check-input ff-el-form-check-radio\" value=\"Particular\"  id='TipologiaCliente_dc0eff5b4b1ce422c90a2d9aa70777a5' aria-label='Particular' aria-invalid='false' aria-required=false> <span>Particular<\/span><\/label><\/div><div class='ff-el-form-check ff-el-form-check-'><label class='ff-el-form-check-label' for='TipologiaCliente_18ca628d28bf638885cf1974795b2e00'><input  type=\"radio\" name=\"TipologiaCliente\" data-name=\"TipologiaCliente\" class=\"ff-el-form-check-input ff-el-form-check-radio\" value=\"Empresa\"  id='TipologiaCliente_18ca628d28bf638885cf1974795b2e00' aria-label='Empresa' aria-invalid='false' aria-required=false> <span>Empresa<\/span><\/label><\/div><\/div><\/div><div data-name=\"ff_cn_id_1\"  class='ff-t-container ff-column-container ff_columns_total_4 '><div class='ff-t-cell ff-t-column-1' style='flex-basis: 25%;'><div data-type=\"name-element\" data-name=\"names\" class=\" ff-field_container ff-name-field-wrapper\" ><div class='ff-t-container'><div class='ff-t-cell '><div class='ff-el-group ff-el-form-top'><div class=\"ff-el-input--label ff-el-is-required asterisk-right\"><label for='ff_20_names_first_name_' id='label_ff_20_names_first_name_' >Nombre y apellidos<\/label><\/div><div class='ff-el-input--content'><input type=\"text\" name=\"names[first_name]\" id=\"ff_20_names_first_name_\" class=\"ff-el-form-control\" aria-invalid=\"false\" aria-required=true><\/div><\/div><\/div><\/div><\/div><\/div><div class='ff-t-cell ff-t-column-2' style='flex-basis: 25%;'><div class='ff-el-group'><div class=\"ff-el-input--label asterisk-right\"><label for='ff_20_input_text_10' id='label_ff_20_input_text_10' aria-label=\"Empresa\">Empresa<\/label><\/div><div class='ff-el-input--content'><input type=\"text\" name=\"input_text_10\" class=\"ff-el-form-control\" data-name=\"input_text_10\" id=\"ff_20_input_text_10\"  aria-invalid=\"false\" aria-required=false><\/div><\/div><\/div><div class='ff-t-cell ff-t-column-3' style='flex-basis: 25%;'><div class='ff-el-group'><div class=\"ff-el-input--label ff-el-is-required asterisk-right\"><label for='ff_20_email' id='label_ff_20_email' aria-label=\"Email\">Email<\/label><\/div><div class='ff-el-input--content'><input type=\"email\" name=\"email\" id=\"ff_20_email\" class=\"ff-el-form-control\" placeholder=\"you@mail.com\" data-name=\"email\"  aria-invalid=\"false\" aria-required=true><\/div><\/div><\/div><div class='ff-t-cell ff-t-column-4' style='flex-basis: 25%;'><div class='ff-el-group'><div class=\"ff-el-input--label ff-el-is-required asterisk-right\"><label for='ff_20_input_text_8' id='label_ff_20_input_text_8' aria-label=\"N\u00famero de tel\u00e9fono\">N\u00famero de tel\u00e9fono<\/label><\/div><div class='ff-el-input--content'><input type=\"text\" name=\"input_text_8\" class=\"ff-el-form-control\" maxlength=\"14\" data-name=\"input_text_8\" id=\"ff_20_input_text_8\"  aria-invalid=\"false\" aria-required=true><\/div><\/div><\/div><\/div><div data-name=\"ff_cn_id_2\"  class='ff-t-container ff-column-container ff_columns_total_4 '><div class='ff-t-cell ff-t-column-1' style='flex-basis: 25%;'><div class='ff-el-group'><div class=\"ff-el-input--label ff-el-is-required asterisk-right\"><label for='ff_20_input_text_3' id='label_ff_20_input_text_3' aria-label=\"Pa\u00eds\">Pa\u00eds<\/label><\/div><div class='ff-el-input--content'><input type=\"text\" name=\"input_text_3\" class=\"ff-el-form-control\" data-name=\"input_text_3\" id=\"ff_20_input_text_3\"  aria-invalid=\"false\" aria-required=true><\/div><\/div><\/div><div class='ff-t-cell ff-t-column-2' style='flex-basis: 25%;'><div class='ff-el-group'><div class=\"ff-el-input--label ff-el-is-required asterisk-right\"><label for='ff_20_input_text_4' id='label_ff_20_input_text_4' aria-label=\"Regi\u00f3n\">Regi\u00f3n<\/label><\/div><div class='ff-el-input--content'><input type=\"text\" name=\"input_text_4\" class=\"ff-el-form-control\" data-name=\"input_text_4\" id=\"ff_20_input_text_4\"  aria-invalid=\"false\" aria-required=true><\/div><\/div><\/div><div class='ff-t-cell ff-t-column-3' style='flex-basis: 25%;'><div class='ff-el-group'><div class=\"ff-el-input--label ff-el-is-required asterisk-right\"><label for='ff_20_input_text_5' id='label_ff_20_input_text_5' aria-label=\"Provincia\">Provincia<\/label><\/div><div class='ff-el-input--content'><input type=\"text\" name=\"input_text_5\" class=\"ff-el-form-control\" data-name=\"input_text_5\" id=\"ff_20_input_text_5\"  aria-invalid=\"false\" aria-required=true><\/div><\/div><\/div><div class='ff-t-cell ff-t-column-4' style='flex-basis: 25%;'><div class='ff-el-group'><div class=\"ff-el-input--label ff-el-is-required asterisk-right\"><label for='ff_20_input_text_6' id='label_ff_20_input_text_6' aria-label=\"Ciudad\">Ciudad<\/label><\/div><div class='ff-el-input--content'><input type=\"text\" name=\"input_text_6\" class=\"ff-el-form-control\" data-name=\"input_text_6\" id=\"ff_20_input_text_6\"  aria-invalid=\"false\" aria-required=true><\/div><\/div><\/div><\/div><div data-name=\"ff_cn_id_3\"  class='ff-t-container ff-column-container ff_columns_total_4 '><div class='ff-t-cell ff-t-column-1' style='flex-basis: 25%;'><div class='ff-el-group'><div class=\"ff-el-input--label ff-el-is-required asterisk-right\"><label for='ff_20_input_text' id='label_ff_20_input_text' aria-label=\"C\u00f3digo postal\">C\u00f3digo postal<\/label><\/div><div class='ff-el-input--content'><input type=\"text\" name=\"input_text\" class=\"ff-el-form-control\" data-name=\"input_text\" id=\"ff_20_input_text\"  aria-invalid=\"false\" aria-required=true><\/div><\/div><\/div><div class='ff-t-cell ff-t-column-2' style='flex-basis: 55%;'><div class='ff-el-group'><div class=\"ff-el-input--label ff-el-is-required asterisk-right\"><label for='ff_20_input_text_9' id='label_ff_20_input_text_9' aria-label=\"Direcci\u00f3n\">Direcci\u00f3n<\/label><\/div><div class='ff-el-input--content'><input type=\"text\" name=\"input_text_9\" class=\"ff-el-form-control\" data-name=\"input_text_9\" id=\"ff_20_input_text_9\"  aria-invalid=\"false\" aria-required=true><\/div><\/div><\/div><div class='ff-t-cell ff-t-column-3' style='flex-basis: 10%;'><\/div><div class='ff-t-cell ff-t-column-4' style='flex-basis: 10%;'><\/div><\/div><div class='ff-el-group'><div class=\"ff-el-input--label ff-el-is-required asterisk-right\"><label for='ff_20_description' id='label_ff_20_description' aria-label=\"Mensaje\">Mensaje<\/label><\/div><div class='ff-el-input--content'><textarea aria-required=\"true\" aria-labelledby=\"label_ff_20_description\" name=\"description\" id=\"ff_20_description\" class=\"ff-el-form-control\" rows=\"3\" cols=\"2\" data-name=\"description\" ><\/textarea><\/div><\/div><div class='ff-el-group    ff-el-input--content'><div class='ff-el-form-check ff-el-tc'><label aria-label='Je d\u00e9clare avoir pris connaissance de la politique de confidentialit\u00e9 et consens au traitement de mes donn\u00e9es personnelles par Fiorentini S.p.A., en sa qualit\u00e9 de responsable du traitement, aux fins de la gestion de ma demande d&#039;assistance, de la prise de contact \u00e0 des fins commerciales et de l&#039;envoi de communications marketing.' class='ff-el-form-check-label ff_tc_label' for=gdpr-agreement_e3409c21f871df230618bba27b9abe58><span class='ff_tc_checkbox'><input type=\"checkbox\" name=\"gdpr-agreement\" class=\"ff-el-form-check-input ff_gdpr_field\" data-name=\"gdpr-agreement\" id=\"gdpr-agreement_e3409c21f871df230618bba27b9abe58\"  value='on' aria-invalid='false' aria-required=true><\/span> <div class='ff_t_c'>Je d\u00e9clare avoir pris connaissance de la politique de confidentialit\u00e9 et consens au traitement de mes donn\u00e9es personnelles par Fiorentini S.p.A., en sa qualit\u00e9 de responsable du traitement, aux fins de la gestion de ma demande d'assistance, de la prise de contact \u00e0 des fins commerciales et de l'envoi de communications marketing.<\/div><\/label><\/div><\/div><div class='ff-el-group ff-text-left ff_submit_btn_wrapper'><button type=\"submit\" class=\"ff-btn ff-btn-submit ff-btn-md ff_btn_style\"  aria-label=\"Enviar\">Enviar<\/button><\/div><\/fieldset><\/form><div id='fluentform_20_errors' class='ff-errors-in-stack ff_form_instance_20_1 ff-form-loading_errors ff_form_instance_20_1_errors'><\/div><\/div>            <script type=\"text\/javascript\">\n                window.fluent_form_ff_form_instance_20_1 = {\"id\":\"20\",\"settings\":{\"layout\":{\"labelPlacement\":\"top\",\"asteriskPlacement\":\"asterisk-right\",\"helpMessagePlacement\":\"with_label\",\"errorMessagePlacement\":\"inline\",\"cssClassName\":\"\"},\"restrictions\":{\"denyEmptySubmission\":{\"enabled\":false}}},\"form_instance\":\"ff_form_instance_20_1\",\"form_id_selector\":\"fluentform_20\",\"rules\":{\"TipologiaCliente\":{\"required\":{\"value\":false,\"message\":\"Este campo es obligatorio\",\"global_message\":\"Questo campo \\u00e8 obbligatorio\",\"global\":true}},\"names[first_name]\":{\"required\":{\"value\":true,\"message\":\"Este campo es obligatorio\",\"global_message\":\"Questo campo \\u00e8 obbligatorio\",\"global\":true}},\"names[middle_name]\":{\"required\":{\"value\":false,\"message\":\"Este campo es obligatorio\",\"global_message\":\"Questo campo \\u00e8 obbligatorio\",\"global\":true}},\"names[last_name]\":{\"required\":{\"value\":true,\"message\":\"Este campo es obligatorio\",\"global_message\":\"Questo campo \\u00e8 obbligatorio\",\"global\":true}},\"input_text_10\":{\"required\":{\"value\":false,\"message\":\"Este campo es obligatorio\",\"global_message\":\"Questo campo \\u00e8 obbligatorio\",\"global\":true}},\"email\":{\"required\":{\"value\":true,\"message\":\"Este campo es obligatorio\",\"global_message\":\"Questo campo \\u00e8 obbligatorio\",\"global\":true},\"email\":{\"value\":true,\"message\":\"Este campo debe contener un correo electr\\u00f3nico v\\u00e1lido\",\"global_message\":\"Questo campo deve contenere un indirizzo email valido\",\"global\":true}},\"input_text_8\":{\"required\":{\"value\":true,\"message\":\"Este campo es obligatorio\",\"global_message\":\"Questo campo \\u00e8 obbligatorio\",\"global\":true}},\"input_text_3\":{\"required\":{\"value\":true,\"message\":\"Este campo es obligatorio\",\"global_message\":\"Questo campo \\u00e8 obbligatorio\",\"global\":true}},\"input_text_4\":{\"required\":{\"value\":true,\"message\":\"Este campo es obligatorio\",\"global_message\":\"Questo campo \\u00e8 obbligatorio\",\"global\":true}},\"input_text_5\":{\"required\":{\"value\":true,\"message\":\"Este campo es obligatorio\",\"global_message\":\"Questo campo \\u00e8 obbligatorio\",\"global\":true}},\"input_text_6\":{\"required\":{\"value\":true,\"message\":\"Este campo es obligatorio\",\"global_message\":\"Questo campo \\u00e8 obbligatorio\",\"global\":true}},\"input_text\":{\"required\":{\"value\":true,\"message\":\"Este campo es obligatorio\",\"global_message\":\"Questo campo \\u00e8 obbligatorio\",\"global\":true}},\"input_text_9\":{\"required\":{\"value\":true,\"message\":\"Este campo es obligatorio\",\"global_message\":\"Questo campo \\u00e8 obbligatorio\",\"global\":true}},\"description\":{\"required\":{\"value\":true,\"message\":\"Este campo es obligatorio\",\"global_message\":\"Questo campo \\u00e8 obbligatorio\",\"global\":true}},\"gdpr-agreement\":{\"required\":{\"value\":true,\"message\":\"Este campo es obligatorio\",\"global_message\":\"Questo campo \\u00e8 obbligatorio\",\"global\":true}}},\"debounce_time\":300};\n                            <\/script>\n                        <\/div>\n\n            \t\t\t\t<\/div>\n\t\t\t\t<\/div>\n\t\t\t\t\t<\/div>\n\t\t\t\t<\/div>\n\t\t\t\t<\/div>\n\t\t","protected":false},"excerpt":{"rendered":"<p>M\u00e1quinas de Ocasi\u00f3n Revisadas y Garantizadas Todas las m\u00e1quinas de ocasi\u00f3n Fiorentini est\u00e1n revisadas, garantizadas y son seguras. Cada m\u00e1quina de limpieza industrial y profesional se somete a un proceso completo de an\u00e1lisis t\u00e9cnico, revisi\u00f3n y control funcional directamente en Fiorentini.Una intervenci\u00f3n estructurada que permite devolver cada m\u00e1quina a condiciones operativas fiables y certificadas. El resultado es una soluci\u00f3n de ocasi\u00f3n garantizada que mantiene la calidad, prestaciones y eficiencia propias de las m\u00e1quinas nuevas Fiorentini, con la ventaja de una inversi\u00f3n m\u00e1s reducida. Las m\u00e1quinas de ocasi\u00f3n revisadas Fiorentini representan una opci\u00f3n concreta para empresas de limpieza, compa\u00f1\u00edas y operadores profesionales que buscan fiabilidad, continuidad de servicio y una excelente relaci\u00f3n calidad-precio. Solicite informaci\u00f3n sobre las m\u00e1quinas de ocasi\u00f3n Rellene el formulario a continuaci\u00f3n con los detalles de su solicitud y nuestro equipo de asistencia se pondr\u00e1 en contacto con usted lo antes posible. Richiedi usato-ES Particular EmpresaNombre y apellidosEmpresaEmailN\u00famero de tel\u00e9fonoPa\u00edsRegi\u00f3nProvinciaCiudadC\u00f3digo postalDirecci\u00f3nMensaje Je d\u00e9clare avoir pris connaissance de la politique de confidentialit\u00e9 et consens au traitement de mes donn\u00e9es personnelles par Fiorentini S.p.A., en sa qualit\u00e9 de responsable du traitement, aux fins de la gestion de ma demande d&#8217;assistance, de la prise de contact \u00e0 des fins commerciales et de l&#8217;envoi de communications marketing.Enviar<\/p>\n","protected":false},"author":1,"featured_media":0,"parent":0,"menu_order":0,"comment_status":"closed","ping_status":"closed","template":"","meta":{"footnotes":""},"class_list":["post-9514","page","type-page","status-publish","hentry"],"_links":{"self":[{"href":"https:\/\/fiorentinispa.com\/es\/wp-json\/wp\/v2\/pages\/9514","targetHints":{"allow":["GET"]}}],"collection":[{"href":"https:\/\/fiorentinispa.com\/es\/wp-json\/wp\/v2\/pages"}],"about":[{"href":"https:\/\/fiorentinispa.com\/es\/wp-json\/wp\/v2\/types\/page"}],"author":[{"embeddable":true,"href":"https:\/\/fiorentinispa.com\/es\/wp-json\/wp\/v2\/users\/1"}],"replies":[{"embeddable":true,"href":"https:\/\/fiorentinispa.com\/es\/wp-json\/wp\/v2\/comments?post=9514"}],"version-history":[{"count":8,"href":"https:\/\/fiorentinispa.com\/es\/wp-json\/wp\/v2\/pages\/9514\/revisions"}],"predecessor-version":[{"id":10267,"href":"https:\/\/fiorentinispa.com\/es\/wp-json\/wp\/v2\/pages\/9514\/revisions\/10267"}],"wp:attachment":[{"href":"https:\/\/fiorentinispa.com\/es\/wp-json\/wp\/v2\/media?parent=9514"}],"curies":[{"name":"wp","href":"https:\/\/api.w.org\/{rel}","templated":true}]}}