{"id":9524,"date":"2026-02-10T23:05:03","date_gmt":"2026-02-10T23:05:03","guid":{"rendered":"https:\/\/fiorentinispa.com\/politica-de-privacidad-2\/"},"modified":"2026-04-13T09:38:16","modified_gmt":"2026-04-13T09:38:16","slug":"politica-de-privacidad-2","status":"publish","type":"page","link":"https:\/\/fiorentinispa.com\/es\/politica-de-privacidad-2\/","title":{"rendered":"Pol\u00edtica de Privacidad"},"content":{"rendered":"\t\t<div data-elementor-type=\"wp-page\" data-elementor-id=\"9524\" class=\"elementor elementor-9524 elementor-7902\" data-elementor-post-type=\"page\">\n\t\t\t\t<div class=\"elementor-element elementor-element-0f74fa1 e-flex e-con-boxed e-con e-parent\" data-id=\"0f74fa1\" data-element_type=\"container\" data-e-type=\"container\">\n\t\t\t\t\t<div class=\"e-con-inner\">\n\t\t\t\t<div class=\"elementor-element elementor-element-59eb9a7 elementor-widget elementor-widget-text-editor\" data-id=\"59eb9a7\" data-element_type=\"widget\" data-e-type=\"widget\" data-widget_type=\"text-editor.default\">\n\t\t\t\t<div class=\"elementor-widget-container\">\n\t\t\t\t\t\t\t\t\t<p><strong>Introducci\u00f3n<\/strong><\/p><p class=\"alt-m\"> <\/p><p>Ing. O Fiorentini Spa, de conformidad con el art. 13 del Reglamento de Privacidad UE 2016\/679, proporciona la presente pol\u00edtica de privacidad con el fin de describir las modalidades de gesti\u00f3n del sitio en referencia al tratamiento de los datos personales de los usuarios que lo consultan. <\/p><p class=\"alt-m\"> <\/p><p>A continuaci\u00f3n se indican las modalidades de recogida y tratamiento de los datos.<\/p><p class=\"alt-m\"> <\/p><p>Esta pol\u00edtica de privacidad se refiere exclusivamente al sitio <a href=\"http:\/\/fiorentinispa.com\/es\/\" target=\"_blank\" rel=\"noopener\">fiorentinispa.com<\/a> y lo aqu\u00ed expuesto no es aplicable a sitios web consultados por el usuario conectado mediante enlaces.<\/p><p class=\"alt-m\"> <\/p><p>Ing. O Fiorentini Spa invita a los visitantes del sitio a leer \u00edntegramente la presente informaci\u00f3n.<\/p><p class=\"alt-m\"> <\/p><p>El sitio <a href=\"http:\/\/fiorentinispa.com\/es\/\" target=\"_blank\" rel=\"noopener\">fiorentinispa.com<\/a> est\u00e1 estructurado en general de modo que permita al usuario visitarlo sin identificarse o proporcionar datos personales, excepto en el caso de que el visitante decida contactar con Ing. O. Fiorentini mediante el env\u00edo facultativo, expl\u00edcito y voluntario de correo electr\u00f3nico a las direcciones de correo indicadas en este sitio: en tal caso, con el fin de poder satisfacer las eventuales solicitudes del cliente\/visitante, la adquisici\u00f3n de los datos personales es necesaria. Otras informaciones espec\u00edficas est\u00e1n presentes dentro de este sitio. <\/p><p class=\"alt-m\"> <\/p><p>Ning\u00fan dato derivado del servicio web se comunica a terceros ni se difunde.<\/p><p class=\"alt-m\"> <\/p><p class=\"alt-m\"> <\/p><p><strong>Identificaci\u00f3n del Titular y del responsable<\/strong><\/p><p class=\"alt-m\"> <\/p><p>El Titular del tratamiento de los datos es: Ing. O. Fiorentini SpA, con domicilio social en via Piancaldoli, 1896 &#8211; 50033 Firenzuola (FI), en la persona del Administrador \u00danico.<\/p><p class=\"alt-m\">La estructura del Titular est\u00e1 dotada de un Responsable de la protecci\u00f3n de datos (Data Protection Officer, en adelante \u00abD.P.O.\u00bb) de conformidad con los arts. 37-39 del Reglamento. El D.P.O. de Ing. O. Fiorentini es la dra. Antonia Lotti de la empresa AL2 di Antonia Lotti sas. Es posible contactar con el D.P.O. en la direcci\u00f3n de correo: <a href=\"mailto:amministrazione@ingfiorentini.it\">amministrazione@ingfiorentini.it<\/a>  <\/p><p class=\"alt-m\"> <\/p><p class=\"alt-m\"> <\/p><p class=\"alt-m\"> <\/p><p><strong>Lugar de tratamiento de los datos<\/strong><\/p><p class=\"alt-m\"> <\/p><p>Los tratamientos de los datos relacionados con los servicios gestionados a trav\u00e9s del presente sitio web tienen lugar en la sede anteriormente citada y son realizados \u00fanicamente por personal interno encargado del tratamiento.<\/p><p class=\"alt-m\"> <\/p><p class=\"alt-m\"> <\/p><p><strong>Tipos de datos tratados<\/strong><\/p><p class=\"alt-m\"> <\/p><p>Datos de navegaci\u00f3n<\/p><p class=\"alt-m\"> <\/p><p>Ing. O. Fiorentini ha procedido a utilizar tecnolog\u00eda, procedimientos y procesos de gesti\u00f3n necesarios con el fin de:<\/p><p class=\"alt-m\"> <\/p><ul><li>tratar los datos de los clientes\/visitantes de acuerdo con lo requerido por el Reglamento de Privacidad UE 2016\/679;<\/li><li>evitar el acceso o la divulgaci\u00f3n no autorizados;<\/li><li>mantener la exactitud de los datos;<\/li><li>garantizar el uso apropiado de las informaciones.<\/li><\/ul><p class=\"alt-m\"> <\/p><p>Los procedimientos de software y los sistemas inform\u00e1ticos utilizados para el funcionamiento de este sitio web adquieren, durante el funcionamiento del propio sitio, algunos datos personales cuya transmisi\u00f3n es impl\u00edcita en el uso de los protocolos de comunicaci\u00f3n de Internet. Tales datos no son recogidos voluntariamente por Ing. O. Fiorentini para ser asociados a sujetos identificados, sino que, por su naturaleza, podr\u00edan permitir identificar a los usuarios mediante elaboraciones y asociaciones con otros datos en poder de terceros; tal eventual identificaci\u00f3n no es requerida ni es controlable por Ing. O. Fiorentini. <\/p><p class=\"alt-m\"> <\/p><p>Forman parte de tales datos:<\/p><p class=\"alt-m\"> <\/p><ul><li>direcciones IP o nombres de dominio de los ordenadores utilizados por los usuarios que se conectan al sitio;<\/li><li>direcciones en notaci\u00f3n URI (Uniform Resource Identifier) de los recursos solicitados;<\/li><li>el m\u00e9todo utilizado al presentar la solicitud al servidor;<\/li><li>el c\u00f3digo num\u00e9rico que indica el estado de la respuesta dada por el servidor (correcto, error, etc.);<\/li><li>la hora de la solicitud;<\/li><li>otros par\u00e1metros relativos al sistema operativo y al entorno inform\u00e1tico del usuario.<\/li><\/ul><p class=\"alt-m\"> <\/p><p class=\"alt-m\"> <\/p><p>Los datos anteriores pueden ser utilizados por Ing. O. Fiorentini para elaborar informaciones estad\u00edsticas an\u00f3nimas sobre el uso del sitio y para controlar su correcto funcionamiento. Los datos podr\u00edan adem\u00e1s ser utilizados para la determinaci\u00f3n de responsabilidades en caso de hipot\u00e9ticos delitos inform\u00e1ticos contra el sitio: aparte de este caso, los datos sobre contactos web no persisten durante m\u00e1s de quince d\u00edas. <\/p><p class=\"alt-m\"> <\/p><p class=\"alt-m\"> <\/p><p><strong>Cookies<\/strong><\/p><p class=\"alt-m\"> <\/p><p>Dentro del sitio <a href=\"http:\/\/fiorentinispa.com\/es\/\" target=\"_blank\" rel=\"noopener\">fiorentinispa.com<\/a> no se hace uso de cookies para la transmisi\u00f3n de informaciones de car\u00e1cter personal; adem\u00e1s no se utilizan cookies persistentes o sistemas para el seguimiento de los usuarios.<\/p><p class=\"alt-m\"> <\/p><p>Ning\u00fan dato personal de los usuarios se adquiere al respecto por el sitio.<\/p><p class=\"alt-m\"> <\/p><p>El uso de las cookies de sesi\u00f3n es necesario para permitir la exploraci\u00f3n segura y eficiente del sitio y est\u00e1 estrictamente limitado a la transmisi\u00f3n de identificadores de sesi\u00f3n (constituidos por n\u00fameros aleatorios generados por el servidor). Las cookies de sesi\u00f3n no se memorizan en el ordenador del usuario y desaparecen con el cierre del navegador. <\/p><p class=\"alt-m\"> <\/p><p>Las cookies de sesi\u00f3n utilizadas en este sitio no permiten la adquisici\u00f3n de datos personales identificativos del usuario.<\/p><p class=\"alt-m\"> <\/p><p class=\"alt-m\"> <\/p><p><strong>Derechos de los interesados<\/strong><\/p><p class=\"alt-m\"> <\/p><p>Los interesados que han proporcionado datos personales tienen los siguientes derechos, seg\u00fan lo previsto por los arts. 15, 16, 17, 18, 19, 20 del Reglamento de Privacidad UE 2016\/679, respectivamente:<\/p><p class=\"alt-m\"> <\/p><ul><li>de acceso;<\/li><li>de rectificaci\u00f3n;<\/li><li>de supresi\u00f3n;<\/li><li>de limitaci\u00f3n del tratamiento;<\/li><li>del conocimiento de eventuales destinatarios a los que el Titular del tratamiento comunique los datos personales;<\/li><li>de portabilidad.<\/li><\/ul>\t\t\t\t\t\t\t\t<\/div>\n\t\t\t\t<\/div>\n\t\t\t\t\t<\/div>\n\t\t\t\t<\/div>\n\t\t\t\t<\/div>\n\t\t","protected":false},"excerpt":{"rendered":"<p>Introducci\u00f3n Ing. O Fiorentini Spa, de conformidad con el art. 13 del Reglamento de Privacidad UE 2016\/679, proporciona la presente pol\u00edtica de privacidad con el fin de describir las modalidades de gesti\u00f3n del sitio en referencia al tratamiento de los datos personales de los usuarios que lo consultan. A continuaci\u00f3n se indican las modalidades de recogida y tratamiento de los datos. Esta pol\u00edtica de privacidad se refiere exclusivamente al sitio fiorentinispa.com y lo aqu\u00ed expuesto no es aplicable a sitios web consultados por el usuario conectado mediante enlaces. Ing. O Fiorentini Spa invita a los visitantes del sitio a leer \u00edntegramente la presente informaci\u00f3n. El sitio fiorentinispa.com est\u00e1 estructurado en general de modo que permita al usuario visitarlo sin identificarse o proporcionar datos personales, excepto en el caso de que el visitante decida contactar con Ing. O. Fiorentini mediante el env\u00edo facultativo, expl\u00edcito y voluntario de correo electr\u00f3nico a las direcciones de correo indicadas en este sitio: en tal caso, con el fin de poder satisfacer las eventuales solicitudes del cliente\/visitante, la adquisici\u00f3n de los datos personales es necesaria. Otras informaciones espec\u00edficas est\u00e1n presentes dentro de este sitio. Ning\u00fan dato derivado del servicio web se comunica a terceros ni se difunde. Identificaci\u00f3n del Titular y del responsable El Titular del tratamiento de los datos es: Ing. O. Fiorentini SpA, con domicilio social en via Piancaldoli, 1896 &#8211; 50033 Firenzuola (FI), en la persona del Administrador \u00danico. La estructura del Titular est\u00e1 dotada de un Responsable de la protecci\u00f3n de datos (Data Protection Officer, en adelante \u00abD.P.O.\u00bb) de conformidad con los arts. 37-39 del Reglamento. El D.P.O. de Ing. O. Fiorentini es la dra. Antonia Lotti de la empresa AL2 di Antonia Lotti sas. Es posible contactar con el D.P.O. en la direcci\u00f3n de correo: amministrazione@ingfiorentini.it Lugar de tratamiento de los datos Los tratamientos de los datos relacionados con los servicios gestionados a trav\u00e9s del presente sitio web tienen lugar en la sede anteriormente citada y son realizados \u00fanicamente por personal interno encargado del tratamiento. Tipos de datos tratados Datos de navegaci\u00f3n Ing. O. Fiorentini ha procedido a utilizar tecnolog\u00eda, procedimientos y procesos de gesti\u00f3n necesarios con el fin de: tratar los datos de los clientes\/visitantes de acuerdo con lo requerido por el Reglamento de Privacidad UE 2016\/679; evitar el acceso o la divulgaci\u00f3n no autorizados; mantener la exactitud de los datos; garantizar el uso apropiado de las informaciones. Los procedimientos de software y los sistemas inform\u00e1ticos utilizados para el funcionamiento de este sitio web adquieren, durante el funcionamiento del propio sitio, algunos datos personales cuya transmisi\u00f3n es impl\u00edcita en el uso de los protocolos de comunicaci\u00f3n de Internet. Tales datos no son recogidos voluntariamente por Ing. O. Fiorentini para ser asociados a sujetos identificados, sino que, por su naturaleza, podr\u00edan permitir identificar a los usuarios mediante elaboraciones y asociaciones con otros datos en poder de terceros; tal eventual identificaci\u00f3n no es requerida ni es controlable por Ing. O. Fiorentini. Forman parte de tales datos: direcciones IP o nombres de dominio de los ordenadores utilizados por los usuarios que se conectan al sitio; direcciones en notaci\u00f3n URI (Uniform Resource Identifier) de los recursos solicitados; el m\u00e9todo utilizado al presentar la solicitud al servidor; el c\u00f3digo num\u00e9rico que indica el estado de la respuesta dada por el servidor (correcto, error, etc.); la hora de la solicitud; otros par\u00e1metros relativos al sistema operativo y al entorno inform\u00e1tico del usuario. Los datos anteriores pueden ser utilizados por Ing. O. Fiorentini para elaborar informaciones estad\u00edsticas an\u00f3nimas sobre el uso del sitio y para controlar su correcto funcionamiento. Los datos podr\u00edan adem\u00e1s ser utilizados para la<\/p>\n","protected":false},"author":1,"featured_media":0,"parent":0,"menu_order":0,"comment_status":"closed","ping_status":"closed","template":"page-full-width.php","meta":{"footnotes":""},"class_list":["post-9524","page","type-page","status-publish","hentry"],"_links":{"self":[{"href":"https:\/\/fiorentinispa.com\/es\/wp-json\/wp\/v2\/pages\/9524","targetHints":{"allow":["GET"]}}],"collection":[{"href":"https:\/\/fiorentinispa.com\/es\/wp-json\/wp\/v2\/pages"}],"about":[{"href":"https:\/\/fiorentinispa.com\/es\/wp-json\/wp\/v2\/types\/page"}],"author":[{"embeddable":true,"href":"https:\/\/fiorentinispa.com\/es\/wp-json\/wp\/v2\/users\/1"}],"replies":[{"embeddable":true,"href":"https:\/\/fiorentinispa.com\/es\/wp-json\/wp\/v2\/comments?post=9524"}],"version-history":[{"count":1,"href":"https:\/\/fiorentinispa.com\/es\/wp-json\/wp\/v2\/pages\/9524\/revisions"}],"predecessor-version":[{"id":9525,"href":"https:\/\/fiorentinispa.com\/es\/wp-json\/wp\/v2\/pages\/9524\/revisions\/9525"}],"wp:attachment":[{"href":"https:\/\/fiorentinispa.com\/es\/wp-json\/wp\/v2\/media?parent=9524"}],"curies":[{"name":"wp","href":"https:\/\/api.w.org\/{rel}","templated":true}]}}