{"id":9133,"date":"2026-01-28T16:30:53","date_gmt":"2026-01-28T16:30:53","guid":{"rendered":"https:\/\/fiorentinispa.com\/product\/mh\/"},"modified":"2026-01-28T16:30:53","modified_gmt":"2026-01-28T16:30:53","slug":"mh","status":"publish","type":"product","link":"https:\/\/fiorentinispa.com\/es\/producto\/mh\/","title":{"rendered":"MH"},"content":{"rendered":"","protected":false},"excerpt":{"rendered":"<p>Las hidrolimpiadoras de agua caliente Fiorentini de la serie MH pertenecen a la gama alta de la categor\u00eda intermedia y est\u00e1n dise\u00f1adas para un uso profesional. Las calderas y los motores el\u00e9ctricos de alto rendimiento, equipados con acoplamiento el\u00e1stico y fabricados directamente por Fiorentini, garantizan bajos consumos y emisiones, asegurando a su vez altas prestaciones. La rueda delantera giratoria facilita su desplazamiento. Uso recomendado: Lavaderos de coches,<br \/>\ntalleres, agricultura, etc.   <\/p>\n<p><a class=\"fio-btn-minimal\" href=\"https:\/\/fiorentinispa.com\/wp-content\/uploads\/2026\/02\/MH-PROFESSIONAL.pdf\" download=\"\"><br \/>\nDESCARGAR FOLLETO<br \/>\n<\/a><\/p>\n","protected":false},"featured_media":7617,"template":"","meta":[],"product_cat":[201],"product_tag":[],"class_list":{"0":"post-9133","1":"product","2":"type-product","3":"status-publish","4":"has-post-thumbnail","6":"product_cat-hidrolimpiadoras","8":"first","9":"instock","10":"shipping-taxable","11":"product-type-simple"},"_links":{"self":[{"href":"https:\/\/fiorentinispa.com\/es\/wp-json\/wp\/v2\/product\/9133","targetHints":{"allow":["GET"]}}],"collection":[{"href":"https:\/\/fiorentinispa.com\/es\/wp-json\/wp\/v2\/product"}],"about":[{"href":"https:\/\/fiorentinispa.com\/es\/wp-json\/wp\/v2\/types\/product"}],"wp:featuredmedia":[{"embeddable":true,"href":"https:\/\/fiorentinispa.com\/es\/wp-json\/wp\/v2\/media\/7617"}],"wp:attachment":[{"href":"https:\/\/fiorentinispa.com\/es\/wp-json\/wp\/v2\/media?parent=9133"}],"wp:term":[{"taxonomy":"product_cat","embeddable":true,"href":"https:\/\/fiorentinispa.com\/es\/wp-json\/wp\/v2\/product_cat?post=9133"},{"taxonomy":"product_tag","embeddable":true,"href":"https:\/\/fiorentinispa.com\/es\/wp-json\/wp\/v2\/product_tag?post=9133"}],"curies":[{"name":"wp","href":"https:\/\/api.w.org\/{rel}","templated":true}]}}