{"id":9140,"date":"2026-01-14T19:24:38","date_gmt":"2026-01-14T19:24:38","guid":{"rendered":"https:\/\/fiorentinispa.com\/product\/junior-vapor\/"},"modified":"2026-01-14T19:24:38","modified_gmt":"2026-01-14T19:24:38","slug":"junior-vapor","status":"publish","type":"product","link":"https:\/\/fiorentinispa.com\/es\/producto\/junior-vapor\/","title":{"rendered":"Junior Vapor"},"content":{"rendered":"","protected":false},"excerpt":{"rendered":"<p>Vapor y aspiraci\u00f3n en una sola m\u00e1quina.<br \/>\nGenerador de vapor con aspiraci\u00f3n integrada para s\u00f3lidos y l\u00edquidos, dise\u00f1ado para la limpieza profesional intensiva.<br \/>\nCombina 6 bar de presi\u00f3n, 165 \u00b0C, dep\u00f3sito de acero inoxidable y vapor\/aspiraci\u00f3n simult\u00e1nea para higienizar, aspirar y secar en un solo paso, incluso en entornos complejos como hosteler\u00eda, restauraci\u00f3n y sanidad.<\/p>\n<p><a class=\"fio-btn-minimal\" href=\"https:\/\/fiorentinispa.com\/wp-content\/uploads\/2026\/02\/JuniorVapor_SchedaTecnica_IT_compressed.pdf\" download=\"\"><br \/>\nDESCARGAR FOLLETO<br \/>\n<\/a><\/p>\n","protected":false},"featured_media":7354,"template":"","meta":[],"product_cat":[198],"product_tag":[],"class_list":{"0":"post-9140","1":"product","2":"type-product","3":"status-publish","4":"has-post-thumbnail","6":"product_cat-maquinas-de-vapor","8":"first","9":"instock","10":"shipping-taxable","11":"product-type-simple"},"_links":{"self":[{"href":"https:\/\/fiorentinispa.com\/es\/wp-json\/wp\/v2\/product\/9140","targetHints":{"allow":["GET"]}}],"collection":[{"href":"https:\/\/fiorentinispa.com\/es\/wp-json\/wp\/v2\/product"}],"about":[{"href":"https:\/\/fiorentinispa.com\/es\/wp-json\/wp\/v2\/types\/product"}],"wp:featuredmedia":[{"embeddable":true,"href":"https:\/\/fiorentinispa.com\/es\/wp-json\/wp\/v2\/media\/7354"}],"wp:attachment":[{"href":"https:\/\/fiorentinispa.com\/es\/wp-json\/wp\/v2\/media?parent=9140"}],"wp:term":[{"taxonomy":"product_cat","embeddable":true,"href":"https:\/\/fiorentinispa.com\/es\/wp-json\/wp\/v2\/product_cat?post=9140"},{"taxonomy":"product_tag","embeddable":true,"href":"https:\/\/fiorentinispa.com\/es\/wp-json\/wp\/v2\/product_tag?post=9140"}],"curies":[{"name":"wp","href":"https:\/\/api.w.org\/{rel}","templated":true}]}}