{"id":9166,"date":"2026-01-23T14:22:30","date_gmt":"2026-01-23T14:22:30","guid":{"rendered":"https:\/\/fiorentinispa.com\/product\/sx500-ac\/"},"modified":"2026-01-23T14:22:30","modified_gmt":"2026-01-23T14:22:30","slug":"sx500-ac","status":"publish","type":"product","link":"https:\/\/fiorentinispa.com\/es\/producto\/sx500-ac\/","title":{"rendered":"SX500 AC"},"content":{"rendered":"","protected":false},"excerpt":{"rendered":"<h3><strong>capacidad de arrastre 500 kg<\/strong><\/h3>\n<h3>El confort unido a la fuerza, bajo el signo de la productividad<\/h3>\n<p><strong>Para quienes deseen un veh\u00edculo de arrastre de conductor de pie, totalmente amortiguado.<\/strong><\/p>\n<p>El tractor SX500 es un aut\u00e9ntico tractor el\u00e9ctrico, ideado para permitir al operario desplazarse por grandes superficies industriales, dise\u00f1ado y fabricado para transportar a una persona y una carga (m\u00e1x. 500 kg) de forma eficaz y segura.<\/p>\n<p><a class=\"fio-btn-minimal\" href=\"https:\/\/fiorentinispa.com\/wp-content\/uploads\/2026\/02\/depliant-sx500ac.pdf\" download=\"\"><br \/>\nDESCARGAR CAT\u00c1LOGO<br \/>\n<\/a><\/p>\n<p><iframe title=\"Reproductor de v\u00eddeo de YouTube\" src=\"https:\/\/www.youtube.com\/embed\/5dUY6Nj13D4?si=b8CPJU5836B4X645\" width=\"560\" height=\"315\" frameborder=\"0\" allowfullscreen=\"allowfullscreen\"><\/iframe><\/p>\n","protected":false},"featured_media":7373,"template":"","meta":[],"product_cat":[197],"product_tag":[],"class_list":{"0":"post-9166","1":"product","2":"type-product","3":"status-publish","4":"has-post-thumbnail","6":"product_cat-tractores-de-arrastre","8":"first","9":"instock","10":"shipping-taxable","11":"product-type-simple"},"_links":{"self":[{"href":"https:\/\/fiorentinispa.com\/es\/wp-json\/wp\/v2\/product\/9166","targetHints":{"allow":["GET"]}}],"collection":[{"href":"https:\/\/fiorentinispa.com\/es\/wp-json\/wp\/v2\/product"}],"about":[{"href":"https:\/\/fiorentinispa.com\/es\/wp-json\/wp\/v2\/types\/product"}],"wp:featuredmedia":[{"embeddable":true,"href":"https:\/\/fiorentinispa.com\/es\/wp-json\/wp\/v2\/media\/7373"}],"wp:attachment":[{"href":"https:\/\/fiorentinispa.com\/es\/wp-json\/wp\/v2\/media?parent=9166"}],"wp:term":[{"taxonomy":"product_cat","embeddable":true,"href":"https:\/\/fiorentinispa.com\/es\/wp-json\/wp\/v2\/product_cat?post=9166"},{"taxonomy":"product_tag","embeddable":true,"href":"https:\/\/fiorentinispa.com\/es\/wp-json\/wp\/v2\/product_tag?post=9166"}],"curies":[{"name":"wp","href":"https:\/\/api.w.org\/{rel}","templated":true}]}}