{"id":9168,"date":"2026-01-12T11:54:36","date_gmt":"2026-01-12T11:54:36","guid":{"rendered":"https:\/\/fiorentinispa.com\/product\/beetle\/"},"modified":"2026-01-12T11:54:36","modified_gmt":"2026-01-12T11:54:36","slug":"beetle","status":"publish","type":"product","link":"https:\/\/fiorentinispa.com\/es\/producto\/beetle\/","title":{"rendered":"Beetle"},"content":{"rendered":"","protected":false},"excerpt":{"rendered":"<p>Barredora aut\u00f3noma de alto rendimiento, dise\u00f1ada para la limpieza eficiente de grandes superficies industriales. Para uso en interiores y exteriores. <\/p>\n<p>Gracias a la navegaci\u00f3n LiDAR 3D, a la inteligencia artificial y a un potente sistema de aspiraci\u00f3n con filtraci\u00f3n HEPA, garantiza una alta productividad, seguridad operativa y autonom\u00eda prolongada, incluso en entornos complejos y muy din\u00e1micos.<\/p>\n<p><a class=\"fio-btn-minimal\" href=\"https:\/\/fiorentinispa.com\/wp-content\/uploads\/2026\/02\/BEETLE-scheda-tecnica.pdf\" download=\"\"><br \/>\nDESCARGAR FOLLETO<br \/>\n<\/a><\/p>\n<p><iframe width=\"560\" height=\"315\" src=\"https:\/\/www.youtube.com\/embed\/e3KiIHmopJA?si=L906hMaZKXAVpsQ3\" title=\"Reproductor de v\u00eddeo de YouTube\" frameborder=\"0\" allow=\"accelerometer; autoplay; clipboard-write; encrypted-media; gyroscope; picture-in-picture; web-share\" referrerpolicy=\"strict-origin-when-cross-origin\" allowfullscreen=\"\"><\/iframe><\/p>\n","protected":false},"featured_media":7344,"template":"","meta":[],"product_cat":[202],"product_tag":[],"class_list":{"0":"post-9168","1":"product","2":"type-product","3":"status-publish","4":"has-post-thumbnail","6":"product_cat-maquinas-autonomas","8":"first","9":"instock","10":"shipping-taxable","11":"product-type-simple"},"_links":{"self":[{"href":"https:\/\/fiorentinispa.com\/es\/wp-json\/wp\/v2\/product\/9168","targetHints":{"allow":["GET"]}}],"collection":[{"href":"https:\/\/fiorentinispa.com\/es\/wp-json\/wp\/v2\/product"}],"about":[{"href":"https:\/\/fiorentinispa.com\/es\/wp-json\/wp\/v2\/types\/product"}],"wp:featuredmedia":[{"embeddable":true,"href":"https:\/\/fiorentinispa.com\/es\/wp-json\/wp\/v2\/media\/7344"}],"wp:attachment":[{"href":"https:\/\/fiorentinispa.com\/es\/wp-json\/wp\/v2\/media?parent=9168"}],"wp:term":[{"taxonomy":"product_cat","embeddable":true,"href":"https:\/\/fiorentinispa.com\/es\/wp-json\/wp\/v2\/product_cat?post=9168"},{"taxonomy":"product_tag","embeddable":true,"href":"https:\/\/fiorentinispa.com\/es\/wp-json\/wp\/v2\/product_tag?post=9168"}],"curies":[{"name":"wp","href":"https:\/\/api.w.org\/{rel}","templated":true}]}}