{"id":9194,"date":"2025-02-04T09:28:16","date_gmt":"2025-02-04T09:28:16","guid":{"rendered":"https:\/\/fiorentinispa.com\/product\/s-150\/"},"modified":"2025-02-04T09:28:16","modified_gmt":"2025-02-04T09:28:16","slug":"s-150","status":"publish","type":"product","link":"https:\/\/fiorentinispa.com\/es\/producto\/s-150\/","title":{"rendered":"S 150"},"content":{"rendered":"","protected":false},"excerpt":{"rendered":"<p>Barredora de calles muy robusta y vers\u00e1til para diferentes tipos de trabajos, como la aspiraci\u00f3n de residuos gracias al tubo de aspiraci\u00f3n, hidrolimpiadora para limpiar esquinas y puntos de dif\u00edcil acceso, disponible con 2 cepillos o tambi\u00e9n con un tercer brazo m\u00f3vil.<\/p>\n<p>rendimiento horario: 15 000 \u2013 24 000 m\u00b2\/h<br \/>\ncapacidad del contenedor de residuos: 1000 L<br \/>\npendiente m\u00e1x.: 25 %<br \/>\nvelocidad de avance: 0-30 km\/h<br \/>\naltura de descarga: 1520 mm<\/p>\n<p><a class=\"fio-btn-minimal\" href=\"https:\/\/fiorentinispa.com\/wp-content\/uploads\/2026\/02\/S-150-DEPLIANT.pdf\" download=\"\"><br \/>\nDESCARGAR FOLLETO<br \/>\n<\/a><br \/>\n<br \/><iframe width=\"560\" height=\"315\" src=\"https:\/\/www.youtube.com\/embed\/1-fR7T6oq5U?si=XLY_WQmk7H7plKFI\" title=\"Reproductor de v\u00eddeo de YouTube\" frameborder=\"0\" allow=\"accelerometer; autoplay; clipboard-write; encrypted-media; gyroscope; picture-in-picture; web-share\" referrerpolicy=\"strict-origin-when-cross-origin\" allowfullscreen=\"\"><\/iframe><\/p>\n","protected":false},"featured_media":7365,"template":"","meta":[],"product_cat":[203],"product_tag":[],"class_list":{"0":"post-9194","1":"product","2":"type-product","3":"status-publish","4":"has-post-thumbnail","6":"product_cat-maquinaria-para-la-limpieza-urbana","8":"first","9":"instock","10":"shipping-taxable","11":"product-type-simple"},"_links":{"self":[{"href":"https:\/\/fiorentinispa.com\/es\/wp-json\/wp\/v2\/product\/9194","targetHints":{"allow":["GET"]}}],"collection":[{"href":"https:\/\/fiorentinispa.com\/es\/wp-json\/wp\/v2\/product"}],"about":[{"href":"https:\/\/fiorentinispa.com\/es\/wp-json\/wp\/v2\/types\/product"}],"wp:featuredmedia":[{"embeddable":true,"href":"https:\/\/fiorentinispa.com\/es\/wp-json\/wp\/v2\/media\/7365"}],"wp:attachment":[{"href":"https:\/\/fiorentinispa.com\/es\/wp-json\/wp\/v2\/media?parent=9194"}],"wp:term":[{"taxonomy":"product_cat","embeddable":true,"href":"https:\/\/fiorentinispa.com\/es\/wp-json\/wp\/v2\/product_cat?post=9194"},{"taxonomy":"product_tag","embeddable":true,"href":"https:\/\/fiorentinispa.com\/es\/wp-json\/wp\/v2\/product_tag?post=9194"}],"curies":[{"name":"wp","href":"https:\/\/api.w.org\/{rel}","templated":true}]}}