{"id":9205,"date":"2025-02-04T09:10:32","date_gmt":"2025-02-04T09:10:32","guid":{"rendered":"https:\/\/fiorentinispa.com\/product\/mini-sweeper\/"},"modified":"2025-02-04T09:10:32","modified_gmt":"2025-02-04T09:10:32","slug":"mini-sweeper","status":"publish","type":"product","link":"https:\/\/fiorentinispa.com\/es\/producto\/mini-sweeper\/","title":{"rendered":"MINI SWEEPER"},"content":{"rendered":"","protected":false},"excerpt":{"rendered":"<p>Barredora extremadamente \u00e1gil y compacta, combina caracter\u00edsticas de alta potencia y versatilidad para satisfacer las necesidades de limpieza en espacios interiores reducidos, as\u00ed como en ambientes exteriores como aparcamientos.<\/p>\n<p>rendimiento horario: 4200 m\u00b2\/h<br \/>\ncapacidad del contenedor de residuos: 33 l<br \/>\nvelocidad de avance: 0-6 km\/h<\/p>\n<p><a class=\"fio-btn-minimal\" href=\"https:\/\/fiorentinispa.com\/wp-content\/uploads\/2026\/02\/mini_sweeper.pdf\" download=\"\"><br \/>\nDESCARGAR FOLLETO<br \/>\n<\/a><br \/>\n<br \/><iframe width=\"560\" height=\"315\" src=\"https:\/\/www.youtube.com\/embed\/-C20DJtoobc?si=BXEcAjHs1dlA3_a0\" title=\"Reproductor de v\u00eddeo de YouTube\" frameborder=\"0\" allow=\"accelerometer; autoplay; clipboard-write; encrypted-media; gyroscope; picture-in-picture; web-share\" referrerpolicy=\"strict-origin-when-cross-origin\" allowfullscreen=\"\"><\/iframe><\/p>\n","protected":false},"featured_media":7357,"template":"","meta":[],"product_cat":[204],"product_tag":[],"class_list":{"0":"post-9205","1":"product","2":"type-product","3":"status-publish","4":"has-post-thumbnail","6":"product_cat-barredoras-de-conductor-sentado","8":"first","9":"instock","10":"shipping-taxable","11":"product-type-simple"},"_links":{"self":[{"href":"https:\/\/fiorentinispa.com\/es\/wp-json\/wp\/v2\/product\/9205","targetHints":{"allow":["GET"]}}],"collection":[{"href":"https:\/\/fiorentinispa.com\/es\/wp-json\/wp\/v2\/product"}],"about":[{"href":"https:\/\/fiorentinispa.com\/es\/wp-json\/wp\/v2\/types\/product"}],"wp:featuredmedia":[{"embeddable":true,"href":"https:\/\/fiorentinispa.com\/es\/wp-json\/wp\/v2\/media\/7357"}],"wp:attachment":[{"href":"https:\/\/fiorentinispa.com\/es\/wp-json\/wp\/v2\/media?parent=9205"}],"wp:term":[{"taxonomy":"product_cat","embeddable":true,"href":"https:\/\/fiorentinispa.com\/es\/wp-json\/wp\/v2\/product_cat?post=9205"},{"taxonomy":"product_tag","embeddable":true,"href":"https:\/\/fiorentinispa.com\/es\/wp-json\/wp\/v2\/product_tag?post=9205"}],"curies":[{"name":"wp","href":"https:\/\/api.w.org\/{rel}","templated":true}]}}