{"id":9245,"date":"2025-02-04T09:05:43","date_gmt":"2025-02-04T09:05:43","guid":{"rendered":"https:\/\/fiorentinispa.com\/product\/carpet-650\/"},"modified":"2025-02-04T09:05:43","modified_gmt":"2025-02-04T09:05:43","slug":"carpet-650","status":"publish","type":"product","link":"https:\/\/fiorentinispa.com\/es\/producto\/carpet-650\/","title":{"rendered":"CARPET 650"},"content":{"rendered":"","protected":false},"excerpt":{"rendered":"<p>Barredora muy \u00e1gil y fiable, adecuada para espacios peque\u00f1os como hoteles, centros comerciales y peque\u00f1os jardines.<\/p>\n<p>rendimiento horario: 2000 m\u00b2\/h<br \/>\nautonom\u00eda de la m\u00e1quina: 2 h<br \/>\ncapacidad del dep\u00f3sito de residuos: 38 l<br \/>\nvelocidad de avance: 0-5 km\/h<\/p>\n<p><a class=\"fio-btn-minimal\" href=\"https:\/\/fiorentinispa.com\/wp-content\/uploads\/2026\/02\/carpet_650.pdf\" download=\"\"><br \/>\nDESCARGAR FOLLETO<br \/>\n<\/a><br \/>\n<br \/><iframe width=\"560\" height=\"315\" src=\"https:\/\/www.youtube.com\/embed\/3vbXXNzEoDI?si=rw7khwCSbSzXdA7p\" title=\"Reproductor de v\u00eddeo de YouTube\" frameborder=\"0\" allow=\"accelerometer; autoplay; clipboard-write; encrypted-media; gyroscope; picture-in-picture; web-share\" referrerpolicy=\"strict-origin-when-cross-origin\" allowfullscreen=\"\"><\/iframe><\/p>\n","protected":false},"featured_media":7336,"template":"","meta":[],"product_cat":[206,200],"product_tag":[],"class_list":{"0":"post-9245","1":"product","2":"type-product","3":"status-publish","4":"has-post-thumbnail","6":"product_cat-barredoras-de-conductor-acompanante","7":"product_cat-lavasuperficies-textiles","9":"first","10":"instock","11":"shipping-taxable","12":"product-type-simple"},"_links":{"self":[{"href":"https:\/\/fiorentinispa.com\/es\/wp-json\/wp\/v2\/product\/9245","targetHints":{"allow":["GET"]}}],"collection":[{"href":"https:\/\/fiorentinispa.com\/es\/wp-json\/wp\/v2\/product"}],"about":[{"href":"https:\/\/fiorentinispa.com\/es\/wp-json\/wp\/v2\/types\/product"}],"wp:featuredmedia":[{"embeddable":true,"href":"https:\/\/fiorentinispa.com\/es\/wp-json\/wp\/v2\/media\/7336"}],"wp:attachment":[{"href":"https:\/\/fiorentinispa.com\/es\/wp-json\/wp\/v2\/media?parent=9245"}],"wp:term":[{"taxonomy":"product_cat","embeddable":true,"href":"https:\/\/fiorentinispa.com\/es\/wp-json\/wp\/v2\/product_cat?post=9245"},{"taxonomy":"product_tag","embeddable":true,"href":"https:\/\/fiorentinispa.com\/es\/wp-json\/wp\/v2\/product_tag?post=9245"}],"curies":[{"name":"wp","href":"https:\/\/api.w.org\/{rel}","templated":true}]}}