{"id":9253,"date":"2025-02-04T09:01:12","date_gmt":"2025-02-04T09:01:12","guid":{"rendered":"https:\/\/fiorentinispa.com\/product\/i-115\/"},"modified":"2025-02-04T09:01:12","modified_gmt":"2025-02-04T09:01:12","slug":"i-115","status":"publish","type":"product","link":"https:\/\/fiorentinispa.com\/es\/producto\/i-115\/","title":{"rendered":"I 115"},"content":{"rendered":"","protected":false},"excerpt":{"rendered":"<p>M\u00e1quina \u00fanica en su g\u00e9nero, dise\u00f1ada para ofrecerle lo mejor como fregadora o<br \/>\nbarredora, muy robusta, de larga duraci\u00f3n, muy \u00e1gil, ideal para ambientes muy grandes, eficaz en suelos muy sucios, como centros comerciales, empresas, aeropuertos y almacenes industriales.<\/p>\n<p>rendimiento horario: 6900-8050 m\u00b2\/h<br \/>\nautonom\u00eda m\u00e1quina: 3 h<br \/>\ncapacidad dep\u00f3sito: 210 L<br \/>\nvelocidad de avance: 0-6 km\/h<\/p>\n<p><a class=\"fio-btn-minimal\" href=\"https:\/\/fiorentinispa.com\/wp-content\/uploads\/2026\/02\/115.pdf\" download=\"\"><br \/>\nDESCARGAR FOLLETO<br \/>\n<\/a><br \/>\n<br \/><iframe width=\"560\" height=\"315\" src=\"https:\/\/www.youtube.com\/embed\/uiXvktTEJCA?si=gs1S_LA30UiCa5ZV\" title=\"Reproductor de v\u00eddeo de YouTube\" frameborder=\"0\" allow=\"accelerometer; autoplay; clipboard-write; encrypted-media; gyroscope; picture-in-picture; web-share\" referrerpolicy=\"strict-origin-when-cross-origin\" allowfullscreen=\"\"><\/iframe><\/p>\n","protected":false},"featured_media":7350,"template":"","meta":[],"product_cat":[207],"product_tag":[],"class_list":{"0":"post-9253","1":"product","2":"type-product","3":"status-publish","4":"has-post-thumbnail","6":"product_cat-fregadora-de-conductor-a-bordo","8":"first","9":"instock","10":"shipping-taxable","11":"product-type-simple"},"_links":{"self":[{"href":"https:\/\/fiorentinispa.com\/es\/wp-json\/wp\/v2\/product\/9253","targetHints":{"allow":["GET"]}}],"collection":[{"href":"https:\/\/fiorentinispa.com\/es\/wp-json\/wp\/v2\/product"}],"about":[{"href":"https:\/\/fiorentinispa.com\/es\/wp-json\/wp\/v2\/types\/product"}],"wp:featuredmedia":[{"embeddable":true,"href":"https:\/\/fiorentinispa.com\/es\/wp-json\/wp\/v2\/media\/7350"}],"wp:attachment":[{"href":"https:\/\/fiorentinispa.com\/es\/wp-json\/wp\/v2\/media?parent=9253"}],"wp:term":[{"taxonomy":"product_cat","embeddable":true,"href":"https:\/\/fiorentinispa.com\/es\/wp-json\/wp\/v2\/product_cat?post=9253"},{"taxonomy":"product_tag","embeddable":true,"href":"https:\/\/fiorentinispa.com\/es\/wp-json\/wp\/v2\/product_tag?post=9253"}],"curies":[{"name":"wp","href":"https:\/\/api.w.org\/{rel}","templated":true}]}}