{"id":9283,"date":"2025-02-03T19:05:45","date_gmt":"2025-02-03T19:05:45","guid":{"rendered":"https:\/\/fiorentinispa.com\/product\/giampy\/"},"modified":"2025-02-03T19:05:45","modified_gmt":"2025-02-03T19:05:45","slug":"giampy","status":"publish","type":"product","link":"https:\/\/fiorentinispa.com\/es\/producto\/giampy\/","title":{"rendered":"GIAMPY"},"content":{"rendered":"","protected":false},"excerpt":{"rendered":"<p>La l\u00ednea Giampy de Ing. Fiorentini spa es una de las gamas m\u00e1s completas y eficaces, adapt\u00e1ndose a cualquier nivel de suciedad. Est\u00e1 disponible en 4 versiones para satisfacer al cliente m\u00e1s exigente: monocepillo, con 2 cepillos, con rodillo y, para la suciedad m\u00e1s persistente, la versi\u00f3n orbital.<\/p>\n<p>La Giampy es una m\u00e1quina muy fiable y vers\u00e1til que, gracias a sus dimensiones reducidas, se adapta a m\u00faltiples entornos de trabajo como supermercados, hospitales, oficinas o almacenes.<\/p>\n<p>rendimiento horario: 2000 m\u00b2\/h<br \/>\nautonom\u00eda: 4 h<br \/>\ncapacidad del dep\u00f3sito: 50 l<br \/>\nvelocidad de avance: 0-4 km\/h<\/p>\n<p><a class=\"fio-btn-minimal\" href=\"https:\/\/fiorentinispa.com\/wp-content\/uploads\/2026\/02\/GIAMPY.pdf\" download=\"\"><br \/>\nDESCARGAR FOLLETO<br \/>\n<\/a><br \/>\n<br \/><iframe width=\"560\" height=\"315\" src=\"https:\/\/www.youtube.com\/embed\/CqrSufeBxVI?si=w51UrZCLPSyftWcP\" title=\"Reproductor de v\u00eddeo de YouTube\" frameborder=\"0\" allow=\"accelerometer; autoplay; clipboard-write; encrypted-media; gyroscope; picture-in-picture; web-share\" referrerpolicy=\"strict-origin-when-cross-origin\" allowfullscreen=\"\"><\/iframe><\/p>\n","protected":false},"featured_media":7346,"template":"","meta":[],"product_cat":[208],"product_tag":[],"class_list":{"0":"post-9283","1":"product","2":"type-product","3":"status-publish","4":"has-post-thumbnail","6":"product_cat-fregadora-de-pavimentos-de-conductor-acompanante","8":"first","9":"instock","10":"shipping-taxable","11":"product-type-simple"},"_links":{"self":[{"href":"https:\/\/fiorentinispa.com\/es\/wp-json\/wp\/v2\/product\/9283","targetHints":{"allow":["GET"]}}],"collection":[{"href":"https:\/\/fiorentinispa.com\/es\/wp-json\/wp\/v2\/product"}],"about":[{"href":"https:\/\/fiorentinispa.com\/es\/wp-json\/wp\/v2\/types\/product"}],"wp:featuredmedia":[{"embeddable":true,"href":"https:\/\/fiorentinispa.com\/es\/wp-json\/wp\/v2\/media\/7346"}],"wp:attachment":[{"href":"https:\/\/fiorentinispa.com\/es\/wp-json\/wp\/v2\/media?parent=9283"}],"wp:term":[{"taxonomy":"product_cat","embeddable":true,"href":"https:\/\/fiorentinispa.com\/es\/wp-json\/wp\/v2\/product_cat?post=9283"},{"taxonomy":"product_tag","embeddable":true,"href":"https:\/\/fiorentinispa.com\/es\/wp-json\/wp\/v2\/product_tag?post=9283"}],"curies":[{"name":"wp","href":"https:\/\/api.w.org\/{rel}","templated":true}]}}