{"id":9324,"date":"2025-02-04T08:30:07","date_gmt":"2025-02-04T08:30:07","guid":{"rendered":"https:\/\/fiorentinispa.com\/product\/ecostar\/"},"modified":"2025-02-04T08:30:07","modified_gmt":"2025-02-04T08:30:07","slug":"ecostar","status":"publish","type":"product","link":"https:\/\/fiorentinispa.com\/es\/producto\/ecostar\/","title":{"rendered":"ECOSTAR"},"content":{"rendered":"","protected":false},"excerpt":{"rendered":"<p>M\u00e1quina muy fiable ideal para espacios medianos-grandes, gracias a su excelente autonom\u00eda y capacidad del dep\u00f3sito.<\/p>\n<p>rendimiento horario: 2750 m\u00b2\/h<br \/>\nautonom\u00eda m\u00e1quina: 5 h<br \/>\ncapacidad dep\u00f3sito: 90 L<br \/>\nvelocidad de avance: 0-4 km\/h<\/p>\n<p><a class=\"fio-btn-minimal\" href=\"https:\/\/fiorentinispa.com\/wp-content\/uploads\/2026\/02\/ecostar.pdf\" download=\"\"><br \/>\nDESCARGAR FOLLETO<br \/>\n<\/a><br \/>\n<br \/><iframe width=\"560\" height=\"315\" src=\"https:\/\/www.youtube.com\/embed\/8wyCmG82h58?si=jlgT6ruzpcq2ll3n\" title=\"Reproductor de v\u00eddeo de YouTube\" frameborder=\"0\" allow=\"accelerometer; autoplay; clipboard-write; encrypted-media; gyroscope; picture-in-picture; web-share\" referrerpolicy=\"strict-origin-when-cross-origin\" allowfullscreen=\"\"><\/iframe><\/p>\n","protected":false},"featured_media":7341,"template":"","meta":[],"product_cat":[207],"product_tag":[],"class_list":{"0":"post-9324","1":"product","2":"type-product","3":"status-publish","4":"has-post-thumbnail","6":"product_cat-fregadora-de-conductor-a-bordo","8":"first","9":"instock","10":"shipping-taxable","11":"product-type-simple"},"_links":{"self":[{"href":"https:\/\/fiorentinispa.com\/es\/wp-json\/wp\/v2\/product\/9324","targetHints":{"allow":["GET"]}}],"collection":[{"href":"https:\/\/fiorentinispa.com\/es\/wp-json\/wp\/v2\/product"}],"about":[{"href":"https:\/\/fiorentinispa.com\/es\/wp-json\/wp\/v2\/types\/product"}],"wp:featuredmedia":[{"embeddable":true,"href":"https:\/\/fiorentinispa.com\/es\/wp-json\/wp\/v2\/media\/7341"}],"wp:attachment":[{"href":"https:\/\/fiorentinispa.com\/es\/wp-json\/wp\/v2\/media?parent=9324"}],"wp:term":[{"taxonomy":"product_cat","embeddable":true,"href":"https:\/\/fiorentinispa.com\/es\/wp-json\/wp\/v2\/product_cat?post=9324"},{"taxonomy":"product_tag","embeddable":true,"href":"https:\/\/fiorentinispa.com\/es\/wp-json\/wp\/v2\/product_tag?post=9324"}],"curies":[{"name":"wp","href":"https:\/\/api.w.org\/{rel}","templated":true}]}}