{"id":9341,"date":"2025-02-03T19:13:10","date_gmt":"2025-02-03T19:13:10","guid":{"rendered":"https:\/\/fiorentinispa.com\/product\/ecosmall\/"},"modified":"2025-02-03T19:13:10","modified_gmt":"2025-02-03T19:13:10","slug":"ecosmall","status":"publish","type":"product","link":"https:\/\/fiorentinispa.com\/es\/producto\/ecosmall\/","title":{"rendered":"ECOSMALL"},"content":{"rendered":"","protected":false},"excerpt":{"rendered":"<p>La Ecosmall de Ing. Fiorentini spa es una l\u00ednea de fregadoras de suelos de conductor a pie, dise\u00f1ada tambi\u00e9n para trabajar en espacios relativamente estrechos pero con una gran capacidad de dep\u00f3sito, disponible en 3 versiones: monocepillo, con 2 cepillos y la versi\u00f3n de rodillo, es una m\u00e1quina muy eficiente, robusta y fiable.<\/p>\n<p>rendimiento horario: 3250 m\u00b2\/h<br \/>\nautonom\u00eda m\u00e1quina: 3:30 h<br \/>\ncapacidad dep\u00f3sito: 70 l<br \/>\nvelocidad de avance: 0-5 km\/h<\/p>\n<p><a class=\"fio-btn-minimal\" href=\"https:\/\/fiorentinispa.com\/wp-content\/uploads\/2026\/02\/ecosmall.pdf\" download=\"\"><br \/>\nDESCARGAR FOLLETO<br \/>\n<\/a><br \/>\n<br \/><iframe width=\"560\" height=\"315\" src=\"https:\/\/www.youtube.com\/embed\/h6bAbUKodoI?si=agfKrfrO6ZrUgCPv\" title=\"Reproductor de v\u00eddeo de YouTube\" frameborder=\"0\" allow=\"accelerometer; autoplay; clipboard-write; encrypted-media; gyroscope; picture-in-picture; web-share\" referrerpolicy=\"strict-origin-when-cross-origin\" allowfullscreen=\"\"><\/iframe><\/p>\n","protected":false},"featured_media":7339,"template":"","meta":[],"product_cat":[208],"product_tag":[],"class_list":{"0":"post-9341","1":"product","2":"type-product","3":"status-publish","4":"has-post-thumbnail","6":"product_cat-fregadora-de-pavimentos-de-conductor-acompanante","8":"first","9":"instock","10":"shipping-taxable","11":"product-type-simple"},"_links":{"self":[{"href":"https:\/\/fiorentinispa.com\/es\/wp-json\/wp\/v2\/product\/9341","targetHints":{"allow":["GET"]}}],"collection":[{"href":"https:\/\/fiorentinispa.com\/es\/wp-json\/wp\/v2\/product"}],"about":[{"href":"https:\/\/fiorentinispa.com\/es\/wp-json\/wp\/v2\/types\/product"}],"wp:featuredmedia":[{"embeddable":true,"href":"https:\/\/fiorentinispa.com\/es\/wp-json\/wp\/v2\/media\/7339"}],"wp:attachment":[{"href":"https:\/\/fiorentinispa.com\/es\/wp-json\/wp\/v2\/media?parent=9341"}],"wp:term":[{"taxonomy":"product_cat","embeddable":true,"href":"https:\/\/fiorentinispa.com\/es\/wp-json\/wp\/v2\/product_cat?post=9341"},{"taxonomy":"product_tag","embeddable":true,"href":"https:\/\/fiorentinispa.com\/es\/wp-json\/wp\/v2\/product_tag?post=9341"}],"curies":[{"name":"wp","href":"https:\/\/api.w.org\/{rel}","templated":true}]}}