{"id":9351,"date":"2025-02-03T19:04:55","date_gmt":"2025-02-03T19:04:55","guid":{"rendered":"https:\/\/fiorentinispa.com\/product\/i-18\/"},"modified":"2025-02-03T19:04:55","modified_gmt":"2025-02-03T19:04:55","slug":"i-18","status":"publish","type":"product","link":"https:\/\/fiorentinispa.com\/es\/producto\/i-18\/","title":{"rendered":"I 18"},"content":{"rendered":"","protected":false},"excerpt":{"rendered":"<p>La l\u00ednea de fregadoras de pavimentos de conductor acompa\u00f1ante I 18 de Ing. Fiorentini spa se adapta a m\u00faltiples entornos de trabajo; es muy fiable e ideal para espacios reducidos, como peque\u00f1os centros comerciales, escuelas o empresas. Est\u00e1 disponible con una o dos cepillos, as\u00ed como con cepillo orbital para suciedad muy resistente.<\/p>\n<p>rendimiento horario: 1800 m\u00b2\/h<br \/>\nautonom\u00eda de la m\u00e1quina: 3 h<br \/>\ncapacidad del dep\u00f3sito: 30 l<br \/>\nvelocidad de avance: 0-4 km\/h<\/p>\n<p><a class=\"fio-btn-minimal\" href=\"https:\/\/fiorentinispa.com\/wp-content\/uploads\/2026\/02\/I18.pdf\" download=\"\"><br \/>\nDESCARGAR FOLLETO<br \/>\n<\/a><\/p>\n<p><iframe width=\"560\" height=\"315\" src=\"https:\/\/www.youtube.com\/embed\/K43vzX4YtTE?si=wH4vBw82DK4V-wHF\" title=\"Reproductor de v\u00eddeo de YouTube\" frameborder=\"0\" allow=\"accelerometer; autoplay; clipboard-write; encrypted-media; gyroscope; picture-in-picture; web-share\" referrerpolicy=\"strict-origin-when-cross-origin\" allowfullscreen=\"\"><\/iframe><\/p>\n","protected":false},"featured_media":7347,"template":"","meta":[],"product_cat":[208],"product_tag":[],"class_list":{"0":"post-9351","1":"product","2":"type-product","3":"status-publish","4":"has-post-thumbnail","6":"product_cat-fregadora-de-pavimentos-de-conductor-acompanante","8":"first","9":"instock","10":"shipping-taxable","11":"product-type-simple"},"_links":{"self":[{"href":"https:\/\/fiorentinispa.com\/es\/wp-json\/wp\/v2\/product\/9351","targetHints":{"allow":["GET"]}}],"collection":[{"href":"https:\/\/fiorentinispa.com\/es\/wp-json\/wp\/v2\/product"}],"about":[{"href":"https:\/\/fiorentinispa.com\/es\/wp-json\/wp\/v2\/types\/product"}],"wp:featuredmedia":[{"embeddable":true,"href":"https:\/\/fiorentinispa.com\/es\/wp-json\/wp\/v2\/media\/7347"}],"wp:attachment":[{"href":"https:\/\/fiorentinispa.com\/es\/wp-json\/wp\/v2\/media?parent=9351"}],"wp:term":[{"taxonomy":"product_cat","embeddable":true,"href":"https:\/\/fiorentinispa.com\/es\/wp-json\/wp\/v2\/product_cat?post=9351"},{"taxonomy":"product_tag","embeddable":true,"href":"https:\/\/fiorentinispa.com\/es\/wp-json\/wp\/v2\/product_tag?post=9351"}],"curies":[{"name":"wp","href":"https:\/\/api.w.org\/{rel}","templated":true}]}}