{"id":9360,"date":"2025-02-03T19:01:16","date_gmt":"2025-02-03T19:01:16","guid":{"rendered":"https:\/\/fiorentinispa.com\/product\/ecomini\/"},"modified":"2025-02-03T19:01:16","modified_gmt":"2025-02-03T19:01:16","slug":"ecomini","status":"publish","type":"product","link":"https:\/\/fiorentinispa.com\/es\/producto\/ecomini\/","title":{"rendered":"ECOMINI"},"content":{"rendered":"","protected":false},"excerpt":{"rendered":"<p>La Ecomini de Ing. Fiorentini S.p.A. es una fregadora de suelos de conductor acompa\u00f1ante ideal para peque\u00f1os entornos como tiendas, colegios u oficinas, tanto p\u00fablicas como sanitarias. Gracias a su maniobrabilidad, permite trabajar en espacios estrechos sin renunciar a la calidad de la limpieza; puede plegarse y transportarse f\u00e1cilmente en el maletero de un coche.<\/p>\n<p>rendimiento horario: 1720 m\u00b2\/h<br \/>\nautonom\u00eda de la m\u00e1quina: 1,5 h<br \/>\ncapacidad del dep\u00f3sito: 17 l<br \/>\nvelocidad de avance: 0-4 km\/h<\/p>\n<p><a class=\"fio-btn-minimal\" href=\"https:\/\/fiorentinispa.com\/wp-content\/uploads\/2026\/02\/ecomini.pdf\" download=\"\"><br \/>\nDESCARGAR FOLLETO<br \/>\n<\/a><br \/>\n<br \/><iframe title=\"Reproductor de v\u00eddeo de YouTube\" src=\"https:\/\/www.youtube.com\/embed\/FLwQu7M3KCU?si=mE5nhSROTQcuMJxd\" width=\"560\" height=\"315\" frameborder=\"0\" allowfullscreen=\"allowfullscreen\"><\/iframe><\/p>\n","protected":false},"featured_media":7338,"template":"","meta":[],"product_cat":[208],"product_tag":[],"class_list":{"0":"post-9360","1":"product","2":"type-product","3":"status-publish","4":"has-post-thumbnail","6":"product_cat-fregadora-de-pavimentos-de-conductor-acompanante","8":"first","9":"instock","10":"shipping-taxable","11":"product-type-simple"},"_links":{"self":[{"href":"https:\/\/fiorentinispa.com\/es\/wp-json\/wp\/v2\/product\/9360","targetHints":{"allow":["GET"]}}],"collection":[{"href":"https:\/\/fiorentinispa.com\/es\/wp-json\/wp\/v2\/product"}],"about":[{"href":"https:\/\/fiorentinispa.com\/es\/wp-json\/wp\/v2\/types\/product"}],"wp:featuredmedia":[{"embeddable":true,"href":"https:\/\/fiorentinispa.com\/es\/wp-json\/wp\/v2\/media\/7338"}],"wp:attachment":[{"href":"https:\/\/fiorentinispa.com\/es\/wp-json\/wp\/v2\/media?parent=9360"}],"wp:term":[{"taxonomy":"product_cat","embeddable":true,"href":"https:\/\/fiorentinispa.com\/es\/wp-json\/wp\/v2\/product_cat?post=9360"},{"taxonomy":"product_tag","embeddable":true,"href":"https:\/\/fiorentinispa.com\/es\/wp-json\/wp\/v2\/product_tag?post=9360"}],"curies":[{"name":"wp","href":"https:\/\/api.w.org\/{rel}","templated":true}]}}