{"id":9364,"date":"2025-02-04T08:38:23","date_gmt":"2025-02-04T08:38:23","guid":{"rendered":"https:\/\/fiorentinispa.com\/product\/ecosmile\/"},"modified":"2025-02-04T08:38:23","modified_gmt":"2025-02-04T08:38:23","slug":"ecosmile","status":"publish","type":"product","link":"https:\/\/fiorentinispa.com\/es\/producto\/ecosmile\/","title":{"rendered":"ECOSMILE"},"content":{"rendered":"","protected":false},"excerpt":{"rendered":"<p>M\u00e1quina muy fiable y manejable, ideal para espacios medianos y grandes gracias a su excelente autonom\u00eda y capacidad del dep\u00f3sito.<\/p>\n<p>rendimiento horario: 5750 m\u00b2\/h<br \/>\nautonom\u00eda de la m\u00e1quina: 5 h<br \/>\ncapacidad del dep\u00f3sito: 150 l<br \/>\nvelocidad de avance: 0-6 km\/h<\/p>\n<p><a class=\"fio-btn-minimal\" href=\"https:\/\/fiorentinispa.com\/wp-content\/uploads\/2026\/02\/ecosmile.pdf\" download=\"\"><br \/>\nDESCARGAR FOLLETO<br \/>\n<\/a><\/p>\n","protected":false},"featured_media":7340,"template":"","meta":[],"product_cat":[207],"product_tag":[],"class_list":{"0":"post-9364","1":"product","2":"type-product","3":"status-publish","4":"has-post-thumbnail","6":"product_cat-fregadora-de-conductor-a-bordo","8":"first","9":"instock","10":"shipping-taxable","11":"product-type-simple"},"_links":{"self":[{"href":"https:\/\/fiorentinispa.com\/es\/wp-json\/wp\/v2\/product\/9364","targetHints":{"allow":["GET"]}}],"collection":[{"href":"https:\/\/fiorentinispa.com\/es\/wp-json\/wp\/v2\/product"}],"about":[{"href":"https:\/\/fiorentinispa.com\/es\/wp-json\/wp\/v2\/types\/product"}],"wp:featuredmedia":[{"embeddable":true,"href":"https:\/\/fiorentinispa.com\/es\/wp-json\/wp\/v2\/media\/7340"}],"wp:attachment":[{"href":"https:\/\/fiorentinispa.com\/es\/wp-json\/wp\/v2\/media?parent=9364"}],"wp:term":[{"taxonomy":"product_cat","embeddable":true,"href":"https:\/\/fiorentinispa.com\/es\/wp-json\/wp\/v2\/product_cat?post=9364"},{"taxonomy":"product_tag","embeddable":true,"href":"https:\/\/fiorentinispa.com\/es\/wp-json\/wp\/v2\/product_tag?post=9364"}],"curies":[{"name":"wp","href":"https:\/\/api.w.org\/{rel}","templated":true}]}}