{"id":9374,"date":"2025-02-03T19:18:15","date_gmt":"2025-02-03T19:18:15","guid":{"rendered":"https:\/\/fiorentinispa.com\/product\/eco-20\/"},"modified":"2025-02-03T19:18:15","modified_gmt":"2025-02-03T19:18:15","slug":"eco-20","status":"publish","type":"product","link":"https:\/\/fiorentinispa.com\/es\/producto\/eco-20\/","title":{"rendered":"ECO 20"},"content":{"rendered":"","protected":false},"excerpt":{"rendered":"<p>La Eco 20 de Ing. Fiorentini spa es una fregadora de conductor acompa\u00f1ante, desarrollada para quienes necesitan una gran capacidad y un tama\u00f1o reducido; es muy fiable y logra limpiar incluso la suciedad m\u00e1s persistente.<\/p>\n<p>rendimiento horario: 2.000 m\u00b2\/h<br \/>\nautonom\u00eda de la m\u00e1quina: 3 h<br \/>\ncapacidad del dep\u00f3sito: 50 l<br \/>\nvelocidad de avance: 0-4 km\/h<\/p>\n<p><a class=\"fio-btn-minimal\" href=\"https:\/\/fiorentinispa.com\/wp-content\/uploads\/2026\/02\/eco_20.pdf\" download=\"\"><br \/>\nDESCARGAR FOLLETO<br \/>\n<\/a><\/p>\n","protected":false},"featured_media":7337,"template":"","meta":[],"product_cat":[208],"product_tag":[],"class_list":{"0":"post-9374","1":"product","2":"type-product","3":"status-publish","4":"has-post-thumbnail","6":"product_cat-fregadora-de-pavimentos-de-conductor-acompanante","8":"first","9":"instock","10":"shipping-taxable","11":"product-type-simple"},"_links":{"self":[{"href":"https:\/\/fiorentinispa.com\/es\/wp-json\/wp\/v2\/product\/9374","targetHints":{"allow":["GET"]}}],"collection":[{"href":"https:\/\/fiorentinispa.com\/es\/wp-json\/wp\/v2\/product"}],"about":[{"href":"https:\/\/fiorentinispa.com\/es\/wp-json\/wp\/v2\/types\/product"}],"wp:featuredmedia":[{"embeddable":true,"href":"https:\/\/fiorentinispa.com\/es\/wp-json\/wp\/v2\/media\/7337"}],"wp:attachment":[{"href":"https:\/\/fiorentinispa.com\/es\/wp-json\/wp\/v2\/media?parent=9374"}],"wp:term":[{"taxonomy":"product_cat","embeddable":true,"href":"https:\/\/fiorentinispa.com\/es\/wp-json\/wp\/v2\/product_cat?post=9374"},{"taxonomy":"product_tag","embeddable":true,"href":"https:\/\/fiorentinispa.com\/es\/wp-json\/wp\/v2\/product_tag?post=9374"}],"curies":[{"name":"wp","href":"https:\/\/api.w.org\/{rel}","templated":true}]}}