{"id":9380,"date":"2026-01-23T14:24:37","date_gmt":"2026-01-23T14:24:37","guid":{"rendered":"https:\/\/fiorentinispa.com\/product\/sx500-ac-summer\/"},"modified":"2026-01-23T14:24:37","modified_gmt":"2026-01-23T14:24:37","slug":"sx500-ac-summer","status":"publish","type":"product","link":"https:\/\/fiorentinispa.com\/es\/producto\/sx500-ac-summer\/","title":{"rendered":"SX500 AC Summer"},"content":{"rendered":"","protected":false},"excerpt":{"rendered":"<p>El tractor SX500 SUMMER es un aut\u00e9ntico tractor el\u00e9ctrico para el remolque de cargas, especialista en exteriores. Para quienes operan en complejos tur\u00edsticos, campings, campos de golf, dep\u00f3sitos de embarcaciones o terrenos irregulares, el SX 500 SUMMER supera cualquier aspereza del terreno para el remolque de cargas (m\u00e1x. 500 kg). <\/p>\n<p><a class=\"fio-btn-minimal\" href=\"https:\/\/fiorentinispa.com\/wp-content\/uploads\/2026\/02\/SX_500_Summer.pdf\" download=\"\"><br \/>\nDESCARGAR FOLLETO<br \/>\n<\/a><\/p>\n<p><iframe title=\"Reproductor de v\u00eddeo de YouTube\" src=\"https:\/\/www.youtube.com\/embed\/cZnHth1ov04?si=LHyzAuudTcrUwifX\" width=\"560\" height=\"315\" frameborder=\"0\" allowfullscreen=\"allowfullscreen\"><\/iframe><\/p>\n","protected":false},"featured_media":7372,"template":"","meta":[],"product_cat":[197],"product_tag":[],"class_list":{"0":"post-9380","1":"product","2":"type-product","3":"status-publish","4":"has-post-thumbnail","6":"product_cat-tractores-de-arrastre","8":"first","9":"instock","10":"shipping-taxable","11":"product-type-simple"},"_links":{"self":[{"href":"https:\/\/fiorentinispa.com\/es\/wp-json\/wp\/v2\/product\/9380","targetHints":{"allow":["GET"]}}],"collection":[{"href":"https:\/\/fiorentinispa.com\/es\/wp-json\/wp\/v2\/product"}],"about":[{"href":"https:\/\/fiorentinispa.com\/es\/wp-json\/wp\/v2\/types\/product"}],"wp:featuredmedia":[{"embeddable":true,"href":"https:\/\/fiorentinispa.com\/es\/wp-json\/wp\/v2\/media\/7372"}],"wp:attachment":[{"href":"https:\/\/fiorentinispa.com\/es\/wp-json\/wp\/v2\/media?parent=9380"}],"wp:term":[{"taxonomy":"product_cat","embeddable":true,"href":"https:\/\/fiorentinispa.com\/es\/wp-json\/wp\/v2\/product_cat?post=9380"},{"taxonomy":"product_tag","embeddable":true,"href":"https:\/\/fiorentinispa.com\/es\/wp-json\/wp\/v2\/product_tag?post=9380"}],"curies":[{"name":"wp","href":"https:\/\/api.w.org\/{rel}","templated":true}]}}