{"id":9397,"date":"2025-02-04T09:13:10","date_gmt":"2025-02-04T09:13:10","guid":{"rendered":"https:\/\/fiorentinispa.com\/product\/s-28\/"},"modified":"2025-02-04T09:13:10","modified_gmt":"2025-02-04T09:13:10","slug":"s-28","status":"publish","type":"product","link":"https:\/\/fiorentinispa.com\/es\/producto\/s-28\/","title":{"rendered":"S 28"},"content":{"rendered":"","protected":false},"excerpt":{"rendered":"<p>Barredora extremadamente \u00e1gil y compacta que combina caracter\u00edsticas de alta potencia y versatilidad para satisfacer las necesidades de limpieza en peque\u00f1os espacios interiores, pero tambi\u00e9n en ambientes exteriores como aparcamientos, disponible con descarga alta o baja.<\/p>\n<p>rendimiento horario: 6600 m\u00b2\/h<br \/>\ncapacidad contenedor residuos: 70 L<br \/>\nvelocidad de avance: 0-6 km\/h<br \/>\naltura de descarga: 1310 mm<\/p>\n<p><a class=\"fio-btn-minimal\" href=\"https:\/\/fiorentinispa.com\/wp-content\/uploads\/2026\/02\/S28.pdf\" download=\"\"><br \/>\nDESCARGUE FOLLETO<br \/>\n<\/a><br \/>\n<br \/><iframe width=\"560\" height=\"315\" src=\"https:\/\/www.youtube.com\/embed\/XtPhqtZEDXs?si=PJP-jdw48CEUD3A5\" title=\"Reproductor de v\u00eddeo de YouTube\" frameborder=\"0\" allow=\"accelerometer; autoplay; clipboard-write; encrypted-media; gyroscope; picture-in-picture; web-share\" referrerpolicy=\"strict-origin-when-cross-origin\" allowfullscreen=\"\"><\/iframe><\/p>\n","protected":false},"featured_media":7360,"template":"","meta":[],"product_cat":[204],"product_tag":[],"class_list":{"0":"post-9397","1":"product","2":"type-product","3":"status-publish","4":"has-post-thumbnail","6":"product_cat-barredoras-de-conductor-sentado","8":"first","9":"instock","10":"shipping-taxable","11":"product-type-simple"},"_links":{"self":[{"href":"https:\/\/fiorentinispa.com\/es\/wp-json\/wp\/v2\/product\/9397","targetHints":{"allow":["GET"]}}],"collection":[{"href":"https:\/\/fiorentinispa.com\/es\/wp-json\/wp\/v2\/product"}],"about":[{"href":"https:\/\/fiorentinispa.com\/es\/wp-json\/wp\/v2\/types\/product"}],"wp:featuredmedia":[{"embeddable":true,"href":"https:\/\/fiorentinispa.com\/es\/wp-json\/wp\/v2\/media\/7360"}],"wp:attachment":[{"href":"https:\/\/fiorentinispa.com\/es\/wp-json\/wp\/v2\/media?parent=9397"}],"wp:term":[{"taxonomy":"product_cat","embeddable":true,"href":"https:\/\/fiorentinispa.com\/es\/wp-json\/wp\/v2\/product_cat?post=9397"},{"taxonomy":"product_tag","embeddable":true,"href":"https:\/\/fiorentinispa.com\/es\/wp-json\/wp\/v2\/product_tag?post=9397"}],"curies":[{"name":"wp","href":"https:\/\/api.w.org\/{rel}","templated":true}]}}