{"id":9851,"date":"2026-02-06T10:47:34","date_gmt":"2026-02-06T10:47:34","guid":{"rendered":"https:\/\/fiorentinispa.com\/product\/car-wash\/"},"modified":"2026-02-06T10:47:34","modified_gmt":"2026-02-06T10:47:34","slug":"car-wash","status":"publish","type":"product","link":"https:\/\/fiorentinispa.com\/es\/producto\/car-wash\/","title":{"rendered":"Car Wash"},"content":{"rendered":"","protected":false},"excerpt":{"rendered":"<p>CARWASH es una m\u00e1quina de vapor profesional con aspirador, dise\u00f1ada para el lavado, el reacondicionamiento y la desinfecci\u00f3n de interiores de veh\u00edculos. La combinaci\u00f3n de vapor a alta temperatura, aspiraci\u00f3n profesional y aire caliente garantiza una limpieza profunda y un secado r\u00e1pido. <\/p>\n<p>Equipada con un generador de ozono integrado, CARWASH desinfecta eficazmente el habit\u00e1culo, eliminando bacterias, olores y contaminantes. Es ideal para centros de lavado, talleres, embarcaciones, veh\u00edculos pesados y servicios de limpieza a domicilio. <\/p>\n<p>La m\u00e1quina permite limpiar y desinfectar asientos, sistemas de aire acondicionado, techos, tapicer\u00edas, moquetas de cuero, cristales, llantas y motores. Llega incluso a los puntos m\u00e1s dif\u00edciles y elimina pelos de mascotas y chicles. <\/p>\n<p>El lavado a vapor de interiores de veh\u00edculos es m\u00e1s eficaz que los m\u00e9todos tradicionales: el vapor disuelve la suciedad, mientras que la funci\u00f3n de inyecci\u00f3n y extracci\u00f3n la aspira y la deposita en el dep\u00f3sito de recogida de acero inoxidable integrado.<\/p>\n<p>CARWASH est\u00e1 equipada con recarga autom\u00e1tica de agua en la caldera, lo que permite un uso continuo sin interrupciones. La amplia gama de accesorios permite limpiar eficazmente cada zona del veh\u00edculo.<br \/>\nEl modelo CARWASH se suministra con un kit de accesorios espec\u00edficos para interiores de veh\u00edculos y secado. <\/p>\n<p><a class=\"fio-btn-minimal\" href=\"https:\/\/fiorentinispa.com\/wp-content\/uploads\/2026\/02\/Carwash_SchedaTecnica_IT.pdf\" download=\"\"><br \/>\nDESCARGAR FOLLETO<br \/>\n<\/a><\/p>\n<p><iframe width=\"560\" height=\"315\" src=\"https:\/\/www.youtube.com\/embed\/5ioLphYW1tY?si=UabJv7WSjlkKEgiy\" title=\"Reproductor de v\u00eddeo de YouTube\" frameborder=\"0\" allow=\"accelerometer; autoplay; clipboard-write; encrypted-media; gyroscope; picture-in-picture; web-share\" referrerpolicy=\"strict-origin-when-cross-origin\" allowfullscreen=\"\"><\/iframe><\/p>\n","protected":false},"featured_media":7852,"template":"","meta":[],"product_cat":[198],"product_tag":[],"class_list":{"0":"post-9851","1":"product","2":"type-product","3":"status-publish","4":"has-post-thumbnail","6":"product_cat-maquinas-de-vapor","8":"first","9":"instock","10":"shipping-taxable","11":"product-type-simple"},"_links":{"self":[{"href":"https:\/\/fiorentinispa.com\/es\/wp-json\/wp\/v2\/product\/9851","targetHints":{"allow":["GET"]}}],"collection":[{"href":"https:\/\/fiorentinispa.com\/es\/wp-json\/wp\/v2\/product"}],"about":[{"href":"https:\/\/fiorentinispa.com\/es\/wp-json\/wp\/v2\/types\/product"}],"wp:featuredmedia":[{"embeddable":true,"href":"https:\/\/fiorentinispa.com\/es\/wp-json\/wp\/v2\/media\/7852"}],"wp:attachment":[{"href":"https:\/\/fiorentinispa.com\/es\/wp-json\/wp\/v2\/media?parent=9851"}],"wp:term":[{"taxonomy":"product_cat","embeddable":true,"href":"https:\/\/fiorentinispa.com\/es\/wp-json\/wp\/v2\/product_cat?post=9851"},{"taxonomy":"product_tag","embeddable":true,"href":"https:\/\/fiorentinispa.com\/es\/wp-json\/wp\/v2\/product_tag?post=9851"}],"curies":[{"name":"wp","href":"https:\/\/api.w.org\/{rel}","templated":true}]}}