{"id":9970,"date":"2026-02-10T22:22:19","date_gmt":"2026-02-10T22:22:19","guid":{"rendered":"https:\/\/fiorentinispa.com\/product\/dusti-1100\/"},"modified":"2026-02-10T22:22:19","modified_gmt":"2026-02-10T22:22:19","slug":"dusti-1100","status":"publish","type":"product","link":"https:\/\/fiorentinispa.com\/es\/producto\/dusti-1100\/","title":{"rendered":"DUSTI 1100"},"content":{"rendered":"","protected":false},"excerpt":{"rendered":"<p>DUSTY 1100 ET es una barredora de conductor a bordo a bater\u00eda dise\u00f1ada para la limpieza eficiente de superficies industriales y log\u00edsticas de grandes dimensiones.<br \/>\nCon una pista de limpieza de 1.100 mm y una productividad de hasta 5.000 m\u00b2\/h, garantiza un rendimiento constante incluso en entornos de alta intensidad operativa.<\/p>\n<p>La tracci\u00f3n electr\u00f3nica, la velocidad de hasta 5,2 km\/h y la capacidad de superar pendientes de hasta el 12% aseguran maniobrabilidad y control. El caj\u00f3n de residuos de 65 litros y el sistema de filtraci\u00f3n de 2,5 m\u00b2 permiten una aspiraci\u00f3n eficaz del polvo, mejorando la calidad del ambiente de trabajo. <\/p>\n<p>Disponible tambi\u00e9n en versi\u00f3n ET PLUS, con mayor potencia total (hasta 1.350 W), DUSTY 1100 ET es una soluci\u00f3n fiable para almacenes, \u00e1reas productivas y superficies industriales interiores y exteriores.<br \/>\n(Bater\u00edas y cargador no incluidos.)<\/p>\n<p><a class=\"fio-btn-minimal\" href=\"https:\/\/fiorentinispa.com\/wp-content\/uploads\/2026\/02\/dusti-1100-a-batteriamod.pdf\" download=\"\"><br \/>\nDESCARGAR FOLLETO<br \/>\n<\/a><\/p>\n","protected":false},"featured_media":7891,"template":"","meta":[],"product_cat":[204],"product_tag":[],"class_list":{"0":"post-9970","1":"product","2":"type-product","3":"status-publish","4":"has-post-thumbnail","6":"product_cat-barredoras-de-conductor-sentado","8":"first","9":"instock","10":"shipping-taxable","11":"product-type-simple"},"_links":{"self":[{"href":"https:\/\/fiorentinispa.com\/es\/wp-json\/wp\/v2\/product\/9970","targetHints":{"allow":["GET"]}}],"collection":[{"href":"https:\/\/fiorentinispa.com\/es\/wp-json\/wp\/v2\/product"}],"about":[{"href":"https:\/\/fiorentinispa.com\/es\/wp-json\/wp\/v2\/types\/product"}],"wp:featuredmedia":[{"embeddable":true,"href":"https:\/\/fiorentinispa.com\/es\/wp-json\/wp\/v2\/media\/7891"}],"wp:attachment":[{"href":"https:\/\/fiorentinispa.com\/es\/wp-json\/wp\/v2\/media?parent=9970"}],"wp:term":[{"taxonomy":"product_cat","embeddable":true,"href":"https:\/\/fiorentinispa.com\/es\/wp-json\/wp\/v2\/product_cat?post=9970"},{"taxonomy":"product_tag","embeddable":true,"href":"https:\/\/fiorentinispa.com\/es\/wp-json\/wp\/v2\/product_tag?post=9970"}],"curies":[{"name":"wp","href":"https:\/\/api.w.org\/{rel}","templated":true}]}}