{"id":8887,"date":"2024-07-18T11:22:45","date_gmt":"2024-07-18T11:22:45","guid":{"rendered":"https:\/\/fiorentinispa.com\/emplacements-des-magasins\/"},"modified":"2026-04-12T22:39:36","modified_gmt":"2026-04-12T22:39:36","slug":"emplacements-des-magasins","status":"publish","type":"page","link":"https:\/\/fiorentinispa.com\/fr\/emplacements-des-magasins\/","title":{"rendered":"Emplacements des magasins"},"content":{"rendered":"\t\t<div data-elementor-type=\"wp-page\" data-elementor-id=\"8887\" class=\"elementor elementor-8887 elementor-947\" data-elementor-post-type=\"page\">\n\t\t\t\t<div class=\"elementor-element elementor-element-ac71569 e-con-full e-flex e-con e-parent\" data-id=\"ac71569\" data-element_type=\"container\" data-e-type=\"container\">\n\t\t<div class=\"elementor-element elementor-element-9343a51 e-con-full qodef-elementor-content-grid e-flex e-con e-child\" data-id=\"9343a51\" data-element_type=\"container\" data-e-type=\"container\">\n\t\t\t\t<div class=\"elementor-element elementor-element-121992fc elementor-widget elementor-widget-highrev_core_section_title\" data-id=\"121992fc\" data-element_type=\"widget\" data-e-type=\"widget\" data-widget_type=\"highrev_core_section_title.default\">\n\t\t\t\t<div class=\"elementor-widget-container\">\n\t\t\t\t\t<div class=\"qodef-shortcode qodef-m  qodef-section-title qodef-section-title-250 qodef-alignment--left \">\n\t\t<h6 class=\"qodef-m-subtitle\" > <\/h6>\n\t\t<h2 class=\"qodef-m-title\" >\n\t\t\t\t\tNos bureaux\t\t\t<\/h2>\n\t<\/div>\n\t\t\t\t<\/div>\n\t\t\t\t<\/div>\n\t\t\t\t<\/div>\n\t\t\t\t<\/div>\n\t\t<div class=\"elementor-element elementor-element-e7387fa e-flex e-con-boxed e-con e-parent\" data-id=\"e7387fa\" data-element_type=\"container\" data-e-type=\"container\">\n\t\t\t\t\t<div class=\"e-con-inner\">\n\t\t\t\t<div class=\"elementor-element elementor-element-2d3fa0b elementor-widget elementor-widget-heading\" data-id=\"2d3fa0b\" data-element_type=\"widget\" data-e-type=\"widget\" data-widget_type=\"heading.default\">\n\t\t\t\t<div class=\"elementor-widget-container\">\n\t\t\t\t\t<h3 class=\"elementor-heading-title elementor-size-default\">Italie<\/h3>\t\t\t\t<\/div>\n\t\t\t\t<\/div>\n\t\t\t\t<div class=\"elementor-element elementor-element-1dfd7cf elementor-widget elementor-widget-text-editor\" data-id=\"1dfd7cf\" data-element_type=\"widget\" data-e-type=\"widget\" data-widget_type=\"text-editor.default\">\n\t\t\t\t<div class=\"elementor-widget-container\">\n\t\t\t\t\t\t\t\t\t<p><span style=\"color: #000000;\">Fiorentini est pr\u00e9sent avec des bureaux et des partenaires en Italie et \u00e0 l\u2019\u00e9tranger pour offrir des conseils, des solutions de location\/achat et un support apr\u00e8s-vente sur les machines de nettoyage industriel. S\u00e9lectionnez le bureau le plus proche et contactez-nous. Nous vous orienterons rapidement vers le bon interlocuteur.  <\/span><\/p>\t\t\t\t\t\t\t\t<\/div>\n\t\t\t\t<\/div>\n\t\t\t\t\t<\/div>\n\t\t\t\t<\/div>\n\t\t<div class=\"elementor-element elementor-element-078ab30 e-grid elementor-hidden-mobile e-con-boxed e-con e-parent\" data-id=\"078ab30\" data-element_type=\"container\" data-e-type=\"container\">\n\t\t\t\t\t<div class=\"e-con-inner\">\n\t\t\t\t<div class=\"elementor-element elementor-element-0b7e972 elementor-widget elementor-widget-text-editor\" data-id=\"0b7e972\" data-element_type=\"widget\" data-e-type=\"widget\" data-widget_type=\"text-editor.default\">\n\t\t\t\t<div class=\"elementor-widget-container\">\n\t\t\t\t\t\t\t\t\t<div class=\"col-md-4 margintop-mob-l\"><h4><span class=\"tit3\">PIANCALDOLI<\/span><\/h4><h4>SI\u00c8GE SOCIAL ET ADMINISTRATIF \/ SITE DE PRODUCTION<\/h4><p><span style=\"color: #000000;\">Via Piancaldoli, 1896<\/span><br><span style=\"color: #000000;\">50033 Firenzuola (FI)<\/span><\/p><p><span style=\"color: #000000;\">T\u00e9l : +39 0558173610<\/span><\/p><\/div>\t\t\t\t\t\t\t\t<\/div>\n\t\t\t\t<\/div>\n\t\t\t\t<div class=\"elementor-element elementor-element-aee769b elementor-widget elementor-widget-text-editor\" data-id=\"aee769b\" data-element_type=\"widget\" data-e-type=\"widget\" data-widget_type=\"text-editor.default\">\n\t\t\t\t<div class=\"elementor-widget-container\">\n\t\t\t\t\t\t\t\t\t<h4><span class=\"tit3\">CASTEL SAN PIETRO<\/span><\/h4><h4>SITE DE PRODUCTION<\/h4><p><span style=\"color: #000000;\">Via C\u00e0 Bianca, 23<\/span><br><span style=\"color: #000000;\">40024 Castel S. Pietro (BO)<\/span><\/p><p><span style=\"color: #000000;\">T\u00e9l : +39 051 941743<\/span><\/p>\t\t\t\t\t\t\t\t<\/div>\n\t\t\t\t<\/div>\n\t\t\t\t<div class=\"elementor-element elementor-element-5f4004b elementor-widget elementor-widget-google_maps\" data-id=\"5f4004b\" data-element_type=\"widget\" data-e-type=\"widget\" data-widget_type=\"google_maps.default\">\n\t\t\t\t<div class=\"elementor-widget-container\">\n\t\t\t\t\t\t\t<div class=\"elementor-custom-embed\">\n\t\t\t<iframe loading=\"lazy\"\n\t\t\t\t\tsrc=\"https:\/\/www.google.com\/maps\/embed\/v1\/place?key=AIzaSyCD2aZeW09LL7c6IcvS07f3eLXe2SurP3s&#038;q=Via%20Piancaldoli%2C%201896%2050033%20Firenzuola%20%28FI%29&#038;zoom=10\"\n\t\t\t\t\ttitle=\"Via Piancaldoli, 1896 50033 Firenzuola (FI)\"\n\t\t\t\t\taria-label=\"Via Piancaldoli, 1896 50033 Firenzuola (FI)\"\n\t\t\t><\/iframe>\n\t\t<\/div>\n\t\t\t\t\t\t<\/div>\n\t\t\t\t<\/div>\n\t\t\t\t<div class=\"elementor-element elementor-element-2285d01 elementor-widget elementor-widget-google_maps\" data-id=\"2285d01\" data-element_type=\"widget\" data-e-type=\"widget\" data-widget_type=\"google_maps.default\">\n\t\t\t\t<div class=\"elementor-widget-container\">\n\t\t\t\t\t\t\t<div class=\"elementor-custom-embed\">\n\t\t\t<iframe loading=\"lazy\"\n\t\t\t\t\tsrc=\"https:\/\/www.google.com\/maps\/embed\/v1\/place?key=AIzaSyCD2aZeW09LL7c6IcvS07f3eLXe2SurP3s&#038;q=Via%20C%C3%A0%20Bianca%2C%2023%2040024%20Castel%20S.Pietro%20%28BO%29&#038;zoom=10\"\n\t\t\t\t\ttitle=\"Via C\u00e0 Bianca, 23 40024 Castel S.Pietro (BO)\"\n\t\t\t\t\taria-label=\"Via C\u00e0 Bianca, 23 40024 Castel S.Pietro (BO)\"\n\t\t\t><\/iframe>\n\t\t<\/div>\n\t\t\t\t\t\t<\/div>\n\t\t\t\t<\/div>\n\t\t\t\t\t<\/div>\n\t\t\t\t<\/div>\n\t\t<div class=\"elementor-element elementor-element-c561429 e-grid elementor-hidden-desktop e-con-boxed e-con e-parent\" data-id=\"c561429\" data-element_type=\"container\" data-e-type=\"container\">\n\t\t\t\t\t<div class=\"e-con-inner\">\n\t\t\t\t<div class=\"elementor-element elementor-element-96bc722 elementor-widget elementor-widget-text-editor\" data-id=\"96bc722\" data-element_type=\"widget\" data-e-type=\"widget\" data-widget_type=\"text-editor.default\">\n\t\t\t\t<div class=\"elementor-widget-container\">\n\t\t\t\t\t\t\t\t\t<div class=\"col-md-4 margintop-mob-l\"><h4><span class=\"tit3\">PIANCALDOLI<\/span><\/h4><h4>SI\u00c8GE SOCIAL ET ADMINISTRATIF \/ SITE DE PRODUCTION<\/h4><p><span style=\"color: #000000;\">Via Piancaldoli, 1896<\/span><br><span style=\"color: #000000;\">50033 Firenzuola (FI)<\/span><\/p><p><span style=\"color: #000000;\">T\u00e9l : +39 0558173610<\/span><\/p><\/div>\t\t\t\t\t\t\t\t<\/div>\n\t\t\t\t<\/div>\n\t\t\t\t<div class=\"elementor-element elementor-element-1f3f15f elementor-widget elementor-widget-google_maps\" data-id=\"1f3f15f\" data-element_type=\"widget\" data-e-type=\"widget\" data-widget_type=\"google_maps.default\">\n\t\t\t\t<div class=\"elementor-widget-container\">\n\t\t\t\t\t\t\t<div class=\"elementor-custom-embed\">\n\t\t\t<iframe loading=\"lazy\"\n\t\t\t\t\tsrc=\"https:\/\/www.google.com\/maps\/embed\/v1\/place?key=AIzaSyCD2aZeW09LL7c6IcvS07f3eLXe2SurP3s&#038;q=Via%20Piancaldoli%2C%201896%2050033%20Firenzuola%20%28FI%29&#038;zoom=10\"\n\t\t\t\t\ttitle=\"Via Piancaldoli, 1896 50033 Firenzuola (FI)\"\n\t\t\t\t\taria-label=\"Via Piancaldoli, 1896 50033 Firenzuola (FI)\"\n\t\t\t><\/iframe>\n\t\t<\/div>\n\t\t\t\t\t\t<\/div>\n\t\t\t\t<\/div>\n\t\t\t\t\t<\/div>\n\t\t\t\t<\/div>\n\t\t<div class=\"elementor-element elementor-element-262ec90 e-grid elementor-hidden-mobile e-con-boxed e-con e-parent\" data-id=\"262ec90\" data-element_type=\"container\" data-e-type=\"container\">\n\t\t\t\t\t<div class=\"e-con-inner\">\n\t\t\t\t<div class=\"elementor-element elementor-element-46bb078 elementor-widget elementor-widget-text-editor\" data-id=\"46bb078\" data-element_type=\"widget\" data-e-type=\"widget\" data-widget_type=\"text-editor.default\">\n\t\t\t\t<div class=\"elementor-widget-container\">\n\t\t\t\t\t\t\t\t\t<h4><span class=\"tit3\">MILAN<\/span><\/h4><h4>SUCCURSALE COMMERCIALE<\/h4><p><span style=\"color: #000000;\">Via Palmanova, 211\/A<\/span><br><span style=\"color: #000000;\">20132 Milan<\/span><\/p><p><span style=\"color: #000000;\">T\u00e9l : +39 0227207783<\/span><\/p>\t\t\t\t\t\t\t\t<\/div>\n\t\t\t\t<\/div>\n\t\t\t\t<div class=\"elementor-element elementor-element-04b48b5 elementor-widget elementor-widget-text-editor\" data-id=\"04b48b5\" data-element_type=\"widget\" data-e-type=\"widget\" data-widget_type=\"text-editor.default\">\n\t\t\t\t<div class=\"elementor-widget-container\">\n\t\t\t\t\t\t\t\t\t<div class=\"col-md-4 margintop-mob-l\"><h4><span class=\"tit3\">ROME<\/span><\/h4><h4>SUCCURSALE COMMERCIALE<\/h4><p><span style=\"color: #000000;\">Via Bruno Pontecorvo, 20<\/span><br><span style=\"color: #000000;\">00012 Guidonia Montecelio (RM)<\/span><\/p><p><span style=\"color: #000000;\">T\u00e9l : +39 0774357184<\/span> <\/p><\/div>\t\t\t\t\t\t\t\t<\/div>\n\t\t\t\t<\/div>\n\t\t\t\t<div class=\"elementor-element elementor-element-a501800 elementor-widget elementor-widget-google_maps\" data-id=\"a501800\" data-element_type=\"widget\" data-e-type=\"widget\" data-widget_type=\"google_maps.default\">\n\t\t\t\t<div class=\"elementor-widget-container\">\n\t\t\t\t\t\t\t<div class=\"elementor-custom-embed\">\n\t\t\t<iframe loading=\"lazy\"\n\t\t\t\t\tsrc=\"https:\/\/www.google.com\/maps\/embed\/v1\/place?key=AIzaSyCD2aZeW09LL7c6IcvS07f3eLXe2SurP3s&#038;q=Via%20Palmanova%2C%20211%2FA&#038;zoom=10\"\n\t\t\t\t\ttitle=\"Via Palmanova, 211\/A\"\n\t\t\t\t\taria-label=\"Via Palmanova, 211\/A\"\n\t\t\t><\/iframe>\n\t\t<\/div>\n\t\t\t\t\t\t<\/div>\n\t\t\t\t<\/div>\n\t\t\t\t<div class=\"elementor-element elementor-element-9bea377 elementor-widget elementor-widget-google_maps\" data-id=\"9bea377\" data-element_type=\"widget\" data-e-type=\"widget\" data-widget_type=\"google_maps.default\">\n\t\t\t\t<div class=\"elementor-widget-container\">\n\t\t\t\t\t\t\t<div class=\"elementor-custom-embed\">\n\t\t\t<iframe loading=\"lazy\"\n\t\t\t\t\tsrc=\"https:\/\/www.google.com\/maps\/embed\/v1\/place?key=AIzaSyCD2aZeW09LL7c6IcvS07f3eLXe2SurP3s&#038;q=Via%20Bruno%20Pontecorvo%2C%2020%2000012%20Guidonia%20Montecelio%20%28RM%29&#038;zoom=10\"\n\t\t\t\t\ttitle=\"Via Bruno Pontecorvo, 20 00012 Guidonia Montecelio (RM)\"\n\t\t\t\t\taria-label=\"Via Bruno Pontecorvo, 20 00012 Guidonia Montecelio (RM)\"\n\t\t\t><\/iframe>\n\t\t<\/div>\n\t\t\t\t\t\t<\/div>\n\t\t\t\t<\/div>\n\t\t\t\t\t<\/div>\n\t\t\t\t<\/div>\n\t\t<div class=\"elementor-element elementor-element-d71244a e-grid elementor-hidden-desktop e-con-boxed e-con e-parent\" data-id=\"d71244a\" data-element_type=\"container\" data-e-type=\"container\">\n\t\t\t\t\t<div class=\"e-con-inner\">\n\t\t\t\t<div class=\"elementor-element elementor-element-2e11225 elementor-widget elementor-widget-text-editor\" data-id=\"2e11225\" data-element_type=\"widget\" data-e-type=\"widget\" data-widget_type=\"text-editor.default\">\n\t\t\t\t<div class=\"elementor-widget-container\">\n\t\t\t\t\t\t\t\t\t<h4><span class=\"tit3\">CASTEL SAN PIETRO<\/span><\/h4><h4>SITE DE PRODUCTION<\/h4><p><span style=\"color: #000000;\">Via C\u00e0 Bianca, 23<\/span><br><span style=\"color: #000000;\">40024 Castel S. Pietro (BO)<\/span><\/p><p><span style=\"color: #000000;\">T\u00e9l : +39 051 941743<\/span><\/p>\t\t\t\t\t\t\t\t<\/div>\n\t\t\t\t<\/div>\n\t\t\t\t<div class=\"elementor-element elementor-element-1e6ea07 elementor-widget elementor-widget-google_maps\" data-id=\"1e6ea07\" data-element_type=\"widget\" data-e-type=\"widget\" data-widget_type=\"google_maps.default\">\n\t\t\t\t<div class=\"elementor-widget-container\">\n\t\t\t\t\t\t\t<div class=\"elementor-custom-embed\">\n\t\t\t<iframe loading=\"lazy\"\n\t\t\t\t\tsrc=\"https:\/\/www.google.com\/maps\/embed\/v1\/place?key=AIzaSyCD2aZeW09LL7c6IcvS07f3eLXe2SurP3s&#038;q=Via%20C%C3%A0%20Bianca%2C%2023%2040024%20Castel%20S.Pietro%20%28BO%29&#038;zoom=10\"\n\t\t\t\t\ttitle=\"Via C\u00e0 Bianca, 23 40024 Castel S.Pietro (BO)\"\n\t\t\t\t\taria-label=\"Via C\u00e0 Bianca, 23 40024 Castel S.Pietro (BO)\"\n\t\t\t><\/iframe>\n\t\t<\/div>\n\t\t\t\t\t\t<\/div>\n\t\t\t\t<\/div>\n\t\t\t\t<div class=\"elementor-element elementor-element-63ee40a elementor-widget elementor-widget-text-editor\" data-id=\"63ee40a\" data-element_type=\"widget\" data-e-type=\"widget\" data-widget_type=\"text-editor.default\">\n\t\t\t\t<div class=\"elementor-widget-container\">\n\t\t\t\t\t\t\t\t\t<div class=\"col-md-4 margintop-mob-l\"><h4><span class=\"tit3\">ROME<\/span><\/h4><h4>SUCCURSALE COMMERCIALE<\/h4><p><span style=\"color: #000000;\">Via Bruno Pontecorvo, 20<\/span><br><span style=\"color: #000000;\">00012 Guidonia Montecelio (RM)<\/span><\/p><p><span style=\"color: #000000;\">T\u00e9l : +39 0774357184<\/span> <\/p><\/div>\t\t\t\t\t\t\t\t<\/div>\n\t\t\t\t<\/div>\n\t\t\t\t<div class=\"elementor-element elementor-element-e6e6690 elementor-widget elementor-widget-google_maps\" data-id=\"e6e6690\" data-element_type=\"widget\" data-e-type=\"widget\" data-widget_type=\"google_maps.default\">\n\t\t\t\t<div class=\"elementor-widget-container\">\n\t\t\t\t\t\t\t<div class=\"elementor-custom-embed\">\n\t\t\t<iframe loading=\"lazy\"\n\t\t\t\t\tsrc=\"https:\/\/www.google.com\/maps\/embed\/v1\/place?key=AIzaSyCD2aZeW09LL7c6IcvS07f3eLXe2SurP3s&#038;q=Via%20Bruno%20Pontecorvo%2C%2020%2000012%20Guidonia%20Montecelio%20%28RM%29&#038;zoom=10\"\n\t\t\t\t\ttitle=\"Via Bruno Pontecorvo, 20 00012 Guidonia Montecelio (RM)\"\n\t\t\t\t\taria-label=\"Via Bruno Pontecorvo, 20 00012 Guidonia Montecelio (RM)\"\n\t\t\t><\/iframe>\n\t\t<\/div>\n\t\t\t\t\t\t<\/div>\n\t\t\t\t<\/div>\n\t\t\t\t\t<\/div>\n\t\t\t\t<\/div>\n\t\t<div class=\"elementor-element elementor-element-bd09ed4 e-grid elementor-hidden-mobile e-con-boxed e-con e-parent\" data-id=\"bd09ed4\" data-element_type=\"container\" data-e-type=\"container\">\n\t\t\t\t\t<div class=\"e-con-inner\">\n\t\t\t\t<div class=\"elementor-element elementor-element-dcdd922 elementor-widget elementor-widget-text-editor\" data-id=\"dcdd922\" data-element_type=\"widget\" data-e-type=\"widget\" data-widget_type=\"text-editor.default\">\n\t\t\t\t<div class=\"elementor-widget-container\">\n\t\t\t\t\t\t\t\t\t<h4><span class=\"tit3\">MESSINE<\/span><\/h4><h4>SUCCURSALE COMMERCIALE<\/h4><p><span style=\"color: #000000;\">Via Adolfo Celi, 109<br><\/span><span style=\"color: #000000;\">10998125 Messine (ME)<\/span><\/p><p><span style=\"color: #000000;\">T\u00e9l : +39 090 7384384<\/span><\/p>\t\t\t\t\t\t\t\t<\/div>\n\t\t\t\t<\/div>\n\t\t\t\t<div class=\"elementor-element elementor-element-f29bb30 elementor-widget elementor-widget-text-editor\" data-id=\"f29bb30\" data-element_type=\"widget\" data-e-type=\"widget\" data-widget_type=\"text-editor.default\">\n\t\t\t\t<div class=\"elementor-widget-container\">\n\t\t\t\t\t\t\t\t\t<p><span style=\"color: #ffffff;\">&#8211;<\/span><\/p><p> <\/p>\t\t\t\t\t\t\t\t<\/div>\n\t\t\t\t<\/div>\n\t\t\t\t<div class=\"elementor-element elementor-element-71e9da3 elementor-widget elementor-widget-google_maps\" data-id=\"71e9da3\" data-element_type=\"widget\" data-e-type=\"widget\" data-widget_type=\"google_maps.default\">\n\t\t\t\t<div class=\"elementor-widget-container\">\n\t\t\t\t\t\t\t<div class=\"elementor-custom-embed\">\n\t\t\t<iframe loading=\"lazy\"\n\t\t\t\t\tsrc=\"https:\/\/www.google.com\/maps\/embed\/v1\/place?key=AIzaSyCD2aZeW09LL7c6IcvS07f3eLXe2SurP3s&#038;q=via%20adolfo%20celi%20109%20messina&#038;zoom=10\"\n\t\t\t\t\ttitle=\"via adolfo celi 109 messina\"\n\t\t\t\t\taria-label=\"via adolfo celi 109 messina\"\n\t\t\t><\/iframe>\n\t\t<\/div>\n\t\t\t\t\t\t<\/div>\n\t\t\t\t<\/div>\n\t\t\t\t\t<\/div>\n\t\t\t\t<\/div>\n\t\t<div class=\"elementor-element elementor-element-174caa5 e-grid elementor-hidden-desktop e-con-boxed e-con e-parent\" data-id=\"174caa5\" data-element_type=\"container\" data-e-type=\"container\">\n\t\t\t\t\t<div class=\"e-con-inner\">\n\t\t\t\t<div class=\"elementor-element elementor-element-1b86c8a elementor-widget elementor-widget-text-editor\" data-id=\"1b86c8a\" data-element_type=\"widget\" data-e-type=\"widget\" data-widget_type=\"text-editor.default\">\n\t\t\t\t<div class=\"elementor-widget-container\">\n\t\t\t\t\t\t\t\t\t<h4><span class=\"tit3\">MILAN<\/span><\/h4><h4>SUCCURSALE COMMERCIALE<\/h4><p><span style=\"color: #000000;\">Via Palmanova, 211\/A<\/span><br><span style=\"color: #000000;\">20132 Milan<\/span><\/p><p><span style=\"color: #000000;\">T\u00e9l : +39 0227207783<\/span><\/p>\t\t\t\t\t\t\t\t<\/div>\n\t\t\t\t<\/div>\n\t\t\t\t<div class=\"elementor-element elementor-element-49bb29e elementor-widget elementor-widget-google_maps\" data-id=\"49bb29e\" data-element_type=\"widget\" data-e-type=\"widget\" data-widget_type=\"google_maps.default\">\n\t\t\t\t<div class=\"elementor-widget-container\">\n\t\t\t\t\t\t\t<div class=\"elementor-custom-embed\">\n\t\t\t<iframe loading=\"lazy\"\n\t\t\t\t\tsrc=\"https:\/\/www.google.com\/maps\/embed\/v1\/place?key=AIzaSyCD2aZeW09LL7c6IcvS07f3eLXe2SurP3s&#038;q=Via%20Palmanova%2C%20211%2FA&#038;zoom=10\"\n\t\t\t\t\ttitle=\"Via Palmanova, 211\/A\"\n\t\t\t\t\taria-label=\"Via Palmanova, 211\/A\"\n\t\t\t><\/iframe>\n\t\t<\/div>\n\t\t\t\t\t\t<\/div>\n\t\t\t\t<\/div>\n\t\t\t\t<div class=\"elementor-element elementor-element-cd760a9 elementor-widget elementor-widget-text-editor\" data-id=\"cd760a9\" data-element_type=\"widget\" data-e-type=\"widget\" data-widget_type=\"text-editor.default\">\n\t\t\t\t<div class=\"elementor-widget-container\">\n\t\t\t\t\t\t\t\t\t<h4><span class=\"tit3\">MESSINE<\/span><\/h4><h4>SUCCURSALE COMMERCIALE<\/h4><p><span style=\"color: #000000;\">Via Adolfo Celi, 109<br><\/span><span style=\"color: #000000;\">10998125 Messine (ME)<\/span><\/p><p><span style=\"color: #000000;\">T\u00e9l : +39 090 7384384<\/span><\/p>\t\t\t\t\t\t\t\t<\/div>\n\t\t\t\t<\/div>\n\t\t\t\t<div class=\"elementor-element elementor-element-c4dc4e1 elementor-widget elementor-widget-google_maps\" data-id=\"c4dc4e1\" data-element_type=\"widget\" data-e-type=\"widget\" data-widget_type=\"google_maps.default\">\n\t\t\t\t<div class=\"elementor-widget-container\">\n\t\t\t\t\t\t\t<div class=\"elementor-custom-embed\">\n\t\t\t<iframe loading=\"lazy\"\n\t\t\t\t\tsrc=\"https:\/\/www.google.com\/maps\/embed\/v1\/place?key=AIzaSyCD2aZeW09LL7c6IcvS07f3eLXe2SurP3s&#038;q=via%20adolfo%20celi%20109%20messina&#038;zoom=10\"\n\t\t\t\t\ttitle=\"via adolfo celi 109 messina\"\n\t\t\t\t\taria-label=\"via adolfo celi 109 messina\"\n\t\t\t><\/iframe>\n\t\t<\/div>\n\t\t\t\t\t\t<\/div>\n\t\t\t\t<\/div>\n\t\t\t\t\t<\/div>\n\t\t\t\t<\/div>\n\t\t<div class=\"elementor-element elementor-element-9455b2a e-flex e-con-boxed e-con e-parent\" data-id=\"9455b2a\" data-element_type=\"container\" data-e-type=\"container\">\n\t\t\t\t\t<div class=\"e-con-inner\">\n\t\t\t\t<div class=\"elementor-element elementor-element-d53f3bf elementor-widget elementor-widget-heading\" data-id=\"d53f3bf\" data-element_type=\"widget\" data-e-type=\"widget\" data-widget_type=\"heading.default\">\n\t\t\t\t<div class=\"elementor-widget-container\">\n\t\t\t\t\t<h3 class=\"elementor-heading-title elementor-size-default\">Reste du monde<\/h3>\t\t\t\t<\/div>\n\t\t\t\t<\/div>\n\t\t\t\t<div class=\"elementor-element elementor-element-e9ed4c8 elementor-widget elementor-widget-text-editor\" data-id=\"e9ed4c8\" data-element_type=\"widget\" data-e-type=\"widget\" data-widget_type=\"text-editor.default\">\n\t\t\t\t<div class=\"elementor-widget-container\">\n\t\t\t\t\t\t\t\t\t<p><span style=\"color: #000000;\">Fiorentini est \u00e9galement pr\u00e9sent en dehors de l\u2019Italie \u00e0 travers des soci\u00e9t\u00e9s d\u00e9di\u00e9es et des structures locales, afin de soutenir ses clients et partenaires sur les march\u00e9s internationaux les plus strat\u00e9giques.<\/span><\/p><p><span style=\"color: #000000;\">Ces pr\u00e9sences permettent d\u2019offrir des conseils commerciaux, un support technique et une continuit\u00e9 op\u00e9rationnelle, tout en maintenant les m\u00eames standards de qualit\u00e9 qui distinguent la marque Fiorentini dans le monde.<\/span><\/p>\t\t\t\t\t\t\t\t<\/div>\n\t\t\t\t<\/div>\n\t\t\t\t\t<\/div>\n\t\t\t\t<\/div>\n\t\t<div class=\"elementor-element elementor-element-a26c4e9 e-grid e-con-boxed e-con e-parent\" data-id=\"a26c4e9\" data-element_type=\"container\" data-e-type=\"container\">\n\t\t\t\t\t<div class=\"e-con-inner\">\n\t\t\t\t<div class=\"elementor-element elementor-element-f7bacf3 elementor-widget elementor-widget-text-editor\" data-id=\"f7bacf3\" data-element_type=\"widget\" data-e-type=\"widget\" data-widget_type=\"text-editor.default\">\n\t\t\t\t<div class=\"elementor-widget-container\">\n\t\t\t\t\t\t\t\t\t<h4><span style=\"color: #000000;\"><b>Pr\u00e9sence au Moyen-Orient<\/b><\/span><\/h4><p><span style=\"color: #000000;\">Fiorentini Gulf Industrial Co. repr\u00e9sente le point de r\u00e9f\u00e9rence pour le march\u00e9 du Moyen-Orient.<\/span><br><span style=\"color: #000000;\">Le si\u00e8ge soutient les activit\u00e9s commerciales et de d\u00e9veloppement dans les secteurs industriels et infrastructurels, garantissant une pr\u00e9sence directe dans l\u2019une des zones \u00e0 plus forte croissance.<\/span><\/p><p><span style=\"color: #000000;\">Al Thawn Industrial Area, Al Khobar \u2013 Arabie Saoudite<\/span><br><span style=\"color: #000000;\">T\u00e9l : +966 54 093 7931<\/span><\/p><p><span style=\"color: #000000;\"><a style=\"color: #000000;\" href=\"https:\/\/www.fiorentini-gulf.com\/\">Contactez le si\u00e8ge : https:\/\/www.fiorentini-gulf.com\/<\/a><\/span><\/p>\t\t\t\t\t\t\t\t<\/div>\n\t\t\t\t<\/div>\n\t\t\t\t<div class=\"elementor-element elementor-element-1955554 elementor-widget elementor-widget-text-editor\" data-id=\"1955554\" data-element_type=\"widget\" data-e-type=\"widget\" data-widget_type=\"text-editor.default\">\n\t\t\t\t<div class=\"elementor-widget-container\">\n\t\t\t\t\t\t\t\t\t<h4><span style=\"color: #000000;\"><b>FIORENTINI \u00c9mirats Arabes Unis <\/b><\/span><\/h4><p><span style=\"color: #000000;\">Le si\u00e8ge de Fiorentini aux \u00c9mirats Arabes Unis fait office de showroom et de point de contact commercial pour la zone EAU, offrant un soutien aux clients locaux et internationaux.<\/span><\/p><p><span style=\"color: #000000;\">Industrial Area 18, Sharjah \u2013 \u00c9.A.U.<\/span><br><span style=\"color: #000000;\">T\u00e9l : +971 58 938 0583<\/span><\/p><p><span style=\"color: #000000;\"><a style=\"color: #000000;\" href=\"https:\/\/www.fiorentiniuae.com\/\">Contactez le si\u00e8ge : https:\/\/www.fiorentiniuae.com\/<\/a><\/span><\/p>\t\t\t\t\t\t\t\t<\/div>\n\t\t\t\t<\/div>\n\t\t\t\t<div class=\"elementor-element elementor-element-dad4451 elementor-widget elementor-widget-text-editor\" data-id=\"dad4451\" data-element_type=\"widget\" data-e-type=\"widget\" data-widget_type=\"text-editor.default\">\n\t\t\t\t<div class=\"elementor-widget-container\">\n\t\t\t\t\t\t\t\t\t<h4><strong><span style=\"color: #000000;\">FIORENTINI MAROC<\/span><\/strong><\/h4><p><a href=\"https:\/\/fiorentini.ma\/\">https:\/\/fiorentini.ma\/<\/a><\/p>\t\t\t\t\t\t\t\t<\/div>\n\t\t\t\t<\/div>\n\t\t\t\t\t<\/div>\n\t\t\t\t<\/div>\n\t\t\t\t<\/div>\n\t\t","protected":false},"excerpt":{"rendered":"<p>Nos bureaux Italie Fiorentini est pr\u00e9sent avec des bureaux et des partenaires en Italie et \u00e0 l\u2019\u00e9tranger pour offrir des conseils, des solutions de location\/achat et un support apr\u00e8s-vente sur les machines de nettoyage industriel. S\u00e9lectionnez le bureau le plus proche et contactez-nous. Nous vous orienterons rapidement vers le bon interlocuteur. PIANCALDOLI SI\u00c8GE SOCIAL ET ADMINISTRATIF \/ SITE DE PRODUCTION Via Piancaldoli, 189650033 Firenzuola (FI) T\u00e9l : +39 0558173610 CASTEL SAN PIETRO SITE DE PRODUCTION Via C\u00e0 Bianca, 2340024 Castel S. Pietro (BO) T\u00e9l : +39 051 941743 PIANCALDOLI SI\u00c8GE SOCIAL ET ADMINISTRATIF \/ SITE DE PRODUCTION Via Piancaldoli, 189650033 Firenzuola (FI) T\u00e9l : +39 0558173610 MILAN SUCCURSALE COMMERCIALE Via Palmanova, 211\/A20132 Milan T\u00e9l : +39 0227207783 ROME SUCCURSALE COMMERCIALE Via Bruno Pontecorvo, 2000012 Guidonia Montecelio (RM) T\u00e9l : +39 0774357184 CASTEL SAN PIETRO SITE DE PRODUCTION Via C\u00e0 Bianca, 2340024 Castel S. Pietro (BO) T\u00e9l : +39 051 941743 ROME SUCCURSALE COMMERCIALE Via Bruno Pontecorvo, 2000012 Guidonia Montecelio (RM) T\u00e9l : +39 0774357184 MESSINE SUCCURSALE COMMERCIALE Via Adolfo Celi, 10910998125 Messine (ME) T\u00e9l : +39 090 7384384 &#8211; MILAN SUCCURSALE COMMERCIALE Via Palmanova, 211\/A20132 Milan T\u00e9l : +39 0227207783 MESSINE SUCCURSALE COMMERCIALE Via Adolfo Celi, 10910998125 Messine (ME) T\u00e9l : +39 090 7384384 Reste du monde Fiorentini est \u00e9galement pr\u00e9sent en dehors de l\u2019Italie \u00e0 travers des soci\u00e9t\u00e9s d\u00e9di\u00e9es et des structures locales, afin de soutenir ses clients et partenaires sur les march\u00e9s internationaux les plus strat\u00e9giques. Ces pr\u00e9sences permettent d\u2019offrir des conseils commerciaux, un support technique et une continuit\u00e9 op\u00e9rationnelle, tout en maintenant les m\u00eames standards de qualit\u00e9 qui distinguent la marque Fiorentini dans le monde. Pr\u00e9sence au Moyen-Orient Fiorentini Gulf Industrial Co. repr\u00e9sente le point de r\u00e9f\u00e9rence pour le march\u00e9 du Moyen-Orient.Le si\u00e8ge soutient les activit\u00e9s commerciales et de d\u00e9veloppement dans les secteurs industriels et infrastructurels, garantissant une pr\u00e9sence directe dans l\u2019une des zones \u00e0 plus forte croissance. Al Thawn Industrial Area, Al Khobar \u2013 Arabie SaouditeT\u00e9l : +966 54 093 7931 Contactez le si\u00e8ge : https:\/\/www.fiorentini-gulf.com\/ FIORENTINI \u00c9mirats Arabes Unis Le si\u00e8ge de Fiorentini aux \u00c9mirats Arabes Unis fait office de showroom et de point de contact commercial pour la zone EAU, offrant un soutien aux clients locaux et internationaux. Industrial Area 18, Sharjah \u2013 \u00c9.A.U.T\u00e9l : +971 58 938 0583 Contactez le si\u00e8ge : https:\/\/www.fiorentiniuae.com\/ FIORENTINI MAROC https:\/\/fiorentini.ma\/<\/p>\n","protected":false},"author":1,"featured_media":0,"parent":0,"menu_order":0,"comment_status":"closed","ping_status":"closed","template":"page-full-width.php","meta":{"footnotes":""},"class_list":["post-8887","page","type-page","status-publish","hentry"],"_links":{"self":[{"href":"https:\/\/fiorentinispa.com\/fr\/wp-json\/wp\/v2\/pages\/8887","targetHints":{"allow":["GET"]}}],"collection":[{"href":"https:\/\/fiorentinispa.com\/fr\/wp-json\/wp\/v2\/pages"}],"about":[{"href":"https:\/\/fiorentinispa.com\/fr\/wp-json\/wp\/v2\/types\/page"}],"author":[{"embeddable":true,"href":"https:\/\/fiorentinispa.com\/fr\/wp-json\/wp\/v2\/users\/1"}],"replies":[{"embeddable":true,"href":"https:\/\/fiorentinispa.com\/fr\/wp-json\/wp\/v2\/comments?post=8887"}],"version-history":[{"count":1,"href":"https:\/\/fiorentinispa.com\/fr\/wp-json\/wp\/v2\/pages\/8887\/revisions"}],"predecessor-version":[{"id":8889,"href":"https:\/\/fiorentinispa.com\/fr\/wp-json\/wp\/v2\/pages\/8887\/revisions\/8889"}],"wp:attachment":[{"href":"https:\/\/fiorentinispa.com\/fr\/wp-json\/wp\/v2\/media?parent=8887"}],"curies":[{"name":"wp","href":"https:\/\/api.w.org\/{rel}","templated":true}]}}