{"id":8914,"date":"2025-02-20T09:03:05","date_gmt":"2025-02-20T09:03:05","guid":{"rendered":"https:\/\/fiorentinispa.com\/mur-social\/"},"modified":"2026-04-12T22:40:08","modified_gmt":"2026-04-12T22:40:08","slug":"mur-social","status":"publish","type":"page","link":"https:\/\/fiorentinispa.com\/fr\/mur-social\/","title":{"rendered":"Mur social"},"content":{"rendered":"\t\t<div data-elementor-type=\"wp-page\" data-elementor-id=\"8914\" class=\"elementor elementor-8914 elementor-6044\" data-elementor-post-type=\"page\">\n\t\t\t\t<div class=\"elementor-element elementor-element-67fcdbd e-flex e-con-boxed e-con e-parent\" data-id=\"67fcdbd\" data-element_type=\"container\" data-e-type=\"container\" data-settings=\"{&quot;background_background&quot;:&quot;classic&quot;}\">\n\t\t\t\t\t<div class=\"e-con-inner\">\n\t\t\t\t<div class=\"elementor-element elementor-element-8bca80d elementor-widget elementor-widget-qi_addons_for_elementor_premium_post_title\" data-id=\"8bca80d\" data-element_type=\"widget\" data-e-type=\"widget\" data-widget_type=\"qi_addons_for_elementor_premium_post_title.default\">\n\t\t\t\t<div class=\"elementor-widget-container\">\n\t\t\t\t\t<div class=\"qodef-shortcode qodef-m qodef-qi-post-title\">\n\t\t\n\t<h2 class=\"qodef-e-title\" itemprop=\"name\">\n\t\t\t\t\tMur social\t\t\t<\/h2>\n<\/div>\n\t\t\t\t<\/div>\n\t\t\t\t<\/div>\n\t\t\t\t<div class=\"elementor-element elementor-element-14ccaf3 elementor-widget elementor-widget-qi_addons_for_elementor_blog_list\" data-id=\"14ccaf3\" data-element_type=\"widget\" data-e-type=\"widget\" data-widget_type=\"qi_addons_for_elementor_blog_list.default\">\n\t\t\t\t<div class=\"elementor-widget-container\">\n\t\t\t\t\t<div class=\"qodef-shortcode qodef-m qodef-addons-blog-list qodef-info-no-icons qodef-image--hover-zoom qodef-qi-grid qodef-layout--qi-columns qodef-col-num--3 qodef-item-layout--boxed qodef-responsive--predefined\" >\n\t<div class=\"qodef-grid-inner\">\n\t\t<article class=\"qodef-e qodef-blog-item qodef-grid-item qodef-item--full post-9622 post type-post status-publish format-quote has-post-thumbnail hentry category-non-classe post_format-post-format-quote\">\n\t<div class=\"qodef-e-inner\">\n\t\t<div class=\"qodef-e-media-holder\">\n\t\t\t<div class=\"qodef-e-media\">\n\t\t<div class=\"qodef-e-media-image\">\n\t\t<a itemprop=\"url\" href=\"https:\/\/fiorentinispa.com\/fr\/tv-taiwan\/\">\n\t\t\t<img fetchpriority=\"high\" decoding=\"async\" width=\"1400\" height=\"795\" src=\"https:\/\/fiorentinispa.com\/wp-content\/uploads\/2025\/02\/35.jpg\" class=\"attachment-full size-full\" alt=\"\" srcset=\"https:\/\/fiorentinispa.com\/wp-content\/uploads\/2025\/02\/35.jpg 1400w, https:\/\/fiorentinispa.com\/wp-content\/uploads\/2025\/02\/35-300x170.jpg 300w, https:\/\/fiorentinispa.com\/wp-content\/uploads\/2025\/02\/35-1024x581.jpg 1024w, https:\/\/fiorentinispa.com\/wp-content\/uploads\/2025\/02\/35-768x436.jpg 768w, https:\/\/fiorentinispa.com\/wp-content\/uploads\/2025\/02\/35-1320x750.jpg 1320w, https:\/\/fiorentinispa.com\/wp-content\/uploads\/2025\/02\/35-600x341.jpg 600w\" sizes=\"(max-width: 1400px) 100vw, 1400px\" \/>\t\t<\/a>\n\t\t\t<\/div>\n<\/div>\n\t\t<\/div>\n\t\t<div class=\"qodef-e-content\">\n\t\t\t\t\t\t<div class=\"qodef-e-text\">\n\t\t\t\t<h5 itemprop=\"name\" class=\"qodef-e-title entry-title\">\n\t<a itemprop=\"url\" class=\"qodef-e-title-link\" href=\"https:\/\/fiorentinispa.com\/fr\/tv-taiwan\/\">\n\t\tTV Taiwan\t<\/a>\n<\/h5>\n\t\t<p itemprop=\"description\" class=\"qodef-e-excerpt\">\n\t\t\tTG TAIWAN La t\u00e9l\u00e9vision de Ta\u00efwan parle \u00e9galement de la qualit\u00e9 incontest\u00e9e de Fiorentini Spa 100 % Made in Italy.\t\t<\/p>\n\t\t\t\t<\/div>\n\t\t\t\t\t\t\t<div class=\"qodef-e-info qodef-info--bottom\">\n\t\t\t\t\t\t<div class=\"qodef-e-read-more\">\n\t\t<a class=\"qodef-shortcode qodef-m qodef-qi-button qodef-html--link qodef-layout--filled qodef-type--standard qodef-icon--right qodef-hover--icon-move-horizontal-short\" href=\"https:\/\/fiorentinispa.com\/fr\/tv-taiwan\/\" target=\"_self\">\t<span class=\"qodef-m-text\">Lire<\/span>\t<\/a>\t<\/div>\n\t\t\t\t<\/div>\n\t\t\t\t\t<\/div>\n\t<\/div>\n<\/article>\n<article class=\"qodef-e qodef-blog-item qodef-grid-item qodef-item--full post-9608 post type-post status-publish format-quote has-post-thumbnail hentry category-non-classe post_format-post-format-quote\">\n\t<div class=\"qodef-e-inner\">\n\t\t<div class=\"qodef-e-media-holder\">\n\t\t\t<div class=\"qodef-e-media\">\n\t\t<div class=\"qodef-e-media-image\">\n\t\t<a itemprop=\"url\" href=\"https:\/\/fiorentinispa.com\/fr\/fiorentini-sagrandit\/\">\n\t\t\t<img decoding=\"async\" width=\"1400\" height=\"800\" src=\"https:\/\/fiorentinispa.com\/wp-content\/uploads\/2025\/02\/37.jpg\" class=\"attachment-full size-full\" alt=\"\" srcset=\"https:\/\/fiorentinispa.com\/wp-content\/uploads\/2025\/02\/37.jpg 1400w, https:\/\/fiorentinispa.com\/wp-content\/uploads\/2025\/02\/37-300x171.jpg 300w, https:\/\/fiorentinispa.com\/wp-content\/uploads\/2025\/02\/37-1024x585.jpg 1024w, https:\/\/fiorentinispa.com\/wp-content\/uploads\/2025\/02\/37-768x439.jpg 768w, https:\/\/fiorentinispa.com\/wp-content\/uploads\/2025\/02\/37-1320x754.jpg 1320w, https:\/\/fiorentinispa.com\/wp-content\/uploads\/2025\/02\/37-600x343.jpg 600w\" sizes=\"(max-width: 1400px) 100vw, 1400px\" \/>\t\t<\/a>\n\t\t\t<\/div>\n<\/div>\n\t\t<\/div>\n\t\t<div class=\"qodef-e-content\">\n\t\t\t\t\t\t<div class=\"qodef-e-text\">\n\t\t\t\t<h5 itemprop=\"name\" class=\"qodef-e-title entry-title\">\n\t<a itemprop=\"url\" class=\"qodef-e-title-link\" href=\"https:\/\/fiorentinispa.com\/fr\/fiorentini-sagrandit\/\">\n\t\tFiorentini s\u2019agrandit\t<\/a>\n<\/h5>\n\t\t<p itemprop=\"description\" class=\"qodef-e-excerpt\">\n\t\t\tLA FIORENTINI S\u2019AGRANDIT Fiorentini Spa, dans sa recherche continue d\u2019expansion, est heureuse d\u2019annoncer l\u2019acquisition du Groupe MP Intralogistic \/ Fantozzi. \u00ab Nous contin\t\t<\/p>\n\t\t\t\t<\/div>\n\t\t\t\t\t\t\t<div class=\"qodef-e-info qodef-info--bottom\">\n\t\t\t\t\t\t<div class=\"qodef-e-read-more\">\n\t\t<a class=\"qodef-shortcode qodef-m qodef-qi-button qodef-html--link qodef-layout--filled qodef-type--standard qodef-icon--right qodef-hover--icon-move-horizontal-short\" href=\"https:\/\/fiorentinispa.com\/fr\/fiorentini-sagrandit\/\" target=\"_self\">\t<span class=\"qodef-m-text\">Lire<\/span>\t<\/a>\t<\/div>\n\t\t\t\t<\/div>\n\t\t\t\t\t<\/div>\n\t<\/div>\n<\/article>\n<article class=\"qodef-e qodef-blog-item qodef-grid-item qodef-item--full post-9869 post type-post status-publish format-quote has-post-thumbnail hentry category-non-classe post_format-post-format-quote\">\n\t<div class=\"qodef-e-inner\">\n\t\t<div class=\"qodef-e-media-holder\">\n\t\t\t<div class=\"qodef-e-media\">\n\t\t<div class=\"qodef-e-media-image\">\n\t\t<a itemprop=\"url\" href=\"https:\/\/fiorentinispa.com\/fr\/aeroport-de-taipei\/\">\n\t\t\t<img decoding=\"async\" width=\"1400\" height=\"800\" src=\"https:\/\/fiorentinispa.com\/wp-content\/uploads\/2025\/02\/36.jpg\" class=\"attachment-full size-full\" alt=\"\" srcset=\"https:\/\/fiorentinispa.com\/wp-content\/uploads\/2025\/02\/36.jpg 1400w, https:\/\/fiorentinispa.com\/wp-content\/uploads\/2025\/02\/36-300x171.jpg 300w, https:\/\/fiorentinispa.com\/wp-content\/uploads\/2025\/02\/36-1024x585.jpg 1024w, https:\/\/fiorentinispa.com\/wp-content\/uploads\/2025\/02\/36-768x439.jpg 768w, https:\/\/fiorentinispa.com\/wp-content\/uploads\/2025\/02\/36-1320x754.jpg 1320w, https:\/\/fiorentinispa.com\/wp-content\/uploads\/2025\/02\/36-600x343.jpg 600w\" sizes=\"(max-width: 1400px) 100vw, 1400px\" \/>\t\t<\/a>\n\t\t\t<\/div>\n<\/div>\n\t\t<\/div>\n\t\t<div class=\"qodef-e-content\">\n\t\t\t\t\t\t<div class=\"qodef-e-text\">\n\t\t\t\t<h5 itemprop=\"name\" class=\"qodef-e-title entry-title\">\n\t<a itemprop=\"url\" class=\"qodef-e-title-link\" href=\"https:\/\/fiorentinispa.com\/fr\/aeroport-de-taipei\/\">\n\t\tA\u00e9roport de Taipei\t<\/a>\n<\/h5>\n\t\t<p itemprop=\"description\" class=\"qodef-e-excerpt\">\n\t\t\tA\u00e9roport de Taipei Fiorentini Spa : fourniture de machines pour l\u2019a\u00e9roport de Taipei (Ta\u00efwan).\t\t<\/p>\n\t\t\t\t<\/div>\n\t\t\t\t\t\t\t<div class=\"qodef-e-info qodef-info--bottom\">\n\t\t\t\t\t\t<div class=\"qodef-e-read-more\">\n\t\t<a class=\"qodef-shortcode qodef-m qodef-qi-button qodef-html--link qodef-layout--filled qodef-type--standard qodef-icon--right qodef-hover--icon-move-horizontal-short\" href=\"https:\/\/fiorentinispa.com\/fr\/aeroport-de-taipei\/\" target=\"_self\">\t<span class=\"qodef-m-text\">Lire<\/span>\t<\/a>\t<\/div>\n\t\t\t\t<\/div>\n\t\t\t\t\t<\/div>\n\t<\/div>\n<\/article>\n<article class=\"qodef-e qodef-blog-item qodef-grid-item qodef-item--full post-9591 post type-post status-publish format-quote has-post-thumbnail hentry category-non-classe post_format-post-format-quote\">\n\t<div class=\"qodef-e-inner\">\n\t\t<div class=\"qodef-e-media-holder\">\n\t\t\t<div class=\"qodef-e-media\">\n\t\t<div class=\"qodef-e-media-image\">\n\t\t<a itemprop=\"url\" href=\"https:\/\/fiorentinispa.com\/fr\/interclean-amsterdam\/\">\n\t\t\t<img loading=\"lazy\" decoding=\"async\" width=\"1400\" height=\"795\" src=\"https:\/\/fiorentinispa.com\/wp-content\/uploads\/2025\/02\/38.jpg\" class=\"attachment-full size-full\" alt=\"\" srcset=\"https:\/\/fiorentinispa.com\/wp-content\/uploads\/2025\/02\/38.jpg 1400w, https:\/\/fiorentinispa.com\/wp-content\/uploads\/2025\/02\/38-300x170.jpg 300w, https:\/\/fiorentinispa.com\/wp-content\/uploads\/2025\/02\/38-1024x581.jpg 1024w, https:\/\/fiorentinispa.com\/wp-content\/uploads\/2025\/02\/38-768x436.jpg 768w, https:\/\/fiorentinispa.com\/wp-content\/uploads\/2025\/02\/38-1320x750.jpg 1320w, https:\/\/fiorentinispa.com\/wp-content\/uploads\/2025\/02\/38-600x341.jpg 600w\" sizes=\"(max-width: 1400px) 100vw, 1400px\" \/>\t\t<\/a>\n\t\t\t<\/div>\n<\/div>\n\t\t<\/div>\n\t\t<div class=\"qodef-e-content\">\n\t\t\t\t\t\t<div class=\"qodef-e-text\">\n\t\t\t\t<h5 itemprop=\"name\" class=\"qodef-e-title entry-title\">\n\t<a itemprop=\"url\" class=\"qodef-e-title-link\" href=\"https:\/\/fiorentinispa.com\/fr\/interclean-amsterdam\/\">\n\t\tInterclean &#8211; Amsterdam\t<\/a>\n<\/h5>\n\t\t<p itemprop=\"description\" class=\"qodef-e-excerpt\">\n\t\t\tInterclean &#8211; Amsterdam La soci\u00e9t\u00e9 Fiorentini spa sera pr\u00e9sente au salon de la propret\u00e9 \u00ab&nbsp;Interclean&nbsp;\u00bb \u00e0 Amsterdam (Pays-Bas) du 10 au 13 mai 2022, au pavillo\t\t<\/p>\n\t\t\t\t<\/div>\n\t\t\t\t\t\t\t<div class=\"qodef-e-info qodef-info--bottom\">\n\t\t\t\t\t\t<div class=\"qodef-e-read-more\">\n\t\t<a class=\"qodef-shortcode qodef-m qodef-qi-button qodef-html--link qodef-layout--filled qodef-type--standard qodef-icon--right qodef-hover--icon-move-horizontal-short\" href=\"https:\/\/fiorentinispa.com\/fr\/interclean-amsterdam\/\" target=\"_self\">\t<span class=\"qodef-m-text\">Lire<\/span>\t<\/a>\t<\/div>\n\t\t\t\t<\/div>\n\t\t\t\t\t<\/div>\n\t<\/div>\n<\/article>\n<article class=\"qodef-e qodef-blog-item qodef-grid-item qodef-item--full post-9593 post type-post status-publish format-quote has-post-thumbnail hentry category-non-classe post_format-post-format-quote\">\n\t<div class=\"qodef-e-inner\">\n\t\t<div class=\"qodef-e-media-holder\">\n\t\t\t<div class=\"qodef-e-media\">\n\t\t<div class=\"qodef-e-media-image\">\n\t\t<a itemprop=\"url\" href=\"https:\/\/fiorentinispa.com\/fr\/fiorentini-pour-le-social\/\">\n\t\t\t<img loading=\"lazy\" decoding=\"async\" width=\"1014\" height=\"578\" src=\"https:\/\/fiorentinispa.com\/wp-content\/uploads\/2024\/07\/22_big.jpg\" class=\"attachment-full size-full\" alt=\"\" srcset=\"https:\/\/fiorentinispa.com\/wp-content\/uploads\/2024\/07\/22_big.jpg 1014w, https:\/\/fiorentinispa.com\/wp-content\/uploads\/2024\/07\/22_big-300x171.jpg 300w, https:\/\/fiorentinispa.com\/wp-content\/uploads\/2024\/07\/22_big-768x438.jpg 768w, https:\/\/fiorentinispa.com\/wp-content\/uploads\/2024\/07\/22_big-600x342.jpg 600w\" sizes=\"(max-width: 1014px) 100vw, 1014px\" \/>\t\t<\/a>\n\t\t\t<\/div>\n<\/div>\n\t\t<\/div>\n\t\t<div class=\"qodef-e-content\">\n\t\t\t\t\t\t<div class=\"qodef-e-text\">\n\t\t\t\t<h5 itemprop=\"name\" class=\"qodef-e-title entry-title\">\n\t<a itemprop=\"url\" class=\"qodef-e-title-link\" href=\"https:\/\/fiorentinispa.com\/fr\/fiorentini-pour-le-social\/\">\n\t\tFiorentini pour le social\t<\/a>\n<\/h5>\n\t\t<p itemprop=\"description\" class=\"qodef-e-excerpt\">\n\t\t\tFiorentini pour le social L&#039;ing\u00e9nieur Osvaldo Fiorentini, en 2007, avec l&#039;aide de s\u0153ur Teresa, a lanc\u00e9 un projet de construction d&#039;une maison d&#039;accueil pour\t\t<\/p>\n\t\t\t\t<\/div>\n\t\t\t\t\t\t\t<div class=\"qodef-e-info qodef-info--bottom\">\n\t\t\t\t\t\t<div class=\"qodef-e-read-more\">\n\t\t<a class=\"qodef-shortcode qodef-m qodef-qi-button qodef-html--link qodef-layout--filled qodef-type--standard qodef-icon--right qodef-hover--icon-move-horizontal-short\" href=\"https:\/\/fiorentinispa.com\/fr\/fiorentini-pour-le-social\/\" target=\"_self\">\t<span class=\"qodef-m-text\">Lire<\/span>\t<\/a>\t<\/div>\n\t\t\t\t<\/div>\n\t\t\t\t\t<\/div>\n\t<\/div>\n<\/article>\n\t<\/div>\n\t<\/div>\n\t\t\t\t<\/div>\n\t\t\t\t<\/div>\n\t\t\t\t<div class=\"elementor-element elementor-element-d2f75bb elementor-widget elementor-widget-qi_addons_for_elementor_premium_post_terms\" data-id=\"d2f75bb\" data-element_type=\"widget\" data-e-type=\"widget\" data-widget_type=\"qi_addons_for_elementor_premium_post_terms.default\">\n\t\t\t\t<div class=\"elementor-widget-container\">\n\t\t\t\t\t<div class=\"qodef-shortcode qodef-m qodef-qi-post-terms qodef-type--category qodef-layout--horizontal\">\n\t<a class=\"qodef-e-term\" href=\"https:\/\/fiorentinispa.com\/fr\/category\/non-classe\/\" rel=\"tag\">Non class\u00e9<\/a><\/div>\n\t\t\t\t<\/div>\n\t\t\t\t<\/div>\n\t\t\t\t\t<\/div>\n\t\t\t\t<\/div>\n\t\t\t\t<\/div>\n\t\t","protected":false},"excerpt":{"rendered":"<p>Fiorentini per il sociale TV Taiwan TG TAIWAN Anche la TV di Taiwan Parla della qualit\u00e0 indiscussa della Fiorentini Spa 100% Made in Italy. Lire La Fiorentini si ingrandisce LA FIORENTINI SI INGRANDISCE La Fiorentini Spa nella sua ricerca continua di espansione, \u00e8 lietadi annunciare l&#039;acquisizione del Gruppo MP Intralogistic \/ Fantozzi. &quot;Con Lire Taipei Airport Taipei Airport Fiorentini Spa fornitura macchine per l&#039;Aeroporto dei Taipei (Taiwan). Lire Interclean &#8211; Amsterdam Interclean &#8211; Amsterdam La Fiorentini spa presente al salone del &quot;Pulito&quot; Intercleam di Amsterdam (Olanda) dal 10 al 13 maggio 2022, al padiglione 2 &#8211; Stand 02 Lire Fiorentini per il sociale Fiorentini per il sociale L&#039;ingegner Osvaldo fiorentini nel 2007 con l&#039;aiuto di suor Teresa, avvio un progetto per la costruzione di una casa di accoglienza per tutti i b Lire Senza categoria<\/p>\n","protected":false},"author":1,"featured_media":0,"parent":0,"menu_order":0,"comment_status":"closed","ping_status":"closed","template":"","meta":{"footnotes":""},"class_list":["post-8914","page","type-page","status-publish","hentry"],"_links":{"self":[{"href":"https:\/\/fiorentinispa.com\/fr\/wp-json\/wp\/v2\/pages\/8914","targetHints":{"allow":["GET"]}}],"collection":[{"href":"https:\/\/fiorentinispa.com\/fr\/wp-json\/wp\/v2\/pages"}],"about":[{"href":"https:\/\/fiorentinispa.com\/fr\/wp-json\/wp\/v2\/types\/page"}],"author":[{"embeddable":true,"href":"https:\/\/fiorentinispa.com\/fr\/wp-json\/wp\/v2\/users\/1"}],"replies":[{"embeddable":true,"href":"https:\/\/fiorentinispa.com\/fr\/wp-json\/wp\/v2\/comments?post=8914"}],"version-history":[{"count":2,"href":"https:\/\/fiorentinispa.com\/fr\/wp-json\/wp\/v2\/pages\/8914\/revisions"}],"predecessor-version":[{"id":8919,"href":"https:\/\/fiorentinispa.com\/fr\/wp-json\/wp\/v2\/pages\/8914\/revisions\/8919"}],"wp:attachment":[{"href":"https:\/\/fiorentinispa.com\/fr\/wp-json\/wp\/v2\/media?parent=8914"}],"curies":[{"name":"wp","href":"https:\/\/api.w.org\/{rel}","templated":true}]}}