{"id":8924,"date":"2025-02-06T08:24:35","date_gmt":"2025-02-06T08:24:35","guid":{"rendered":"https:\/\/fiorentinispa.com\/environnement\/"},"modified":"2026-04-12T22:40:40","modified_gmt":"2026-04-12T22:40:40","slug":"environnement","status":"publish","type":"page","link":"https:\/\/fiorentinispa.com\/fr\/environnement\/","title":{"rendered":"Environnement"},"content":{"rendered":"\t\t<div data-elementor-type=\"wp-page\" data-elementor-id=\"8924\" class=\"elementor elementor-8924 elementor-4982\" data-elementor-post-type=\"page\">\n\t\t\t\t<div class=\"elementor-element elementor-element-8bd5214 e-flex e-con-boxed e-con e-parent\" data-id=\"8bd5214\" data-element_type=\"container\" data-e-type=\"container\">\n\t\t\t\t\t<div class=\"e-con-inner\">\n\t\t\t\t<div class=\"elementor-element elementor-element-400122c elementor-widget elementor-widget-video\" data-id=\"400122c\" data-element_type=\"widget\" data-e-type=\"widget\" data-settings=\"{&quot;video_type&quot;:&quot;hosted&quot;,&quot;autoplay&quot;:&quot;yes&quot;,&quot;mute&quot;:&quot;yes&quot;,&quot;loop&quot;:&quot;yes&quot;,&quot;controls&quot;:&quot;yes&quot;}\" data-widget_type=\"video.default\">\n\t\t\t\t<div class=\"elementor-widget-container\">\n\t\t\t\t\t\t\t<div class=\"e-hosted-video elementor-wrapper elementor-open-inline\">\n\t\t\t\t\t<video class=\"elementor-video\" src=\"https:\/\/fiorentinispa.com\/wp-content\/uploads\/2025\/12\/VIDEO-AMBIENTE-FIORENTINI.mp4\" autoplay=\"\" loop=\"\" controls=\"\" muted=\"muted\" controlsList=\"nodownload\"><\/video>\n\t\t\t\t<\/div>\n\t\t\t\t\t\t<\/div>\n\t\t\t\t<\/div>\n\t\t\t\t\t<\/div>\n\t\t\t\t<\/div>\n\t\t<div class=\"elementor-element elementor-element-94351c7 e-flex e-con-boxed e-con e-parent\" data-id=\"94351c7\" data-element_type=\"container\" data-e-type=\"container\">\n\t\t\t\t\t<div class=\"e-con-inner\">\n\t\t\t\t<div class=\"elementor-element elementor-element-11b8afb elementor-widget elementor-widget-text-editor\" data-id=\"11b8afb\" data-element_type=\"widget\" data-e-type=\"widget\" data-widget_type=\"text-editor.default\">\n\t\t\t\t<div class=\"elementor-widget-container\">\n\t\t\t\t\t\t\t\t\t<h3 style=\"text-align: center;\"><b>Nous d\u00e9veloppons des solutions de nettoyage professionnel qui maintiennent une productivit\u00e9 \u00e9lev\u00e9e tout en r\u00e9duisant au minimum l&rsquo;impact sur les ressources.<\/b><\/h3>\t\t\t\t\t\t\t\t<\/div>\n\t\t\t\t<\/div>\n\t\t\t\t<div class=\"elementor-element elementor-element-6f5a7bf elementor-widget elementor-widget-text-editor\" data-id=\"6f5a7bf\" data-element_type=\"widget\" data-e-type=\"widget\" data-widget_type=\"text-editor.default\">\n\t\t\t\t<div class=\"elementor-widget-container\">\n\t\t\t\t\t\t\t\t\t<p>Nos machines de nettoyage consomment naturellement de l&rsquo;eau, de l&rsquo;\u00e9nergie et des d\u00e9tergents. La mani\u00e8re la plus concr\u00e8te de prendre soin de l&rsquo;environnement est de concevoir des solutions qui permettent d&rsquo;utiliser uniquement ce qui est n\u00e9cessaire, quand c&rsquo;est n\u00e9cessaire. <\/p><p>Les technologies Fiorentini sont con\u00e7ues pour optimiser l&rsquo;utilisation des ressources et encourager les utilisateurs des machines \u00e0 adopter des comportements plus responsables, sans renoncer aux performances et \u00e0 la fiabilit\u00e9.<\/p><p>Gr\u00e2ce \u00e0 une utilisation plus efficace de l&rsquo;eau, de l&rsquo;\u00e9nergie et des produits chimiques, l&rsquo;application de nos technologies permet de :<\/p><ul><li aria-level=\"1\">r\u00e9duire le co\u00fbt au m\u00e8tre carr\u00e9 nettoy\u00e9<\/li><li aria-level=\"1\">augmenter l&rsquo;autonomie de travail des machines<\/li><li aria-level=\"1\">\u00e9conomiser du temps dans les op\u00e9rations de nettoyage<\/li><li aria-level=\"1\">obtenir des r\u00e9sultats de nettoyage plus homog\u00e8nes et constants<\/li><li aria-level=\"1\">couvrir des surfaces plus vastes avec les m\u00eames ressources<\/li><\/ul>\t\t\t\t\t\t\t\t<\/div>\n\t\t\t\t<\/div>\n\t\t\t\t\t<\/div>\n\t\t\t\t<\/div>\n\t\t<div class=\"elementor-element elementor-element-fd9bc91 elementor-hidden-mobile e-flex e-con-boxed e-con e-parent\" data-id=\"fd9bc91\" data-element_type=\"container\" data-e-type=\"container\">\n\t\t\t\t\t<div class=\"e-con-inner\">\n\t\t<div class=\"elementor-element elementor-element-b291fbe e-con-full e-flex e-con e-child\" data-id=\"b291fbe\" data-element_type=\"container\" data-e-type=\"container\">\n\t\t\t\t<div class=\"elementor-element elementor-element-4a6ff3e elementor-position-top elementor-widget elementor-widget-image-box\" data-id=\"4a6ff3e\" data-element_type=\"widget\" data-e-type=\"widget\" data-widget_type=\"image-box.default\">\n\t\t\t\t<div class=\"elementor-widget-container\">\n\t\t\t\t\t<div class=\"elementor-image-box-wrapper\"><figure class=\"elementor-image-box-img\"><img fetchpriority=\"high\" decoding=\"async\" width=\"237\" height=\"235\" src=\"https:\/\/fiorentinispa.com\/wp-content\/uploads\/2026\/01\/ECO-logo.png\" class=\"attachment-full size-full wp-image-8934\" alt=\"\" srcset=\"https:\/\/fiorentinispa.com\/wp-content\/uploads\/2026\/01\/ECO-logo.png 237w, https:\/\/fiorentinispa.com\/wp-content\/uploads\/2026\/01\/ECO-logo-150x150.png 150w, https:\/\/fiorentinispa.com\/wp-content\/uploads\/2026\/01\/ECO-logo-100x100.png 100w\" sizes=\"(max-width: 237px) 100vw, 237px\" \/><\/figure><div class=\"elementor-image-box-content\"><p class=\"elementor-image-box-description\">R\u00c9DUCTION DE LA CONSOMMATION \u00c9NERG\u00c9TIQUE, HYDRIQUE, CHIMIQUE<\/p><\/div><\/div>\t\t\t\t<\/div>\n\t\t\t\t<\/div>\n\t\t\t\t<\/div>\n\t\t<div class=\"elementor-element elementor-element-426a71b e-con-full e-flex e-con e-child\" data-id=\"426a71b\" data-element_type=\"container\" data-e-type=\"container\">\n\t\t\t\t<div class=\"elementor-element elementor-element-31a0131 elementor-widget__width-initial elementor-position-top elementor-widget elementor-widget-image-box\" data-id=\"31a0131\" data-element_type=\"widget\" data-e-type=\"widget\" data-widget_type=\"image-box.default\">\n\t\t\t\t<div class=\"elementor-widget-container\">\n\t\t\t\t\t<div class=\"elementor-image-box-wrapper\"><figure class=\"elementor-image-box-img\"><img decoding=\"async\" width=\"235\" height=\"136\" src=\"https:\/\/fiorentinispa.com\/wp-content\/uploads\/2026\/01\/Battery-logo.png\" class=\"attachment-large size-large wp-image-8933\" alt=\"\" \/><\/figure><div class=\"elementor-image-box-content\"><p class=\"elementor-image-box-description\">BATTERIES ET \nCHARGEURS HAUTE EFFICACIT\u00c9<\/p><\/div><\/div>\t\t\t\t<\/div>\n\t\t\t\t<\/div>\n\t\t\t\t<\/div>\n\t\t<div class=\"elementor-element elementor-element-9693e64 e-con-full e-flex e-con e-child\" data-id=\"9693e64\" data-element_type=\"container\" data-e-type=\"container\">\n\t\t\t\t<div class=\"elementor-element elementor-element-8f5015c elementor-position-top elementor-widget elementor-widget-image-box\" data-id=\"8f5015c\" data-element_type=\"widget\" data-e-type=\"widget\" data-widget_type=\"image-box.default\">\n\t\t\t\t<div class=\"elementor-widget-container\">\n\t\t\t\t\t<div class=\"elementor-image-box-wrapper\"><figure class=\"elementor-image-box-img\"><img decoding=\"async\" width=\"241\" height=\"237\" src=\"https:\/\/fiorentinispa.com\/wp-content\/uploads\/2026\/01\/Monitoraggio-logo.png\" class=\"attachment-2048x2048 size-2048x2048 wp-image-8932\" alt=\"\" \/><\/figure><div class=\"elementor-image-box-content\"><p class=\"elementor-image-box-description\">SURVEILLANCE\nDES CONSOMMATIONS\nET RECHARGES \u00c0 \nDISTANCE<\/p><\/div><\/div>\t\t\t\t<\/div>\n\t\t\t\t<\/div>\n\t\t\t\t<\/div>\n\t\t<div class=\"elementor-element elementor-element-8a8b103 e-con-full e-flex e-con e-child\" data-id=\"8a8b103\" data-element_type=\"container\" data-e-type=\"container\">\n\t\t\t\t<div class=\"elementor-element elementor-element-d43baac elementor-widget__width-initial elementor-position-top elementor-widget elementor-widget-image-box\" data-id=\"d43baac\" data-element_type=\"widget\" data-e-type=\"widget\" data-widget_type=\"image-box.default\">\n\t\t\t\t<div class=\"elementor-widget-container\">\n\t\t\t\t\t<div class=\"elementor-image-box-wrapper\"><figure class=\"elementor-image-box-img\"><img loading=\"lazy\" decoding=\"async\" width=\"180\" height=\"76\" src=\"https:\/\/fiorentinispa.com\/wp-content\/uploads\/2026\/01\/FES-logo-e1769184705398.png\" class=\"attachment-medium_large size-medium_large wp-image-8931\" alt=\"\" \/><\/figure><div class=\"elementor-image-box-content\"><p class=\"elementor-image-box-description\">OPTIMISATION\n<br>DES \nCONSOMMATIONS \n<br>\u00c9NERG\u00c9TIQUES<\/p><\/div><\/div>\t\t\t\t<\/div>\n\t\t\t\t<\/div>\n\t\t\t\t<\/div>\n\t\t<div class=\"elementor-element elementor-element-5658dca e-con-full e-flex e-con e-child\" data-id=\"5658dca\" data-element_type=\"container\" data-e-type=\"container\">\n\t\t\t\t<div class=\"elementor-element elementor-element-c61b494 elementor-widget__width-initial elementor-position-top elementor-widget elementor-widget-image-box\" data-id=\"c61b494\" data-element_type=\"widget\" data-e-type=\"widget\" data-widget_type=\"image-box.default\">\n\t\t\t\t<div class=\"elementor-widget-container\">\n\t\t\t\t\t<div class=\"elementor-image-box-wrapper\"><figure class=\"elementor-image-box-img\"><img loading=\"lazy\" decoding=\"async\" width=\"177\" height=\"78\" src=\"https:\/\/fiorentinispa.com\/wp-content\/uploads\/2026\/01\/FCS-Logo.png\" class=\"attachment-full size-full wp-image-8935\" alt=\"\" \/><\/figure><div class=\"elementor-image-box-content\"><p class=\"elementor-image-box-description\">SYST\u00c8ME DE DOSAGE\nPROPORTIONNEL\nAVEC \u00c9LECTROVANNE<\/p><\/div><\/div>\t\t\t\t<\/div>\n\t\t\t\t<\/div>\n\t\t\t\t<\/div>\n\t\t<div class=\"elementor-element elementor-element-39c8bad e-con-full e-flex e-con e-child\" data-id=\"39c8bad\" data-element_type=\"container\" data-e-type=\"container\">\n\t\t\t\t<div class=\"elementor-element elementor-element-9db0533 elementor-widget__width-initial elementor-position-top elementor-widget elementor-widget-image-box\" data-id=\"9db0533\" data-element_type=\"widget\" data-e-type=\"widget\" data-widget_type=\"image-box.default\">\n\t\t\t\t<div class=\"elementor-widget-container\">\n\t\t\t\t\t<div class=\"elementor-image-box-wrapper\"><figure class=\"elementor-image-box-img\"><img loading=\"lazy\" decoding=\"async\" width=\"180\" height=\"76\" src=\"https:\/\/fiorentinispa.com\/wp-content\/uploads\/2026\/01\/FWS-Logo.png\" class=\"attachment-full size-full wp-image-8936\" alt=\"\" \/><\/figure><div class=\"elementor-image-box-content\"><p class=\"elementor-image-box-description\">OPTIMISATION DES\nCONSOMMATIONS\nDE D\u00c9TERGENTS<\/p><\/div><\/div>\t\t\t\t<\/div>\n\t\t\t\t<\/div>\n\t\t\t\t<\/div>\n\t\t<div class=\"elementor-element elementor-element-fb62594 e-con-full e-flex e-con e-child\" data-id=\"fb62594\" data-element_type=\"container\" data-e-type=\"container\">\n\t\t\t\t<div class=\"elementor-element elementor-element-04a4adb elementor-widget__width-initial elementor-position-top elementor-widget elementor-widget-image-box\" data-id=\"04a4adb\" data-element_type=\"widget\" data-e-type=\"widget\" data-widget_type=\"image-box.default\">\n\t\t\t\t<div class=\"elementor-widget-container\">\n\t\t\t\t\t<div class=\"elementor-image-box-wrapper\"><figure class=\"elementor-image-box-img\"><img loading=\"lazy\" decoding=\"async\" width=\"227\" height=\"163\" src=\"https:\/\/fiorentinispa.com\/wp-content\/uploads\/2026\/01\/Sicurezza-prodotti-importanti-logo.png\" class=\"attachment-full size-full wp-image-8930\" alt=\"\" \/><\/figure><div class=\"elementor-image-box-content\"><p class=\"elementor-image-box-description\">CONFORMIT\u00c9\nEUROP\u00c9ENNE<\/p><\/div><\/div>\t\t\t\t<\/div>\n\t\t\t\t<\/div>\n\t\t\t\t<\/div>\n\t\t\t\t\t<\/div>\n\t\t\t\t<\/div>\n\t\t<div class=\"elementor-element elementor-element-8dbffd0 elementor-hidden-desktop e-flex e-con-boxed e-con e-parent\" data-id=\"8dbffd0\" data-element_type=\"container\" data-e-type=\"container\">\n\t\t\t\t\t<div class=\"e-con-inner\">\n\t\t<div class=\"elementor-element elementor-element-3871d71 e-con-full e-flex e-con e-child\" data-id=\"3871d71\" data-element_type=\"container\" data-e-type=\"container\">\n\t\t\t\t<div class=\"elementor-element elementor-element-2c2ac1b elementor-position-top elementor-widget elementor-widget-image-box\" data-id=\"2c2ac1b\" data-element_type=\"widget\" data-e-type=\"widget\" data-widget_type=\"image-box.default\">\n\t\t\t\t<div class=\"elementor-widget-container\">\n\t\t\t\t\t<div class=\"elementor-image-box-wrapper\"><figure class=\"elementor-image-box-img\"><img fetchpriority=\"high\" decoding=\"async\" width=\"237\" height=\"235\" src=\"https:\/\/fiorentinispa.com\/wp-content\/uploads\/2026\/01\/ECO-logo.png\" class=\"attachment-full size-full wp-image-8934\" alt=\"\" srcset=\"https:\/\/fiorentinispa.com\/wp-content\/uploads\/2026\/01\/ECO-logo.png 237w, https:\/\/fiorentinispa.com\/wp-content\/uploads\/2026\/01\/ECO-logo-150x150.png 150w, https:\/\/fiorentinispa.com\/wp-content\/uploads\/2026\/01\/ECO-logo-100x100.png 100w\" sizes=\"(max-width: 237px) 100vw, 237px\" \/><\/figure><div class=\"elementor-image-box-content\"><p class=\"elementor-image-box-description\">R\u00c9DUCTION DE LA CONSOMMATION \u00c9NERG\u00c9TIQUE, HYDRIQUE, CHIMIQUE<\/p><\/div><\/div>\t\t\t\t<\/div>\n\t\t\t\t<\/div>\n\t\t\t\t<\/div>\n\t\t<div class=\"elementor-element elementor-element-6126b2f e-con-full e-flex e-con e-child\" data-id=\"6126b2f\" data-element_type=\"container\" data-e-type=\"container\">\n\t\t\t\t<div class=\"elementor-element elementor-element-16a35d1 elementor-widget__width-initial elementor-position-top elementor-widget elementor-widget-image-box\" data-id=\"16a35d1\" data-element_type=\"widget\" data-e-type=\"widget\" data-widget_type=\"image-box.default\">\n\t\t\t\t<div class=\"elementor-widget-container\">\n\t\t\t\t\t<div class=\"elementor-image-box-wrapper\"><figure class=\"elementor-image-box-img\"><img decoding=\"async\" width=\"235\" height=\"136\" src=\"https:\/\/fiorentinispa.com\/wp-content\/uploads\/2026\/01\/Battery-logo.png\" class=\"attachment-large size-large wp-image-8933\" alt=\"\" \/><\/figure><div class=\"elementor-image-box-content\"><p class=\"elementor-image-box-description\">BATTERIES ET \nCHARGEURS HAUTE EFFICACIT\u00c9<\/p><\/div><\/div>\t\t\t\t<\/div>\n\t\t\t\t<\/div>\n\t\t\t\t<\/div>\n\t\t<div class=\"elementor-element elementor-element-3a273a6 e-con-full e-flex e-con e-child\" data-id=\"3a273a6\" data-element_type=\"container\" data-e-type=\"container\">\n\t\t\t\t<div class=\"elementor-element elementor-element-8dcef9b elementor-position-top elementor-widget elementor-widget-image-box\" data-id=\"8dcef9b\" data-element_type=\"widget\" data-e-type=\"widget\" data-widget_type=\"image-box.default\">\n\t\t\t\t<div class=\"elementor-widget-container\">\n\t\t\t\t\t<div class=\"elementor-image-box-wrapper\"><figure class=\"elementor-image-box-img\"><img decoding=\"async\" width=\"241\" height=\"237\" src=\"https:\/\/fiorentinispa.com\/wp-content\/uploads\/2026\/01\/Monitoraggio-logo.png\" class=\"attachment-2048x2048 size-2048x2048 wp-image-8932\" alt=\"\" \/><\/figure><div class=\"elementor-image-box-content\"><p class=\"elementor-image-box-description\">SURVEILLANCE\nDES CONSOMMATIONS\nET RECHARGES \u00c0 \nDISTANCE<\/p><\/div><\/div>\t\t\t\t<\/div>\n\t\t\t\t<\/div>\n\t\t\t\t<\/div>\n\t\t<div class=\"elementor-element elementor-element-7f30c69 e-con-full e-flex e-con e-child\" data-id=\"7f30c69\" data-element_type=\"container\" data-e-type=\"container\">\n\t\t\t\t<div class=\"elementor-element elementor-element-13f115a elementor-widget__width-initial elementor-position-top elementor-widget elementor-widget-image-box\" data-id=\"13f115a\" data-element_type=\"widget\" data-e-type=\"widget\" data-widget_type=\"image-box.default\">\n\t\t\t\t<div class=\"elementor-widget-container\">\n\t\t\t\t\t<div class=\"elementor-image-box-wrapper\"><figure class=\"elementor-image-box-img\"><img loading=\"lazy\" decoding=\"async\" width=\"300\" height=\"132\" src=\"https:\/\/fiorentinispa.com\/wp-content\/uploads\/2026\/01\/FES-logo-300x132.png\" class=\"attachment-medium size-medium wp-image-8931\" alt=\"\" \/><\/figure><div class=\"elementor-image-box-content\"><p class=\"elementor-image-box-description\">OPTIMISATION DES \nCONSOMMATIONS \u00c9NERG\u00c9TIQUES<\/p><\/div><\/div>\t\t\t\t<\/div>\n\t\t\t\t<\/div>\n\t\t\t\t<\/div>\n\t\t<div class=\"elementor-element elementor-element-d6cf7cc e-con-full e-flex e-con e-child\" data-id=\"d6cf7cc\" data-element_type=\"container\" data-e-type=\"container\">\n\t\t\t\t<div class=\"elementor-element elementor-element-1dd68b0 elementor-widget__width-initial elementor-position-top elementor-widget elementor-widget-image-box\" data-id=\"1dd68b0\" data-element_type=\"widget\" data-e-type=\"widget\" data-widget_type=\"image-box.default\">\n\t\t\t\t<div class=\"elementor-widget-container\">\n\t\t\t\t\t<div class=\"elementor-image-box-wrapper\"><figure class=\"elementor-image-box-img\"><img loading=\"lazy\" decoding=\"async\" width=\"177\" height=\"78\" src=\"https:\/\/fiorentinispa.com\/wp-content\/uploads\/2026\/01\/FCS-Logo.png\" class=\"attachment-medium size-medium wp-image-8935\" alt=\"\" \/><\/figure><div class=\"elementor-image-box-content\"><p class=\"elementor-image-box-description\">SYST\u00c8ME DE DOSAGE\nPROPORTIONNEL\nAVEC \u00c9LECTROVANNE<\/p><\/div><\/div>\t\t\t\t<\/div>\n\t\t\t\t<\/div>\n\t\t\t\t<\/div>\n\t\t<div class=\"elementor-element elementor-element-0570a50 e-con-full e-flex e-con e-child\" data-id=\"0570a50\" data-element_type=\"container\" data-e-type=\"container\">\n\t\t\t\t<div class=\"elementor-element elementor-element-bd7520b elementor-widget__width-initial elementor-position-top elementor-widget elementor-widget-image-box\" data-id=\"bd7520b\" data-element_type=\"widget\" data-e-type=\"widget\" data-widget_type=\"image-box.default\">\n\t\t\t\t<div class=\"elementor-widget-container\">\n\t\t\t\t\t<div class=\"elementor-image-box-wrapper\"><figure class=\"elementor-image-box-img\"><img loading=\"lazy\" decoding=\"async\" width=\"180\" height=\"76\" src=\"https:\/\/fiorentinispa.com\/wp-content\/uploads\/2026\/01\/FWS-Logo.png\" class=\"attachment-medium size-medium wp-image-8936\" alt=\"\" \/><\/figure><div class=\"elementor-image-box-content\"><p class=\"elementor-image-box-description\">OPTIMISATION DES\nCONSOMMATIONS\nDE D\u00c9TERGENTS<\/p><\/div><\/div>\t\t\t\t<\/div>\n\t\t\t\t<\/div>\n\t\t\t\t<\/div>\n\t\t<div class=\"elementor-element elementor-element-1da92dc e-con-full e-flex e-con e-child\" data-id=\"1da92dc\" data-element_type=\"container\" data-e-type=\"container\">\n\t\t\t\t<div class=\"elementor-element elementor-element-8bdf91a elementor-widget__width-initial elementor-position-top elementor-widget elementor-widget-image-box\" data-id=\"8bdf91a\" data-element_type=\"widget\" data-e-type=\"widget\" data-widget_type=\"image-box.default\">\n\t\t\t\t<div class=\"elementor-widget-container\">\n\t\t\t\t\t<div class=\"elementor-image-box-wrapper\"><figure class=\"elementor-image-box-img\"><img loading=\"lazy\" decoding=\"async\" width=\"227\" height=\"163\" src=\"https:\/\/fiorentinispa.com\/wp-content\/uploads\/2026\/01\/Sicurezza-prodotti-importanti-logo.png\" class=\"attachment-full size-full wp-image-8930\" alt=\"\" \/><\/figure><div class=\"elementor-image-box-content\"><p class=\"elementor-image-box-description\">CONFORMIT\u00c9\nEUROP\u00c9ENNE<\/p><\/div><\/div>\t\t\t\t<\/div>\n\t\t\t\t<\/div>\n\t\t\t\t<\/div>\n\t\t\t\t\t<\/div>\n\t\t\t\t<\/div>\n\t\t\t\t<\/div>\n\t\t","protected":false},"excerpt":{"rendered":"<p>https:\/\/fiorentinispa.com\/wp-content\/uploads\/2025\/12\/VIDEO-AMBIENTE-FIORENTINI.mp4 Nous d\u00e9veloppons des solutions de nettoyage professionnel qui maintiennent une productivit\u00e9 \u00e9lev\u00e9e tout en r\u00e9duisant au minimum l&rsquo;impact sur les ressources. Nos machines de nettoyage consomment naturellement de l&rsquo;eau, de l&rsquo;\u00e9nergie et des d\u00e9tergents. La mani\u00e8re la plus concr\u00e8te de prendre soin de l&rsquo;environnement est de concevoir des solutions qui permettent d&rsquo;utiliser uniquement ce qui est n\u00e9cessaire, quand c&rsquo;est n\u00e9cessaire. Les technologies Fiorentini sont con\u00e7ues pour optimiser l&rsquo;utilisation des ressources et encourager les utilisateurs des machines \u00e0 adopter des comportements plus responsables, sans renoncer aux performances et \u00e0 la fiabilit\u00e9. Gr\u00e2ce \u00e0 une utilisation plus efficace de l&rsquo;eau, de l&rsquo;\u00e9nergie et des produits chimiques, l&rsquo;application de nos technologies permet de : r\u00e9duire le co\u00fbt au m\u00e8tre carr\u00e9 nettoy\u00e9 augmenter l&rsquo;autonomie de travail des machines \u00e9conomiser du temps dans les op\u00e9rations de nettoyage obtenir des r\u00e9sultats de nettoyage plus homog\u00e8nes et constants couvrir des surfaces plus vastes avec les m\u00eames ressources R\u00c9DUCTION DE LA CONSOMMATION \u00c9NERG\u00c9TIQUE, HYDRIQUE, CHIMIQUE BATTERIES ET CHARGEURS HAUTE EFFICACIT\u00c9 SURVEILLANCE DES CONSOMMATIONS ET RECHARGES \u00c0 DISTANCE OPTIMISATION DES CONSOMMATIONS \u00c9NERG\u00c9TIQUES SYST\u00c8ME DE DOSAGE PROPORTIONNEL AVEC \u00c9LECTROVANNE OPTIMISATION DES CONSOMMATIONS DE D\u00c9TERGENTS CONFORMIT\u00c9 EUROP\u00c9ENNE R\u00c9DUCTION DE LA CONSOMMATION \u00c9NERG\u00c9TIQUE, HYDRIQUE, CHIMIQUE BATTERIES ET CHARGEURS HAUTE EFFICACIT\u00c9 SURVEILLANCE DES CONSOMMATIONS ET RECHARGES \u00c0 DISTANCE OPTIMISATION DES CONSOMMATIONS \u00c9NERG\u00c9TIQUES SYST\u00c8ME DE DOSAGE PROPORTIONNEL AVEC \u00c9LECTROVANNE OPTIMISATION DES CONSOMMATIONS DE D\u00c9TERGENTS CONFORMIT\u00c9 EUROP\u00c9ENNE<\/p>\n","protected":false},"author":1,"featured_media":0,"parent":0,"menu_order":0,"comment_status":"closed","ping_status":"closed","template":"page-full-width.php","meta":{"footnotes":""},"class_list":["post-8924","page","type-page","status-publish","hentry"],"_links":{"self":[{"href":"https:\/\/fiorentinispa.com\/fr\/wp-json\/wp\/v2\/pages\/8924","targetHints":{"allow":["GET"]}}],"collection":[{"href":"https:\/\/fiorentinispa.com\/fr\/wp-json\/wp\/v2\/pages"}],"about":[{"href":"https:\/\/fiorentinispa.com\/fr\/wp-json\/wp\/v2\/types\/page"}],"author":[{"embeddable":true,"href":"https:\/\/fiorentinispa.com\/fr\/wp-json\/wp\/v2\/users\/1"}],"replies":[{"embeddable":true,"href":"https:\/\/fiorentinispa.com\/fr\/wp-json\/wp\/v2\/comments?post=8924"}],"version-history":[{"count":1,"href":"https:\/\/fiorentinispa.com\/fr\/wp-json\/wp\/v2\/pages\/8924\/revisions"}],"predecessor-version":[{"id":8937,"href":"https:\/\/fiorentinispa.com\/fr\/wp-json\/wp\/v2\/pages\/8924\/revisions\/8937"}],"wp:attachment":[{"href":"https:\/\/fiorentinispa.com\/fr\/wp-json\/wp\/v2\/media?parent=8924"}],"curies":[{"name":"wp","href":"https:\/\/api.w.org\/{rel}","templated":true}]}}