{"id":9548,"date":"2025-02-13T13:11:11","date_gmt":"2025-02-13T13:11:11","guid":{"rendered":"https:\/\/fiorentinispa.com\/entreprises-de-nettoyage\/"},"modified":"2026-04-16T13:48:38","modified_gmt":"2026-04-16T13:48:38","slug":"entreprises-de-nettoyage","status":"publish","type":"page","link":"https:\/\/fiorentinispa.com\/fr\/entreprises-de-nettoyage\/","title":{"rendered":"Entreprises de nettoyage"},"content":{"rendered":"\t\t<div data-elementor-type=\"wp-page\" data-elementor-id=\"9548\" class=\"elementor elementor-9548 elementor-5359\" data-elementor-post-type=\"page\">\n\t\t\t\t<div class=\"elementor-element elementor-element-a0a8c68 e-con-full e-flex e-con e-parent\" data-id=\"a0a8c68\" data-element_type=\"container\" data-e-type=\"container\" data-settings=\"{&quot;background_background&quot;:&quot;classic&quot;}\">\n\t\t\t\t<div class=\"elementor-element elementor-element-8bc876a elementor-widget elementor-widget-slider_revolution\" data-id=\"8bc876a\" data-element_type=\"widget\" data-e-type=\"widget\" data-widget_type=\"slider_revolution.default\">\n\t\t\t\t<div class=\"elementor-widget-container\">\n\t\t\t\t\t\n\t\t<div class=\"wp-block-themepunch-revslider\">\n\t\t\t\t<p class=\"rs-p-wp-fix\"><\/p>\n\t\t\t\t<sr7-module data-alias=\"imprese-pulizia-nuova-fr\" data-id=\"60\" id=\"SR7_60_1\" class=\"rs-ov-hidden\" data-version=\"6.7.20\">\n\t\t\t\t\t<sr7-adjuster><\/sr7-adjuster>\n\t\t\t\t\t<sr7-content>\n\t\t\t\t\t\t<sr7-slide id=\"SR7_60_1-147\" data-key=\"147\">\n\t\t\t\t\t\t\t<sr7-bg id=\"SR7_60_1-147-6\" class=\"sr7-layer\"><noscript><img decoding=\"async\" src=\"https:\/\/fiorentinispa.com\/wp-content\/uploads\/2025\/02\/4-10.jpg\" alt=\"\" title=\"4\"><\/noscript><\/sr7-bg>\n\t\t\t\t\t\t\t<sr7-txt id=\"SR7_60_1-147-2\" class=\"sr7-layer\">NETTOYAGE ET D\u00c9SINFECTION POUR LES ENTREPRISES DE NETTOYAGE<\/sr7-txt>\n\t\t\t\t\t\t\t<sr7-txt id=\"SR7_60_1-147-3\" class=\"sr7-layer\"><a class=\"qodef-shortcode qodef-m  qodef-button qodef-layout--filled  qodef-html--link\" href=\"https:\/\/fiorentinispa.com\/fr\/prodotti\/\" target=\"_self\" >\n\t<span class=\"qodef-m-text\">d\u00e9couvrez les produits<\/span>\n<\/a>\n<\/sr7-txt>\n\t\t\t\t\t\t\t<sr7-txt id=\"SR7_60_1-147-5\" class=\"sr7-layer\">Choisissez la machine la plus adapt\u00e9e \u00e0 vos environnements<\/sr7-txt>\n\t\t\t\t\t\t<\/sr7-slide>\n\t\t\t\t\t\t<sr7-slide id=\"SR7_60_1-149\" data-key=\"149\">\n\t\t\t\t\t\t<\/sr7-slide>\n\t\t\t\t\t<\/sr7-content>\n\t\t\t\t\t<image_lists style=\"display:none\">\n\t\t\t\t\t\t<img data-src=\"\/\/fiorentinispa.com\/wp-content\/uploads\/2025\/02\/4-10.jpg\" data-libid=\"6072\" data-lib=\"medialibrary\" title=\"4\" width=\"0\" height=\"0\" data-dbsrc=\"Ly9maW9yZW50aW5pc3BhLmNvbS93cC1jb250ZW50L3VwbG9hZHMvMjAyNS8wMi80LTEwLmpwZw==\"\/>\n\t\t\t\t\t<\/image_lists>\n\t\t\t\t<\/sr7-module>\n\t\t\t\t<script>\n\t\t\t\t\tSR7.PMH ??={}; SR7.PMH[\"SR7_60_1\"] = {cn:0,state:false,fn: function() { if (_tpt!==undefined && _tpt.prepareModuleHeight !== undefined) {  _tpt.prepareModuleHeight({id:\"SR7_60_1\",el:[640,640,500,500,580],type:'standard',shdw:'0',gh:[640,640,500,500,580],gw:[1400,1400,1100,960,358],vpt:['100px&#039;,&#039;100px&#039;,&#039;100px&#039;,&#039;100px&#039;,&#039;100px'],size:{fullWidth:true, fullHeight:false},mh:'0',onh:0,onw:0,bg:{color:'{\"orig\":\"transparent\",\"type\":\"solid\",\"string\":\"transparent\"}'}});   SR7.PMH[\"SR7_60_1\"].state=true;} else if((SR7.PMH[\"SR7_60_1\"].cn++)<100)\tsetTimeout( SR7.PMH[\"SR7_60_1\"].fn,19);}};SR7.PMH[\"SR7_60_1\" ].fn();\n\t\t\t\t<\/script>\n<\/div>\n\n\t\t\t\t\t\t<\/div>\n\t\t\t\t<\/div>\n\t\t\t\t<\/div>\n\t\t<div class=\"elementor-element elementor-element-94351c7 e-flex e-con-boxed e-con e-parent\" data-id=\"94351c7\" data-element_type=\"container\" data-e-type=\"container\">\n\t\t\t\t\t<div class=\"e-con-inner\">\n\t\t\t\t<div class=\"elementor-element elementor-element-11b8afb elementor-widget elementor-widget-text-editor\" data-id=\"11b8afb\" data-element_type=\"widget\" data-e-type=\"widget\" data-widget_type=\"text-editor.default\">\n\t\t\t\t<div class=\"elementor-widget-container\">\n\t\t\t\t\t\t\t\t\t<h2 class=\"g-mb-30 g-color-primary\" style=\"text-align: left;\">Entreprises de nettoyage<\/h2>\t\t\t\t\t\t\t\t<\/div>\n\t\t\t\t<\/div>\n\t\t\t\t<div class=\"elementor-element elementor-element-1b9a231 elementor-widget elementor-widget-text-editor\" data-id=\"1b9a231\" data-element_type=\"widget\" data-e-type=\"widget\" data-widget_type=\"text-editor.default\">\n\t\t\t\t<div class=\"elementor-widget-container\">\n\t\t\t\t\t\t\t\t\t<p><span style=\"font-weight: 400;\">Le secteur des <\/span><b>entreprises de nettoyage<\/b><span style=\"font-weight: 400;\"> est de plus en plus concurrentiel. Des clients exigeants, des r\u00e9glementations strictes et la n\u00e9cessit\u00e9 de r\u00e9duire les co\u00fbts op\u00e9rationnels requi\u00e8rent des solutions efficaces et rapides. Pour obtenir des r\u00e9sultats optimaux, il est essentiel de s&rsquo;appuyer sur des <\/span><b>machines de nettoyage industriel<\/b><span style=\"font-weight: 400;\"> innovantes et performantes.<\/span><\/p><p><span style=\"font-weight: 400;\">Gr\u00e2ce \u00e0 des <\/span><b>technologies avanc\u00e9es<\/b><span style=\"font-weight: 400;\">, Fiorentini propose des \u00e9quipements professionnels qui <\/span><b>maximisent l&rsquo;efficacit\u00e9 et r\u00e9duisent les co\u00fbts de gestion<\/b><span style=\"font-weight: 400;\">, devenant ainsi un alli\u00e9 strat\u00e9gique pour chaque entreprise de nettoyage. Des <\/span><b>autolaveuses compactes<\/b><span style=\"font-weight: 400;\">, id\u00e9ales pour remplacer le nettoyage manuel dans les petits espaces, jusqu&rsquo;aux solutions pour grandes surfaces, nous garantissons des performances \u00e9lev\u00e9es et la s\u00e9curit\u00e9 des op\u00e9rateurs.<\/span><\/p><h3><b>Machines pour le Nettoyage des Entreprises de Nettoyage<\/b><\/h3><p><span style=\"font-weight: 400;\">Dans la vaste gamme de <\/span><b>machines de nettoyage professionnel des sols<\/b><span style=\"font-weight: 400;\"> con\u00e7ues par Fiorentini, certains mod\u00e8les sont particuli\u00e8rement adapt\u00e9s aux <\/span><b>entreprises de nettoyage<\/b><span style=\"font-weight: 400;\">, assurant une <\/span><b>efficacit\u00e9 maximale et des r\u00e9sultats impeccables<\/b><span style=\"font-weight: 400;\"> dans :<\/span><\/p><ul><li style=\"font-weight: 400;\" aria-level=\"1\"><span style=\"font-weight: 400;\">Bureaux<\/span><\/li><li style=\"font-weight: 400;\" aria-level=\"1\"><span style=\"font-weight: 400;\">Magasins de diff\u00e9rentes dimensions<\/span><\/li><li style=\"font-weight: 400;\" aria-level=\"1\"><span style=\"font-weight: 400;\">Entreprises<\/span><\/li><li style=\"font-weight: 400;\" aria-level=\"1\"><span style=\"font-weight: 400;\">H\u00f4tels<\/span><\/li><li style=\"font-weight: 400;\" aria-level=\"1\"><span style=\"font-weight: 400;\">\u00c9tablissements publics (\u00e9coles, h\u00f4pitaux, organismes gouvernementaux)<\/span><\/li><li style=\"font-weight: 400;\" aria-level=\"1\"><span style=\"font-weight: 400;\">Habitations priv\u00e9es<\/span><\/li><\/ul><p><span style=\"font-weight: 400;\">D\u00e9couvrez la <\/span><b>machine de nettoyage professionnel<\/b><span style=\"font-weight: 400;\"> la plus adapt\u00e9e \u00e0 vos environnements ou <\/span><b>contactez-nous pour un conseil personnalis\u00e9<\/b><span style=\"font-weight: 400;\"> : notre \u00e9quipe est \u00e0 votre disposition pour vous aider \u00e0 choisir le produit id\u00e9al pour votre entreprise de nettoyage.<\/span><\/p>\t\t\t\t\t\t\t\t<\/div>\n\t\t\t\t<\/div>\n\t\t\t\t\t<\/div>\n\t\t\t\t<\/div>\n\t\t<div class=\"elementor-element elementor-element-2704973 e-flex e-con-boxed e-con e-parent\" data-id=\"2704973\" data-element_type=\"container\" data-e-type=\"container\">\n\t\t\t\t\t<div class=\"e-con-inner\">\n\t\t\t\t<div class=\"elementor-element elementor-element-2383b7f elementor-widget elementor-widget-heading\" data-id=\"2383b7f\" data-element_type=\"widget\" data-e-type=\"widget\" data-widget_type=\"heading.default\">\n\t\t\t\t<div class=\"elementor-widget-container\">\n\t\t\t\t\t<h3 class=\"elementor-heading-title elementor-size-default\">d\u00e9couvrez la gamme fiorentini<\/h3>\t\t\t\t<\/div>\n\t\t\t\t<\/div>\n\t\t\t\t\t<\/div>\n\t\t\t\t<\/div>\n\t\t<div class=\"elementor-element elementor-element-d485155 e-flex e-con-boxed e-con e-parent\" data-id=\"d485155\" data-element_type=\"container\" data-e-type=\"container\">\n\t\t\t\t\t<div class=\"e-con-inner\">\n\t\t<div class=\"elementor-element elementor-element-b4f44b5 e-con-full e-flex e-con e-child\" data-id=\"b4f44b5\" data-element_type=\"container\" data-e-type=\"container\">\n\t\t\t\t<div class=\"elementor-element elementor-element-4eeecd8 elementor-widget-tablet__width-inherit elementor-widget elementor-widget-highrev_core_product_category_list\" data-id=\"4eeecd8\" data-element_type=\"widget\" data-e-type=\"widget\" data-widget_type=\"highrev_core_product_category_list.default\">\n\t\t\t\t<div class=\"elementor-widget-container\">\n\t\t\t\t\t<div class=\"qodef-shortcode qodef-m  qodef-woo-shortcode qodef-woo-product-category-list qodef-item-layout--simple qodef-main-category-image--enabled   qodef-item-image-alignment--left qodef-grid qodef-layout--columns  qodef-gutter--no qodef-vertical-gutter--no qodef-col-num--6 qodef-item-layout--simple  qodef-responsive--custom qodef-col-num--1512--6 qodef-col-num--1368--6 qodef-col-num--1200--4 qodef-col-num--1024--4 qodef-col-num--880--4 qodef-col-num--680--2 qodef-col-num--480--2 qodef-swiper--show-pagination\">\n\t\t<div class=\"qodef-grid-inner\">\n\t\t<div class=\"qodef-e qodef--retina-scaling qodef-grid-item qodef-item--full product-category product first\">\n\t<div class=\"qodef-e-inner\">\n\t\t<a href=\"https:\/\/fiorentinispa.com\/fr\/product-category\/tracteurs\/\" class=\"qodef-e-link\"><\/a>\n\t\t<div class=\"qodef-e-product-category-list-top\">\n\t\t\t\t\t\t<div class=\"qodef-e-product-category-list-image\">\n\t\t\t\t<a href=\"https:\/\/fiorentinispa.com\/fr\/product-category\/tracteurs\/\" class=\"qodef-e-product-category-list-link\">\n\t\t\t\t\t\t\t\t<img fetchpriority=\"high\" decoding=\"async\" itemprop=\"image\" src=\"https:\/\/fiorentinispa.com\/wp-content\/uploads\/2026\/01\/TX-TRATTORINI-X.jpg\"\n\t\t\t width=\"1000\"\n\t\t\t height=\"1000\"\n\t\t\t alt=\"\"\/>\n\t\t\t\t\t<\/a>\n\t\t\t<\/div>\n\t\t\t\t\t<\/div>\n\t\t<div class=\"qodef-e-product-category-list-bottom\">\n\t\t\t<a href=\"https:\/\/fiorentinispa.com\/fr\/product-category\/tracteurs\/\" class=\"qodef-e-product-category-list-main-category\">\n    <h6 class=\"woocommerce-loop-category__title\">\n        Tracteurs    <\/h6>\n<\/a>\n\t\t<\/div>\n\t<\/div>\n<\/div>\n<div class=\"qodef-e qodef--retina-scaling qodef-grid-item qodef-item--full product-category product\">\n\t<div class=\"qodef-e-inner\">\n\t\t<a href=\"https:\/\/fiorentinispa.com\/fr\/product-category\/nettoyeurs-haute-pression\/\" class=\"qodef-e-link\"><\/a>\n\t\t<div class=\"qodef-e-product-category-list-top\">\n\t\t\t\t\t\t<div class=\"qodef-e-product-category-list-image\">\n\t\t\t\t<a href=\"https:\/\/fiorentinispa.com\/fr\/product-category\/nettoyeurs-haute-pression\/\" class=\"qodef-e-product-category-list-link\">\n\t\t\t\t\t\t\t\t<img decoding=\"async\" itemprop=\"image\" src=\"https:\/\/fiorentinispa.com\/wp-content\/uploads\/2026\/01\/Kcm-X-1.jpg\"\n\t\t\t width=\"1000\"\n\t\t\t height=\"1000\"\n\t\t\t alt=\"\"\/>\n\t\t\t\t\t<\/a>\n\t\t\t<\/div>\n\t\t\t\t\t<\/div>\n\t\t<div class=\"qodef-e-product-category-list-bottom\">\n\t\t\t<a href=\"https:\/\/fiorentinispa.com\/fr\/product-category\/nettoyeurs-haute-pression\/\" class=\"qodef-e-product-category-list-main-category\">\n    <h6 class=\"woocommerce-loop-category__title\">\n        Nettoyeurs haute pression    <\/h6>\n<\/a>\n\t\t<\/div>\n\t<\/div>\n<\/div>\n<div class=\"qodef-e qodef--retina-scaling qodef-grid-item qodef-item--full product-category product\">\n\t<div class=\"qodef-e-inner\">\n\t\t<a href=\"https:\/\/fiorentinispa.com\/fr\/product-category\/nettoyeurs-de-surfaces-textiles\/\" class=\"qodef-e-link\"><\/a>\n\t\t<div class=\"qodef-e-product-category-list-top\">\n\t\t\t\t\t\t<div class=\"qodef-e-product-category-list-image\">\n\t\t\t\t<a href=\"https:\/\/fiorentinispa.com\/fr\/product-category\/nettoyeurs-de-surfaces-textiles\/\" class=\"qodef-e-product-category-list-link\">\n\t\t\t\t\t\t\t\t<img loading=\"lazy\" decoding=\"async\" itemprop=\"image\" src=\"https:\/\/fiorentinispa.com\/wp-content\/uploads\/2026\/01\/INJECTION-EXTRACTION-LAVAMOQUETTE-X.jpg\"\n\t\t\t width=\"1000\"\n\t\t\t height=\"1000\"\n\t\t\t alt=\"\"\/>\n\t\t\t\t\t<\/a>\n\t\t\t<\/div>\n\t\t\t\t\t<\/div>\n\t\t<div class=\"qodef-e-product-category-list-bottom\">\n\t\t\t<a href=\"https:\/\/fiorentinispa.com\/fr\/product-category\/nettoyeurs-de-surfaces-textiles\/\" class=\"qodef-e-product-category-list-main-category\">\n    <h6 class=\"woocommerce-loop-category__title\">\n        Nettoyeurs de surfaces textiles    <\/h6>\n<\/a>\n\t\t<\/div>\n\t<\/div>\n<\/div>\n<div class=\"qodef-e qodef--retina-scaling qodef-grid-item qodef-item--full product-category product last\">\n\t<div class=\"qodef-e-inner\">\n\t\t<a href=\"https:\/\/fiorentinispa.com\/fr\/product-category\/monobrosse\/\" class=\"qodef-e-link\"><\/a>\n\t\t<div class=\"qodef-e-product-category-list-top\">\n\t\t\t\t\t\t<div class=\"qodef-e-product-category-list-image\">\n\t\t\t\t<a href=\"https:\/\/fiorentinispa.com\/fr\/product-category\/monobrosse\/\" class=\"qodef-e-product-category-list-link\">\n\t\t\t\t\t\t\t\t<img loading=\"lazy\" decoding=\"async\" itemprop=\"image\" src=\"https:\/\/fiorentinispa.com\/wp-content\/uploads\/2026\/01\/JOLLY-17-MONOSPAZZOLA-X.jpg\"\n\t\t\t width=\"1000\"\n\t\t\t height=\"1000\"\n\t\t\t alt=\"\"\/>\n\t\t\t\t\t<\/a>\n\t\t\t<\/div>\n\t\t\t\t\t<\/div>\n\t\t<div class=\"qodef-e-product-category-list-bottom\">\n\t\t\t<a href=\"https:\/\/fiorentinispa.com\/fr\/product-category\/monobrosse\/\" class=\"qodef-e-product-category-list-main-category\">\n    <h6 class=\"woocommerce-loop-category__title\">\n        Monobrosse    <\/h6>\n<\/a>\n\t\t<\/div>\n\t<\/div>\n<\/div>\n<div class=\"qodef-e qodef--retina-scaling qodef-grid-item qodef-item--full product-category product first\">\n\t<div class=\"qodef-e-inner\">\n\t\t<a href=\"https:\/\/fiorentinispa.com\/fr\/product-category\/machines-de-nettoyage-urbain\/\" class=\"qodef-e-link\"><\/a>\n\t\t<div class=\"qodef-e-product-category-list-top\">\n\t\t\t\t\t\t<div class=\"qodef-e-product-category-list-image\">\n\t\t\t\t<a href=\"https:\/\/fiorentinispa.com\/fr\/product-category\/machines-de-nettoyage-urbain\/\" class=\"qodef-e-product-category-list-link\">\n\t\t\t\t\t\t\t\t<img loading=\"lazy\" decoding=\"async\" itemprop=\"image\" src=\"https:\/\/fiorentinispa.com\/wp-content\/uploads\/2026\/01\/S150-SPAZZATRICI-STRADALI-X.jpg\"\n\t\t\t width=\"1000\"\n\t\t\t height=\"1000\"\n\t\t\t alt=\"\"\/>\n\t\t\t\t\t<\/a>\n\t\t\t<\/div>\n\t\t\t\t\t<\/div>\n\t\t<div class=\"qodef-e-product-category-list-bottom\">\n\t\t\t<a href=\"https:\/\/fiorentinispa.com\/fr\/product-category\/machines-de-nettoyage-urbain\/\" class=\"qodef-e-product-category-list-main-category\">\n    <h6 class=\"woocommerce-loop-category__title\">\n        Machines de nettoyage urbain    <\/h6>\n<\/a>\n\t\t<\/div>\n\t<\/div>\n<\/div>\n<div class=\"qodef-e qodef--retina-scaling qodef-grid-item qodef-item--full product-category product\">\n\t<div class=\"qodef-e-inner\">\n\t\t<a href=\"https:\/\/fiorentinispa.com\/fr\/product-category\/machines-autonomes\/\" class=\"qodef-e-link\"><\/a>\n\t\t<div class=\"qodef-e-product-category-list-top\">\n\t\t\t\t\t\t<div class=\"qodef-e-product-category-list-image\">\n\t\t\t\t<a href=\"https:\/\/fiorentinispa.com\/fr\/product-category\/machines-autonomes\/\" class=\"qodef-e-product-category-list-link\">\n\t\t\t\t\t\t\t\t<img loading=\"lazy\" decoding=\"async\" itemprop=\"image\" src=\"https:\/\/fiorentinispa.com\/wp-content\/uploads\/2026\/01\/Fiorentini_BEETLE_3-X.jpg\"\n\t\t\t width=\"1000\"\n\t\t\t height=\"1000\"\n\t\t\t alt=\"\"\/>\n\t\t\t\t\t<\/a>\n\t\t\t<\/div>\n\t\t\t\t\t<\/div>\n\t\t<div class=\"qodef-e-product-category-list-bottom\">\n\t\t\t<a href=\"https:\/\/fiorentinispa.com\/fr\/product-category\/machines-autonomes\/\" class=\"qodef-e-product-category-list-main-category\">\n    <h6 class=\"woocommerce-loop-category__title\">\n        Machines Autonomes    <\/h6>\n<\/a>\n\t\t<\/div>\n\t<\/div>\n<\/div>\n<div class=\"qodef-e qodef--retina-scaling qodef-grid-item qodef-item--full product-category product\">\n\t<div class=\"qodef-e-inner\">\n\t\t<a href=\"https:\/\/fiorentinispa.com\/fr\/product-category\/machines-a-vapeur\/\" class=\"qodef-e-link\"><\/a>\n\t\t<div class=\"qodef-e-product-category-list-top\">\n\t\t\t\t\t\t<div class=\"qodef-e-product-category-list-image\">\n\t\t\t\t<a href=\"https:\/\/fiorentinispa.com\/fr\/product-category\/machines-a-vapeur\/\" class=\"qodef-e-product-category-list-link\">\n\t\t\t\t\t\t\t\t<img loading=\"lazy\" decoding=\"async\" itemprop=\"image\" src=\"https:\/\/fiorentinispa.com\/wp-content\/uploads\/2026\/01\/Junior-Vapor-MACCHINE-A-VAPORE-X.jpg\"\n\t\t\t width=\"1000\"\n\t\t\t height=\"1000\"\n\t\t\t alt=\"\"\/>\n\t\t\t\t\t<\/a>\n\t\t\t<\/div>\n\t\t\t\t\t<\/div>\n\t\t<div class=\"qodef-e-product-category-list-bottom\">\n\t\t\t<a href=\"https:\/\/fiorentinispa.com\/fr\/product-category\/machines-a-vapeur\/\" class=\"qodef-e-product-category-list-main-category\">\n    <h6 class=\"woocommerce-loop-category__title\">\n        Machines \u00e0 vapeur    <\/h6>\n<\/a>\n\t\t<\/div>\n\t<\/div>\n<\/div>\n<div class=\"qodef-e qodef--retina-scaling qodef-grid-item qodef-item--full product-category product last\">\n\t<div class=\"qodef-e-inner\">\n\t\t<a href=\"https:\/\/fiorentinispa.com\/fr\/product-category\/balayeuses-autoportees\/\" class=\"qodef-e-link\"><\/a>\n\t\t<div class=\"qodef-e-product-category-list-top\">\n\t\t\t\t\t\t<div class=\"qodef-e-product-category-list-image\">\n\t\t\t\t<a href=\"https:\/\/fiorentinispa.com\/fr\/product-category\/balayeuses-autoportees\/\" class=\"qodef-e-product-category-list-link\">\n\t\t\t\t\t\t\t\t<img loading=\"lazy\" decoding=\"async\" itemprop=\"image\" src=\"https:\/\/fiorentinispa.com\/wp-content\/uploads\/2026\/01\/S-28-SPAZZATRICE-UOMO-A-BORDO-X.jpg\"\n\t\t\t width=\"1000\"\n\t\t\t height=\"1000\"\n\t\t\t alt=\"\"\/>\n\t\t\t\t\t<\/a>\n\t\t\t<\/div>\n\t\t\t\t\t<\/div>\n\t\t<div class=\"qodef-e-product-category-list-bottom\">\n\t\t\t<a href=\"https:\/\/fiorentinispa.com\/fr\/product-category\/balayeuses-autoportees\/\" class=\"qodef-e-product-category-list-main-category\">\n    <h6 class=\"woocommerce-loop-category__title\">\n        Balayeuses autoport\u00e9es    <\/h6>\n<\/a>\n\t\t<\/div>\n\t<\/div>\n<\/div>\n<div class=\"qodef-e qodef--retina-scaling qodef-grid-item qodef-item--full product-category product first\">\n\t<div class=\"qodef-e-inner\">\n\t\t<a href=\"https:\/\/fiorentinispa.com\/fr\/product-category\/balayeuses-accompagnees\/\" class=\"qodef-e-link\"><\/a>\n\t\t<div class=\"qodef-e-product-category-list-top\">\n\t\t\t\t\t\t<div class=\"qodef-e-product-category-list-image\">\n\t\t\t\t<a href=\"https:\/\/fiorentinispa.com\/fr\/product-category\/balayeuses-accompagnees\/\" class=\"qodef-e-product-category-list-link\">\n\t\t\t\t\t\t\t\t<img loading=\"lazy\" decoding=\"async\" itemprop=\"image\" src=\"https:\/\/fiorentinispa.com\/wp-content\/uploads\/2026\/02\/AE_AS-50\u201370.jpg\"\n\t\t\t width=\"1000\"\n\t\t\t height=\"1000\"\n\t\t\t alt=\"\"\/>\n\t\t\t\t\t<\/a>\n\t\t\t<\/div>\n\t\t\t\t\t<\/div>\n\t\t<div class=\"qodef-e-product-category-list-bottom\">\n\t\t\t<a href=\"https:\/\/fiorentinispa.com\/fr\/product-category\/balayeuses-accompagnees\/\" class=\"qodef-e-product-category-list-main-category\">\n    <h6 class=\"woocommerce-loop-category__title\">\n        Balayeuses accompagn\u00e9es    <\/h6>\n<\/a>\n\t\t<\/div>\n\t<\/div>\n<\/div>\n<div class=\"qodef-e qodef--retina-scaling qodef-grid-item qodef-item--full product-category product\">\n\t<div class=\"qodef-e-inner\">\n\t\t<a href=\"https:\/\/fiorentinispa.com\/fr\/product-category\/autolaveuse-autoportee\/\" class=\"qodef-e-link\"><\/a>\n\t\t<div class=\"qodef-e-product-category-list-top\">\n\t\t\t\t\t\t<div class=\"qodef-e-product-category-list-image\">\n\t\t\t\t<a href=\"https:\/\/fiorentinispa.com\/fr\/product-category\/autolaveuse-autoportee\/\" class=\"qodef-e-product-category-list-link\">\n\t\t\t\t\t\t\t\t<img loading=\"lazy\" decoding=\"async\" itemprop=\"image\" src=\"https:\/\/fiorentinispa.com\/wp-content\/uploads\/2026\/01\/EF85-X.jpg\"\n\t\t\t width=\"1000\"\n\t\t\t height=\"1000\"\n\t\t\t alt=\"\"\/>\n\t\t\t\t\t<\/a>\n\t\t\t<\/div>\n\t\t\t\t\t<\/div>\n\t\t<div class=\"qodef-e-product-category-list-bottom\">\n\t\t\t<a href=\"https:\/\/fiorentinispa.com\/fr\/product-category\/autolaveuse-autoportee\/\" class=\"qodef-e-product-category-list-main-category\">\n    <h6 class=\"woocommerce-loop-category__title\">\n        Autolaveuse autoport\u00e9e    <\/h6>\n<\/a>\n\t\t<\/div>\n\t<\/div>\n<\/div>\n<div class=\"qodef-e qodef--retina-scaling qodef-grid-item qodef-item--full product-category product\">\n\t<div class=\"qodef-e-inner\">\n\t\t<a href=\"https:\/\/fiorentinispa.com\/fr\/product-category\/autolaveuse-a-conducteur-accompagnant\/\" class=\"qodef-e-link\"><\/a>\n\t\t<div class=\"qodef-e-product-category-list-top\">\n\t\t\t\t\t\t<div class=\"qodef-e-product-category-list-image\">\n\t\t\t\t<a href=\"https:\/\/fiorentinispa.com\/fr\/product-category\/autolaveuse-a-conducteur-accompagnant\/\" class=\"qodef-e-product-category-list-link\">\n\t\t\t\t\t\t\t\t<img loading=\"lazy\" decoding=\"async\" itemprop=\"image\" src=\"https:\/\/fiorentinispa.com\/wp-content\/uploads\/2026\/01\/ECO-20-X.jpg\"\n\t\t\t width=\"1000\"\n\t\t\t height=\"1000\"\n\t\t\t alt=\"\"\/>\n\t\t\t\t\t<\/a>\n\t\t\t<\/div>\n\t\t\t\t\t<\/div>\n\t\t<div class=\"qodef-e-product-category-list-bottom\">\n\t\t\t<a href=\"https:\/\/fiorentinispa.com\/fr\/product-category\/autolaveuse-a-conducteur-accompagnant\/\" class=\"qodef-e-product-category-list-main-category\">\n    <h6 class=\"woocommerce-loop-category__title\">\n        Autolaveuse \u00e0 conducteur accompagnant    <\/h6>\n<\/a>\n\t\t<\/div>\n\t<\/div>\n<\/div>\n<div class=\"qodef-e qodef--retina-scaling qodef-grid-item qodef-item--full product-category product last\">\n\t<div class=\"qodef-e-inner\">\n\t\t<a href=\"https:\/\/fiorentinispa.com\/fr\/product-category\/aspirateurs\/\" class=\"qodef-e-link\"><\/a>\n\t\t<div class=\"qodef-e-product-category-list-top\">\n\t\t\t\t\t\t<div class=\"qodef-e-product-category-list-image\">\n\t\t\t\t<a href=\"https:\/\/fiorentinispa.com\/fr\/product-category\/aspirateurs\/\" class=\"qodef-e-product-category-list-link\">\n\t\t\t\t\t\t\t\t<img loading=\"lazy\" decoding=\"async\" itemprop=\"image\" src=\"https:\/\/fiorentinispa.com\/wp-content\/uploads\/2026\/01\/BABY-ASPIRATORE-X.jpg\"\n\t\t\t width=\"1000\"\n\t\t\t height=\"1000\"\n\t\t\t alt=\"\"\/>\n\t\t\t\t\t<\/a>\n\t\t\t<\/div>\n\t\t\t\t\t<\/div>\n\t\t<div class=\"qodef-e-product-category-list-bottom\">\n\t\t\t<a href=\"https:\/\/fiorentinispa.com\/fr\/product-category\/aspirateurs\/\" class=\"qodef-e-product-category-list-main-category\">\n    <h6 class=\"woocommerce-loop-category__title\">\n        Aspirateurs    <\/h6>\n<\/a>\n\t\t<\/div>\n\t<\/div>\n<\/div>\n\t<\/div>\n<\/div>\n\t\t\t\t<\/div>\n\t\t\t\t<\/div>\n\t\t\t\t<\/div>\n\t\t\t\t\t<\/div>\n\t\t\t\t<\/div>\n\t\t\t\t<\/div>\n\t\t","protected":false},"excerpt":{"rendered":"<p>Entreprises de nettoyage Le secteur des entreprises de nettoyage est de plus en plus concurrentiel. Des clients exigeants, des r\u00e9glementations strictes et la n\u00e9cessit\u00e9 de r\u00e9duire les co\u00fbts op\u00e9rationnels requi\u00e8rent des solutions efficaces et rapides. Pour obtenir des r\u00e9sultats optimaux, il est essentiel de s&rsquo;appuyer sur des machines de nettoyage industriel innovantes et performantes. Gr\u00e2ce \u00e0 des technologies avanc\u00e9es, Fiorentini propose des \u00e9quipements professionnels qui maximisent l&rsquo;efficacit\u00e9 et r\u00e9duisent les co\u00fbts de gestion, devenant ainsi un alli\u00e9 strat\u00e9gique pour chaque entreprise de nettoyage. Des autolaveuses compactes, id\u00e9ales pour remplacer le nettoyage manuel dans les petits espaces, jusqu&rsquo;aux solutions pour grandes surfaces, nous garantissons des performances \u00e9lev\u00e9es et la s\u00e9curit\u00e9 des op\u00e9rateurs. Machines pour le Nettoyage des Entreprises de Nettoyage Dans la vaste gamme de machines de nettoyage professionnel des sols con\u00e7ues par Fiorentini, certains mod\u00e8les sont particuli\u00e8rement adapt\u00e9s aux entreprises de nettoyage, assurant une efficacit\u00e9 maximale et des r\u00e9sultats impeccables dans : Bureaux Magasins de diff\u00e9rentes dimensions Entreprises H\u00f4tels \u00c9tablissements publics (\u00e9coles, h\u00f4pitaux, organismes gouvernementaux) Habitations priv\u00e9es D\u00e9couvrez la machine de nettoyage professionnel la plus adapt\u00e9e \u00e0 vos environnements ou contactez-nous pour un conseil personnalis\u00e9 : notre \u00e9quipe est \u00e0 votre disposition pour vous aider \u00e0 choisir le produit id\u00e9al pour votre entreprise de nettoyage. d\u00e9couvrez la gamme fiorentini Macchine Autonome Lavapavimenti uomo a terra Lavapavimenti uomo a bordo Spazzatrici uomo a terra Spazzatrici uomo a bordo Idropulitrici Aspiratori Lavasuperfici tessili Trattorini Monospazzole Macchinari per la pulizia urbana Macchine a vapore<\/p>\n","protected":false},"author":1,"featured_media":0,"parent":0,"menu_order":0,"comment_status":"closed","ping_status":"closed","template":"page-full-width.php","meta":{"footnotes":""},"class_list":["post-9548","page","type-page","status-publish","hentry"],"_links":{"self":[{"href":"https:\/\/fiorentinispa.com\/fr\/wp-json\/wp\/v2\/pages\/9548","targetHints":{"allow":["GET"]}}],"collection":[{"href":"https:\/\/fiorentinispa.com\/fr\/wp-json\/wp\/v2\/pages"}],"about":[{"href":"https:\/\/fiorentinispa.com\/fr\/wp-json\/wp\/v2\/types\/page"}],"author":[{"embeddable":true,"href":"https:\/\/fiorentinispa.com\/fr\/wp-json\/wp\/v2\/users\/1"}],"replies":[{"embeddable":true,"href":"https:\/\/fiorentinispa.com\/fr\/wp-json\/wp\/v2\/comments?post=9548"}],"version-history":[{"count":4,"href":"https:\/\/fiorentinispa.com\/fr\/wp-json\/wp\/v2\/pages\/9548\/revisions"}],"predecessor-version":[{"id":10231,"href":"https:\/\/fiorentinispa.com\/fr\/wp-json\/wp\/v2\/pages\/9548\/revisions\/10231"}],"wp:attachment":[{"href":"https:\/\/fiorentinispa.com\/fr\/wp-json\/wp\/v2\/media?parent=9548"}],"curies":[{"name":"wp","href":"https:\/\/api.w.org\/{rel}","templated":true}]}}