{"id":9569,"date":"2026-01-03T16:52:54","date_gmt":"2026-01-03T16:52:54","guid":{"rendered":"https:\/\/fiorentinispa.com\/demander-une-assistance\/"},"modified":"2026-04-14T10:59:29","modified_gmt":"2026-04-14T10:59:29","slug":"demander-une-assistance","status":"publish","type":"page","link":"https:\/\/fiorentinispa.com\/fr\/demander-une-assistance\/","title":{"rendered":"Demander une assistance"},"content":{"rendered":"\t\t<div data-elementor-type=\"wp-page\" data-elementor-id=\"9569\" class=\"elementor elementor-9569 elementor-6849\" data-elementor-post-type=\"page\">\n\t\t\t\t<div class=\"elementor-element elementor-element-e7e44a1 e-flex e-con-boxed e-con e-parent\" data-id=\"e7e44a1\" data-element_type=\"container\" data-e-type=\"container\">\n\t\t\t\t\t<div class=\"e-con-inner\">\n\t\t\t\t<div class=\"elementor-element elementor-element-40d016e elementor-widget elementor-widget-heading\" data-id=\"40d016e\" data-element_type=\"widget\" data-e-type=\"widget\" data-widget_type=\"heading.default\">\n\t\t\t\t<div class=\"elementor-widget-container\">\n\t\t\t\t\t<h2 class=\"elementor-heading-title elementor-size-default\">Demander une assistance technique<\/h2>\t\t\t\t<\/div>\n\t\t\t\t<\/div>\n\t\t\t\t<div class=\"elementor-element elementor-element-bada1ba elementor-widget elementor-widget-text-editor\" data-id=\"bada1ba\" data-element_type=\"widget\" data-e-type=\"widget\" data-widget_type=\"text-editor.default\">\n\t\t\t\t<div class=\"elementor-widget-container\">\n\t\t\t\t\t\t\t\t\t<h4 style=\"text-align: center;\"><b>Demander l&rsquo;assistance de techniciens sp\u00e9cialis\u00e9s<\/b><\/h4><p style=\"text-align: center;\">Chez <b>Fiorentini<\/b>, nous savons \u00e0 quel point il est essentiel de maintenir vos machines op\u00e9rationnelles et performantes. Notre \u00e9quipe de <b>techniciens sp\u00e9cialis\u00e9s<\/b> est \u00e0 votre disposition pour vous accompagner avec des <b>interventions d&rsquo;assistance technique rapides, efficaces et professionnelles<\/b>, con\u00e7ues pour r\u00e9duire au minimum les temps d&rsquo;arr\u00eat et maximiser l&rsquo;efficacit\u00e9 de vos \u00e9quipements. <\/p><h4 style=\"text-align: center;\"><b>Pourquoi choisir l&rsquo;assistance technique Fiorentini<\/b><\/h4><ul><li style=\"text-align: center;\" aria-level=\"1\"><b>Techniciens hautement qualifi\u00e9s<\/b> avec une exp\u00e9rience confirm\u00e9e sur les produits Fiorentini<\/li><li style=\"text-align: center;\" aria-level=\"1\"><b>Support d\u00e9di\u00e9<\/b> pour le diagnostic, la maintenance et les r\u00e9parations<\/li><li style=\"text-align: center;\" aria-level=\"1\"><b>Solutions personnalis\u00e9es<\/b> en fonction des besoins sp\u00e9cifiques de l&rsquo;installation<\/li><li style=\"text-align: center;\" aria-level=\"1\"><b>R\u00e9ponse rapide<\/b> pour r\u00e9duire les temps d&rsquo;arr\u00eat op\u00e9rationnels<\/li><\/ul>\t\t\t\t\t\t\t\t<\/div>\n\t\t\t\t<\/div>\n\t\t\t\t\t<\/div>\n\t\t\t\t<\/div>\n\t\t<div class=\"elementor-element elementor-element-0cffcf7 e-flex e-con-boxed e-con e-parent\" data-id=\"0cffcf7\" data-element_type=\"container\" data-e-type=\"container\">\n\t\t\t\t\t<div class=\"e-con-inner\">\n\t\t\t\t<div class=\"elementor-element elementor-element-4800d08 elementor-widget elementor-widget-text-editor\" data-id=\"4800d08\" data-element_type=\"widget\" data-e-type=\"widget\" data-widget_type=\"text-editor.default\">\n\t\t\t\t<div class=\"elementor-widget-container\">\n\t\t\t\t\t\t\t\t\t<h4 style=\"text-align: center;\"><b>Comment demander l&rsquo;intervention<\/b><\/h4><p style=\"text-align: center;\">Remplissez le formulaire ci-dessous avec les d\u00e9tails de votre demande et vous serez contact\u00e9 par notre \u00e9quipe d&rsquo;assistance dans les plus brefs d\u00e9lais.<\/p>\t\t\t\t\t\t\t\t<\/div>\n\t\t\t\t<\/div>\n\t\t\t\t\t<\/div>\n\t\t\t\t<\/div>\n\t\t<div class=\"elementor-element elementor-element-f95724f e-flex e-con-boxed e-con e-parent\" data-id=\"f95724f\" data-element_type=\"container\" data-e-type=\"container\">\n\t\t\t\t\t<div class=\"e-con-inner\">\n\t\t\t\t<div class=\"elementor-element elementor-element-5be3004 fluentform-widget-submit-button-custom elementor-widget elementor-widget-fluent-form-widget\" data-id=\"5be3004\" data-element_type=\"widget\" data-e-type=\"widget\" data-widget_type=\"fluent-form-widget.default\">\n\t\t\t\t<div class=\"elementor-widget-container\">\n\t\t\t\t\t\n            <div class=\"fluentform-widget-wrapper fluentform-widget-align-default\">\n\n            \n            <div class='fluentform ff-default fluentform_wrapper_17 ffs_default_wrap'><form data-form_id=\"17\" id=\"fluentform_17\" class=\"frm-fluent-form fluent_form_17 ff-el-form-top ff_form_instance_17_1 ff-form-loading ffs_default\" data-form_instance=\"ff_form_instance_17_1\" method=\"POST\" ><fieldset  style=\"border: none!important;margin: 0!important;padding: 0!important;background-color: transparent!important;box-shadow: none!important;outline: none!important; min-inline-size: 100%;\">\n                    <legend class=\"ff_screen_reader_title\" style=\"display: block; margin: 0!important;padding: 0!important;height: 0!important;text-indent: -999999px;width: 0!important;overflow:hidden;\">Richiedi assistenza-FR<\/legend><input type='hidden' name='__fluent_form_embded_post_id' value='9569' \/><input type=\"hidden\" id=\"_fluentform_17_fluentformnonce\" name=\"_fluentform_17_fluentformnonce\" value=\"5a034a2984\" \/><input type=\"hidden\" name=\"_wp_http_referer\" value=\"\/fr\/wp-json\/wp\/v2\/pages\/9569\" \/><div data-type=\"name-element\" data-name=\"names\" class=\" ff-field_container ff-name-field-wrapper\" ><div class='ff-t-container'><div class='ff-t-cell '><div class='ff-el-group ff-el-form-top'><div class=\"ff-el-input--label ff-el-is-required asterisk-right\"><label for='ff_17_names_first_name_' id='label_ff_17_names_first_name_' >Pr\u00e9nom<\/label><\/div><div class='ff-el-input--content'><input type=\"text\" name=\"names[first_name]\" id=\"ff_17_names_first_name_\" class=\"ff-el-form-control\" placeholder=\" \" aria-invalid=\"false\" aria-required=true><\/div><\/div><\/div><div class='ff-t-cell '><div class='ff-el-group ff-el-form-top'><div class=\"ff-el-input--label ff-el-is-required asterisk-right\"><label for='ff_17_names_last_name_' id='label_ff_17_names_last_name_' >Nom<\/label><\/div><div class='ff-el-input--content'><input type=\"text\" name=\"names[last_name]\" id=\"ff_17_names_last_name_\" class=\"ff-el-form-control\" placeholder=\" \" aria-invalid=\"false\" aria-required=true><\/div><\/div><\/div><\/div><\/div><div class='ff-el-group'><div class=\"ff-el-input--label ff-el-is-required asterisk-right\"><label for='ff_17_email' id='label_ff_17_email' aria-label=\"Email\">Email<\/label><\/div><div class='ff-el-input--content'><input type=\"email\" name=\"email\" id=\"ff_17_email\" class=\"ff-el-form-control\" placeholder=\" \" data-name=\"email\"  aria-invalid=\"false\" aria-required=true><\/div><\/div><div class='ff-el-group'><div class=\"ff-el-input--label ff-el-is-required asterisk-right\"><label for='ff_17_input_text' id='label_ff_17_input_text' aria-label=\"Soci\u00e9t\u00e9\">Soci\u00e9t\u00e9<\/label><\/div><div class='ff-el-input--content'><input type=\"text\" name=\"input_text\" class=\"ff-el-form-control\" data-name=\"input_text\" id=\"ff_17_input_text\"  aria-invalid=\"false\" aria-required=true><\/div><\/div><div class='ff-el-group'><div class=\"ff-el-input--label ff-el-is-required asterisk-right\"><label for='ff_17_input_text_1' id='label_ff_17_input_text_1' aria-label=\"Num\u00e9ro de t\u00e9l\u00e9phone\">Num\u00e9ro de t\u00e9l\u00e9phone<\/label><\/div><div class='ff-el-input--content'><input type=\"text\" name=\"input_text_1\" class=\"ff-el-form-control\" data-name=\"input_text_1\" id=\"ff_17_input_text_1\"  aria-invalid=\"false\" aria-required=true><\/div><\/div><div class='ff-el-group'><div class=\"ff-el-input--label ff-el-is-required asterisk-right\"><label for='ff_17_description' id='label_ff_17_description' aria-label=\"Message\">Message<\/label><\/div><div class='ff-el-input--content'><textarea aria-required=\"true\" aria-labelledby=\"label_ff_17_description\" name=\"description\" id=\"ff_17_description\" class=\"ff-el-form-control\" rows=\"3\" cols=\"2\" data-name=\"description\" ><\/textarea><\/div><\/div><div class='ff-el-group    ff-el-input--content'><div class='ff-el-form-check ff-el-tc'><label aria-label='Je d\u00e9clare avoir pris connaissance de la politique de confidentialit\u00e9 et consentir au traitement de mes donn\u00e9es personnelles par Fiorentini S.p.A., en sa qualit\u00e9 de responsable du traitement, aux fins de la gestion de ma demande d&#039;assistance, de la prise de contact \u00e0 des fins commerciales et de l&#039;envoi de communications marketing.' class='ff-el-form-check-label ff_tc_label' for=gdpr-agreement_49f26db35d1399fdd7b1d48eed653f35><span class='ff_tc_checkbox'><input type=\"checkbox\" name=\"gdpr-agreement\" class=\"ff-el-form-check-input ff_gdpr_field\" data-name=\"gdpr-agreement\" id=\"gdpr-agreement_49f26db35d1399fdd7b1d48eed653f35\"  value='on' aria-invalid='false' aria-required=true><\/span> <div class='ff_t_c'>Je d\u00e9clare avoir pris connaissance de la politique de confidentialit\u00e9 et consentir au traitement de mes donn\u00e9es personnelles par Fiorentini S.p.A., en sa qualit\u00e9 de responsable du traitement, aux fins de la gestion de ma demande d'assistance, de la prise de contact \u00e0 des fins commerciales et de l'envoi de communications marketing.<\/div><\/label><\/div><\/div><div class='ff-el-group ff-text-left ff_submit_btn_wrapper'><button type=\"submit\" class=\"ff-btn ff-btn-submit ff-btn-md ff_btn_style\"  aria-label=\"Envoyer\">Envoyer<\/button><\/div><\/fieldset><\/form><div id='fluentform_17_errors' class='ff-errors-in-stack ff_form_instance_17_1 ff-form-loading_errors ff_form_instance_17_1_errors'><\/div><\/div>            <script type=\"text\/javascript\">\n                window.fluent_form_ff_form_instance_17_1 = {\"id\":\"17\",\"settings\":{\"layout\":{\"labelPlacement\":\"top\",\"asteriskPlacement\":\"asterisk-right\",\"helpMessagePlacement\":\"with_label\",\"errorMessagePlacement\":\"inline\",\"cssClassName\":\"\"},\"restrictions\":{\"denyEmptySubmission\":{\"enabled\":false}}},\"form_instance\":\"ff_form_instance_17_1\",\"form_id_selector\":\"fluentform_17\",\"rules\":{\"names[first_name]\":{\"required\":{\"value\":true,\"message\":\"Ce champ est obligatoire\",\"global_message\":\"Questo campo \\u00e8 obbligatorio\",\"global\":true}},\"names[middle_name]\":{\"required\":{\"value\":false,\"message\":\"Ce champ est obligatoire\",\"global_message\":\"Questo campo \\u00e8 obbligatorio\",\"global\":true}},\"names[last_name]\":{\"required\":{\"value\":true,\"message\":\"Ce champ est obligatoire\",\"global_message\":\"Questo campo \\u00e8 obbligatorio\",\"global\":true}},\"email\":{\"required\":{\"value\":true,\"message\":\"Ce champ est obligatoire\",\"global_message\":\"Questo campo \\u00e8 obbligatorio\",\"global\":true},\"email\":{\"value\":true,\"message\":\"Ce champ doit contenir un e-mail valide\",\"global_message\":\"Questo campo deve contenere un indirizzo email valido\",\"global\":true}},\"input_text\":{\"required\":{\"value\":true,\"message\":\"Ce champ est obligatoire\",\"global_message\":\"Questo campo \\u00e8 obbligatorio\",\"global\":true}},\"input_text_1\":{\"required\":{\"value\":true,\"message\":\"Ce champ est obligatoire\",\"global_message\":\"Questo campo \\u00e8 obbligatorio\",\"global\":true}},\"description\":{\"required\":{\"value\":true,\"message\":\"Ce champ est obligatoire\",\"global_message\":\"Questo campo \\u00e8 obbligatorio\",\"global\":true}},\"gdpr-agreement\":{\"required\":{\"value\":true,\"message\":\"Ce champ est obligatoire\",\"global_message\":\"Questo campo \\u00e8 obbligatorio\",\"global\":true}}},\"debounce_time\":300};\n                            <\/script>\n                        <\/div>\n\n            \t\t\t\t<\/div>\n\t\t\t\t<\/div>\n\t\t\t\t\t<\/div>\n\t\t\t\t<\/div>\n\t\t\t\t<\/div>\n\t\t","protected":false},"excerpt":{"rendered":"<p>Demander une assistance technique Demander l&rsquo;assistance de techniciens sp\u00e9cialis\u00e9s Chez Fiorentini, nous savons \u00e0 quel point il est essentiel de maintenir vos machines op\u00e9rationnelles et performantes. Notre \u00e9quipe de techniciens sp\u00e9cialis\u00e9s est \u00e0 votre disposition pour vous accompagner avec des interventions d&rsquo;assistance technique rapides, efficaces et professionnelles, con\u00e7ues pour r\u00e9duire au minimum les temps d&rsquo;arr\u00eat et maximiser l&rsquo;efficacit\u00e9 de vos \u00e9quipements. Pourquoi choisir l&rsquo;assistance technique Fiorentini Techniciens hautement qualifi\u00e9s avec une exp\u00e9rience confirm\u00e9e sur les produits Fiorentini Support d\u00e9di\u00e9 pour le diagnostic, la maintenance et les r\u00e9parations Solutions personnalis\u00e9es en fonction des besoins sp\u00e9cifiques de l&rsquo;installation R\u00e9ponse rapide pour r\u00e9duire les temps d&rsquo;arr\u00eat op\u00e9rationnels Comment demander l&rsquo;intervention Remplissez le formulaire ci-dessous avec les d\u00e9tails de votre demande et vous serez contact\u00e9 par notre \u00e9quipe d&rsquo;assistance dans les plus brefs d\u00e9lais. Richiedi assistenza-FR Pr\u00e9nomNomEmailSoci\u00e9t\u00e9Num\u00e9ro de t\u00e9l\u00e9phoneMessage Je d\u00e9clare avoir pris connaissance de la politique de confidentialit\u00e9 et consentir au traitement de mes donn\u00e9es personnelles par Fiorentini S.p.A., en sa qualit\u00e9 de responsable du traitement, aux fins de la gestion de ma demande d&rsquo;assistance, de la prise de contact \u00e0 des fins commerciales et de l&rsquo;envoi de communications marketing.Envoyer<\/p>\n","protected":false},"author":1,"featured_media":0,"parent":0,"menu_order":0,"comment_status":"closed","ping_status":"closed","template":"","meta":{"footnotes":""},"class_list":["post-9569","page","type-page","status-publish","hentry"],"_links":{"self":[{"href":"https:\/\/fiorentinispa.com\/fr\/wp-json\/wp\/v2\/pages\/9569","targetHints":{"allow":["GET"]}}],"collection":[{"href":"https:\/\/fiorentinispa.com\/fr\/wp-json\/wp\/v2\/pages"}],"about":[{"href":"https:\/\/fiorentinispa.com\/fr\/wp-json\/wp\/v2\/types\/page"}],"author":[{"embeddable":true,"href":"https:\/\/fiorentinispa.com\/fr\/wp-json\/wp\/v2\/users\/1"}],"replies":[{"embeddable":true,"href":"https:\/\/fiorentinispa.com\/fr\/wp-json\/wp\/v2\/comments?post=9569"}],"version-history":[{"count":9,"href":"https:\/\/fiorentinispa.com\/fr\/wp-json\/wp\/v2\/pages\/9569\/revisions"}],"predecessor-version":[{"id":10179,"href":"https:\/\/fiorentinispa.com\/fr\/wp-json\/wp\/v2\/pages\/9569\/revisions\/10179"}],"wp:attachment":[{"href":"https:\/\/fiorentinispa.com\/fr\/wp-json\/wp\/v2\/media?parent=9569"}],"curies":[{"name":"wp","href":"https:\/\/api.w.org\/{rel}","templated":true}]}}