{"id":9587,"date":"2025-02-13T13:27:08","date_gmt":"2025-02-13T13:27:08","guid":{"rendered":"https:\/\/fiorentinispa.com\/transports\/"},"modified":"2026-04-16T13:53:53","modified_gmt":"2026-04-16T13:53:53","slug":"transports","status":"publish","type":"page","link":"https:\/\/fiorentinispa.com\/fr\/transports\/","title":{"rendered":"Transports"},"content":{"rendered":"\t\t<div data-elementor-type=\"wp-page\" data-elementor-id=\"9587\" class=\"elementor elementor-9587 elementor-5391\" data-elementor-post-type=\"page\">\n\t\t\t\t<div class=\"elementor-element elementor-element-a0a8c68 e-con-full e-flex e-con e-parent\" data-id=\"a0a8c68\" data-element_type=\"container\" data-e-type=\"container\" data-settings=\"{&quot;background_background&quot;:&quot;classic&quot;}\">\n\t\t\t\t<div class=\"elementor-element elementor-element-8bc876a elementor-widget elementor-widget-slider_revolution\" data-id=\"8bc876a\" data-element_type=\"widget\" data-e-type=\"widget\" data-widget_type=\"slider_revolution.default\">\n\t\t\t\t<div class=\"elementor-widget-container\">\n\t\t\t\t\t\n\t\t<div class=\"wp-block-themepunch-revslider\">\n\t\t\t\t<p class=\"rs-p-wp-fix\"><\/p>\n\t\t\t\t<sr7-module data-alias=\"trasporti-nuova-fr\" data-id=\"65\" id=\"SR7_65_1\" class=\"rs-ov-hidden\" data-version=\"6.7.20\">\n\t\t\t\t\t<sr7-adjuster><\/sr7-adjuster>\n\t\t\t\t\t<sr7-content>\n\t\t\t\t\t\t<sr7-slide id=\"SR7_65_1-157\" data-key=\"157\">\n\t\t\t\t\t\t\t<sr7-bg id=\"SR7_65_1-157-6\" class=\"sr7-layer\"><noscript><img decoding=\"async\" src=\"https:\/\/fiorentinispa.com\/wp-content\/uploads\/2025\/02\/6-7.jpg\" alt=\"\" title=\"6\"><\/noscript><\/sr7-bg>\n\t\t\t\t\t\t\t<sr7-txt id=\"SR7_65_1-157-2\" class=\"sr7-layer\">NETTOYAGE ET ASSAINISSEMENT DANS LE SECTEUR DES TRANSPORTS<\/sr7-txt>\n\t\t\t\t\t\t\t<sr7-txt id=\"SR7_65_1-157-3\" class=\"sr7-layer\"><a class=\"qodef-shortcode qodef-m  qodef-button qodef-layout--filled  qodef-html--link\" href=\"https:\/\/fiorentinispa.com\/fr\/prodotti\/\" target=\"_self\" >\n\t<span class=\"qodef-m-text\">d\u00e9couvrez les produits<\/span>\n<\/a>\n<\/sr7-txt>\n\t\t\t\t\t\t\t<sr7-txt id=\"SR7_65_1-157-5\" class=\"sr7-layer\">Choisissez la machine la mieux adapt\u00e9e \u00e0 votre environnement<\/sr7-txt>\n\t\t\t\t\t\t<\/sr7-slide>\n\t\t\t\t\t\t<sr7-slide id=\"SR7_65_1-158\" data-key=\"158\">\n\t\t\t\t\t\t<\/sr7-slide>\n\t\t\t\t\t<\/sr7-content>\n\t\t\t\t\t<image_lists style=\"display:none\">\n\t\t\t\t\t\t<img data-src=\"\/\/fiorentinispa.com\/wp-content\/uploads\/2025\/02\/6-7.jpg\" data-libid=\"6074\" data-lib=\"medialibrary\" title=\"6\" width=\"0\" height=\"0\" data-dbsrc=\"Ly9maW9yZW50aW5pc3BhLmNvbS93cC1jb250ZW50L3VwbG9hZHMvMjAyNS8wMi82LTcuanBn\"\/>\n\t\t\t\t\t<\/image_lists>\n\t\t\t\t<\/sr7-module>\n\t\t\t\t<script>\n\t\t\t\t\tSR7.PMH ??={}; SR7.PMH[\"SR7_65_1\"] = {cn:0,state:false,fn: function() { if (_tpt!==undefined && _tpt.prepareModuleHeight !== undefined) {  _tpt.prepareModuleHeight({id:\"SR7_65_1\",el:[640,640,500,500,580],type:'standard',shdw:'0',gh:[640,640,500,500,580],gw:[1400,1400,1100,960,358],vpt:['100px&#039;,&#039;100px&#039;,&#039;100px&#039;,&#039;100px&#039;,&#039;100px'],size:{fullWidth:true, fullHeight:false},mh:'0',onh:0,onw:0,bg:{color:'{\"orig\":\"transparent\",\"type\":\"solid\",\"string\":\"transparent\"}'}});   SR7.PMH[\"SR7_65_1\"].state=true;} else if((SR7.PMH[\"SR7_65_1\"].cn++)<100)\tsetTimeout( SR7.PMH[\"SR7_65_1\"].fn,19);}};SR7.PMH[\"SR7_65_1\" ].fn();\n\t\t\t\t<\/script>\n<\/div>\n\n\t\t\t\t\t\t<\/div>\n\t\t\t\t<\/div>\n\t\t\t\t<\/div>\n\t\t<div class=\"elementor-element elementor-element-94351c7 e-flex e-con-boxed e-con e-parent\" data-id=\"94351c7\" data-element_type=\"container\" data-e-type=\"container\">\n\t\t\t\t\t<div class=\"e-con-inner\">\n\t\t\t\t<div class=\"elementor-element elementor-element-11b8afb elementor-widget elementor-widget-text-editor\" data-id=\"11b8afb\" data-element_type=\"widget\" data-e-type=\"widget\" data-widget_type=\"text-editor.default\">\n\t\t\t\t<div class=\"elementor-widget-container\">\n\t\t\t\t\t\t\t\t\t<h3 style=\"text-align: left;\"><b>Nettoyage et d\u00e9sinfection : solutions Fiorentini pour le secteur des transports<\/b><\/h3>\t\t\t\t\t\t\t\t<\/div>\n\t\t\t\t<\/div>\n\t\t\t\t<div class=\"elementor-element elementor-element-1b9a231 elementor-widget elementor-widget-text-editor\" data-id=\"1b9a231\" data-element_type=\"widget\" data-e-type=\"widget\" data-widget_type=\"text-editor.default\">\n\t\t\t\t<div class=\"elementor-widget-container\">\n\t\t\t\t\t\t\t\t\t<p style=\"text-align: left;\"><span style=\"font-weight: 400;\">Le secteur des transports comprend des environnements \u00e0 <\/span><b>fort passage<\/b><span style=\"font-weight: 400;\">, o\u00f9 le nettoyage est essentiel pour garantir <\/span><b>s\u00e9curit\u00e9, hygi\u00e8ne et une excellente image de marque<\/b><span style=\"font-weight: 400;\">. <\/span><b>Les a\u00e9roports, les gares ferroviaires et les stations de m\u00e9tro<\/b><span style=\"font-weight: 400;\"> doivent offrir des espaces accueillants et d\u00e9sinfect\u00e9s pour am\u00e9liorer l\u2019exp\u00e9rience des voyageurs et r\u00e9duire les risques de contamination.<\/span><\/p><p style=\"text-align: left;\"><span style=\"font-weight: 400;\">Gr\u00e2ce \u00e0 des <\/span><b>machines de nettoyage industriel<\/b><span style=\"font-weight: 400;\"> \u00e0 la pointe de la technologie, Fiorentini assure des op\u00e9rations de <\/span><b>d\u00e9sinfection rapides et efficaces<\/b><span style=\"font-weight: 400;\">, permettant un nettoyage continu m\u00eame en pr\u00e9sence de passagers. Nos <\/span><b>\u00e9quipements professionnels<\/b><span style=\"font-weight: 400;\"> garantissent un s\u00e9chage rapide pour \u00e9viter les risques de glissade et am\u00e9liorer la s\u00e9curit\u00e9.<\/span><\/p><h3 style=\"text-align: left;\"><b>Machines de nettoyage pour le secteur des transports<\/b><\/h3><p style=\"text-align: left;\"><span style=\"font-weight: 400;\">Les <\/span><b>\u00e9quipements Fiorentini<\/b><span style=\"font-weight: 400;\"> sont con\u00e7us pour traiter tout type de salet\u00e9, des sols des <\/span><b>zones d\u2019embarquement et d\u2019enregistrement des a\u00e9roports<\/b><span style=\"font-weight: 400;\"> jusqu\u2019aux <\/span><b>hangars de maintenance, ateliers ferroviaires et zones portuaires<\/b><span style=\"font-weight: 400;\">. De plus, nos machines peuvent \u00eatre utilis\u00e9es <\/span><b>pour le nettoyage des trains, bus, navires et avions<\/b><span style=\"font-weight: 400;\">, offrant <\/span><b>polyvalence et adaptabilit\u00e9<\/b><span style=\"font-weight: 400;\"> \u00e0 chaque besoin dans les :<\/span><\/p><ul style=\"text-align: left;\"><li style=\"font-weight: 400;\" aria-level=\"1\"><span style=\"font-weight: 400;\">A\u00e9roports<\/span><\/li><li style=\"font-weight: 400;\" aria-level=\"1\"><span style=\"font-weight: 400;\">Gares ferroviaires<\/span><\/li><li style=\"font-weight: 400;\" aria-level=\"1\"><span style=\"font-weight: 400;\">M\u00e9tros<\/span><\/li><li style=\"font-weight: 400;\" aria-level=\"1\"><span style=\"font-weight: 400;\">Bases militaires<\/span><\/li><li style=\"font-weight: 400;\" aria-level=\"1\"><span style=\"font-weight: 400;\">Casernes<\/span><\/li><li style=\"font-weight: 400;\" aria-level=\"1\"><span style=\"font-weight: 400;\">Ports maritimes<\/span><\/li><\/ul><p style=\"text-align: left;\"><span style=\"font-weight: 400;\">D\u00e9couvrez la <\/span><b>machine de nettoyage professionnel<\/b><span style=\"font-weight: 400;\"> la plus adapt\u00e9e \u00e0 vos environnements ou <\/span><b>contactez-nous pour un conseil personnalis\u00e9<\/b><span style=\"font-weight: 400;\"> : notre \u00e9quipe est \u00e0 votre disposition pour vous aider \u00e0 choisir le produit id\u00e9al pour le secteur des transports.<\/span><\/p>\t\t\t\t\t\t\t\t<\/div>\n\t\t\t\t<\/div>\n\t\t\t\t\t<\/div>\n\t\t\t\t<\/div>\n\t\t<div class=\"elementor-element elementor-element-fbbb98a e-flex e-con-boxed e-con e-parent\" data-id=\"fbbb98a\" data-element_type=\"container\" data-e-type=\"container\">\n\t\t\t\t\t<div class=\"e-con-inner\">\n\t\t\t\t<div class=\"elementor-element elementor-element-405101c elementor-widget elementor-widget-heading\" data-id=\"405101c\" data-element_type=\"widget\" data-e-type=\"widget\" data-widget_type=\"heading.default\">\n\t\t\t\t<div class=\"elementor-widget-container\">\n\t\t\t\t\t<h3 class=\"elementor-heading-title elementor-size-default\">d\u00e9couvrez la gamme fiorentini<\/h3>\t\t\t\t<\/div>\n\t\t\t\t<\/div>\n\t\t\t\t\t<\/div>\n\t\t\t\t<\/div>\n\t\t<div class=\"elementor-element elementor-element-3ed792c e-flex e-con-boxed e-con e-parent\" data-id=\"3ed792c\" data-element_type=\"container\" data-e-type=\"container\">\n\t\t\t\t\t<div class=\"e-con-inner\">\n\t\t\t\t<div class=\"elementor-element elementor-element-518ece6 elementor-widget-tablet__width-inherit elementor-widget elementor-widget-highrev_core_product_category_list\" data-id=\"518ece6\" data-element_type=\"widget\" data-e-type=\"widget\" data-widget_type=\"highrev_core_product_category_list.default\">\n\t\t\t\t<div class=\"elementor-widget-container\">\n\t\t\t\t\t<div class=\"qodef-shortcode qodef-m  qodef-woo-shortcode qodef-woo-product-category-list qodef-item-layout--simple qodef-main-category-image--enabled   qodef-item-image-alignment--left qodef-grid qodef-layout--columns  qodef-gutter--no qodef-vertical-gutter--no qodef-col-num--6 qodef-item-layout--simple  qodef-responsive--custom qodef-col-num--1512--6 qodef-col-num--1368--6 qodef-col-num--1200--4 qodef-col-num--1024--4 qodef-col-num--880--4 qodef-col-num--680--2 qodef-col-num--480--2 qodef-swiper--show-pagination\">\n\t\t<div class=\"qodef-grid-inner\">\n\t\t<div class=\"qodef-e qodef--retina-scaling qodef-grid-item qodef-item--full product-category product first\">\n\t<div class=\"qodef-e-inner\">\n\t\t<a href=\"https:\/\/fiorentinispa.com\/fr\/product-category\/tracteurs\/\" class=\"qodef-e-link\"><\/a>\n\t\t<div class=\"qodef-e-product-category-list-top\">\n\t\t\t\t\t\t<div class=\"qodef-e-product-category-list-image\">\n\t\t\t\t<a href=\"https:\/\/fiorentinispa.com\/fr\/product-category\/tracteurs\/\" class=\"qodef-e-product-category-list-link\">\n\t\t\t\t\t\t\t\t<img fetchpriority=\"high\" decoding=\"async\" itemprop=\"image\" src=\"https:\/\/fiorentinispa.com\/wp-content\/uploads\/2026\/01\/TX-TRATTORINI-X.jpg\"\n\t\t\t width=\"1000\"\n\t\t\t height=\"1000\"\n\t\t\t alt=\"\"\/>\n\t\t\t\t\t<\/a>\n\t\t\t<\/div>\n\t\t\t\t\t<\/div>\n\t\t<div class=\"qodef-e-product-category-list-bottom\">\n\t\t\t<a href=\"https:\/\/fiorentinispa.com\/fr\/product-category\/tracteurs\/\" class=\"qodef-e-product-category-list-main-category\">\n    <h6 class=\"woocommerce-loop-category__title\">\n        Tracteurs    <\/h6>\n<\/a>\n\t\t<\/div>\n\t<\/div>\n<\/div>\n<div class=\"qodef-e qodef--retina-scaling qodef-grid-item qodef-item--full product-category product\">\n\t<div class=\"qodef-e-inner\">\n\t\t<a href=\"https:\/\/fiorentinispa.com\/fr\/product-category\/nettoyeurs-haute-pression\/\" class=\"qodef-e-link\"><\/a>\n\t\t<div class=\"qodef-e-product-category-list-top\">\n\t\t\t\t\t\t<div class=\"qodef-e-product-category-list-image\">\n\t\t\t\t<a href=\"https:\/\/fiorentinispa.com\/fr\/product-category\/nettoyeurs-haute-pression\/\" class=\"qodef-e-product-category-list-link\">\n\t\t\t\t\t\t\t\t<img decoding=\"async\" itemprop=\"image\" src=\"https:\/\/fiorentinispa.com\/wp-content\/uploads\/2026\/01\/Kcm-X-1.jpg\"\n\t\t\t width=\"1000\"\n\t\t\t height=\"1000\"\n\t\t\t alt=\"\"\/>\n\t\t\t\t\t<\/a>\n\t\t\t<\/div>\n\t\t\t\t\t<\/div>\n\t\t<div class=\"qodef-e-product-category-list-bottom\">\n\t\t\t<a href=\"https:\/\/fiorentinispa.com\/fr\/product-category\/nettoyeurs-haute-pression\/\" class=\"qodef-e-product-category-list-main-category\">\n    <h6 class=\"woocommerce-loop-category__title\">\n        Nettoyeurs haute pression    <\/h6>\n<\/a>\n\t\t<\/div>\n\t<\/div>\n<\/div>\n<div class=\"qodef-e qodef--retina-scaling qodef-grid-item qodef-item--full product-category product\">\n\t<div class=\"qodef-e-inner\">\n\t\t<a href=\"https:\/\/fiorentinispa.com\/fr\/product-category\/nettoyeurs-de-surfaces-textiles\/\" class=\"qodef-e-link\"><\/a>\n\t\t<div class=\"qodef-e-product-category-list-top\">\n\t\t\t\t\t\t<div class=\"qodef-e-product-category-list-image\">\n\t\t\t\t<a href=\"https:\/\/fiorentinispa.com\/fr\/product-category\/nettoyeurs-de-surfaces-textiles\/\" class=\"qodef-e-product-category-list-link\">\n\t\t\t\t\t\t\t\t<img loading=\"lazy\" decoding=\"async\" itemprop=\"image\" src=\"https:\/\/fiorentinispa.com\/wp-content\/uploads\/2026\/01\/INJECTION-EXTRACTION-LAVAMOQUETTE-X.jpg\"\n\t\t\t width=\"1000\"\n\t\t\t height=\"1000\"\n\t\t\t alt=\"\"\/>\n\t\t\t\t\t<\/a>\n\t\t\t<\/div>\n\t\t\t\t\t<\/div>\n\t\t<div class=\"qodef-e-product-category-list-bottom\">\n\t\t\t<a href=\"https:\/\/fiorentinispa.com\/fr\/product-category\/nettoyeurs-de-surfaces-textiles\/\" class=\"qodef-e-product-category-list-main-category\">\n    <h6 class=\"woocommerce-loop-category__title\">\n        Nettoyeurs de surfaces textiles    <\/h6>\n<\/a>\n\t\t<\/div>\n\t<\/div>\n<\/div>\n<div class=\"qodef-e qodef--retina-scaling qodef-grid-item qodef-item--full product-category product last\">\n\t<div class=\"qodef-e-inner\">\n\t\t<a href=\"https:\/\/fiorentinispa.com\/fr\/product-category\/monobrosse\/\" class=\"qodef-e-link\"><\/a>\n\t\t<div class=\"qodef-e-product-category-list-top\">\n\t\t\t\t\t\t<div class=\"qodef-e-product-category-list-image\">\n\t\t\t\t<a href=\"https:\/\/fiorentinispa.com\/fr\/product-category\/monobrosse\/\" class=\"qodef-e-product-category-list-link\">\n\t\t\t\t\t\t\t\t<img loading=\"lazy\" decoding=\"async\" itemprop=\"image\" src=\"https:\/\/fiorentinispa.com\/wp-content\/uploads\/2026\/01\/JOLLY-17-MONOSPAZZOLA-X.jpg\"\n\t\t\t width=\"1000\"\n\t\t\t height=\"1000\"\n\t\t\t alt=\"\"\/>\n\t\t\t\t\t<\/a>\n\t\t\t<\/div>\n\t\t\t\t\t<\/div>\n\t\t<div class=\"qodef-e-product-category-list-bottom\">\n\t\t\t<a href=\"https:\/\/fiorentinispa.com\/fr\/product-category\/monobrosse\/\" class=\"qodef-e-product-category-list-main-category\">\n    <h6 class=\"woocommerce-loop-category__title\">\n        Monobrosse    <\/h6>\n<\/a>\n\t\t<\/div>\n\t<\/div>\n<\/div>\n<div class=\"qodef-e qodef--retina-scaling qodef-grid-item qodef-item--full product-category product first\">\n\t<div class=\"qodef-e-inner\">\n\t\t<a href=\"https:\/\/fiorentinispa.com\/fr\/product-category\/machines-de-nettoyage-urbain\/\" class=\"qodef-e-link\"><\/a>\n\t\t<div class=\"qodef-e-product-category-list-top\">\n\t\t\t\t\t\t<div class=\"qodef-e-product-category-list-image\">\n\t\t\t\t<a href=\"https:\/\/fiorentinispa.com\/fr\/product-category\/machines-de-nettoyage-urbain\/\" class=\"qodef-e-product-category-list-link\">\n\t\t\t\t\t\t\t\t<img loading=\"lazy\" decoding=\"async\" itemprop=\"image\" src=\"https:\/\/fiorentinispa.com\/wp-content\/uploads\/2026\/01\/S150-SPAZZATRICI-STRADALI-X.jpg\"\n\t\t\t width=\"1000\"\n\t\t\t height=\"1000\"\n\t\t\t alt=\"\"\/>\n\t\t\t\t\t<\/a>\n\t\t\t<\/div>\n\t\t\t\t\t<\/div>\n\t\t<div class=\"qodef-e-product-category-list-bottom\">\n\t\t\t<a href=\"https:\/\/fiorentinispa.com\/fr\/product-category\/machines-de-nettoyage-urbain\/\" class=\"qodef-e-product-category-list-main-category\">\n    <h6 class=\"woocommerce-loop-category__title\">\n        Machines de nettoyage urbain    <\/h6>\n<\/a>\n\t\t<\/div>\n\t<\/div>\n<\/div>\n<div class=\"qodef-e qodef--retina-scaling qodef-grid-item qodef-item--full product-category product\">\n\t<div class=\"qodef-e-inner\">\n\t\t<a href=\"https:\/\/fiorentinispa.com\/fr\/product-category\/machines-autonomes\/\" class=\"qodef-e-link\"><\/a>\n\t\t<div class=\"qodef-e-product-category-list-top\">\n\t\t\t\t\t\t<div class=\"qodef-e-product-category-list-image\">\n\t\t\t\t<a href=\"https:\/\/fiorentinispa.com\/fr\/product-category\/machines-autonomes\/\" class=\"qodef-e-product-category-list-link\">\n\t\t\t\t\t\t\t\t<img loading=\"lazy\" decoding=\"async\" itemprop=\"image\" src=\"https:\/\/fiorentinispa.com\/wp-content\/uploads\/2026\/01\/Fiorentini_BEETLE_3-X.jpg\"\n\t\t\t width=\"1000\"\n\t\t\t height=\"1000\"\n\t\t\t alt=\"\"\/>\n\t\t\t\t\t<\/a>\n\t\t\t<\/div>\n\t\t\t\t\t<\/div>\n\t\t<div class=\"qodef-e-product-category-list-bottom\">\n\t\t\t<a href=\"https:\/\/fiorentinispa.com\/fr\/product-category\/machines-autonomes\/\" class=\"qodef-e-product-category-list-main-category\">\n    <h6 class=\"woocommerce-loop-category__title\">\n        Machines Autonomes    <\/h6>\n<\/a>\n\t\t<\/div>\n\t<\/div>\n<\/div>\n<div class=\"qodef-e qodef--retina-scaling qodef-grid-item qodef-item--full product-category product\">\n\t<div class=\"qodef-e-inner\">\n\t\t<a href=\"https:\/\/fiorentinispa.com\/fr\/product-category\/machines-a-vapeur\/\" class=\"qodef-e-link\"><\/a>\n\t\t<div class=\"qodef-e-product-category-list-top\">\n\t\t\t\t\t\t<div class=\"qodef-e-product-category-list-image\">\n\t\t\t\t<a href=\"https:\/\/fiorentinispa.com\/fr\/product-category\/machines-a-vapeur\/\" class=\"qodef-e-product-category-list-link\">\n\t\t\t\t\t\t\t\t<img loading=\"lazy\" decoding=\"async\" itemprop=\"image\" src=\"https:\/\/fiorentinispa.com\/wp-content\/uploads\/2026\/01\/Junior-Vapor-MACCHINE-A-VAPORE-X.jpg\"\n\t\t\t width=\"1000\"\n\t\t\t height=\"1000\"\n\t\t\t alt=\"\"\/>\n\t\t\t\t\t<\/a>\n\t\t\t<\/div>\n\t\t\t\t\t<\/div>\n\t\t<div class=\"qodef-e-product-category-list-bottom\">\n\t\t\t<a href=\"https:\/\/fiorentinispa.com\/fr\/product-category\/machines-a-vapeur\/\" class=\"qodef-e-product-category-list-main-category\">\n    <h6 class=\"woocommerce-loop-category__title\">\n        Machines \u00e0 vapeur    <\/h6>\n<\/a>\n\t\t<\/div>\n\t<\/div>\n<\/div>\n<div class=\"qodef-e qodef--retina-scaling qodef-grid-item qodef-item--full product-category product last\">\n\t<div class=\"qodef-e-inner\">\n\t\t<a href=\"https:\/\/fiorentinispa.com\/fr\/product-category\/balayeuses-autoportees\/\" class=\"qodef-e-link\"><\/a>\n\t\t<div class=\"qodef-e-product-category-list-top\">\n\t\t\t\t\t\t<div class=\"qodef-e-product-category-list-image\">\n\t\t\t\t<a href=\"https:\/\/fiorentinispa.com\/fr\/product-category\/balayeuses-autoportees\/\" class=\"qodef-e-product-category-list-link\">\n\t\t\t\t\t\t\t\t<img loading=\"lazy\" decoding=\"async\" itemprop=\"image\" src=\"https:\/\/fiorentinispa.com\/wp-content\/uploads\/2026\/01\/S-28-SPAZZATRICE-UOMO-A-BORDO-X.jpg\"\n\t\t\t width=\"1000\"\n\t\t\t height=\"1000\"\n\t\t\t alt=\"\"\/>\n\t\t\t\t\t<\/a>\n\t\t\t<\/div>\n\t\t\t\t\t<\/div>\n\t\t<div class=\"qodef-e-product-category-list-bottom\">\n\t\t\t<a href=\"https:\/\/fiorentinispa.com\/fr\/product-category\/balayeuses-autoportees\/\" class=\"qodef-e-product-category-list-main-category\">\n    <h6 class=\"woocommerce-loop-category__title\">\n        Balayeuses autoport\u00e9es    <\/h6>\n<\/a>\n\t\t<\/div>\n\t<\/div>\n<\/div>\n<div class=\"qodef-e qodef--retina-scaling qodef-grid-item qodef-item--full product-category product first\">\n\t<div class=\"qodef-e-inner\">\n\t\t<a href=\"https:\/\/fiorentinispa.com\/fr\/product-category\/balayeuses-accompagnees\/\" class=\"qodef-e-link\"><\/a>\n\t\t<div class=\"qodef-e-product-category-list-top\">\n\t\t\t\t\t\t<div class=\"qodef-e-product-category-list-image\">\n\t\t\t\t<a href=\"https:\/\/fiorentinispa.com\/fr\/product-category\/balayeuses-accompagnees\/\" class=\"qodef-e-product-category-list-link\">\n\t\t\t\t\t\t\t\t<img loading=\"lazy\" decoding=\"async\" itemprop=\"image\" src=\"https:\/\/fiorentinispa.com\/wp-content\/uploads\/2026\/02\/AE_AS-50\u201370.jpg\"\n\t\t\t width=\"1000\"\n\t\t\t height=\"1000\"\n\t\t\t alt=\"\"\/>\n\t\t\t\t\t<\/a>\n\t\t\t<\/div>\n\t\t\t\t\t<\/div>\n\t\t<div class=\"qodef-e-product-category-list-bottom\">\n\t\t\t<a href=\"https:\/\/fiorentinispa.com\/fr\/product-category\/balayeuses-accompagnees\/\" class=\"qodef-e-product-category-list-main-category\">\n    <h6 class=\"woocommerce-loop-category__title\">\n        Balayeuses accompagn\u00e9es    <\/h6>\n<\/a>\n\t\t<\/div>\n\t<\/div>\n<\/div>\n<div class=\"qodef-e qodef--retina-scaling qodef-grid-item qodef-item--full product-category product\">\n\t<div class=\"qodef-e-inner\">\n\t\t<a href=\"https:\/\/fiorentinispa.com\/fr\/product-category\/autolaveuse-autoportee\/\" class=\"qodef-e-link\"><\/a>\n\t\t<div class=\"qodef-e-product-category-list-top\">\n\t\t\t\t\t\t<div class=\"qodef-e-product-category-list-image\">\n\t\t\t\t<a href=\"https:\/\/fiorentinispa.com\/fr\/product-category\/autolaveuse-autoportee\/\" class=\"qodef-e-product-category-list-link\">\n\t\t\t\t\t\t\t\t<img loading=\"lazy\" decoding=\"async\" itemprop=\"image\" src=\"https:\/\/fiorentinispa.com\/wp-content\/uploads\/2026\/01\/EF85-X.jpg\"\n\t\t\t width=\"1000\"\n\t\t\t height=\"1000\"\n\t\t\t alt=\"\"\/>\n\t\t\t\t\t<\/a>\n\t\t\t<\/div>\n\t\t\t\t\t<\/div>\n\t\t<div class=\"qodef-e-product-category-list-bottom\">\n\t\t\t<a href=\"https:\/\/fiorentinispa.com\/fr\/product-category\/autolaveuse-autoportee\/\" class=\"qodef-e-product-category-list-main-category\">\n    <h6 class=\"woocommerce-loop-category__title\">\n        Autolaveuse autoport\u00e9e    <\/h6>\n<\/a>\n\t\t<\/div>\n\t<\/div>\n<\/div>\n<div class=\"qodef-e qodef--retina-scaling qodef-grid-item qodef-item--full product-category product\">\n\t<div class=\"qodef-e-inner\">\n\t\t<a href=\"https:\/\/fiorentinispa.com\/fr\/product-category\/autolaveuse-a-conducteur-accompagnant\/\" class=\"qodef-e-link\"><\/a>\n\t\t<div class=\"qodef-e-product-category-list-top\">\n\t\t\t\t\t\t<div class=\"qodef-e-product-category-list-image\">\n\t\t\t\t<a href=\"https:\/\/fiorentinispa.com\/fr\/product-category\/autolaveuse-a-conducteur-accompagnant\/\" class=\"qodef-e-product-category-list-link\">\n\t\t\t\t\t\t\t\t<img loading=\"lazy\" decoding=\"async\" itemprop=\"image\" src=\"https:\/\/fiorentinispa.com\/wp-content\/uploads\/2026\/01\/ECO-20-X.jpg\"\n\t\t\t width=\"1000\"\n\t\t\t height=\"1000\"\n\t\t\t alt=\"\"\/>\n\t\t\t\t\t<\/a>\n\t\t\t<\/div>\n\t\t\t\t\t<\/div>\n\t\t<div class=\"qodef-e-product-category-list-bottom\">\n\t\t\t<a href=\"https:\/\/fiorentinispa.com\/fr\/product-category\/autolaveuse-a-conducteur-accompagnant\/\" class=\"qodef-e-product-category-list-main-category\">\n    <h6 class=\"woocommerce-loop-category__title\">\n        Autolaveuse \u00e0 conducteur accompagnant    <\/h6>\n<\/a>\n\t\t<\/div>\n\t<\/div>\n<\/div>\n<div class=\"qodef-e qodef--retina-scaling qodef-grid-item qodef-item--full product-category product last\">\n\t<div class=\"qodef-e-inner\">\n\t\t<a href=\"https:\/\/fiorentinispa.com\/fr\/product-category\/aspirateurs\/\" class=\"qodef-e-link\"><\/a>\n\t\t<div class=\"qodef-e-product-category-list-top\">\n\t\t\t\t\t\t<div class=\"qodef-e-product-category-list-image\">\n\t\t\t\t<a href=\"https:\/\/fiorentinispa.com\/fr\/product-category\/aspirateurs\/\" class=\"qodef-e-product-category-list-link\">\n\t\t\t\t\t\t\t\t<img loading=\"lazy\" decoding=\"async\" itemprop=\"image\" src=\"https:\/\/fiorentinispa.com\/wp-content\/uploads\/2026\/01\/BABY-ASPIRATORE-X.jpg\"\n\t\t\t width=\"1000\"\n\t\t\t height=\"1000\"\n\t\t\t alt=\"\"\/>\n\t\t\t\t\t<\/a>\n\t\t\t<\/div>\n\t\t\t\t\t<\/div>\n\t\t<div class=\"qodef-e-product-category-list-bottom\">\n\t\t\t<a href=\"https:\/\/fiorentinispa.com\/fr\/product-category\/aspirateurs\/\" class=\"qodef-e-product-category-list-main-category\">\n    <h6 class=\"woocommerce-loop-category__title\">\n        Aspirateurs    <\/h6>\n<\/a>\n\t\t<\/div>\n\t<\/div>\n<\/div>\n\t<\/div>\n<\/div>\n\t\t\t\t<\/div>\n\t\t\t\t<\/div>\n\t\t\t\t\t<\/div>\n\t\t\t\t<\/div>\n\t\t\t\t<\/div>\n\t\t","protected":false},"excerpt":{"rendered":"<p>Nettoyage et d\u00e9sinfection : solutions Fiorentini pour le secteur des transports Le secteur des transports comprend des environnements \u00e0 fort passage, o\u00f9 le nettoyage est essentiel pour garantir s\u00e9curit\u00e9, hygi\u00e8ne et une excellente image de marque. Les a\u00e9roports, les gares ferroviaires et les stations de m\u00e9tro doivent offrir des espaces accueillants et d\u00e9sinfect\u00e9s pour am\u00e9liorer l\u2019exp\u00e9rience des voyageurs et r\u00e9duire les risques de contamination. Gr\u00e2ce \u00e0 des machines de nettoyage industriel \u00e0 la pointe de la technologie, Fiorentini assure des op\u00e9rations de d\u00e9sinfection rapides et efficaces, permettant un nettoyage continu m\u00eame en pr\u00e9sence de passagers. Nos \u00e9quipements professionnels garantissent un s\u00e9chage rapide pour \u00e9viter les risques de glissade et am\u00e9liorer la s\u00e9curit\u00e9. Machines de nettoyage pour le secteur des transports Les \u00e9quipements Fiorentini sont con\u00e7us pour traiter tout type de salet\u00e9, des sols des zones d\u2019embarquement et d\u2019enregistrement des a\u00e9roports jusqu\u2019aux hangars de maintenance, ateliers ferroviaires et zones portuaires. De plus, nos machines peuvent \u00eatre utilis\u00e9es pour le nettoyage des trains, bus, navires et avions, offrant polyvalence et adaptabilit\u00e9 \u00e0 chaque besoin dans les : A\u00e9roports Gares ferroviaires M\u00e9tros Bases militaires Casernes Ports maritimes D\u00e9couvrez la machine de nettoyage professionnel la plus adapt\u00e9e \u00e0 vos environnements ou contactez-nous pour un conseil personnalis\u00e9 : notre \u00e9quipe est \u00e0 votre disposition pour vous aider \u00e0 choisir le produit id\u00e9al pour le secteur des transports. d\u00e9couvrez la gamme fiorentini Macchine Autonome Lavapavimenti uomo a terra Lavapavimenti uomo a bordo Spazzatrici uomo a terra Spazzatrici uomo a bordo Idropulitrici Aspiratori Lavasuperfici tessili Trattorini Monospazzole Macchinari per la pulizia urbana Macchine a vapore<\/p>\n","protected":false},"author":1,"featured_media":0,"parent":0,"menu_order":0,"comment_status":"closed","ping_status":"closed","template":"page-full-width.php","meta":{"footnotes":""},"class_list":["post-9587","page","type-page","status-publish","hentry"],"_links":{"self":[{"href":"https:\/\/fiorentinispa.com\/fr\/wp-json\/wp\/v2\/pages\/9587","targetHints":{"allow":["GET"]}}],"collection":[{"href":"https:\/\/fiorentinispa.com\/fr\/wp-json\/wp\/v2\/pages"}],"about":[{"href":"https:\/\/fiorentinispa.com\/fr\/wp-json\/wp\/v2\/types\/page"}],"author":[{"embeddable":true,"href":"https:\/\/fiorentinispa.com\/fr\/wp-json\/wp\/v2\/users\/1"}],"replies":[{"embeddable":true,"href":"https:\/\/fiorentinispa.com\/fr\/wp-json\/wp\/v2\/comments?post=9587"}],"version-history":[{"count":4,"href":"https:\/\/fiorentinispa.com\/fr\/wp-json\/wp\/v2\/pages\/9587\/revisions"}],"predecessor-version":[{"id":10240,"href":"https:\/\/fiorentinispa.com\/fr\/wp-json\/wp\/v2\/pages\/9587\/revisions\/10240"}],"wp:attachment":[{"href":"https:\/\/fiorentinispa.com\/fr\/wp-json\/wp\/v2\/media?parent=9587"}],"curies":[{"name":"wp","href":"https:\/\/api.w.org\/{rel}","templated":true}]}}