{"id":9628,"date":"2026-01-28T14:22:23","date_gmt":"2026-01-28T14:22:23","guid":{"rendered":"https:\/\/fiorentinispa.com\/configuration-des-machines-de-nettoyage-professionnel\/"},"modified":"2026-04-13T11:03:55","modified_gmt":"2026-04-13T11:03:55","slug":"configuration-des-machines-de-nettoyage-professionnel","status":"publish","type":"page","link":"https:\/\/fiorentinispa.com\/fr\/configuration-des-machines-de-nettoyage-professionnel\/","title":{"rendered":"Configuration des machines de nettoyage professionnel"},"content":{"rendered":"\t\t<div data-elementor-type=\"wp-page\" data-elementor-id=\"9628\" class=\"elementor elementor-9628 elementor-7560\" data-elementor-post-type=\"page\">\n\t\t\t\t<div class=\"elementor-element elementor-element-94351c7 e-flex e-con-boxed e-con e-parent\" data-id=\"94351c7\" data-element_type=\"container\" data-e-type=\"container\">\n\t\t\t\t\t<div class=\"e-con-inner\">\n\t\t\t\t<div class=\"elementor-element elementor-element-11b8afb elementor-widget elementor-widget-text-editor\" data-id=\"11b8afb\" data-element_type=\"widget\" data-e-type=\"widget\" data-widget_type=\"text-editor.default\">\n\t\t\t\t<div class=\"elementor-widget-container\">\n\t\t\t\t\t\t\t\t\t<h2 class=\"g-mb-30 g-color-primary\" style=\"text-align: center;\"><b>Configuration de votre machine de nettoyage professionnel<\/b><\/h2>\t\t\t\t\t\t\t\t<\/div>\n\t\t\t\t<\/div>\n\t\t\t\t<div class=\"elementor-element elementor-element-1b9a231 elementor-widget elementor-widget-text-editor\" data-id=\"1b9a231\" data-element_type=\"widget\" data-e-type=\"widget\" data-widget_type=\"text-editor.default\">\n\t\t\t\t<div class=\"elementor-widget-container\">\n\t\t\t\t\t\t\t\t\t<p><span style=\"color: #000000;\">Chaque environnement de travail a des exigences op\u00e9rationnelles sp\u00e9cifiques. C&rsquo;est pourquoi Fiorentini accompagne ses clients dans une phase fondamentale souvent sous-estim\u00e9e : la configuration correcte des machines de nettoyage professionnel. Un r\u00e9glage pr\u00e9cis permet d&rsquo;obtenir des performances constantes, des consommations ma\u00eetris\u00e9es et des r\u00e9sultats de nettoyage optimaux dans le temps  <\/span><\/p>\t\t\t\t\t\t\t\t<\/div>\n\t\t\t\t<\/div>\n\t\t\t\t\t<\/div>\n\t\t\t\t<\/div>\n\t\t<div class=\"elementor-element elementor-element-482a52d e-flex e-con-boxed e-con e-parent\" data-id=\"482a52d\" data-element_type=\"container\" data-e-type=\"container\">\n\t\t\t\t\t<div class=\"e-con-inner\">\n\t\t\t\t<div class=\"elementor-element elementor-element-a2abdeb elementor-widget elementor-widget-text-editor\" data-id=\"a2abdeb\" data-element_type=\"widget\" data-e-type=\"widget\" data-widget_type=\"text-editor.default\">\n\t\t\t\t<div class=\"elementor-widget-container\">\n\t\t\t\t\t\t\t\t\t<h3 style=\"text-align: center;\" data-start=\"510\" data-end=\"543\"><span style=\"color: #000000;\"><b>Machines configur\u00e9es selon les besoins op\u00e9rationnels r\u00e9els<\/b><\/span><\/h3><p><span style=\"color: #000000;\">Comment s&rsquo;assurer qu&rsquo;une autolaveuse soit utilis\u00e9e correctement ?<\/span><br><span style=\"color: #000000;\">Que les consommations d&rsquo;eau, de d\u00e9tergent et d&rsquo;\u00e9nergie restent sous contr\u00f4le ?<\/span><br><span style=\"color: #000000;\">Et que les co\u00fbts op\u00e9rationnels n&rsquo;augmentent pas en raison de r\u00e9glages inadapt\u00e9s ou d&rsquo;utilisations approximatives ?<\/span><\/p><p><span style=\"color: #000000;\">La r\u00e9ponse est simple : <b>configurer la machine en fonction du contexte r\u00e9el dans lequel elle op\u00e8re<\/b>.<\/span><\/p><p><span style=\"color: #000000;\">Chaque chantier, chaque environnement et chaque surface pr\u00e9sentent des caract\u00e9ristiques diff\u00e9rentes. Configurer correctement une machine de nettoyage signifie l&rsquo;adapter aux conditions sp\u00e9cifiques d&rsquo;utilisation, en \u00e9vitant le gaspillage et en garantissant la continuit\u00e9 des performances. <\/span><\/p><p> <\/p>\t\t\t\t\t\t\t\t<\/div>\n\t\t\t\t<\/div>\n\t\t\t\t\t<\/div>\n\t\t\t\t<\/div>\n\t\t<div class=\"elementor-element elementor-element-e65a858 e-flex e-con-boxed e-con e-parent\" data-id=\"e65a858\" data-element_type=\"container\" data-e-type=\"container\">\n\t\t\t\t\t<div class=\"e-con-inner\">\n\t\t\t\t<div class=\"elementor-element elementor-element-21cd2ea elementor-widget elementor-widget-text-editor\" data-id=\"21cd2ea\" data-element_type=\"widget\" data-e-type=\"widget\" data-widget_type=\"text-editor.default\">\n\t\t\t\t<div class=\"elementor-widget-container\">\n\t\t\t\t\t\t\t\t\t<h3 style=\"text-align: center;\" data-start=\"510\" data-end=\"543\"><span style=\"color: #000000;\"><b>Une configuration sur mesure pour chaque chantier<\/b><\/span><\/h3><p><span style=\"color: #000000;\">Nettoyer un showroom, une cuisine professionnelle ou un entrep\u00f4t industriel n\u00e9cessite des approches compl\u00e8tement diff\u00e9rentes.<\/span><br><span style=\"color: #000000;\">M\u00eame des environnements similaires, comme deux entrep\u00f4ts, peuvent avoir des besoins tr\u00e8s diff\u00e9rents : un entrep\u00f4t destin\u00e9 \u00e0 l&rsquo;industrie alimentaire ne pr\u00e9sente pas les m\u00eames types de salissures qu&rsquo;une installation sid\u00e9rurgique.<\/span><\/p><p><span style=\"color: #000000;\">C&rsquo;est pourquoi <b>il n&rsquo;existe pas de r\u00e9glage standard valable pour tous<\/b>.<\/span><\/p><p><span style=\"color: #000000;\">Les techniciens Fiorentini accompagnent le client directement sur les chantiers pour analyser :<\/span><\/p><ul><li aria-level=\"1\"><span style=\"color: #000000;\">les surfaces \u00e0 traiter<\/span><br><br><\/li><li aria-level=\"1\"><span style=\"color: #000000;\">les types de salissures<\/span><br><br><\/li><li aria-level=\"1\"><span style=\"color: #000000;\">les flux de travail<\/span><br><br><\/li><li aria-level=\"1\"><span style=\"color: #000000;\">les exigences de productivit\u00e9 et de s\u00e9curit\u00e9<\/span><br><br><\/li><\/ul><p><span style=\"color: #000000;\">Sur la base de ces variables, <b>une configuration op\u00e9rationnelle sur mesure<\/b> est d\u00e9finie, con\u00e7ue pour cet environnement sp\u00e9cifique.<\/span><\/p><p> <\/p>\t\t\t\t\t\t\t\t<\/div>\n\t\t\t\t<\/div>\n\t\t\t\t\t<\/div>\n\t\t\t\t<\/div>\n\t\t<div class=\"elementor-element elementor-element-b041c40 e-flex e-con-boxed e-con e-parent\" data-id=\"b041c40\" data-element_type=\"container\" data-e-type=\"container\">\n\t\t\t\t\t<div class=\"e-con-inner\">\n\t\t\t\t<div class=\"elementor-element elementor-element-9602a8a elementor-widget elementor-widget-text-editor\" data-id=\"9602a8a\" data-element_type=\"widget\" data-e-type=\"widget\" data-widget_type=\"text-editor.default\">\n\t\t\t\t<div class=\"elementor-widget-container\">\n\t\t\t\t\t\t\t\t\t<h3 style=\"text-align: center;\" data-start=\"510\" data-end=\"543\"><span style=\"color: #000000;\"><b>Programmes d\u00e9di\u00e9s pour des r\u00e9sultats constants dans le temps<\/b><\/span><\/h3><p><span style=\"color: #000000;\">Une fois la configuration id\u00e9ale d\u00e9finie, les r\u00e9glages peuvent \u00eatre <b>m\u00e9moris\u00e9s et rappel\u00e9s facilement<\/b> en fonction de la zone \u00e0 nettoyer.<\/span><\/p><p><span style=\"color: #000000;\">Cela permet de :<\/span><\/p><ul><li aria-level=\"1\"><span style=\"color: #000000;\">maintenir dans le temps les b\u00e9n\u00e9fices de la configuration initiale<\/span><br><br><\/li><li aria-level=\"1\"><span style=\"color: #000000;\">garantir l&rsquo;uniformit\u00e9 d&rsquo;utilisation m\u00eame avec diff\u00e9rents op\u00e9rateurs<\/span><br><br><\/li><li aria-level=\"1\"><span style=\"color: #000000;\">r\u00e9duire les erreurs op\u00e9rationnelles et le gaspillage<\/span><br><br><\/li><\/ul><p><span style=\"color: #000000;\">L&rsquo;op\u00e9rateur doit simplement s\u00e9lectionner la zone d&rsquo;intervention : <b>la machine applique automatiquement les param\u00e8tres corrects<\/b>, assurant des performances constantes et des r\u00e9sultats reproductibles.<\/span><\/p><p> <\/p>\t\t\t\t\t\t\t\t<\/div>\n\t\t\t\t<\/div>\n\t\t\t\t\t<\/div>\n\t\t\t\t<\/div>\n\t\t<div class=\"elementor-element elementor-element-9fd6162 e-flex e-con-boxed e-con e-parent\" data-id=\"9fd6162\" data-element_type=\"container\" data-e-type=\"container\">\n\t\t\t\t\t<div class=\"e-con-inner\">\n\t\t\t\t<div class=\"elementor-element elementor-element-6b71c7e elementor-widget elementor-widget-text-editor\" data-id=\"6b71c7e\" data-element_type=\"widget\" data-e-type=\"widget\" data-widget_type=\"text-editor.default\">\n\t\t\t\t<div class=\"elementor-widget-container\">\n\t\t\t\t\t\t\t\t\t<h3 style=\"text-align: center;\" data-start=\"510\" data-end=\"543\"><span style=\"color: #000000;\"><b>Ma\u00eetrise des co\u00fbts, qualit\u00e9 du service, tranquillit\u00e9 op\u00e9rationnelle<\/b><\/span><\/h3><p><span style=\"color: #000000;\">Avec le service de <b>Configuration Fiorentini<\/b>, la flotte de machines est programm\u00e9e selon les besoins r\u00e9els des chantiers, permettant de :<\/span><\/p><ul><li aria-level=\"1\"><span style=\"color: #000000;\">optimiser les consommations<\/span><br><br><\/li><li aria-level=\"1\"><span style=\"color: #000000;\">augmenter la productivit\u00e9<\/span><br><br><\/li><li aria-level=\"1\"><span style=\"color: #000000;\">r\u00e9duire les co\u00fbts op\u00e9rationnels<\/span><br><br><\/li><li aria-level=\"1\"><span style=\"color: #000000;\">offrir un service de nettoyage fiable et professionnel dans le temps<\/span><br><br><\/li><\/ul><p><span style=\"color: #000000;\">Une approche concr\u00e8te, technique et mesurable, con\u00e7ue pour ceux qui travaillent chaque jour sur le terrain et ont besoin de <b>machines efficaces, correctement configur\u00e9es et toujours sous contr\u00f4le<\/b>.<\/span><\/p><p> <\/p>\t\t\t\t\t\t\t\t<\/div>\n\t\t\t\t<\/div>\n\t\t\t\t\t<\/div>\n\t\t\t\t<\/div>\n\t\t<div class=\"elementor-element elementor-element-502c98f e-flex e-con-boxed e-con e-parent\" data-id=\"502c98f\" data-element_type=\"container\" data-e-type=\"container\">\n\t\t\t\t\t<div class=\"e-con-inner\">\n\t\t\t\t<div class=\"elementor-element elementor-element-467d68c elementor-align-center elementor-widget elementor-widget-button\" data-id=\"467d68c\" data-element_type=\"widget\" data-e-type=\"widget\" data-widget_type=\"button.default\">\n\t\t\t\t<div class=\"elementor-widget-container\">\n\t\t\t\t\t\t\t\t\t<div class=\"elementor-button-wrapper\">\n\t\t\t\t\t<a class=\"elementor-button elementor-button-link elementor-size-sm\" href=\"https:\/\/fiorentinispa.com\/fr\/contacts\/\">\n\t\t\t\t\t\t<span class=\"elementor-button-content-wrapper\">\n\t\t\t\t\t\t<span class=\"elementor-button-icon\">\n\t\t\t\t<svg aria-hidden=\"true\" class=\"e-font-icon-svg e-fas-envelope\" viewBox=\"0 0 512 512\" xmlns=\"http:\/\/www.w3.org\/2000\/svg\"><path d=\"M502.3 190.8c3.9-3.1 9.7-.2 9.7 4.7V400c0 26.5-21.5 48-48 48H48c-26.5 0-48-21.5-48-48V195.6c0-5 5.7-7.8 9.7-4.7 22.4 17.4 52.1 39.5 154.1 113.6 21.1 15.4 56.7 47.8 92.2 47.6 35.7.3 72-32.8 92.3-47.6 102-74.1 131.6-96.3 154-113.7zM256 320c23.2.4 56.6-29.2 73.4-41.4 132.7-96.3 142.8-104.7 173.4-128.7 5.8-4.5 9.2-11.5 9.2-18.9v-19c0-26.5-21.5-48-48-48H48C21.5 64 0 85.5 0 112v19c0 7.4 3.4 14.3 9.2 18.9 30.6 23.9 40.7 32.4 173.4 128.7 16.8 12.2 50.2 41.8 73.4 41.4z\"><\/path><\/svg>\t\t\t<\/span>\n\t\t\t\t\t\t\t\t\t<span class=\"elementor-button-text\">Demandez un conseil personnalis\u00e9<\/span>\n\t\t\t\t\t<\/span>\n\t\t\t\t\t<\/a>\n\t\t\t\t<\/div>\n\t\t\t\t\t\t\t\t<\/div>\n\t\t\t\t<\/div>\n\t\t\t\t\t<\/div>\n\t\t\t\t<\/div>\n\t\t\t\t<\/div>\n\t\t","protected":false},"excerpt":{"rendered":"<p>Configuration de votre machine de nettoyage professionnel Chaque environnement de travail a des exigences op\u00e9rationnelles sp\u00e9cifiques. C&rsquo;est pourquoi Fiorentini accompagne ses clients dans une phase fondamentale souvent sous-estim\u00e9e : la configuration correcte des machines de nettoyage professionnel. Un r\u00e9glage pr\u00e9cis permet d&rsquo;obtenir des performances constantes, des consommations ma\u00eetris\u00e9es et des r\u00e9sultats de nettoyage optimaux dans le temps Machines configur\u00e9es selon les besoins op\u00e9rationnels r\u00e9els Comment s&rsquo;assurer qu&rsquo;une autolaveuse soit utilis\u00e9e correctement ?Que les consommations d&rsquo;eau, de d\u00e9tergent et d&rsquo;\u00e9nergie restent sous contr\u00f4le ?Et que les co\u00fbts op\u00e9rationnels n&rsquo;augmentent pas en raison de r\u00e9glages inadapt\u00e9s ou d&rsquo;utilisations approximatives ? La r\u00e9ponse est simple : configurer la machine en fonction du contexte r\u00e9el dans lequel elle op\u00e8re. Chaque chantier, chaque environnement et chaque surface pr\u00e9sentent des caract\u00e9ristiques diff\u00e9rentes. Configurer correctement une machine de nettoyage signifie l&rsquo;adapter aux conditions sp\u00e9cifiques d&rsquo;utilisation, en \u00e9vitant le gaspillage et en garantissant la continuit\u00e9 des performances. Une configuration sur mesure pour chaque chantier Nettoyer un showroom, une cuisine professionnelle ou un entrep\u00f4t industriel n\u00e9cessite des approches compl\u00e8tement diff\u00e9rentes.M\u00eame des environnements similaires, comme deux entrep\u00f4ts, peuvent avoir des besoins tr\u00e8s diff\u00e9rents : un entrep\u00f4t destin\u00e9 \u00e0 l&rsquo;industrie alimentaire ne pr\u00e9sente pas les m\u00eames types de salissures qu&rsquo;une installation sid\u00e9rurgique. C&rsquo;est pourquoi il n&rsquo;existe pas de r\u00e9glage standard valable pour tous. Les techniciens Fiorentini accompagnent le client directement sur les chantiers pour analyser : les surfaces \u00e0 traiter les types de salissures les flux de travail les exigences de productivit\u00e9 et de s\u00e9curit\u00e9 Sur la base de ces variables, une configuration op\u00e9rationnelle sur mesure est d\u00e9finie, con\u00e7ue pour cet environnement sp\u00e9cifique. Programmes d\u00e9di\u00e9s pour des r\u00e9sultats constants dans le temps Une fois la configuration id\u00e9ale d\u00e9finie, les r\u00e9glages peuvent \u00eatre m\u00e9moris\u00e9s et rappel\u00e9s facilement en fonction de la zone \u00e0 nettoyer. Cela permet de : maintenir dans le temps les b\u00e9n\u00e9fices de la configuration initiale garantir l&rsquo;uniformit\u00e9 d&rsquo;utilisation m\u00eame avec diff\u00e9rents op\u00e9rateurs r\u00e9duire les erreurs op\u00e9rationnelles et le gaspillage L&rsquo;op\u00e9rateur doit simplement s\u00e9lectionner la zone d&rsquo;intervention : la machine applique automatiquement les param\u00e8tres corrects, assurant des performances constantes et des r\u00e9sultats reproductibles. Ma\u00eetrise des co\u00fbts, qualit\u00e9 du service, tranquillit\u00e9 op\u00e9rationnelle Avec le service de Configuration Fiorentini, la flotte de machines est programm\u00e9e selon les besoins r\u00e9els des chantiers, permettant de : optimiser les consommations augmenter la productivit\u00e9 r\u00e9duire les co\u00fbts op\u00e9rationnels offrir un service de nettoyage fiable et professionnel dans le temps Une approche concr\u00e8te, technique et mesurable, con\u00e7ue pour ceux qui travaillent chaque jour sur le terrain et ont besoin de machines efficaces, correctement configur\u00e9es et toujours sous contr\u00f4le. Demandez un conseil personnalis\u00e9<\/p>\n","protected":false},"author":1,"featured_media":0,"parent":0,"menu_order":0,"comment_status":"closed","ping_status":"closed","template":"page-full-width.php","meta":{"footnotes":""},"class_list":["post-9628","page","type-page","status-publish","hentry"],"_links":{"self":[{"href":"https:\/\/fiorentinispa.com\/fr\/wp-json\/wp\/v2\/pages\/9628","targetHints":{"allow":["GET"]}}],"collection":[{"href":"https:\/\/fiorentinispa.com\/fr\/wp-json\/wp\/v2\/pages"}],"about":[{"href":"https:\/\/fiorentinispa.com\/fr\/wp-json\/wp\/v2\/types\/page"}],"author":[{"embeddable":true,"href":"https:\/\/fiorentinispa.com\/fr\/wp-json\/wp\/v2\/users\/1"}],"replies":[{"embeddable":true,"href":"https:\/\/fiorentinispa.com\/fr\/wp-json\/wp\/v2\/comments?post=9628"}],"version-history":[{"count":1,"href":"https:\/\/fiorentinispa.com\/fr\/wp-json\/wp\/v2\/pages\/9628\/revisions"}],"predecessor-version":[{"id":9629,"href":"https:\/\/fiorentinispa.com\/fr\/wp-json\/wp\/v2\/pages\/9628\/revisions\/9629"}],"wp:attachment":[{"href":"https:\/\/fiorentinispa.com\/fr\/wp-json\/wp\/v2\/media?parent=9628"}],"curies":[{"name":"wp","href":"https:\/\/api.w.org\/{rel}","templated":true}]}}