{"id":9860,"date":"2025-12-24T16:45:27","date_gmt":"2025-12-24T16:45:27","guid":{"rendered":"https:\/\/fiorentinispa.com\/assistance-technique\/"},"modified":"2026-04-16T14:08:35","modified_gmt":"2026-04-16T14:08:35","slug":"assistance-technique","status":"publish","type":"page","link":"https:\/\/fiorentinispa.com\/fr\/assistance-technique\/","title":{"rendered":"Assistance Technique"},"content":{"rendered":"\t\t<div data-elementor-type=\"wp-page\" data-elementor-id=\"9860\" class=\"elementor elementor-9860 elementor-6838\" data-elementor-post-type=\"page\">\n\t\t\t\t<div class=\"elementor-element elementor-element-0b43422 e-con-full e-flex e-con e-parent\" data-id=\"0b43422\" data-element_type=\"container\" data-e-type=\"container\" data-settings=\"{&quot;background_background&quot;:&quot;classic&quot;}\">\n\t\t\t\t<div class=\"elementor-element elementor-element-387bc39 elementor-widget elementor-widget-slider_revolution\" data-id=\"387bc39\" data-element_type=\"widget\" data-e-type=\"widget\" data-widget_type=\"slider_revolution.default\">\n\t\t\t\t<div class=\"elementor-widget-container\">\n\t\t\t\t\t\n\t\t<div class=\"wp-block-themepunch-revslider\">\n\t\t\t\t<p class=\"rs-p-wp-fix\"><\/p>\n\t\t\t\t<sr7-module data-alias=\"assistenza-tecnica-fr\" data-id=\"56\" id=\"SR7_56_1\" class=\"rs-ov-hidden\" data-version=\"6.7.20\">\n\t\t\t\t\t<sr7-adjuster><\/sr7-adjuster>\n\t\t\t\t\t<sr7-content>\n\t\t\t\t\t\t<sr7-slide id=\"SR7_56_1-139\" data-key=\"139\">\n\t\t\t\t\t\t\t<sr7-bg id=\"SR7_56_1-139-6\" class=\"sr7-layer\"><noscript><img decoding=\"async\" src=\"https:\/\/fiorentinispa.com\/wp-content\/uploads\/2026\/01\/Assist-Regolata-1.jpg\" alt=\"\" title=\"Assist-Regolata\"><\/noscript><\/sr7-bg>\n\t\t\t\t\t\t\t<sr7-txt id=\"SR7_56_1-139-2\" class=\"sr7-layer\">Assistance technique<\/sr7-txt>\n\t\t\t\t\t\t\t<sr7-txt id=\"SR7_56_1-139-3\" class=\"sr7-layer\"><a class=\"qodef-shortcode qodef-m  qodef-button qodef-layout--filled  qodef-html--link\" href=\"https:\/\/fiorentinispa.com\/fr\/richiedi-assistenza\" target=\"_self\" >\n\t<span class=\"qodef-m-text\">Demandez de l&#039;aide<\/span>\n<\/a>\n<\/sr7-txt>\n\t\t\t\t\t\t\t<sr7-txt id=\"SR7_56_1-139-5\" class=\"sr7-layer\">Service client Fiorentini<br \/>\nAssurez la continuit\u00e9 de votre activit\u00e9<br \/>\n<\/sr7-txt>\n\t\t\t\t\t\t<\/sr7-slide>\n\t\t\t\t\t\t<sr7-slide id=\"SR7_56_1-141\" data-key=\"141\">\n\t\t\t\t\t\t<\/sr7-slide>\n\t\t\t\t\t<\/sr7-content>\n\t\t\t\t\t<image_lists style=\"display:none\">\n\t\t\t\t\t\t<img data-src=\"\/\/fiorentinispa.com\/wp-content\/uploads\/2026\/01\/Assist-Regolata-1.jpg\" data-libid=\"7219\" data-lib=\"medialibrary\" title=\"Assist-Regolata\" width=\"0\" height=\"0\" data-dbsrc=\"Ly9maW9yZW50aW5pc3BhLmNvbS93cC1jb250ZW50L3VwbG9hZHMvMjAyNi8wMS9Bc3Npc3QtUmVnb2xhdGEtMS5qcGc=\"\/>\n\t\t\t\t\t<\/image_lists>\n\t\t\t\t<\/sr7-module>\n\t\t\t\t<script>\n\t\t\t\t\tSR7.PMH ??={}; SR7.PMH[\"SR7_56_1\"] = {cn:0,state:false,fn: function() { if (_tpt!==undefined && _tpt.prepareModuleHeight !== undefined) {  _tpt.prepareModuleHeight({id:\"SR7_56_1\",el:[640,640,500,500,580],type:'standard',shdw:'0',gh:[640,640,500,500,580],gw:[1400,1400,1100,960,358],vpt:['100px&#039;,&#039;100px&#039;,&#039;100px&#039;,&#039;100px&#039;,&#039;100px'],size:{fullWidth:true, fullHeight:false},mh:'0',onh:0,onw:0,bg:{color:'{\"orig\":\"transparent\",\"type\":\"solid\",\"string\":\"transparent\"}'}});   SR7.PMH[\"SR7_56_1\"].state=true;} else if((SR7.PMH[\"SR7_56_1\"].cn++)<100)\tsetTimeout( SR7.PMH[\"SR7_56_1\"].fn,19);}};SR7.PMH[\"SR7_56_1\" ].fn();\n\t\t\t\t<\/script>\n<\/div>\n\n\t\t\t\t\t\t<\/div>\n\t\t\t\t<\/div>\n\t\t\t\t<\/div>\n\t\t<div class=\"elementor-element elementor-element-e7bf61e e-grid elementor-hidden-mobile e-con-boxed e-con e-parent\" data-id=\"e7bf61e\" data-element_type=\"container\" data-e-type=\"container\">\n\t\t\t\t\t<div class=\"e-con-inner\">\n\t\t\t\t<div class=\"elementor-element elementor-element-d78e8fe elementor-widget elementor-widget-image\" data-id=\"d78e8fe\" data-element_type=\"widget\" data-e-type=\"widget\" data-widget_type=\"image.default\">\n\t\t\t\t<div class=\"elementor-widget-container\">\n\t\t\t\t\t\t\t\t\t\t\t\t\t\t\t<img fetchpriority=\"high\" decoding=\"async\" width=\"768\" height=\"512\" src=\"https:\/\/fiorentinispa.com\/wp-content\/uploads\/2026\/01\/Assist-3-768x512.jpeg\" class=\"attachment-medium_large size-medium_large wp-image-9863\" alt=\"\" srcset=\"https:\/\/fiorentinispa.com\/wp-content\/uploads\/2026\/01\/Assist-3-768x512.jpeg 768w, https:\/\/fiorentinispa.com\/wp-content\/uploads\/2026\/01\/Assist-3-300x200.jpeg 300w, https:\/\/fiorentinispa.com\/wp-content\/uploads\/2026\/01\/Assist-3-1024x683.jpeg 1024w, https:\/\/fiorentinispa.com\/wp-content\/uploads\/2026\/01\/Assist-3-600x400.jpeg 600w, https:\/\/fiorentinispa.com\/wp-content\/uploads\/2026\/01\/Assist-3.jpeg 1500w\" sizes=\"(max-width: 768px) 100vw, 768px\" \/>\t\t\t\t\t\t\t\t\t\t\t\t\t\t\t<\/div>\n\t\t\t\t<\/div>\n\t\t\t\t<div class=\"elementor-element elementor-element-6a73a25 elementor-widget elementor-widget-text-editor\" data-id=\"6a73a25\" data-element_type=\"widget\" data-e-type=\"widget\" data-widget_type=\"text-editor.default\">\n\t\t\t\t<div class=\"elementor-widget-container\">\n\t\t\t\t\t\t\t\t\t<h3><span style=\"color: #00ccff;\"><b>Assistance technique et maintenance des machines de nettoyage industriel<\/b><\/span><\/h3><p>Fiorentini offre un service d&rsquo;assistance technique con\u00e7u pour garantir une <b>continuit\u00e9 op\u00e9rationnelle<\/b>, r\u00e9duire les <b>temps d&rsquo;arr\u00eat des machines<\/b> et maintenir des performances \u00e9lev\u00e9es dans le temps. <\/p><p>Le support est assur\u00e9 par des <b>techniciens internes<\/b>, form\u00e9s sur la gamme compl\u00e8te de machines de nettoyage industriel et professionnel.<\/p><p> <\/p>\t\t\t\t\t\t\t\t<\/div>\n\t\t\t\t<\/div>\n\t\t\t\t\t<\/div>\n\t\t\t\t<\/div>\n\t\t<div class=\"elementor-element elementor-element-a1d0dc1 e-grid elementor-hidden-desktop e-con-boxed e-con e-parent\" data-id=\"a1d0dc1\" data-element_type=\"container\" data-e-type=\"container\">\n\t\t\t\t\t<div class=\"e-con-inner\">\n\t\t\t\t<div class=\"elementor-element elementor-element-2ef0f85 elementor-widget elementor-widget-text-editor\" data-id=\"2ef0f85\" data-element_type=\"widget\" data-e-type=\"widget\" data-widget_type=\"text-editor.default\">\n\t\t\t\t<div class=\"elementor-widget-container\">\n\t\t\t\t\t\t\t\t\t<h3><span style=\"color: #00ccff;\"><b>Assistance technique et maintenance des machines de nettoyage industriel<\/b><\/span><\/h3><p>Fiorentini offre un service d&rsquo;assistance technique con\u00e7u pour garantir une <b>continuit\u00e9 op\u00e9rationnelle<\/b>, r\u00e9duire les <b>temps d&rsquo;arr\u00eat des machines<\/b> et maintenir des performances \u00e9lev\u00e9es dans le temps. <\/p><p>Le support est assur\u00e9 par des <b>techniciens internes<\/b>, form\u00e9s sur la gamme compl\u00e8te de machines de nettoyage industriel et professionnel.<\/p><p> <\/p>\t\t\t\t\t\t\t\t<\/div>\n\t\t\t\t<\/div>\n\t\t\t\t<div class=\"elementor-element elementor-element-e39f9de elementor-widget elementor-widget-image\" data-id=\"e39f9de\" data-element_type=\"widget\" data-e-type=\"widget\" data-widget_type=\"image.default\">\n\t\t\t\t<div class=\"elementor-widget-container\">\n\t\t\t\t\t\t\t\t\t\t\t\t\t\t\t<img fetchpriority=\"high\" decoding=\"async\" width=\"768\" height=\"512\" src=\"https:\/\/fiorentinispa.com\/wp-content\/uploads\/2026\/01\/Assist-3-768x512.jpeg\" class=\"attachment-medium_large size-medium_large wp-image-9863\" alt=\"\" srcset=\"https:\/\/fiorentinispa.com\/wp-content\/uploads\/2026\/01\/Assist-3-768x512.jpeg 768w, https:\/\/fiorentinispa.com\/wp-content\/uploads\/2026\/01\/Assist-3-300x200.jpeg 300w, https:\/\/fiorentinispa.com\/wp-content\/uploads\/2026\/01\/Assist-3-1024x683.jpeg 1024w, https:\/\/fiorentinispa.com\/wp-content\/uploads\/2026\/01\/Assist-3-600x400.jpeg 600w, https:\/\/fiorentinispa.com\/wp-content\/uploads\/2026\/01\/Assist-3.jpeg 1500w\" sizes=\"(max-width: 768px) 100vw, 768px\" \/>\t\t\t\t\t\t\t\t\t\t\t\t\t\t\t<\/div>\n\t\t\t\t<\/div>\n\t\t\t\t\t<\/div>\n\t\t\t\t<\/div>\n\t\t<div class=\"elementor-element elementor-element-686534c e-grid e-con-boxed e-con e-parent\" data-id=\"686534c\" data-element_type=\"container\" data-e-type=\"container\">\n\t\t\t\t\t<div class=\"e-con-inner\">\n\t\t\t\t<div class=\"elementor-element elementor-element-d6d73e7 elementor-widget elementor-widget-text-editor\" data-id=\"d6d73e7\" data-element_type=\"widget\" data-e-type=\"widget\" data-widget_type=\"text-editor.default\">\n\t\t\t\t<div class=\"elementor-widget-container\">\n\t\t\t\t\t\t\t\t\t<h3><span style=\"color: #00ccff;\"><b>Maintenance et r\u00e9paration : pourquoi choisir Fiorentini<\/b><\/span><\/h3><p>La maintenance des machines de nettoyage industriel est essentielle pour pr\u00e9venir les pannes et prot\u00e9ger votre investissement. Fiorentini structure des interventions de maintenance programm\u00e9e et de r\u00e9paration pour maintenir des performances constantes, r\u00e9duire les impr\u00e9vus et am\u00e9liorer l&rsquo;efficacit\u00e9 op\u00e9rationnelle. <\/p><p> <\/p>\t\t\t\t\t\t\t\t<\/div>\n\t\t\t\t<\/div>\n\t\t\t\t<div class=\"elementor-element elementor-element-9641958 elementor-widget elementor-widget-image\" data-id=\"9641958\" data-element_type=\"widget\" data-e-type=\"widget\" data-widget_type=\"image.default\">\n\t\t\t\t<div class=\"elementor-widget-container\">\n\t\t\t\t\t\t\t\t\t\t\t\t\t\t\t<img decoding=\"async\" width=\"1024\" height=\"682\" src=\"https:\/\/fiorentinispa.com\/wp-content\/uploads\/2026\/01\/Assist-1-1024x682.jpeg\" class=\"attachment-large size-large wp-image-9861\" alt=\"\" srcset=\"https:\/\/fiorentinispa.com\/wp-content\/uploads\/2026\/01\/Assist-1-1024x682.jpeg 1024w, https:\/\/fiorentinispa.com\/wp-content\/uploads\/2026\/01\/Assist-1-300x200.jpeg 300w, https:\/\/fiorentinispa.com\/wp-content\/uploads\/2026\/01\/Assist-1-768x512.jpeg 768w, https:\/\/fiorentinispa.com\/wp-content\/uploads\/2026\/01\/Assist-1-600x400.jpeg 600w, https:\/\/fiorentinispa.com\/wp-content\/uploads\/2026\/01\/Assist-1.jpeg 1412w\" sizes=\"(max-width: 1024px) 100vw, 1024px\" \/>\t\t\t\t\t\t\t\t\t\t\t\t\t\t\t<\/div>\n\t\t\t\t<\/div>\n\t\t\t\t\t<\/div>\n\t\t\t\t<\/div>\n\t\t<div class=\"elementor-element elementor-element-2dc71e8 e-grid elementor-hidden-mobile e-con-boxed e-con e-parent\" data-id=\"2dc71e8\" data-element_type=\"container\" data-e-type=\"container\" data-settings=\"{&quot;background_background&quot;:&quot;classic&quot;}\">\n\t\t\t\t\t<div class=\"e-con-inner\">\n\t\t\t\t<div class=\"elementor-element elementor-element-8a4344a elementor-widget elementor-widget-image\" data-id=\"8a4344a\" data-element_type=\"widget\" data-e-type=\"widget\" data-widget_type=\"image.default\">\n\t\t\t\t<div class=\"elementor-widget-container\">\n\t\t\t\t\t\t\t\t\t\t\t\t\t\t\t<img loading=\"lazy\" decoding=\"async\" width=\"1024\" height=\"683\" src=\"https:\/\/fiorentinispa.com\/wp-content\/uploads\/2026\/01\/Assist-5-1024x683.jpeg\" class=\"attachment-large size-large wp-image-9865\" alt=\"\" srcset=\"https:\/\/fiorentinispa.com\/wp-content\/uploads\/2026\/01\/Assist-5-1024x683.jpeg 1024w, https:\/\/fiorentinispa.com\/wp-content\/uploads\/2026\/01\/Assist-5-300x200.jpeg 300w, https:\/\/fiorentinispa.com\/wp-content\/uploads\/2026\/01\/Assist-5-768x512.jpeg 768w, https:\/\/fiorentinispa.com\/wp-content\/uploads\/2026\/01\/Assist-5-600x400.jpeg 600w, https:\/\/fiorentinispa.com\/wp-content\/uploads\/2026\/01\/Assist-5.jpeg 1500w\" sizes=\"(max-width: 1024px) 100vw, 1024px\" \/>\t\t\t\t\t\t\t\t\t\t\t\t\t\t\t<\/div>\n\t\t\t\t<\/div>\n\t\t\t\t<div class=\"elementor-element elementor-element-2818a82 elementor-widget elementor-widget-text-editor\" data-id=\"2818a82\" data-element_type=\"widget\" data-e-type=\"widget\" data-widget_type=\"text-editor.default\">\n\t\t\t\t<div class=\"elementor-widget-container\">\n\t\t\t\t\t\t\t\t\t<h3><span style=\"color: #ffffff;\"><b>Techniciens internes. Assistance directe. <\/b><\/span><\/h3>\n<span style=\"color: #ffffff;\">L&rsquo;assistance technique Fiorentini est assur\u00e9e par une \u00e9quipe interne qui conna\u00eet en profondeur chaque mod\u00e8le. Cela permet des diagnostics rapides, des interventions cibl\u00e9es et des standards de service uniformes, avec un contr\u00f4le complet sur la qualit\u00e9 \u00e0 chaque \u00e9tape de l&rsquo;intervention. <\/span>\n\n<br><br><a class=\"qodef-shortcode qodef-m qodef-button qodef-layout--filled qodef-html--link\" href=\"https:\/\/fiorentinispa.com\/fr\/demander-une-assistance\/\" target=\"_self\">\n<span class=\"qodef-m-text\">Demander une assistance<\/span>\n<\/a>\t\t\t\t\t\t\t\t<\/div>\n\t\t\t\t<\/div>\n\t\t\t\t\t<\/div>\n\t\t\t\t<\/div>\n\t\t<div class=\"elementor-element elementor-element-d434d9e e-grid elementor-hidden-desktop e-con-boxed e-con e-parent\" data-id=\"d434d9e\" data-element_type=\"container\" data-e-type=\"container\" data-settings=\"{&quot;background_background&quot;:&quot;classic&quot;}\">\n\t\t\t\t\t<div class=\"e-con-inner\">\n\t\t\t\t<div class=\"elementor-element elementor-element-3529f7e elementor-widget elementor-widget-text-editor\" data-id=\"3529f7e\" data-element_type=\"widget\" data-e-type=\"widget\" data-widget_type=\"text-editor.default\">\n\t\t\t\t<div class=\"elementor-widget-container\">\n\t\t\t\t\t\t\t\t\t<h3><span style=\"color: #ffffff;\"><b>Techniciens internes. Assistance directe. <\/b><\/span><\/h3>\n<span style=\"color: #ffffff;\">L&rsquo;assistance technique Fiorentini est assur\u00e9e par une \u00e9quipe interne qui conna\u00eet en profondeur chaque mod\u00e8le. Cela permet des diagnostics rapides, des interventions cibl\u00e9es et des standards de service uniformes, avec un contr\u00f4le complet sur la qualit\u00e9 \u00e0 chaque \u00e9tape de l&rsquo;intervention. <\/span>\n\n<br><br><a class=\"qodef-shortcode qodef-m qodef-button qodef-layout--filled qodef-html--link\" href=\"https:\/\/fiorentinispa.com\/fr\/demander-une-assistance\/\" target=\"_self\">\n<span class=\"qodef-m-text\">Demander une assistance<\/span>\n<\/a>\t\t\t\t\t\t\t\t<\/div>\n\t\t\t\t<\/div>\n\t\t\t\t<div class=\"elementor-element elementor-element-ff65b2d elementor-widget elementor-widget-image\" data-id=\"ff65b2d\" data-element_type=\"widget\" data-e-type=\"widget\" data-widget_type=\"image.default\">\n\t\t\t\t<div class=\"elementor-widget-container\">\n\t\t\t\t\t\t\t\t\t\t\t\t\t\t\t<img loading=\"lazy\" decoding=\"async\" width=\"1024\" height=\"683\" src=\"https:\/\/fiorentinispa.com\/wp-content\/uploads\/2026\/01\/Assist-5-1024x683.jpeg\" class=\"attachment-large size-large wp-image-9865\" alt=\"\" srcset=\"https:\/\/fiorentinispa.com\/wp-content\/uploads\/2026\/01\/Assist-5-1024x683.jpeg 1024w, https:\/\/fiorentinispa.com\/wp-content\/uploads\/2026\/01\/Assist-5-300x200.jpeg 300w, https:\/\/fiorentinispa.com\/wp-content\/uploads\/2026\/01\/Assist-5-768x512.jpeg 768w, https:\/\/fiorentinispa.com\/wp-content\/uploads\/2026\/01\/Assist-5-600x400.jpeg 600w, https:\/\/fiorentinispa.com\/wp-content\/uploads\/2026\/01\/Assist-5.jpeg 1500w\" sizes=\"(max-width: 1024px) 100vw, 1024px\" \/>\t\t\t\t\t\t\t\t\t\t\t\t\t\t\t<\/div>\n\t\t\t\t<\/div>\n\t\t\t\t\t<\/div>\n\t\t\t\t<\/div>\n\t\t<div class=\"elementor-element elementor-element-58284e8 e-grid e-con-boxed e-con e-parent\" data-id=\"58284e8\" data-element_type=\"container\" data-e-type=\"container\">\n\t\t\t\t\t<div class=\"e-con-inner\">\n\t\t\t\t<div class=\"elementor-element elementor-element-9121b92 elementor-widget elementor-widget-text-editor\" data-id=\"9121b92\" data-element_type=\"widget\" data-e-type=\"widget\" data-widget_type=\"text-editor.default\">\n\t\t\t\t<div class=\"elementor-widget-container\">\n\t\t\t\t\t\t\t\t\t<h3><span style=\"color: #00ccff;\"><b>Notre engagement : continuit\u00e9 op\u00e9rationnelle maximale pour votre entreprise<\/b><\/span><\/h3><p>La maintenance Fiorentini n&rsquo;est pas un simple service apr\u00e8s-vente : c&rsquo;est une <b>solution industrielle<\/b> con\u00e7ue pour maintenir votre activit\u00e9 sans interruption et pour valoriser votre investissement dans le temps.<\/p><p> <\/p>\t\t\t\t\t\t\t\t<\/div>\n\t\t\t\t<\/div>\n\t\t\t\t<div class=\"elementor-element elementor-element-918ce90 elementor-widget elementor-widget-image\" data-id=\"918ce90\" data-element_type=\"widget\" data-e-type=\"widget\" data-widget_type=\"image.default\">\n\t\t\t\t<div class=\"elementor-widget-container\">\n\t\t\t\t\t\t\t\t\t\t\t\t\t\t\t<img loading=\"lazy\" decoding=\"async\" width=\"1024\" height=\"683\" src=\"https:\/\/fiorentinispa.com\/wp-content\/uploads\/2026\/01\/Assist-2-1024x683.jpeg\" class=\"attachment-large size-large wp-image-9862\" alt=\"\" srcset=\"https:\/\/fiorentinispa.com\/wp-content\/uploads\/2026\/01\/Assist-2-1024x683.jpeg 1024w, https:\/\/fiorentinispa.com\/wp-content\/uploads\/2026\/01\/Assist-2-300x200.jpeg 300w, https:\/\/fiorentinispa.com\/wp-content\/uploads\/2026\/01\/Assist-2-768x512.jpeg 768w, https:\/\/fiorentinispa.com\/wp-content\/uploads\/2026\/01\/Assist-2-600x400.jpeg 600w, https:\/\/fiorentinispa.com\/wp-content\/uploads\/2026\/01\/Assist-2.jpeg 1500w\" sizes=\"(max-width: 1024px) 100vw, 1024px\" \/>\t\t\t\t\t\t\t\t\t\t\t\t\t\t\t<\/div>\n\t\t\t\t<\/div>\n\t\t\t\t\t<\/div>\n\t\t\t\t<\/div>\n\t\t\t\t<\/div>\n\t\t","protected":false},"excerpt":{"rendered":"<p>Assistance technique et maintenance des machines de nettoyage industriel Fiorentini offre un service d&rsquo;assistance technique con\u00e7u pour garantir une continuit\u00e9 op\u00e9rationnelle, r\u00e9duire les temps d&rsquo;arr\u00eat des machines et maintenir des performances \u00e9lev\u00e9es dans le temps. Le support est assur\u00e9 par des techniciens internes, form\u00e9s sur la gamme compl\u00e8te de machines de nettoyage industriel et professionnel. Assistance technique et maintenance des machines de nettoyage industriel Fiorentini offre un service d&rsquo;assistance technique con\u00e7u pour garantir une continuit\u00e9 op\u00e9rationnelle, r\u00e9duire les temps d&rsquo;arr\u00eat des machines et maintenir des performances \u00e9lev\u00e9es dans le temps. Le support est assur\u00e9 par des techniciens internes, form\u00e9s sur la gamme compl\u00e8te de machines de nettoyage industriel et professionnel. Maintenance et r\u00e9paration : pourquoi choisir Fiorentini La maintenance des machines de nettoyage industriel est essentielle pour pr\u00e9venir les pannes et prot\u00e9ger votre investissement. Fiorentini structure des interventions de maintenance programm\u00e9e et de r\u00e9paration pour maintenir des performances constantes, r\u00e9duire les impr\u00e9vus et am\u00e9liorer l&rsquo;efficacit\u00e9 op\u00e9rationnelle. Techniciens internes. Assistance directe. L&rsquo;assistance technique Fiorentini est assur\u00e9e par une \u00e9quipe interne qui conna\u00eet en profondeur chaque mod\u00e8le. Cela permet des diagnostics rapides, des interventions cibl\u00e9es et des standards de service uniformes, avec un contr\u00f4le complet sur la qualit\u00e9 \u00e0 chaque \u00e9tape de l&rsquo;intervention. Demander une assistance Techniciens internes. Assistance directe. L&rsquo;assistance technique Fiorentini est assur\u00e9e par une \u00e9quipe interne qui conna\u00eet en profondeur chaque mod\u00e8le. Cela permet des diagnostics rapides, des interventions cibl\u00e9es et des standards de service uniformes, avec un contr\u00f4le complet sur la qualit\u00e9 \u00e0 chaque \u00e9tape de l&rsquo;intervention. Demander une assistance Notre engagement : continuit\u00e9 op\u00e9rationnelle maximale pour votre entreprise La maintenance Fiorentini n&rsquo;est pas un simple service apr\u00e8s-vente : c&rsquo;est une solution industrielle con\u00e7ue pour maintenir votre activit\u00e9 sans interruption et pour valoriser votre investissement dans le temps.<\/p>\n","protected":false},"author":1,"featured_media":0,"parent":0,"menu_order":0,"comment_status":"closed","ping_status":"closed","template":"","meta":{"footnotes":""},"class_list":["post-9860","page","type-page","status-publish","hentry"],"_links":{"self":[{"href":"https:\/\/fiorentinispa.com\/fr\/wp-json\/wp\/v2\/pages\/9860","targetHints":{"allow":["GET"]}}],"collection":[{"href":"https:\/\/fiorentinispa.com\/fr\/wp-json\/wp\/v2\/pages"}],"about":[{"href":"https:\/\/fiorentinispa.com\/fr\/wp-json\/wp\/v2\/types\/page"}],"author":[{"embeddable":true,"href":"https:\/\/fiorentinispa.com\/fr\/wp-json\/wp\/v2\/users\/1"}],"replies":[{"embeddable":true,"href":"https:\/\/fiorentinispa.com\/fr\/wp-json\/wp\/v2\/comments?post=9860"}],"version-history":[{"count":4,"href":"https:\/\/fiorentinispa.com\/fr\/wp-json\/wp\/v2\/pages\/9860\/revisions"}],"predecessor-version":[{"id":10270,"href":"https:\/\/fiorentinispa.com\/fr\/wp-json\/wp\/v2\/pages\/9860\/revisions\/10270"}],"wp:attachment":[{"href":"https:\/\/fiorentinispa.com\/fr\/wp-json\/wp\/v2\/media?parent=9860"}],"curies":[{"name":"wp","href":"https:\/\/api.w.org\/{rel}","templated":true}]}}