{"id":9879,"date":"2026-02-10T23:07:06","date_gmt":"2026-02-10T23:07:06","guid":{"rendered":"https:\/\/fiorentinispa.com\/politique-relative-aux-cookies\/"},"modified":"2026-04-13T11:09:43","modified_gmt":"2026-04-13T11:09:43","slug":"politique-relative-aux-cookies","status":"publish","type":"page","link":"https:\/\/fiorentinispa.com\/fr\/politique-relative-aux-cookies\/","title":{"rendered":"Politique relative aux cookies"},"content":{"rendered":"\t\t<div data-elementor-type=\"wp-page\" data-elementor-id=\"9879\" class=\"elementor elementor-9879 elementor-7907\" data-elementor-post-type=\"page\">\n\t\t\t\t<div class=\"elementor-element elementor-element-0f74fa1 e-flex e-con-boxed e-con e-parent\" data-id=\"0f74fa1\" data-element_type=\"container\" data-e-type=\"container\">\n\t\t\t\t\t<div class=\"e-con-inner\">\n\t\t\t\t<div class=\"elementor-element elementor-element-59eb9a7 elementor-widget elementor-widget-text-editor\" data-id=\"59eb9a7\" data-element_type=\"widget\" data-e-type=\"widget\" data-widget_type=\"text-editor.default\">\n\t\t\t\t<div class=\"elementor-widget-container\">\n\t\t\t\t\t\t\t\t\t<p>Sur le site <a href=\"https:\/\/fiorentinispa.com\/fr\/\">fiorentinispa.com<\/a>, aucun cookie n\u2019est utilis\u00e9 pour la transmission d\u2019informations \u00e0 caract\u00e8re personnel ; de plus, aucun cookie persistant ou syst\u00e8me de tra\u00e7age des utilisateurs n\u2019est utilis\u00e9.<\/p><p class=\"alt-m\"> <\/p><p>Aucune donn\u00e9e personnelle des utilisateurs n\u2019est acquise par le site \u00e0 cet \u00e9gard.<\/p><p class=\"alt-m\"> <\/p><p>L\u2019utilisation de cookies de session est n\u00e9cessaire pour permettre une navigation s\u00fbre et efficace sur le site et est strictement limit\u00e9e \u00e0 la transmission d\u2019identifiants de session (constitu\u00e9s de nombres al\u00e9atoires g\u00e9n\u00e9r\u00e9s par le serveur). Les cookies de session ne sont pas stock\u00e9s sur l\u2019ordinateur de l\u2019utilisateur et disparaissent \u00e0 la fermeture du navigateur. <\/p><p class=\"alt-m\"> <\/p><p>Les cookies de session utilis\u00e9s sur ce site ne permettent pas l\u2019acquisition de donn\u00e9es personnelles identifiant l\u2019utilisateur.<\/p>\t\t\t\t\t\t\t\t<\/div>\n\t\t\t\t<\/div>\n\t\t\t\t\t<\/div>\n\t\t\t\t<\/div>\n\t\t\t\t<\/div>\n\t\t","protected":false},"excerpt":{"rendered":"<p>Sur le site fiorentinispa.com, aucun cookie n\u2019est utilis\u00e9 pour la transmission d\u2019informations \u00e0 caract\u00e8re personnel ; de plus, aucun cookie persistant ou syst\u00e8me de tra\u00e7age des utilisateurs n\u2019est utilis\u00e9. Aucune donn\u00e9e personnelle des utilisateurs n\u2019est acquise par le site \u00e0 cet \u00e9gard. L\u2019utilisation de cookies de session est n\u00e9cessaire pour permettre une navigation s\u00fbre et efficace sur le site et est strictement limit\u00e9e \u00e0 la transmission d\u2019identifiants de session (constitu\u00e9s de nombres al\u00e9atoires g\u00e9n\u00e9r\u00e9s par le serveur). Les cookies de session ne sont pas stock\u00e9s sur l\u2019ordinateur de l\u2019utilisateur et disparaissent \u00e0 la fermeture du navigateur. Les cookies de session utilis\u00e9s sur ce site ne permettent pas l\u2019acquisition de donn\u00e9es personnelles identifiant l\u2019utilisateur.<\/p>\n","protected":false},"author":1,"featured_media":0,"parent":0,"menu_order":0,"comment_status":"closed","ping_status":"closed","template":"page-full-width.php","meta":{"footnotes":""},"class_list":["post-9879","page","type-page","status-publish","hentry"],"_links":{"self":[{"href":"https:\/\/fiorentinispa.com\/fr\/wp-json\/wp\/v2\/pages\/9879","targetHints":{"allow":["GET"]}}],"collection":[{"href":"https:\/\/fiorentinispa.com\/fr\/wp-json\/wp\/v2\/pages"}],"about":[{"href":"https:\/\/fiorentinispa.com\/fr\/wp-json\/wp\/v2\/types\/page"}],"author":[{"embeddable":true,"href":"https:\/\/fiorentinispa.com\/fr\/wp-json\/wp\/v2\/users\/1"}],"replies":[{"embeddable":true,"href":"https:\/\/fiorentinispa.com\/fr\/wp-json\/wp\/v2\/comments?post=9879"}],"version-history":[{"count":1,"href":"https:\/\/fiorentinispa.com\/fr\/wp-json\/wp\/v2\/pages\/9879\/revisions"}],"predecessor-version":[{"id":9880,"href":"https:\/\/fiorentinispa.com\/fr\/wp-json\/wp\/v2\/pages\/9879\/revisions\/9880"}],"wp:attachment":[{"href":"https:\/\/fiorentinispa.com\/fr\/wp-json\/wp\/v2\/media?parent=9879"}],"curies":[{"name":"wp","href":"https:\/\/api.w.org\/{rel}","templated":true}]}}