{"id":9968,"date":"2025-02-13T13:14:46","date_gmt":"2025-02-13T13:14:46","guid":{"rendered":"https:\/\/fiorentinispa.com\/sante\/"},"modified":"2026-04-16T13:32:34","modified_gmt":"2026-04-16T13:32:34","slug":"sante","status":"publish","type":"page","link":"https:\/\/fiorentinispa.com\/fr\/sante\/","title":{"rendered":"Sant\u00e9"},"content":{"rendered":"\t\t<div data-elementor-type=\"wp-page\" data-elementor-id=\"9968\" class=\"elementor elementor-9968 elementor-5364\" data-elementor-post-type=\"page\">\n\t\t\t\t<div class=\"elementor-element elementor-element-a0a8c68 e-con-full e-flex e-con e-parent\" data-id=\"a0a8c68\" data-element_type=\"container\" data-e-type=\"container\" data-settings=\"{&quot;background_background&quot;:&quot;classic&quot;}\">\n\t\t\t\t<div class=\"elementor-element elementor-element-8bc876a elementor-widget elementor-widget-slider_revolution\" data-id=\"8bc876a\" data-element_type=\"widget\" data-e-type=\"widget\" data-widget_type=\"slider_revolution.default\">\n\t\t\t\t<div class=\"elementor-widget-container\">\n\t\t\t\t\t\n\t\t<div class=\"wp-block-themepunch-revslider\">\n\t\t\t\t<p class=\"rs-p-wp-fix\"><\/p>\n\t\t\t\t<sr7-module data-alias=\"sanita-nuova-fr\" data-id=\"69\" id=\"SR7_69_1\" class=\"rs-ov-hidden\" data-version=\"6.7.20\">\n\t\t\t\t\t<sr7-adjuster><\/sr7-adjuster>\n\t\t\t\t\t<sr7-content>\n\t\t\t\t\t\t<sr7-slide id=\"SR7_69_1-165\" data-key=\"165\">\n\t\t\t\t\t\t\t<sr7-bg id=\"SR7_69_1-165-5\" class=\"sr7-layer\"><noscript><img decoding=\"async\" src=\"https:\/\/fiorentinispa.com\/wp-content\/uploads\/2025\/02\/LA-FIORENTINI-SI-INGRANDISCE-8.jpg\" alt=\"\" title=\"LA FIORENTINI SI INGRANDISCE (8)\"><\/noscript><\/sr7-bg>\n\t\t\t\t\t\t\t<sr7-txt id=\"SR7_69_1-165-0\" class=\"sr7-layer\">CHOISISSEZ LA MACHINE LA PLUS ADAPT\u00c9E \u00c0 <br \/>\nVOTRE ENVIRONNEMENT<\/sr7-txt>\n\t\t\t\t\t\t\t<sr7-txt id=\"SR7_69_1-165-2\" class=\"sr7-layer\">NETTOYAGE ET D\u00c9SINFECTION DANS LE SECTEUR DE LA SANT\u00c9<\/sr7-txt>\n\t\t\t\t\t\t\t<sr7-txt id=\"SR7_69_1-165-3\" class=\"sr7-layer\"><a class=\"qodef-shortcode qodef-m  qodef-button qodef-layout--filled  qodef-html--link\" href=\"https:\/\/fiorentinispa.com\/fr\/prodotti\/\" target=\"_self\" >\n\t<span class=\"qodef-m-text\">d\u00e9couvrez les produits<\/span>\n<\/a>\n<\/sr7-txt>\n\t\t\t\t\t\t<\/sr7-slide>\n\t\t\t\t\t\t<sr7-slide id=\"SR7_69_1-166\" data-key=\"166\">\n\t\t\t\t\t\t<\/sr7-slide>\n\t\t\t\t\t<\/sr7-content>\n\t\t\t\t\t<image_lists style=\"display:none\">\n\t\t\t\t\t\t<img data-src=\"\/\/fiorentinispa.com\/wp-content\/uploads\/2025\/02\/LA-FIORENTINI-SI-INGRANDISCE-8.jpg\" data-libid=\"6076\" data-lib=\"medialibrary\" title=\"LA FIORENTINI SI INGRANDISCE (8)\" width=\"0\" height=\"0\" data-dbsrc=\"Ly9maW9yZW50aW5pc3BhLmNvbS93cC1jb250ZW50L3VwbG9hZHMvMjAyNS8wMi9MQS1GSU9SRU5USU5JLVNJLUlOR1JBTkRJU0NFLTguanBn\"\/>\n\t\t\t\t\t<\/image_lists>\n\t\t\t\t<\/sr7-module>\n\t\t\t\t<script>\n\t\t\t\t\tSR7.PMH ??={}; SR7.PMH[\"SR7_69_1\"] = {cn:0,state:false,fn: function() { if (_tpt!==undefined && _tpt.prepareModuleHeight !== undefined) {  _tpt.prepareModuleHeight({id:\"SR7_69_1\",el:[640,640,500,500,580],type:'standard',shdw:'0',gh:[640,640,500,500,580],gw:[1400,1400,1100,960,358],vpt:['100px&#039;,&#039;100px&#039;,&#039;100px&#039;,&#039;100px&#039;,&#039;100px'],size:{fullWidth:true, fullHeight:false},mh:'0',onh:0,onw:0,bg:{color:'{\"orig\":\"transparent\",\"type\":\"solid\",\"string\":\"transparent\"}'}});   SR7.PMH[\"SR7_69_1\"].state=true;} else if((SR7.PMH[\"SR7_69_1\"].cn++)<100)\tsetTimeout( SR7.PMH[\"SR7_69_1\"].fn,19);}};SR7.PMH[\"SR7_69_1\" ].fn();\n\t\t\t\t<\/script>\n<\/div>\n\n\t\t\t\t\t\t<\/div>\n\t\t\t\t<\/div>\n\t\t\t\t<\/div>\n\t\t<div class=\"elementor-element elementor-element-94351c7 e-flex e-con-boxed e-con e-parent\" data-id=\"94351c7\" data-element_type=\"container\" data-e-type=\"container\">\n\t\t\t\t\t<div class=\"e-con-inner\">\n\t\t\t\t<div class=\"elementor-element elementor-element-11b8afb elementor-widget elementor-widget-text-editor\" data-id=\"11b8afb\" data-element_type=\"widget\" data-e-type=\"widget\" data-widget_type=\"text-editor.default\">\n\t\t\t\t<div class=\"elementor-widget-container\">\n\t\t\t\t\t\t\t\t\t<h2 class=\"g-mb-30 g-color-primary\" style=\"text-align: left;\">NETTOYAGE ET D\u00c9SINFECTION POUR LE SECTEUR DE LA SANT\u00c9<\/h2>\t\t\t\t\t\t\t\t<\/div>\n\t\t\t\t<\/div>\n\t\t\t\t<div class=\"elementor-element elementor-element-1b9a231 elementor-widget elementor-widget-text-editor\" data-id=\"1b9a231\" data-element_type=\"widget\" data-e-type=\"widget\" data-widget_type=\"text-editor.default\">\n\t\t\t\t<div class=\"elementor-widget-container\">\n\t\t\t\t\t\t\t\t\t<p style=\"text-align: left;\"><span style=\"font-weight: 400;\">Les environnements de sant\u00e9 exigent des <\/span><b>normes \u00e9lev\u00e9es de nettoyage, d\u2019hygi\u00e8ne et de d\u00e9sinfection<\/b><span style=\"font-weight: 400;\"> pour garantir la s\u00e9curit\u00e9 des patients, des familles et du personnel. Dans les h\u00f4pitaux, les cliniques et les cabinets m\u00e9dicaux, le nettoyage n\u2019est pas seulement esth\u00e9tique, il est essentiel pour <\/span><b>r\u00e9duire la contamination environnementale et pr\u00e9venir les infections<\/b><span style=\"font-weight: 400;\">.<\/span><\/p><p style=\"text-align: left;\"><span style=\"font-weight: 400;\">Gr\u00e2ce \u00e0 des <\/span><b>machines de nettoyage industriel<\/b><span style=\"font-weight: 400;\"> \u00e0 la pointe de la technologie, Fiorentini assure des op\u00e9rations de d\u00e9sinfection rapides et efficaces. L\u2019utilisation d\u2019<\/span><b>\u00e9quipements professionnels<\/b><span style=\"font-weight: 400;\"> et de technologies avanc\u00e9es permet de maintenir chaque environnement de sant\u00e9 hygi\u00e9nique et s\u00fbr.<\/span><\/p><h3 style=\"text-align: left;\"><b>Machines de nettoyage pour les environnements de sant\u00e9<\/b><\/h3><p style=\"text-align: left;\"><span style=\"font-weight: 400;\">Dans la large gamme de <\/span><b>machines de nettoyage professionnel des sols<\/b><span style=\"font-weight: 400;\"> con\u00e7ues par Fiorentini, certains mod\u00e8les sont particuli\u00e8rement adapt\u00e9s au secteur de la sant\u00e9, garantissant une <\/span><b>efficacit\u00e9 et une hygi\u00e8ne maximales<\/b><span style=\"font-weight: 400;\"> dans les :<\/span><\/p><ul style=\"text-align: left;\"><li style=\"font-weight: 400;\" aria-level=\"1\"><span style=\"font-weight: 400;\">H\u00f4pitaux<\/span><\/li><li style=\"font-weight: 400;\" aria-level=\"1\"><span style=\"font-weight: 400;\">\u00c9tablissements de soins<\/span><\/li><li style=\"font-weight: 400;\" aria-level=\"1\"><span style=\"font-weight: 400;\">Maisons de retraite<\/span><\/li><li style=\"font-weight: 400;\" aria-level=\"1\"><span style=\"font-weight: 400;\">Cliniques priv\u00e9es<\/span><\/li><li style=\"font-weight: 400;\" aria-level=\"1\"><span style=\"font-weight: 400;\">Cabinets m\u00e9dicaux<\/span><\/li><li style=\"font-weight: 400;\" aria-level=\"1\"><span style=\"font-weight: 400;\">Cabinets dentaires<\/span><\/li><li style=\"font-weight: 400;\" aria-level=\"1\"><span style=\"font-weight: 400;\">Cliniques v\u00e9t\u00e9rinaires<\/span><\/li><li style=\"font-weight: 400;\" aria-level=\"1\"><span style=\"font-weight: 400;\">Laboratoires<\/span><\/li><li style=\"font-weight: 400;\" aria-level=\"1\"><span style=\"font-weight: 400;\">\u00c9tablissements de sant\u00e9<\/span><\/li><\/ul><p style=\"text-align: left;\"><span style=\"font-weight: 400;\">D\u00e9couvrez la <\/span><b>machine de nettoyage professionnel<\/b><span style=\"font-weight: 400;\"> la plus adapt\u00e9e \u00e0 vos environnements ou <\/span><b>contactez-nous pour un conseil personnalis\u00e9<\/b><span style=\"font-weight: 400;\"> : notre \u00e9quipe est \u00e0 votre disposition pour vous aider \u00e0 choisir le produit id\u00e9al pour vos besoins.<\/span><\/p><p style=\"text-align: left;\"> <\/p>\t\t\t\t\t\t\t\t<\/div>\n\t\t\t\t<\/div>\n\t\t\t\t\t<\/div>\n\t\t\t\t<\/div>\n\t\t<div class=\"elementor-element elementor-element-13a4197 e-flex e-con-boxed e-con e-parent\" data-id=\"13a4197\" data-element_type=\"container\" data-e-type=\"container\">\n\t\t\t\t\t<div class=\"e-con-inner\">\n\t\t\t\t<div class=\"elementor-element elementor-element-0f8da5f elementor-widget elementor-widget-heading\" data-id=\"0f8da5f\" data-element_type=\"widget\" data-e-type=\"widget\" data-widget_type=\"heading.default\">\n\t\t\t\t<div class=\"elementor-widget-container\">\n\t\t\t\t\t<h3 class=\"elementor-heading-title elementor-size-default\">d\u00e9couvrez la gamme fiorentini<\/h3>\t\t\t\t<\/div>\n\t\t\t\t<\/div>\n\t\t\t\t\t<\/div>\n\t\t\t\t<\/div>\n\t\t<div class=\"elementor-element elementor-element-5f0e4d8 e-flex e-con-boxed e-con e-parent\" data-id=\"5f0e4d8\" data-element_type=\"container\" data-e-type=\"container\">\n\t\t\t\t\t<div class=\"e-con-inner\">\n\t\t\t\t<div class=\"elementor-element elementor-element-71ef3cc elementor-widget-tablet__width-inherit elementor-widget elementor-widget-highrev_core_product_category_list\" data-id=\"71ef3cc\" data-element_type=\"widget\" data-e-type=\"widget\" data-widget_type=\"highrev_core_product_category_list.default\">\n\t\t\t\t<div class=\"elementor-widget-container\">\n\t\t\t\t\t<div class=\"qodef-shortcode qodef-m  qodef-woo-shortcode qodef-woo-product-category-list qodef-item-layout--simple qodef-main-category-image--enabled   qodef-item-image-alignment--left qodef-grid qodef-layout--columns  qodef-gutter--no qodef-vertical-gutter--no qodef-col-num--6 qodef-item-layout--simple  qodef-responsive--custom qodef-col-num--1512--6 qodef-col-num--1368--6 qodef-col-num--1200--4 qodef-col-num--1024--4 qodef-col-num--880--4 qodef-col-num--680--2 qodef-col-num--480--2 qodef-swiper--show-pagination\">\n\t\t<div class=\"qodef-grid-inner\">\n\t\t<div class=\"qodef-e qodef--retina-scaling qodef-grid-item qodef-item--full product-category product first\">\n\t<div class=\"qodef-e-inner\">\n\t\t<a href=\"https:\/\/fiorentinispa.com\/fr\/product-category\/tracteurs\/\" class=\"qodef-e-link\"><\/a>\n\t\t<div class=\"qodef-e-product-category-list-top\">\n\t\t\t\t\t\t<div class=\"qodef-e-product-category-list-image\">\n\t\t\t\t<a href=\"https:\/\/fiorentinispa.com\/fr\/product-category\/tracteurs\/\" class=\"qodef-e-product-category-list-link\">\n\t\t\t\t\t\t\t\t<img fetchpriority=\"high\" decoding=\"async\" itemprop=\"image\" src=\"https:\/\/fiorentinispa.com\/wp-content\/uploads\/2026\/01\/TX-TRATTORINI-X.jpg\"\n\t\t\t width=\"1000\"\n\t\t\t height=\"1000\"\n\t\t\t alt=\"\"\/>\n\t\t\t\t\t<\/a>\n\t\t\t<\/div>\n\t\t\t\t\t<\/div>\n\t\t<div class=\"qodef-e-product-category-list-bottom\">\n\t\t\t<a href=\"https:\/\/fiorentinispa.com\/fr\/product-category\/tracteurs\/\" class=\"qodef-e-product-category-list-main-category\">\n    <h6 class=\"woocommerce-loop-category__title\">\n        Tracteurs    <\/h6>\n<\/a>\n\t\t<\/div>\n\t<\/div>\n<\/div>\n<div class=\"qodef-e qodef--retina-scaling qodef-grid-item qodef-item--full product-category product\">\n\t<div class=\"qodef-e-inner\">\n\t\t<a href=\"https:\/\/fiorentinispa.com\/fr\/product-category\/nettoyeurs-haute-pression\/\" class=\"qodef-e-link\"><\/a>\n\t\t<div class=\"qodef-e-product-category-list-top\">\n\t\t\t\t\t\t<div class=\"qodef-e-product-category-list-image\">\n\t\t\t\t<a href=\"https:\/\/fiorentinispa.com\/fr\/product-category\/nettoyeurs-haute-pression\/\" class=\"qodef-e-product-category-list-link\">\n\t\t\t\t\t\t\t\t<img decoding=\"async\" itemprop=\"image\" src=\"https:\/\/fiorentinispa.com\/wp-content\/uploads\/2026\/01\/Kcm-X-1.jpg\"\n\t\t\t width=\"1000\"\n\t\t\t height=\"1000\"\n\t\t\t alt=\"\"\/>\n\t\t\t\t\t<\/a>\n\t\t\t<\/div>\n\t\t\t\t\t<\/div>\n\t\t<div class=\"qodef-e-product-category-list-bottom\">\n\t\t\t<a href=\"https:\/\/fiorentinispa.com\/fr\/product-category\/nettoyeurs-haute-pression\/\" class=\"qodef-e-product-category-list-main-category\">\n    <h6 class=\"woocommerce-loop-category__title\">\n        Nettoyeurs haute pression    <\/h6>\n<\/a>\n\t\t<\/div>\n\t<\/div>\n<\/div>\n<div class=\"qodef-e qodef--retina-scaling qodef-grid-item qodef-item--full product-category product\">\n\t<div class=\"qodef-e-inner\">\n\t\t<a href=\"https:\/\/fiorentinispa.com\/fr\/product-category\/nettoyeurs-de-surfaces-textiles\/\" class=\"qodef-e-link\"><\/a>\n\t\t<div class=\"qodef-e-product-category-list-top\">\n\t\t\t\t\t\t<div class=\"qodef-e-product-category-list-image\">\n\t\t\t\t<a href=\"https:\/\/fiorentinispa.com\/fr\/product-category\/nettoyeurs-de-surfaces-textiles\/\" class=\"qodef-e-product-category-list-link\">\n\t\t\t\t\t\t\t\t<img loading=\"lazy\" decoding=\"async\" itemprop=\"image\" src=\"https:\/\/fiorentinispa.com\/wp-content\/uploads\/2026\/01\/INJECTION-EXTRACTION-LAVAMOQUETTE-X.jpg\"\n\t\t\t width=\"1000\"\n\t\t\t height=\"1000\"\n\t\t\t alt=\"\"\/>\n\t\t\t\t\t<\/a>\n\t\t\t<\/div>\n\t\t\t\t\t<\/div>\n\t\t<div class=\"qodef-e-product-category-list-bottom\">\n\t\t\t<a href=\"https:\/\/fiorentinispa.com\/fr\/product-category\/nettoyeurs-de-surfaces-textiles\/\" class=\"qodef-e-product-category-list-main-category\">\n    <h6 class=\"woocommerce-loop-category__title\">\n        Nettoyeurs de surfaces textiles    <\/h6>\n<\/a>\n\t\t<\/div>\n\t<\/div>\n<\/div>\n<div class=\"qodef-e qodef--retina-scaling qodef-grid-item qodef-item--full product-category product last\">\n\t<div class=\"qodef-e-inner\">\n\t\t<a href=\"https:\/\/fiorentinispa.com\/fr\/product-category\/monobrosse\/\" class=\"qodef-e-link\"><\/a>\n\t\t<div class=\"qodef-e-product-category-list-top\">\n\t\t\t\t\t\t<div class=\"qodef-e-product-category-list-image\">\n\t\t\t\t<a href=\"https:\/\/fiorentinispa.com\/fr\/product-category\/monobrosse\/\" class=\"qodef-e-product-category-list-link\">\n\t\t\t\t\t\t\t\t<img loading=\"lazy\" decoding=\"async\" itemprop=\"image\" src=\"https:\/\/fiorentinispa.com\/wp-content\/uploads\/2026\/01\/JOLLY-17-MONOSPAZZOLA-X.jpg\"\n\t\t\t width=\"1000\"\n\t\t\t height=\"1000\"\n\t\t\t alt=\"\"\/>\n\t\t\t\t\t<\/a>\n\t\t\t<\/div>\n\t\t\t\t\t<\/div>\n\t\t<div class=\"qodef-e-product-category-list-bottom\">\n\t\t\t<a href=\"https:\/\/fiorentinispa.com\/fr\/product-category\/monobrosse\/\" class=\"qodef-e-product-category-list-main-category\">\n    <h6 class=\"woocommerce-loop-category__title\">\n        Monobrosse    <\/h6>\n<\/a>\n\t\t<\/div>\n\t<\/div>\n<\/div>\n<div class=\"qodef-e qodef--retina-scaling qodef-grid-item qodef-item--full product-category product first\">\n\t<div class=\"qodef-e-inner\">\n\t\t<a href=\"https:\/\/fiorentinispa.com\/fr\/product-category\/machines-de-nettoyage-urbain\/\" class=\"qodef-e-link\"><\/a>\n\t\t<div class=\"qodef-e-product-category-list-top\">\n\t\t\t\t\t\t<div class=\"qodef-e-product-category-list-image\">\n\t\t\t\t<a href=\"https:\/\/fiorentinispa.com\/fr\/product-category\/machines-de-nettoyage-urbain\/\" class=\"qodef-e-product-category-list-link\">\n\t\t\t\t\t\t\t\t<img loading=\"lazy\" decoding=\"async\" itemprop=\"image\" src=\"https:\/\/fiorentinispa.com\/wp-content\/uploads\/2026\/01\/S150-SPAZZATRICI-STRADALI-X.jpg\"\n\t\t\t width=\"1000\"\n\t\t\t height=\"1000\"\n\t\t\t alt=\"\"\/>\n\t\t\t\t\t<\/a>\n\t\t\t<\/div>\n\t\t\t\t\t<\/div>\n\t\t<div class=\"qodef-e-product-category-list-bottom\">\n\t\t\t<a href=\"https:\/\/fiorentinispa.com\/fr\/product-category\/machines-de-nettoyage-urbain\/\" class=\"qodef-e-product-category-list-main-category\">\n    <h6 class=\"woocommerce-loop-category__title\">\n        Machines de nettoyage urbain    <\/h6>\n<\/a>\n\t\t<\/div>\n\t<\/div>\n<\/div>\n<div class=\"qodef-e qodef--retina-scaling qodef-grid-item qodef-item--full product-category product\">\n\t<div class=\"qodef-e-inner\">\n\t\t<a href=\"https:\/\/fiorentinispa.com\/fr\/product-category\/machines-autonomes\/\" class=\"qodef-e-link\"><\/a>\n\t\t<div class=\"qodef-e-product-category-list-top\">\n\t\t\t\t\t\t<div class=\"qodef-e-product-category-list-image\">\n\t\t\t\t<a href=\"https:\/\/fiorentinispa.com\/fr\/product-category\/machines-autonomes\/\" class=\"qodef-e-product-category-list-link\">\n\t\t\t\t\t\t\t\t<img loading=\"lazy\" decoding=\"async\" itemprop=\"image\" src=\"https:\/\/fiorentinispa.com\/wp-content\/uploads\/2026\/01\/Fiorentini_BEETLE_3-X.jpg\"\n\t\t\t width=\"1000\"\n\t\t\t height=\"1000\"\n\t\t\t alt=\"\"\/>\n\t\t\t\t\t<\/a>\n\t\t\t<\/div>\n\t\t\t\t\t<\/div>\n\t\t<div class=\"qodef-e-product-category-list-bottom\">\n\t\t\t<a href=\"https:\/\/fiorentinispa.com\/fr\/product-category\/machines-autonomes\/\" class=\"qodef-e-product-category-list-main-category\">\n    <h6 class=\"woocommerce-loop-category__title\">\n        Machines Autonomes    <\/h6>\n<\/a>\n\t\t<\/div>\n\t<\/div>\n<\/div>\n<div class=\"qodef-e qodef--retina-scaling qodef-grid-item qodef-item--full product-category product\">\n\t<div class=\"qodef-e-inner\">\n\t\t<a href=\"https:\/\/fiorentinispa.com\/fr\/product-category\/machines-a-vapeur\/\" class=\"qodef-e-link\"><\/a>\n\t\t<div class=\"qodef-e-product-category-list-top\">\n\t\t\t\t\t\t<div class=\"qodef-e-product-category-list-image\">\n\t\t\t\t<a href=\"https:\/\/fiorentinispa.com\/fr\/product-category\/machines-a-vapeur\/\" class=\"qodef-e-product-category-list-link\">\n\t\t\t\t\t\t\t\t<img loading=\"lazy\" decoding=\"async\" itemprop=\"image\" src=\"https:\/\/fiorentinispa.com\/wp-content\/uploads\/2026\/01\/Junior-Vapor-MACCHINE-A-VAPORE-X.jpg\"\n\t\t\t width=\"1000\"\n\t\t\t height=\"1000\"\n\t\t\t alt=\"\"\/>\n\t\t\t\t\t<\/a>\n\t\t\t<\/div>\n\t\t\t\t\t<\/div>\n\t\t<div class=\"qodef-e-product-category-list-bottom\">\n\t\t\t<a href=\"https:\/\/fiorentinispa.com\/fr\/product-category\/machines-a-vapeur\/\" class=\"qodef-e-product-category-list-main-category\">\n    <h6 class=\"woocommerce-loop-category__title\">\n        Machines \u00e0 vapeur    <\/h6>\n<\/a>\n\t\t<\/div>\n\t<\/div>\n<\/div>\n<div class=\"qodef-e qodef--retina-scaling qodef-grid-item qodef-item--full product-category product last\">\n\t<div class=\"qodef-e-inner\">\n\t\t<a href=\"https:\/\/fiorentinispa.com\/fr\/product-category\/balayeuses-autoportees\/\" class=\"qodef-e-link\"><\/a>\n\t\t<div class=\"qodef-e-product-category-list-top\">\n\t\t\t\t\t\t<div class=\"qodef-e-product-category-list-image\">\n\t\t\t\t<a href=\"https:\/\/fiorentinispa.com\/fr\/product-category\/balayeuses-autoportees\/\" class=\"qodef-e-product-category-list-link\">\n\t\t\t\t\t\t\t\t<img loading=\"lazy\" decoding=\"async\" itemprop=\"image\" src=\"https:\/\/fiorentinispa.com\/wp-content\/uploads\/2026\/01\/S-28-SPAZZATRICE-UOMO-A-BORDO-X.jpg\"\n\t\t\t width=\"1000\"\n\t\t\t height=\"1000\"\n\t\t\t alt=\"\"\/>\n\t\t\t\t\t<\/a>\n\t\t\t<\/div>\n\t\t\t\t\t<\/div>\n\t\t<div class=\"qodef-e-product-category-list-bottom\">\n\t\t\t<a href=\"https:\/\/fiorentinispa.com\/fr\/product-category\/balayeuses-autoportees\/\" class=\"qodef-e-product-category-list-main-category\">\n    <h6 class=\"woocommerce-loop-category__title\">\n        Balayeuses autoport\u00e9es    <\/h6>\n<\/a>\n\t\t<\/div>\n\t<\/div>\n<\/div>\n<div class=\"qodef-e qodef--retina-scaling qodef-grid-item qodef-item--full product-category product first\">\n\t<div class=\"qodef-e-inner\">\n\t\t<a href=\"https:\/\/fiorentinispa.com\/fr\/product-category\/balayeuses-accompagnees\/\" class=\"qodef-e-link\"><\/a>\n\t\t<div class=\"qodef-e-product-category-list-top\">\n\t\t\t\t\t\t<div class=\"qodef-e-product-category-list-image\">\n\t\t\t\t<a href=\"https:\/\/fiorentinispa.com\/fr\/product-category\/balayeuses-accompagnees\/\" class=\"qodef-e-product-category-list-link\">\n\t\t\t\t\t\t\t\t<img loading=\"lazy\" decoding=\"async\" itemprop=\"image\" src=\"https:\/\/fiorentinispa.com\/wp-content\/uploads\/2026\/02\/AE_AS-50\u201370.jpg\"\n\t\t\t width=\"1000\"\n\t\t\t height=\"1000\"\n\t\t\t alt=\"\"\/>\n\t\t\t\t\t<\/a>\n\t\t\t<\/div>\n\t\t\t\t\t<\/div>\n\t\t<div class=\"qodef-e-product-category-list-bottom\">\n\t\t\t<a href=\"https:\/\/fiorentinispa.com\/fr\/product-category\/balayeuses-accompagnees\/\" class=\"qodef-e-product-category-list-main-category\">\n    <h6 class=\"woocommerce-loop-category__title\">\n        Balayeuses accompagn\u00e9es    <\/h6>\n<\/a>\n\t\t<\/div>\n\t<\/div>\n<\/div>\n<div class=\"qodef-e qodef--retina-scaling qodef-grid-item qodef-item--full product-category product\">\n\t<div class=\"qodef-e-inner\">\n\t\t<a href=\"https:\/\/fiorentinispa.com\/fr\/product-category\/autolaveuse-autoportee\/\" class=\"qodef-e-link\"><\/a>\n\t\t<div class=\"qodef-e-product-category-list-top\">\n\t\t\t\t\t\t<div class=\"qodef-e-product-category-list-image\">\n\t\t\t\t<a href=\"https:\/\/fiorentinispa.com\/fr\/product-category\/autolaveuse-autoportee\/\" class=\"qodef-e-product-category-list-link\">\n\t\t\t\t\t\t\t\t<img loading=\"lazy\" decoding=\"async\" itemprop=\"image\" src=\"https:\/\/fiorentinispa.com\/wp-content\/uploads\/2026\/01\/EF85-X.jpg\"\n\t\t\t width=\"1000\"\n\t\t\t height=\"1000\"\n\t\t\t alt=\"\"\/>\n\t\t\t\t\t<\/a>\n\t\t\t<\/div>\n\t\t\t\t\t<\/div>\n\t\t<div class=\"qodef-e-product-category-list-bottom\">\n\t\t\t<a href=\"https:\/\/fiorentinispa.com\/fr\/product-category\/autolaveuse-autoportee\/\" class=\"qodef-e-product-category-list-main-category\">\n    <h6 class=\"woocommerce-loop-category__title\">\n        Autolaveuse autoport\u00e9e    <\/h6>\n<\/a>\n\t\t<\/div>\n\t<\/div>\n<\/div>\n<div class=\"qodef-e qodef--retina-scaling qodef-grid-item qodef-item--full product-category product\">\n\t<div class=\"qodef-e-inner\">\n\t\t<a href=\"https:\/\/fiorentinispa.com\/fr\/product-category\/autolaveuse-a-conducteur-accompagnant\/\" class=\"qodef-e-link\"><\/a>\n\t\t<div class=\"qodef-e-product-category-list-top\">\n\t\t\t\t\t\t<div class=\"qodef-e-product-category-list-image\">\n\t\t\t\t<a href=\"https:\/\/fiorentinispa.com\/fr\/product-category\/autolaveuse-a-conducteur-accompagnant\/\" class=\"qodef-e-product-category-list-link\">\n\t\t\t\t\t\t\t\t<img loading=\"lazy\" decoding=\"async\" itemprop=\"image\" src=\"https:\/\/fiorentinispa.com\/wp-content\/uploads\/2026\/01\/ECO-20-X.jpg\"\n\t\t\t width=\"1000\"\n\t\t\t height=\"1000\"\n\t\t\t alt=\"\"\/>\n\t\t\t\t\t<\/a>\n\t\t\t<\/div>\n\t\t\t\t\t<\/div>\n\t\t<div class=\"qodef-e-product-category-list-bottom\">\n\t\t\t<a href=\"https:\/\/fiorentinispa.com\/fr\/product-category\/autolaveuse-a-conducteur-accompagnant\/\" class=\"qodef-e-product-category-list-main-category\">\n    <h6 class=\"woocommerce-loop-category__title\">\n        Autolaveuse \u00e0 conducteur accompagnant    <\/h6>\n<\/a>\n\t\t<\/div>\n\t<\/div>\n<\/div>\n<div class=\"qodef-e qodef--retina-scaling qodef-grid-item qodef-item--full product-category product last\">\n\t<div class=\"qodef-e-inner\">\n\t\t<a href=\"https:\/\/fiorentinispa.com\/fr\/product-category\/aspirateurs\/\" class=\"qodef-e-link\"><\/a>\n\t\t<div class=\"qodef-e-product-category-list-top\">\n\t\t\t\t\t\t<div class=\"qodef-e-product-category-list-image\">\n\t\t\t\t<a href=\"https:\/\/fiorentinispa.com\/fr\/product-category\/aspirateurs\/\" class=\"qodef-e-product-category-list-link\">\n\t\t\t\t\t\t\t\t<img loading=\"lazy\" decoding=\"async\" itemprop=\"image\" src=\"https:\/\/fiorentinispa.com\/wp-content\/uploads\/2026\/01\/BABY-ASPIRATORE-X.jpg\"\n\t\t\t width=\"1000\"\n\t\t\t height=\"1000\"\n\t\t\t alt=\"\"\/>\n\t\t\t\t\t<\/a>\n\t\t\t<\/div>\n\t\t\t\t\t<\/div>\n\t\t<div class=\"qodef-e-product-category-list-bottom\">\n\t\t\t<a href=\"https:\/\/fiorentinispa.com\/fr\/product-category\/aspirateurs\/\" class=\"qodef-e-product-category-list-main-category\">\n    <h6 class=\"woocommerce-loop-category__title\">\n        Aspirateurs    <\/h6>\n<\/a>\n\t\t<\/div>\n\t<\/div>\n<\/div>\n\t<\/div>\n<\/div>\n\t\t\t\t<\/div>\n\t\t\t\t<\/div>\n\t\t\t\t\t<\/div>\n\t\t\t\t<\/div>\n\t\t\t\t<\/div>\n\t\t","protected":false},"excerpt":{"rendered":"<p>NETTOYAGE ET D\u00c9SINFECTION POUR LE SECTEUR DE LA SANT\u00c9 Les environnements de sant\u00e9 exigent des normes \u00e9lev\u00e9es de nettoyage, d\u2019hygi\u00e8ne et de d\u00e9sinfection pour garantir la s\u00e9curit\u00e9 des patients, des familles et du personnel. Dans les h\u00f4pitaux, les cliniques et les cabinets m\u00e9dicaux, le nettoyage n\u2019est pas seulement esth\u00e9tique, il est essentiel pour r\u00e9duire la contamination environnementale et pr\u00e9venir les infections. Gr\u00e2ce \u00e0 des machines de nettoyage industriel \u00e0 la pointe de la technologie, Fiorentini assure des op\u00e9rations de d\u00e9sinfection rapides et efficaces. L\u2019utilisation d\u2019\u00e9quipements professionnels et de technologies avanc\u00e9es permet de maintenir chaque environnement de sant\u00e9 hygi\u00e9nique et s\u00fbr. Machines de nettoyage pour les environnements de sant\u00e9 Dans la large gamme de machines de nettoyage professionnel des sols con\u00e7ues par Fiorentini, certains mod\u00e8les sont particuli\u00e8rement adapt\u00e9s au secteur de la sant\u00e9, garantissant une efficacit\u00e9 et une hygi\u00e8ne maximales dans les : H\u00f4pitaux \u00c9tablissements de soins Maisons de retraite Cliniques priv\u00e9es Cabinets m\u00e9dicaux Cabinets dentaires Cliniques v\u00e9t\u00e9rinaires Laboratoires \u00c9tablissements de sant\u00e9 D\u00e9couvrez la machine de nettoyage professionnel la plus adapt\u00e9e \u00e0 vos environnements ou contactez-nous pour un conseil personnalis\u00e9 : notre \u00e9quipe est \u00e0 votre disposition pour vous aider \u00e0 choisir le produit id\u00e9al pour vos besoins. d\u00e9couvrez la gamme fiorentini Macchine Autonome Lavapavimenti uomo a terra Lavapavimenti uomo a bordo Spazzatrici uomo a terra Spazzatrici uomo a bordo Idropulitrici Aspiratori Lavasuperfici tessili Trattorini Monospazzole Macchinari per la pulizia urbana Macchine a vapore<\/p>\n","protected":false},"author":1,"featured_media":0,"parent":0,"menu_order":0,"comment_status":"closed","ping_status":"closed","template":"page-full-width.php","meta":{"footnotes":""},"class_list":["post-9968","page","type-page","status-publish","hentry"],"_links":{"self":[{"href":"https:\/\/fiorentinispa.com\/fr\/wp-json\/wp\/v2\/pages\/9968","targetHints":{"allow":["GET"]}}],"collection":[{"href":"https:\/\/fiorentinispa.com\/fr\/wp-json\/wp\/v2\/pages"}],"about":[{"href":"https:\/\/fiorentinispa.com\/fr\/wp-json\/wp\/v2\/types\/page"}],"author":[{"embeddable":true,"href":"https:\/\/fiorentinispa.com\/fr\/wp-json\/wp\/v2\/users\/1"}],"replies":[{"embeddable":true,"href":"https:\/\/fiorentinispa.com\/fr\/wp-json\/wp\/v2\/comments?post=9968"}],"version-history":[{"count":4,"href":"https:\/\/fiorentinispa.com\/fr\/wp-json\/wp\/v2\/pages\/9968\/revisions"}],"predecessor-version":[{"id":10216,"href":"https:\/\/fiorentinispa.com\/fr\/wp-json\/wp\/v2\/pages\/9968\/revisions\/10216"}],"wp:attachment":[{"href":"https:\/\/fiorentinispa.com\/fr\/wp-json\/wp\/v2\/media?parent=9968"}],"curies":[{"name":"wp","href":"https:\/\/api.w.org\/{rel}","templated":true}]}}