{"id":9634,"date":"2025-02-04T08:55:59","date_gmt":"2025-02-04T08:55:59","guid":{"rendered":"https:\/\/fiorentinispa.com\/product\/i-38ueb\/"},"modified":"2025-02-04T08:55:59","modified_gmt":"2025-02-04T08:55:59","slug":"i-38ueb","status":"publish","type":"product","link":"https:\/\/fiorentinispa.com\/fr\/produit\/i-38ueb\/","title":{"rendered":"I 38UEB"},"content":{"rendered":"","protected":false},"excerpt":{"rendered":"<p>Autolaveuse tr\u00e8s robuste, durable et tr\u00e8s agile, id\u00e9ale pour les tr\u00e8s grands espaces tels que les centres commerciaux, les entreprises, les a\u00e9roports et les entrep\u00f4ts industriels.<\/p>\n<p>rendement horaire : 5 700 m\u00b2\/h<br \/>\nautonomie de la machine : 5 h<br \/>\ncapacit\u00e9 du r\u00e9servoir : 190 L<br \/>\nvitesse d\u2019avancement : 0-6 km\/h<\/p>\n<p><a class=\"fio-btn-minimal\" href=\"https:\/\/fiorentinispa.com\/wp-content\/uploads\/2026\/02\/i_38.pdf\" download=\"\"><br \/>\nT\u00c9L\u00c9CHARGER LA BROCHURE<br \/>\n<\/a><\/p>\n","protected":false},"featured_media":7348,"template":"","meta":[],"product_cat":[209],"product_tag":[],"class_list":{"0":"post-9634","1":"product","2":"type-product","3":"status-publish","4":"has-post-thumbnail","6":"product_cat-autolaveuse-autoportee","8":"first","9":"instock","10":"shipping-taxable","11":"product-type-simple"},"_links":{"self":[{"href":"https:\/\/fiorentinispa.com\/fr\/wp-json\/wp\/v2\/product\/9634","targetHints":{"allow":["GET"]}}],"collection":[{"href":"https:\/\/fiorentinispa.com\/fr\/wp-json\/wp\/v2\/product"}],"about":[{"href":"https:\/\/fiorentinispa.com\/fr\/wp-json\/wp\/v2\/types\/product"}],"wp:featuredmedia":[{"embeddable":true,"href":"https:\/\/fiorentinispa.com\/fr\/wp-json\/wp\/v2\/media\/7348"}],"wp:attachment":[{"href":"https:\/\/fiorentinispa.com\/fr\/wp-json\/wp\/v2\/media?parent=9634"}],"wp:term":[{"taxonomy":"product_cat","embeddable":true,"href":"https:\/\/fiorentinispa.com\/fr\/wp-json\/wp\/v2\/product_cat?post=9634"},{"taxonomy":"product_tag","embeddable":true,"href":"https:\/\/fiorentinispa.com\/fr\/wp-json\/wp\/v2\/product_tag?post=9634"}],"curies":[{"name":"wp","href":"https:\/\/api.w.org\/{rel}","templated":true}]}}