{"id":9650,"date":"2025-02-04T08:38:23","date_gmt":"2025-02-04T08:38:23","guid":{"rendered":"https:\/\/fiorentinispa.com\/product\/ecosmile\/"},"modified":"2025-02-04T08:38:23","modified_gmt":"2025-02-04T08:38:23","slug":"ecosmile","status":"publish","type":"product","link":"https:\/\/fiorentinispa.com\/fr\/produit\/ecosmile\/","title":{"rendered":"ECOSMILE"},"content":{"rendered":"","protected":false},"excerpt":{"rendered":"<p>Machine tr\u00e8s fiable et maniable, id\u00e9ale pour les espaces de taille moyenne \u00e0 grande, gr\u00e2ce \u00e0 son excellente autonomie et \u00e0 la capacit\u00e9 de son r\u00e9servoir.<\/p>\n<p>rendement horaire : 5 750 m\u00b2\/h<br \/>\nautonomie de la machine : 5 h<br \/>\ncapacit\u00e9 du r\u00e9servoir : 150 L<br \/>\nvitesse d\u2019avancement : 0-6 km\/h<\/p>\n<p><a class=\"fio-btn-minimal\" href=\"https:\/\/fiorentinispa.com\/wp-content\/uploads\/2026\/02\/ecosmile.pdf\" download=\"\"><br \/>\nT\u00c9L\u00c9CHARGER LA BROCHURE<br \/>\n<\/a><\/p>\n","protected":false},"featured_media":7340,"template":"","meta":[],"product_cat":[209],"product_tag":[],"class_list":{"0":"post-9650","1":"product","2":"type-product","3":"status-publish","4":"has-post-thumbnail","6":"product_cat-autolaveuse-autoportee","8":"first","9":"instock","10":"shipping-taxable","11":"product-type-simple"},"_links":{"self":[{"href":"https:\/\/fiorentinispa.com\/fr\/wp-json\/wp\/v2\/product\/9650","targetHints":{"allow":["GET"]}}],"collection":[{"href":"https:\/\/fiorentinispa.com\/fr\/wp-json\/wp\/v2\/product"}],"about":[{"href":"https:\/\/fiorentinispa.com\/fr\/wp-json\/wp\/v2\/types\/product"}],"wp:featuredmedia":[{"embeddable":true,"href":"https:\/\/fiorentinispa.com\/fr\/wp-json\/wp\/v2\/media\/7340"}],"wp:attachment":[{"href":"https:\/\/fiorentinispa.com\/fr\/wp-json\/wp\/v2\/media?parent=9650"}],"wp:term":[{"taxonomy":"product_cat","embeddable":true,"href":"https:\/\/fiorentinispa.com\/fr\/wp-json\/wp\/v2\/product_cat?post=9650"},{"taxonomy":"product_tag","embeddable":true,"href":"https:\/\/fiorentinispa.com\/fr\/wp-json\/wp\/v2\/product_tag?post=9650"}],"curies":[{"name":"wp","href":"https:\/\/api.w.org\/{rel}","templated":true}]}}