{"id":9669,"date":"2025-02-03T19:15:31","date_gmt":"2025-02-03T19:15:31","guid":{"rendered":"https:\/\/fiorentinispa.com\/product\/pinky\/"},"modified":"2025-02-03T19:15:31","modified_gmt":"2025-02-03T19:15:31","slug":"pinky","status":"publish","type":"product","link":"https:\/\/fiorentinispa.com\/fr\/produit\/pinky\/","title":{"rendered":"Pinky"},"content":{"rendered":"","protected":false},"excerpt":{"rendered":"<p>La Pinky de Ing. Fiorentini spa est une autolaveuse \u00e0 conducteur accompagnant, tr\u00e8s robuste et spacieuse, id\u00e9ale pour les grands espaces tels que les centres commerciaux, les entrep\u00f4ts et les cantines.<\/p>\n<p>rendement horaire : 4 250 m\u00b2\/h<br \/>\nautonomie de la machine : 4-5 h<br \/>\ncapacit\u00e9 du r\u00e9servoir : 90 l<br \/>\nvitesse d\u2019avancement : 0-5 km\/h<\/p>\n<p><a class=\"fio-btn-minimal\" href=\"https:\/\/fiorentinispa.com\/wp-content\/uploads\/2026\/02\/PINKY.pdf\" download=\"\"><br \/>\nT\u00c9L\u00c9CHARGER LA BROCHURE<br \/>\n<\/a><\/p>\n","protected":false},"featured_media":7359,"template":"","meta":[],"product_cat":[211],"product_tag":[],"class_list":{"0":"post-9669","1":"product","2":"type-product","3":"status-publish","4":"has-post-thumbnail","6":"product_cat-autolaveuse-a-conducteur-accompagnant","8":"first","9":"instock","10":"shipping-taxable","11":"product-type-simple"},"_links":{"self":[{"href":"https:\/\/fiorentinispa.com\/fr\/wp-json\/wp\/v2\/product\/9669","targetHints":{"allow":["GET"]}}],"collection":[{"href":"https:\/\/fiorentinispa.com\/fr\/wp-json\/wp\/v2\/product"}],"about":[{"href":"https:\/\/fiorentinispa.com\/fr\/wp-json\/wp\/v2\/types\/product"}],"wp:featuredmedia":[{"embeddable":true,"href":"https:\/\/fiorentinispa.com\/fr\/wp-json\/wp\/v2\/media\/7359"}],"wp:attachment":[{"href":"https:\/\/fiorentinispa.com\/fr\/wp-json\/wp\/v2\/media?parent=9669"}],"wp:term":[{"taxonomy":"product_cat","embeddable":true,"href":"https:\/\/fiorentinispa.com\/fr\/wp-json\/wp\/v2\/product_cat?post=9669"},{"taxonomy":"product_tag","embeddable":true,"href":"https:\/\/fiorentinispa.com\/fr\/wp-json\/wp\/v2\/product_tag?post=9669"}],"curies":[{"name":"wp","href":"https:\/\/api.w.org\/{rel}","templated":true}]}}