{"id":9677,"date":"2025-02-04T09:17:24","date_gmt":"2025-02-04T09:17:24","guid":{"rendered":"https:\/\/fiorentinispa.com\/product\/s-34\/"},"modified":"2025-02-04T09:17:24","modified_gmt":"2025-02-04T09:17:24","slug":"s-34","status":"publish","type":"product","link":"https:\/\/fiorentinispa.com\/fr\/produit\/s-34\/","title":{"rendered":"S 34"},"content":{"rendered":"","protected":false},"excerpt":{"rendered":"<p>Balayeuse tr\u00e8s robuste adapt\u00e9e aux espaces ext\u00e9rieurs et int\u00e9rieurs, m\u00eame de grandes dimensions.<br \/>\nGr\u00e2ce \u00e0 sa puissance \u00e9lev\u00e9e, elle est capable de ramasser des d\u00e9chets tr\u00e8s vari\u00e9s ; l\u2019entretien courant est tr\u00e8s simple et intuitif.<\/p>\n<p>rendement horaire : 11 750 m\u00b2\/h<br \/>\ncapacit\u00e9 du bac \u00e0 d\u00e9chets : 230 l<br \/>\nvitesse d\u2019avancement : 0-7 km\/h<br \/>\nhauteur de d\u00e9chargement : 1 340 mm<\/p>\n<p><a class=\"fio-btn-minimal\" href=\"https:\/\/fiorentinispa.com\/wp-content\/uploads\/2026\/02\/S34.pdf\" download=\"\"><br \/>\nT\u00c9L\u00c9CHARGER LA BROCHURE<br \/>\n<\/a><br \/>\n<br \/><iframe width=\"560\" height=\"315\" src=\"https:\/\/www.youtube.com\/embed\/IM57yaPaLLs?si=igpg26EHkVXT25y4\" title=\"Lecteur vid\u00e9o YouTube\" frameborder=\"0\" allow=\"accelerometer; autoplay; clipboard-write; encrypted-media; gyroscope; picture-in-picture; web-share\" referrerpolicy=\"strict-origin-when-cross-origin\" allowfullscreen=\"\"><\/iframe><\/p>\n","protected":false},"featured_media":7362,"template":"","meta":[],"product_cat":[210],"product_tag":[],"class_list":{"0":"post-9677","1":"product","2":"type-product","3":"status-publish","4":"has-post-thumbnail","6":"product_cat-balayeuses-autoportees","8":"first","9":"instock","10":"shipping-taxable","11":"product-type-simple"},"_links":{"self":[{"href":"https:\/\/fiorentinispa.com\/fr\/wp-json\/wp\/v2\/product\/9677","targetHints":{"allow":["GET"]}}],"collection":[{"href":"https:\/\/fiorentinispa.com\/fr\/wp-json\/wp\/v2\/product"}],"about":[{"href":"https:\/\/fiorentinispa.com\/fr\/wp-json\/wp\/v2\/types\/product"}],"wp:featuredmedia":[{"embeddable":true,"href":"https:\/\/fiorentinispa.com\/fr\/wp-json\/wp\/v2\/media\/7362"}],"wp:attachment":[{"href":"https:\/\/fiorentinispa.com\/fr\/wp-json\/wp\/v2\/media?parent=9677"}],"wp:term":[{"taxonomy":"product_cat","embeddable":true,"href":"https:\/\/fiorentinispa.com\/fr\/wp-json\/wp\/v2\/product_cat?post=9677"},{"taxonomy":"product_tag","embeddable":true,"href":"https:\/\/fiorentinispa.com\/fr\/wp-json\/wp\/v2\/product_tag?post=9677"}],"curies":[{"name":"wp","href":"https:\/\/api.w.org\/{rel}","templated":true}]}}