{"id":9687,"date":"2025-02-03T19:05:45","date_gmt":"2025-02-03T19:05:45","guid":{"rendered":"https:\/\/fiorentinispa.com\/product\/giampy\/"},"modified":"2025-02-03T19:05:45","modified_gmt":"2025-02-03T19:05:45","slug":"giampy","status":"publish","type":"product","link":"https:\/\/fiorentinispa.com\/fr\/produit\/giampy\/","title":{"rendered":"GIAMPY"},"content":{"rendered":"","protected":false},"excerpt":{"rendered":"<p>La gamme Giampy de Ing. Fiorentini spa est l&rsquo;une des machines les plus compl\u00e8tes et efficaces, elle s&rsquo;adapte \u00e0 tout niveau de salet\u00e9 qui se pr\u00e9sente devant vous, elle est disponible en 4 versions pour satisfaire le client le plus exigeant : monobrosse, avec 2 brosses, avec rouleau et pour la salet\u00e9 la plus tenace la version orbitale.<\/p>\n<p>La Giampy est une machine tr\u00e8s fiable et tr\u00e8s polyvalente, gr\u00e2ce \u00e0 ses dimensions r\u00e9duites, elle s&rsquo;adapte \u00e0 de nombreux environnements de travail comme les supermarch\u00e9s, h\u00f4pitaux, bureaux, entrep\u00f4ts.<\/p>\n<p>rendement horaire : 2000 m\u00b2\/h<br \/>\nautonomie : 4 h<br \/>\ncapacit\u00e9 r\u00e9servoir : 50 l<br \/>\nvitesse d&rsquo;avancement : 0-4 km\/h<\/p>\n<p><a class=\"fio-btn-minimal\" href=\"https:\/\/fiorentinispa.com\/wp-content\/uploads\/2026\/02\/GIAMPY.pdf\" download=\"\"><br \/>\nT\u00c9L\u00c9CHARGER LA BROCHURE<br \/>\n<\/a><br \/>\n<br \/><iframe width=\"560\" height=\"315\" src=\"https:\/\/www.youtube.com\/embed\/CqrSufeBxVI?si=w51UrZCLPSyftWcP\" title=\"Lecteur vid\u00e9o YouTube\" frameborder=\"0\" allow=\"accelerometer; autoplay; clipboard-write; encrypted-media; gyroscope; picture-in-picture; web-share\" referrerpolicy=\"strict-origin-when-cross-origin\" allowfullscreen=\"\"><\/iframe><\/p>\n","protected":false},"featured_media":7346,"template":"","meta":[],"product_cat":[211],"product_tag":[],"class_list":{"0":"post-9687","1":"product","2":"type-product","3":"status-publish","4":"has-post-thumbnail","6":"product_cat-autolaveuse-a-conducteur-accompagnant","8":"first","9":"instock","10":"shipping-taxable","11":"product-type-simple"},"_links":{"self":[{"href":"https:\/\/fiorentinispa.com\/fr\/wp-json\/wp\/v2\/product\/9687","targetHints":{"allow":["GET"]}}],"collection":[{"href":"https:\/\/fiorentinispa.com\/fr\/wp-json\/wp\/v2\/product"}],"about":[{"href":"https:\/\/fiorentinispa.com\/fr\/wp-json\/wp\/v2\/types\/product"}],"wp:featuredmedia":[{"embeddable":true,"href":"https:\/\/fiorentinispa.com\/fr\/wp-json\/wp\/v2\/media\/7346"}],"wp:attachment":[{"href":"https:\/\/fiorentinispa.com\/fr\/wp-json\/wp\/v2\/media?parent=9687"}],"wp:term":[{"taxonomy":"product_cat","embeddable":true,"href":"https:\/\/fiorentinispa.com\/fr\/wp-json\/wp\/v2\/product_cat?post=9687"},{"taxonomy":"product_tag","embeddable":true,"href":"https:\/\/fiorentinispa.com\/fr\/wp-json\/wp\/v2\/product_tag?post=9687"}],"curies":[{"name":"wp","href":"https:\/\/api.w.org\/{rel}","templated":true}]}}