{"id":9697,"date":"2025-02-04T09:15:31","date_gmt":"2025-02-04T09:15:31","guid":{"rendered":"https:\/\/fiorentinispa.com\/product\/s-32\/"},"modified":"2025-02-04T09:15:31","modified_gmt":"2025-02-04T09:15:31","slug":"s-32","status":"publish","type":"product","link":"https:\/\/fiorentinispa.com\/fr\/produit\/s-32\/","title":{"rendered":"S 32"},"content":{"rendered":"","protected":false},"excerpt":{"rendered":"<p>Balayeuse tr\u00e8s robuste, adapt\u00e9e aux espaces ext\u00e9rieurs et int\u00e9rieurs, m\u00eame de grandes dimensions.<br \/>\nGr\u00e2ce \u00e0 sa puissance \u00e9lev\u00e9e, elle parvient \u00e0 ramasser diff\u00e9rents types de d\u00e9chets sans probl\u00e8me ; l\u2019entretien courant est tr\u00e8s simple et intuitif.<\/p>\n<p>rendement horaire : 7 100 m\u00b2\/h<br \/>\ncapacit\u00e9 du bac \u00e0 d\u00e9chets : 200 L<br \/>\nvitesse d\u2019avancement : 0-6 km\/h<br \/>\nhauteur de d\u00e9chargement : 1 300 mm<\/p>\n<p><a class=\"fio-btn-minimal\" href=\"https:\/\/fiorentinispa.com\/wp-content\/uploads\/2026\/02\/S32.pdf\" download=\"\"><br \/>\nT\u00c9L\u00c9CHARGER LA BROCHURE<br \/>\n<\/a><br \/>\n<br \/><iframe width=\"560\" height=\"315\" src=\"https:\/\/www.youtube.com\/embed\/8fUabDqI1WE?si=0No3ABW7TY2DYVmf\" title=\"Lecteur vid\u00e9o YouTube\" frameborder=\"0\" allow=\"accelerometer; autoplay; clipboard-write; encrypted-media; gyroscope; picture-in-picture; web-share\" referrerpolicy=\"strict-origin-when-cross-origin\" allowfullscreen=\"\"><\/iframe><\/p>\n","protected":false},"featured_media":7361,"template":"","meta":[],"product_cat":[210],"product_tag":[],"class_list":{"0":"post-9697","1":"product","2":"type-product","3":"status-publish","4":"has-post-thumbnail","6":"product_cat-balayeuses-autoportees","8":"first","9":"instock","10":"shipping-taxable","11":"product-type-simple"},"_links":{"self":[{"href":"https:\/\/fiorentinispa.com\/fr\/wp-json\/wp\/v2\/product\/9697","targetHints":{"allow":["GET"]}}],"collection":[{"href":"https:\/\/fiorentinispa.com\/fr\/wp-json\/wp\/v2\/product"}],"about":[{"href":"https:\/\/fiorentinispa.com\/fr\/wp-json\/wp\/v2\/types\/product"}],"wp:featuredmedia":[{"embeddable":true,"href":"https:\/\/fiorentinispa.com\/fr\/wp-json\/wp\/v2\/media\/7361"}],"wp:attachment":[{"href":"https:\/\/fiorentinispa.com\/fr\/wp-json\/wp\/v2\/media?parent=9697"}],"wp:term":[{"taxonomy":"product_cat","embeddable":true,"href":"https:\/\/fiorentinispa.com\/fr\/wp-json\/wp\/v2\/product_cat?post=9697"},{"taxonomy":"product_tag","embeddable":true,"href":"https:\/\/fiorentinispa.com\/fr\/wp-json\/wp\/v2\/product_tag?post=9697"}],"curies":[{"name":"wp","href":"https:\/\/api.w.org\/{rel}","templated":true}]}}