{"id":9705,"date":"2025-02-03T19:01:16","date_gmt":"2025-02-03T19:01:16","guid":{"rendered":"https:\/\/fiorentinispa.com\/product\/ecomini\/"},"modified":"2025-02-03T19:01:16","modified_gmt":"2025-02-03T19:01:16","slug":"ecomini","status":"publish","type":"product","link":"https:\/\/fiorentinispa.com\/fr\/produit\/ecomini\/","title":{"rendered":"ECOMINI"},"content":{"rendered":"","protected":false},"excerpt":{"rendered":"<p>L&rsquo;Ecomini d&rsquo;Ing Fiorentini spa est une autolaveuse accompagn\u00e9e id\u00e9ale pour les petites structures comme les petits commerces, \u00e9coles, bureaux publics ou sanitaires. Gr\u00e2ce \u00e0 sa maniabilit\u00e9, elle travaille dans les espaces \u00e9troits sans compromis sur la qualit\u00e9 du nettoyage et peut \u00eatre pli\u00e9e et rang\u00e9e facilement dans le coffre d&rsquo;une voiture.<\/p>\n<p>rendement horaire : 1720 m\u00b2\/h<br \/>\nautonomie machine : 1,5 h<br \/>\ncapacit\u00e9 r\u00e9servoir : 17 l<br \/>\nvitesse d&rsquo;avancement : 0-4 km\/h<\/p>\n<p><a class=\"fio-btn-minimal\" href=\"https:\/\/fiorentinispa.com\/wp-content\/uploads\/2026\/02\/ecomini.pdf\" download=\"\"><br \/>\nT\u00c9L\u00c9CHARGER LA BROCHURE<br \/>\n<\/a><br \/>\n<br \/><iframe title=\"Lecteur vid\u00e9o YouTube\" src=\"https:\/\/www.youtube.com\/embed\/FLwQu7M3KCU?si=mE5nhSROTQcuMJxd\" width=\"560\" height=\"315\" frameborder=\"0\" allowfullscreen=\"allowfullscreen\"><\/iframe><\/p>\n","protected":false},"featured_media":7338,"template":"","meta":[],"product_cat":[211],"product_tag":[],"class_list":{"0":"post-9705","1":"product","2":"type-product","3":"status-publish","4":"has-post-thumbnail","6":"product_cat-autolaveuse-a-conducteur-accompagnant","8":"first","9":"instock","10":"shipping-taxable","11":"product-type-simple"},"_links":{"self":[{"href":"https:\/\/fiorentinispa.com\/fr\/wp-json\/wp\/v2\/product\/9705","targetHints":{"allow":["GET"]}}],"collection":[{"href":"https:\/\/fiorentinispa.com\/fr\/wp-json\/wp\/v2\/product"}],"about":[{"href":"https:\/\/fiorentinispa.com\/fr\/wp-json\/wp\/v2\/types\/product"}],"wp:featuredmedia":[{"embeddable":true,"href":"https:\/\/fiorentinispa.com\/fr\/wp-json\/wp\/v2\/media\/7338"}],"wp:attachment":[{"href":"https:\/\/fiorentinispa.com\/fr\/wp-json\/wp\/v2\/media?parent=9705"}],"wp:term":[{"taxonomy":"product_cat","embeddable":true,"href":"https:\/\/fiorentinispa.com\/fr\/wp-json\/wp\/v2\/product_cat?post=9705"},{"taxonomy":"product_tag","embeddable":true,"href":"https:\/\/fiorentinispa.com\/fr\/wp-json\/wp\/v2\/product_tag?post=9705"}],"curies":[{"name":"wp","href":"https:\/\/api.w.org\/{rel}","templated":true}]}}