{"id":9725,"date":"2026-01-12T11:53:19","date_gmt":"2026-01-12T11:53:19","guid":{"rendered":"https:\/\/fiorentinispa.com\/product\/omnie\/"},"modified":"2026-01-12T11:53:19","modified_gmt":"2026-01-12T11:53:19","slug":"omnie","status":"publish","type":"product","link":"https:\/\/fiorentinispa.com\/fr\/produit\/omnie\/","title":{"rendered":"Omnie"},"content":{"rendered":"","protected":false},"excerpt":{"rendered":"<p>Robot Laveur de Sols avec IA pour Environnements \u00e0 Haute Dynamicit\u00e9.<br \/>\nSyst\u00e8me de nettoyage autonome intelligent, \u00e9quip\u00e9 d&rsquo;une vision \u00e0 360\u00b0, de capteurs LiDAR et d&rsquo;algorithmes d&rsquo;intelligence artificielle pour une navigation pr\u00e9cise, l&rsquo;identification des d\u00e9chets et un nettoyage efficace m\u00eame dans les environnements industriels complexes et \u00e0 haute dynamicit\u00e9.<\/p>\n<p><a class=\"fio-btn-minimal\" href=\"https:\/\/fiorentinispa.com\/wp-content\/uploads\/2026\/02\/OMNIE-50-SCHEDA-TECNICA.pdf\" download=\"\"><br \/>\nT\u00c9L\u00c9CHARGER LA BROCHURE<br \/>\n<\/a><\/p>\n<p><iframe width=\"560\" height=\"315\" src=\"https:\/\/www.youtube.com\/embed\/e3KiIHmopJA?si=L906hMaZKXAVpsQ3\" title=\"Lecteur vid\u00e9o YouTube\" frameborder=\"0\" allow=\"accelerometer; autoplay; clipboard-write; encrypted-media; gyroscope; picture-in-picture; web-share\" referrerpolicy=\"strict-origin-when-cross-origin\" allowfullscreen=\"\"><\/iframe><\/p>\n","protected":false},"featured_media":7345,"template":"","meta":[],"product_cat":[212],"product_tag":[],"class_list":{"0":"post-9725","1":"product","2":"type-product","3":"status-publish","4":"has-post-thumbnail","6":"product_cat-machines-autonomes","8":"first","9":"instock","10":"shipping-taxable","11":"product-type-simple"},"_links":{"self":[{"href":"https:\/\/fiorentinispa.com\/fr\/wp-json\/wp\/v2\/product\/9725","targetHints":{"allow":["GET"]}}],"collection":[{"href":"https:\/\/fiorentinispa.com\/fr\/wp-json\/wp\/v2\/product"}],"about":[{"href":"https:\/\/fiorentinispa.com\/fr\/wp-json\/wp\/v2\/types\/product"}],"wp:featuredmedia":[{"embeddable":true,"href":"https:\/\/fiorentinispa.com\/fr\/wp-json\/wp\/v2\/media\/7345"}],"wp:attachment":[{"href":"https:\/\/fiorentinispa.com\/fr\/wp-json\/wp\/v2\/media?parent=9725"}],"wp:term":[{"taxonomy":"product_cat","embeddable":true,"href":"https:\/\/fiorentinispa.com\/fr\/wp-json\/wp\/v2\/product_cat?post=9725"},{"taxonomy":"product_tag","embeddable":true,"href":"https:\/\/fiorentinispa.com\/fr\/wp-json\/wp\/v2\/product_tag?post=9725"}],"curies":[{"name":"wp","href":"https:\/\/api.w.org\/{rel}","templated":true}]}}